{"id":682,"date":"2025-08-20T13:39:39","date_gmt":"2025-08-20T13:39:39","guid":{"rendered":"https:\/\/lera.lt\/ugdymo--ir-svietimo-istorijos\/?page_id=682"},"modified":"2025-09-11T14:36:26","modified_gmt":"2025-09-11T14:36:26","slug":"network-activities","status":"publish","type":"page","link":"https:\/\/lera.lt\/ugdymo-ir-svietimo-istorijos-tinklas\/en\/network-activities\/","title":{"rendered":"Network Activities"},"content":{"rendered":"\n\n\t\t\t\t\t<a href=\"#\"  id=\"fl-accordion--label-0\" tabindex=\"0\" aria-controls=\"fl-accordion--panel-0\">Network Activities 2024<\/a>\n\t\t\t\t\t\t\t\t\t\t\t<a href=\"#\" id=\"fl-accordion--icon-0\"  tabindex=\"0\"><i title=\"Collapse\">Collapse<\/i><\/a>\n\t\t\t\t\t<p>Planned activities:<\/p>\n<ul>\n<li>Participation in the VIII LETA Conference;<\/li>\n<li>Participation in the ECER 2024 Conference;<\/li>\n<li>Intensive involvement in EERA NW17 activities and initiatives: reviewing presentations, preparing the book &#8222;Re-Membering Education: Temporally Inflected Approaches Pushing Boundaries of Inquiry,&#8221; etc.;<\/li>\n<li>Preparation of research spotlight on the LETA website.<\/li>\n<\/ul>\n\t\t\t\t\t<a href=\"#\"  id=\"fl-accordion--label-1\" tabindex=\"0\" aria-controls=\"fl-accordion--panel-1\">Network Activities 2023<\/a>\n\t\t\t\t\t\t\t\t\t\t\t<a href=\"#\" id=\"fl-accordion--icon-1\"  tabindex=\"0\"><i title=\"Expand\">Expand<\/i><\/a>\n<img loading=\"lazy\" decoding=\"async\" title=\"\" src=\"https:\/\/lera.lt\/us\/wp-content\/uploads\/sites\/23\/2024\/05\/Picture1-1.jpg\" sizes=\"auto, (min-width: 0px) and (max-width: 480px) 480px, (min-width: 481px) 500px, 100vw\" srcset=\"https:\/\/lera.lt\/us\/wp-content\/uploads\/sites\/23\/2024\/05\/Picture1-1.jpg 500w, https:\/\/lera.lt\/us\/wp-content\/uploads\/sites\/23\/2024\/05\/Picture1-1-480x252.jpg 480w\" alt=\"\" width=\"500\" height=\"262\" \/>\n<ul>\n<li><strong>VII Lithuanian Educational Research Association (LETA) Conference &#8222;Education and Training: The Value of Diversity,&#8221; October 2023<\/strong><\/li>\n<li><strong>ECER 2023, Glasgow, August 21-25, 2023 Network: 17. Histories of Education presented 3 papers:<\/strong>\n<ol>\n<li>Monika Orechova &#8222;Between a Hammer and a Hard Place: the Concept of Internationalisation in Central and Eastern Europe after 1990&#8221;<\/li>\n<li>Ingrida Ivanavi\u010d\u0117, Irena Stonkuvien\u0117 &#8222;Between Past and Future: the Case of Roma Education in Vilnius&#8221;<\/li>\n<li>Irena Stonkuvien\u0117, Ingrida Ivanavi\u010d\u0117 &#8222;Internationalism with a Human Face or Russification: Internationalist Upbringing in Schools of the Lithuanian SSR&#8221;<\/li>\n<\/ol>\n<\/li>\n<li><strong>6 papers were presented in the History of Education network:<\/strong>\n<ol>\n<li>Ingrida Ivanavi\u010d\u0117, Vilnius University &#8222;Oral History as a Reconstruction of the Reality of Education during the Soviet Period: Education of the Roma Ethnic Group in Lithuania&#8221;<\/li>\n<li>Monika Orechova, Vilnius University &#8222;History in Educational Research: The Concept of Eastern Europe in International Educational Publications in 1990-2000&#8221;<\/li>\n<li>Viktorija Voidogait\u0117, Vilnius University &#8222;Catholic Education in Lithuania: Context and Significance&#8221;<\/li>\n<li>Nerijus Pipiras, Vytautas Magnus University &#8222;New Educational Horizons according to Archbishop Me\u010dislovas Reinys&#8221;<\/li>\n<li>Gint\u0117 Marija Ivanauskien\u0117, Vilnius University &#8222;Contemporary Trends in Democratic Education&#8221;<\/li>\n<li>Irena Leli\u016bgien\u0117, Mykolas Romeris University &#8222;Attention to the Value of Social Education in the Historical Flow of Constant Changes in Education and Training&#8221;<\/li>\n<\/ol>\n<\/li>\n<li><strong>Participation in the 44th ISCHE World Conference of the History of Education<\/strong>\u00a0&#8222;Histories of Education and Reform: Traditions, Tensions, and Transitions&#8221; (July 18-21, 2023, Budapest, Hungary, July 24-25, online), two papers presented (by Ingrida Ivanavi\u010d\u0117 and Irena Stonkuvien\u0117).<\/li>\n<li><strong>Representation of Lithuania in the International Seminar on the History of Education<\/strong>\u00a0&#8222;State as the Owner of Education. Involvement of Totalitarian Regimes in the Field of Education in Europe in the Second Half of the 20th Century,&#8221; Trnava University in Trnava (Slovakia), October 12-13, 2023 (by Irena Stonkuvien\u0117).<\/li>\n<\/ul>\n\n","protected":false},"excerpt":{"rendered":"<p>Network Activities 2024 Collapse Planned activities: Participation in the VIII LETA Conference; Participation in the ECER 2024 Conference; Intensive involvement in EERA NW17 activities and initiatives: reviewing presentations, preparing the book &#8222;Re-Membering Education: Temporally Inflected Approaches Pushing Boundaries of Inquiry,&#8221; etc.; Preparation of research spotlight on the LETA website. Network Activities 2023 Expand VII Lithuanian&hellip;<\/p>\n","protected":false},"author":1,"featured_media":0,"parent":0,"menu_order":0,"comment_status":"closed","ping_status":"closed","template":"","meta":{"footnotes":""},"class_list":["post-682","page","type-page","status-publish","hentry"],"yoast_head":"<!-- This site is optimized with the Yoast SEO plugin v25.7 - https:\/\/yoast.com\/wordpress\/plugins\/seo\/ -->\n<title>Network Activities - Ugdymo ir \u0161vietimo istorijos tinklas<\/title>\n<meta name=\"robots\" content=\"index, follow, max-snippet:-1, max-image-preview:large, max-video-preview:-1\" \/>\n<link rel=\"canonical\" href=\"https:\/\/lera.lt\/ugdymo-ir-svietimo-istorijos-tinklas\/en\/network-activities\/\" \/>\n<meta property=\"og:locale\" content=\"lt_LT\" \/>\n<meta property=\"og:type\" content=\"article\" \/>\n<meta property=\"og:title\" content=\"Network Activities - Ugdymo ir \u0161vietimo istorijos tinklas\" \/>\n<meta property=\"og:description\" content=\"Network Activities 2024 Collapse Planned activities: Participation in the VIII LETA Conference; Participation in the ECER 2024 Conference; Intensive involvement in EERA NW17 activities and initiatives: reviewing presentations, preparing the book &#8222;Re-Membering Education: Temporally Inflected Approaches Pushing Boundaries of Inquiry,&#8221; etc.; Preparation of research spotlight on the LETA website. Network Activities 2023 Expand VII Lithuanian&hellip;\" \/>\n<meta property=\"og:url\" content=\"https:\/\/lera.lt\/ugdymo-ir-svietimo-istorijos-tinklas\/en\/network-activities\/\" \/>\n<meta property=\"og:site_name\" content=\"Ugdymo ir \u0161vietimo istorijos tinklas\" \/>\n<meta property=\"article:modified_time\" content=\"2025-09-11T14:36:26+00:00\" \/>\n<meta property=\"og:image\" content=\"https:\/\/lera.lt\/us\/wp-content\/uploads\/sites\/23\/2024\/05\/Picture1-1.jpg\" \/>\n<meta name=\"twitter:card\" content=\"summary_large_image\" \/>\n<script type=\"application\/ld+json\" class=\"yoast-schema-graph\">{\"@context\":\"https:\/\/schema.org\",\"@graph\":[{\"@type\":\"WebPage\",\"@id\":\"https:\/\/lera.lt\/ugdymo-ir-svietimo-istorijos-tinklas\/en\/network-activities\/\",\"url\":\"https:\/\/lera.lt\/ugdymo-ir-svietimo-istorijos-tinklas\/en\/network-activities\/\",\"name\":\"Network Activities - Ugdymo ir \u0161vietimo istorijos tinklas\",\"isPartOf\":{\"@id\":\"https:\/\/lera.lt\/ugdymo-ir-svietimo-istorijos-tinklas\/#website\"},\"primaryImageOfPage\":{\"@id\":\"https:\/\/lera.lt\/ugdymo-ir-svietimo-istorijos-tinklas\/en\/network-activities\/#primaryimage\"},\"image\":{\"@id\":\"https:\/\/lera.lt\/ugdymo-ir-svietimo-istorijos-tinklas\/en\/network-activities\/#primaryimage\"},\"thumbnailUrl\":\"https:\/\/lera.lt\/us\/wp-content\/uploads\/sites\/23\/2024\/05\/Picture1-1.jpg\",\"datePublished\":\"2025-08-20T13:39:39+00:00\",\"dateModified\":\"2025-09-11T14:36:26+00:00\",\"breadcrumb\":{\"@id\":\"https:\/\/lera.lt\/ugdymo-ir-svietimo-istorijos-tinklas\/en\/network-activities\/#breadcrumb\"},\"inLanguage\":\"lt-LT\",\"potentialAction\":[{\"@type\":\"ReadAction\",\"target\":[\"https:\/\/lera.lt\/ugdymo-ir-svietimo-istorijos-tinklas\/en\/network-activities\/\"]}]},{\"@type\":\"ImageObject\",\"inLanguage\":\"lt-LT\",\"@id\":\"https:\/\/lera.lt\/ugdymo-ir-svietimo-istorijos-tinklas\/en\/network-activities\/#primaryimage\",\"url\":\"https:\/\/lera.lt\/us\/wp-content\/uploads\/sites\/23\/2024\/05\/Picture1-1.jpg\",\"contentUrl\":\"https:\/\/lera.lt\/us\/wp-content\/uploads\/sites\/23\/2024\/05\/Picture1-1.jpg\"},{\"@type\":\"BreadcrumbList\",\"@id\":\"https:\/\/lera.lt\/ugdymo-ir-svietimo-istorijos-tinklas\/en\/network-activities\/#breadcrumb\",\"itemListElement\":[{\"@type\":\"ListItem\",\"position\":1,\"name\":\"Home\",\"item\":\"https:\/\/lera.lt\/ugdymo-ir-svietimo-istorijos-tinklas\/\"},{\"@type\":\"ListItem\",\"position\":2,\"name\":\"Network Activities\"}]},{\"@type\":\"WebSite\",\"@id\":\"https:\/\/lera.lt\/ugdymo-ir-svietimo-istorijos-tinklas\/#website\",\"url\":\"https:\/\/lera.lt\/ugdymo-ir-svietimo-istorijos-tinklas\/\",\"name\":\"Ugdymo ir \u0161vietimo istorijos tinklas\",\"description\":\"\",\"potentialAction\":[{\"@type\":\"SearchAction\",\"target\":{\"@type\":\"EntryPoint\",\"urlTemplate\":\"https:\/\/lera.lt\/ugdymo-ir-svietimo-istorijos-tinklas\/?s={search_term_string}\"},\"query-input\":{\"@type\":\"PropertyValueSpecification\",\"valueRequired\":true,\"valueName\":\"search_term_string\"}}],\"inLanguage\":\"lt-LT\"}]}<\/script>\n<!-- \/ Yoast SEO plugin. -->","yoast_head_json":{"title":"Network Activities - Ugdymo ir \u0161vietimo istorijos tinklas","robots":{"index":"index","follow":"follow","max-snippet":"max-snippet:-1","max-image-preview":"max-image-preview:large","max-video-preview":"max-video-preview:-1"},"canonical":"https:\/\/lera.lt\/ugdymo-ir-svietimo-istorijos-tinklas\/en\/network-activities\/","og_locale":"lt_LT","og_type":"article","og_title":"Network Activities - Ugdymo ir \u0161vietimo istorijos tinklas","og_description":"Network Activities 2024 Collapse Planned activities: Participation in the VIII LETA Conference; Participation in the ECER 2024 Conference; Intensive involvement in EERA NW17 activities and initiatives: reviewing presentations, preparing the book &#8222;Re-Membering Education: Temporally Inflected Approaches Pushing Boundaries of Inquiry,&#8221; etc.; Preparation of research spotlight on the LETA website. Network Activities 2023 Expand VII Lithuanian&hellip;","og_url":"https:\/\/lera.lt\/ugdymo-ir-svietimo-istorijos-tinklas\/en\/network-activities\/","og_site_name":"Ugdymo ir \u0161vietimo istorijos tinklas","article_modified_time":"2025-09-11T14:36:26+00:00","og_image":[{"url":"https:\/\/lera.lt\/us\/wp-content\/uploads\/sites\/23\/2024\/05\/Picture1-1.jpg","type":"","width":"","height":""}],"twitter_card":"summary_large_image","schema":{"@context":"https:\/\/schema.org","@graph":[{"@type":"WebPage","@id":"https:\/\/lera.lt\/ugdymo-ir-svietimo-istorijos-tinklas\/en\/network-activities\/","url":"https:\/\/lera.lt\/ugdymo-ir-svietimo-istorijos-tinklas\/en\/network-activities\/","name":"Network Activities - Ugdymo ir \u0161vietimo istorijos tinklas","isPartOf":{"@id":"https:\/\/lera.lt\/ugdymo-ir-svietimo-istorijos-tinklas\/#website"},"primaryImageOfPage":{"@id":"https:\/\/lera.lt\/ugdymo-ir-svietimo-istorijos-tinklas\/en\/network-activities\/#primaryimage"},"image":{"@id":"https:\/\/lera.lt\/ugdymo-ir-svietimo-istorijos-tinklas\/en\/network-activities\/#primaryimage"},"thumbnailUrl":"https:\/\/lera.lt\/us\/wp-content\/uploads\/sites\/23\/2024\/05\/Picture1-1.jpg","datePublished":"2025-08-20T13:39:39+00:00","dateModified":"2025-09-11T14:36:26+00:00","breadcrumb":{"@id":"https:\/\/lera.lt\/ugdymo-ir-svietimo-istorijos-tinklas\/en\/network-activities\/#breadcrumb"},"inLanguage":"lt-LT","potentialAction":[{"@type":"ReadAction","target":["https:\/\/lera.lt\/ugdymo-ir-svietimo-istorijos-tinklas\/en\/network-activities\/"]}]},{"@type":"ImageObject","inLanguage":"lt-LT","@id":"https:\/\/lera.lt\/ugdymo-ir-svietimo-istorijos-tinklas\/en\/network-activities\/#primaryimage","url":"https:\/\/lera.lt\/us\/wp-content\/uploads\/sites\/23\/2024\/05\/Picture1-1.jpg","contentUrl":"https:\/\/lera.lt\/us\/wp-content\/uploads\/sites\/23\/2024\/05\/Picture1-1.jpg"},{"@type":"BreadcrumbList","@id":"https:\/\/lera.lt\/ugdymo-ir-svietimo-istorijos-tinklas\/en\/network-activities\/#breadcrumb","itemListElement":[{"@type":"ListItem","position":1,"name":"Home","item":"https:\/\/lera.lt\/ugdymo-ir-svietimo-istorijos-tinklas\/"},{"@type":"ListItem","position":2,"name":"Network Activities"}]},{"@type":"WebSite","@id":"https:\/\/lera.lt\/ugdymo-ir-svietimo-istorijos-tinklas\/#website","url":"https:\/\/lera.lt\/ugdymo-ir-svietimo-istorijos-tinklas\/","name":"Ugdymo ir \u0161vietimo istorijos tinklas","description":"","potentialAction":[{"@type":"SearchAction","target":{"@type":"EntryPoint","urlTemplate":"https:\/\/lera.lt\/ugdymo-ir-svietimo-istorijos-tinklas\/?s={search_term_string}"},"query-input":{"@type":"PropertyValueSpecification","valueRequired":true,"valueName":"search_term_string"}}],"inLanguage":"lt-LT"}]}},"_links":{"self":[{"href":"https:\/\/lera.lt\/ugdymo-ir-svietimo-istorijos-tinklas\/wp-json\/wp\/v2\/pages\/682","targetHints":{"allow":["GET"]}}],"collection":[{"href":"https:\/\/lera.lt\/ugdymo-ir-svietimo-istorijos-tinklas\/wp-json\/wp\/v2\/pages"}],"about":[{"href":"https:\/\/lera.lt\/ugdymo-ir-svietimo-istorijos-tinklas\/wp-json\/wp\/v2\/types\/page"}],"author":[{"embeddable":true,"href":"https:\/\/lera.lt\/ugdymo-ir-svietimo-istorijos-tinklas\/wp-json\/wp\/v2\/users\/1"}],"replies":[{"embeddable":true,"href":"https:\/\/lera.lt\/ugdymo-ir-svietimo-istorijos-tinklas\/wp-json\/wp\/v2\/comments?post=682"}],"version-history":[{"count":7,"href":"https:\/\/lera.lt\/ugdymo-ir-svietimo-istorijos-tinklas\/wp-json\/wp\/v2\/pages\/682\/revisions"}],"predecessor-version":[{"id":845,"href":"https:\/\/lera.lt\/ugdymo-ir-svietimo-istorijos-tinklas\/wp-json\/wp\/v2\/pages\/682\/revisions\/845"}],"wp:attachment":[{"href":"https:\/\/lera.lt\/ugdymo-ir-svietimo-istorijos-tinklas\/wp-json\/wp\/v2\/media?parent=682"}],"curies":[{"name":"wp","href":"https:\/\/api.w.org\/{rel}","templated":true}]}}