{"id":670,"date":"2025-08-20T11:17:55","date_gmt":"2025-08-20T11:17:55","guid":{"rendered":"https:\/\/lera.lt\/ugdymo--ir-svietimo-istorijos\/?page_id=670"},"modified":"2025-09-11T14:34:06","modified_gmt":"2025-09-11T14:34:06","slug":"network-committee","status":"publish","type":"page","link":"https:\/\/lera.lt\/ugdymo-ir-svietimo-istorijos-tinklas\/en\/network-committee\/","title":{"rendered":"Network Committee"},"content":{"rendered":"\n\n\t<h3><strong>Education and History Network Committee:<\/strong><\/h3>\n\t\t\t\t<img decoding=\"async\" src=\"https:\/\/lera.lt\/ugdymo-ir-svietimo-istorijos-tinklas\/wp-content\/uploads\/sites\/28\/2025\/09\/Stonkuviene.jpg\" alt=\"Stonkuviene\" itemprop=\"image\" height=\"240\" width=\"320\" title=\"Stonkuviene\" onerror=\"this.style.display='none'\" loading=\"lazy\" \/>\n\t<p><strong>Chair &#8211;<\/strong>\u00a0<strong>assoc.prof. Irena Stonkuvien\u0117<\/strong>\u00a0(Vilnius University)<\/p>\n\t<h2>\u00a0Members<\/h2>\n<ul>\n<li><strong>Assoc. prof Ju\u0161kien\u0117 Vaineta<\/strong> (University of Klaip\u0117da);<\/li>\n<li><strong>dr. Ingrida Ivanavi\u010de<\/strong> (Vilnius University);<\/li>\n<li><strong>dr. Ka\u0161eta Tomas<\/strong> (Vytautas the Great University);<\/li>\n<li><strong>prof. dr. Leli\u016bgiene Irena<\/strong> (Kaunas University of Technology);<\/li>\n<li><strong>Poderien\u0117 Nida<\/strong> (Lithuanian Language Institute);<\/li>\n<li><strong>prof. dr. Lilia \u017dukauskien\u0117<\/strong>\u00a0(University of Klaip\u0117da),<br \/>\n\u200b<\/li>\n<\/ul>\n\t\t\t<a href=\"https:\/\/lera.lt\/en\/membership\/\" target=\"_self\">\n\t\t\t\t\t\tBecome a member of this network\n\t\t\t\t\t<\/a>\n\n","protected":false},"excerpt":{"rendered":"<p>Education and History Network Committee: Chair &#8211;\u00a0assoc.prof. Irena Stonkuvien\u0117\u00a0(Vilnius University) \u00a0Members Assoc. prof Ju\u0161kien\u0117 Vaineta (University of Klaip\u0117da); dr. Ingrida Ivanavi\u010de (Vilnius University); dr. Ka\u0161eta Tomas (Vytautas the Great University); prof. dr. Leli\u016bgiene Irena (Kaunas University of Technology); Poderien\u0117 Nida (Lithuanian Language Institute); prof. dr. Lilia \u017dukauskien\u0117\u00a0(University of Klaip\u0117da), \u200b Become a member of this&hellip;<\/p>\n","protected":false},"author":1,"featured_media":0,"parent":0,"menu_order":0,"comment_status":"closed","ping_status":"closed","template":"","meta":{"footnotes":""},"class_list":["post-670","page","type-page","status-publish","hentry"],"yoast_head":"<!-- This site is optimized with the Yoast SEO plugin v25.7 - https:\/\/yoast.com\/wordpress\/plugins\/seo\/ -->\n<title>Network Committee - Ugdymo ir \u0161vietimo istorijos tinklas<\/title>\n<meta name=\"robots\" content=\"index, follow, max-snippet:-1, max-image-preview:large, max-video-preview:-1\" \/>\n<link rel=\"canonical\" href=\"https:\/\/lera.lt\/ugdymo-ir-svietimo-istorijos-tinklas\/en\/network-committee\/\" \/>\n<meta property=\"og:locale\" content=\"lt_LT\" \/>\n<meta property=\"og:type\" content=\"article\" \/>\n<meta property=\"og:title\" content=\"Network Committee - Ugdymo ir \u0161vietimo istorijos tinklas\" \/>\n<meta property=\"og:description\" content=\"Education and History Network Committee: Chair &#8211;\u00a0assoc.prof. Irena Stonkuvien\u0117\u00a0(Vilnius University) \u00a0Members Assoc. prof Ju\u0161kien\u0117 Vaineta (University of Klaip\u0117da); dr. Ingrida Ivanavi\u010de (Vilnius University); dr. Ka\u0161eta Tomas (Vytautas the Great University); prof. dr. Leli\u016bgiene Irena (Kaunas University of Technology); Poderien\u0117 Nida (Lithuanian Language Institute); prof. dr. Lilia \u017dukauskien\u0117\u00a0(University of Klaip\u0117da), \u200b Become a member of this&hellip;\" \/>\n<meta property=\"og:url\" content=\"https:\/\/lera.lt\/ugdymo-ir-svietimo-istorijos-tinklas\/en\/network-committee\/\" \/>\n<meta property=\"og:site_name\" content=\"Ugdymo ir \u0161vietimo istorijos tinklas\" \/>\n<meta property=\"article:modified_time\" content=\"2025-09-11T14:34:06+00:00\" \/>\n<meta property=\"og:image\" content=\"https:\/\/lera.lt\/ugdymo-ir-svietimo-istorijos-tinklas\/wp-content\/uploads\/sites\/28\/2025\/09\/Stonkuviene.jpg\" \/>\n<meta name=\"twitter:card\" content=\"summary_large_image\" \/>\n<script type=\"application\/ld+json\" class=\"yoast-schema-graph\">{\"@context\":\"https:\/\/schema.org\",\"@graph\":[{\"@type\":\"WebPage\",\"@id\":\"https:\/\/lera.lt\/ugdymo-ir-svietimo-istorijos-tinklas\/en\/network-committee\/\",\"url\":\"https:\/\/lera.lt\/ugdymo-ir-svietimo-istorijos-tinklas\/en\/network-committee\/\",\"name\":\"Network Committee - Ugdymo ir \u0161vietimo istorijos tinklas\",\"isPartOf\":{\"@id\":\"https:\/\/lera.lt\/ugdymo-ir-svietimo-istorijos-tinklas\/#website\"},\"primaryImageOfPage\":{\"@id\":\"https:\/\/lera.lt\/ugdymo-ir-svietimo-istorijos-tinklas\/en\/network-committee\/#primaryimage\"},\"image\":{\"@id\":\"https:\/\/lera.lt\/ugdymo-ir-svietimo-istorijos-tinklas\/en\/network-committee\/#primaryimage\"},\"thumbnailUrl\":\"https:\/\/lera.lt\/ugdymo-ir-svietimo-istorijos-tinklas\/wp-content\/uploads\/sites\/28\/2025\/09\/Stonkuviene.jpg\",\"datePublished\":\"2025-08-20T11:17:55+00:00\",\"dateModified\":\"2025-09-11T14:34:06+00:00\",\"breadcrumb\":{\"@id\":\"https:\/\/lera.lt\/ugdymo-ir-svietimo-istorijos-tinklas\/en\/network-committee\/#breadcrumb\"},\"inLanguage\":\"lt-LT\",\"potentialAction\":[{\"@type\":\"ReadAction\",\"target\":[\"https:\/\/lera.lt\/ugdymo-ir-svietimo-istorijos-tinklas\/en\/network-committee\/\"]}]},{\"@type\":\"ImageObject\",\"inLanguage\":\"lt-LT\",\"@id\":\"https:\/\/lera.lt\/ugdymo-ir-svietimo-istorijos-tinklas\/en\/network-committee\/#primaryimage\",\"url\":\"https:\/\/lera.lt\/ugdymo-ir-svietimo-istorijos-tinklas\/wp-content\/uploads\/sites\/28\/2025\/09\/Stonkuviene.jpg\",\"contentUrl\":\"https:\/\/lera.lt\/ugdymo-ir-svietimo-istorijos-tinklas\/wp-content\/uploads\/sites\/28\/2025\/09\/Stonkuviene.jpg\",\"width\":320,\"height\":240},{\"@type\":\"BreadcrumbList\",\"@id\":\"https:\/\/lera.lt\/ugdymo-ir-svietimo-istorijos-tinklas\/en\/network-committee\/#breadcrumb\",\"itemListElement\":[{\"@type\":\"ListItem\",\"position\":1,\"name\":\"Home\",\"item\":\"https:\/\/lera.lt\/ugdymo-ir-svietimo-istorijos-tinklas\/\"},{\"@type\":\"ListItem\",\"position\":2,\"name\":\"Network Committee\"}]},{\"@type\":\"WebSite\",\"@id\":\"https:\/\/lera.lt\/ugdymo-ir-svietimo-istorijos-tinklas\/#website\",\"url\":\"https:\/\/lera.lt\/ugdymo-ir-svietimo-istorijos-tinklas\/\",\"name\":\"Ugdymo ir \u0161vietimo istorijos tinklas\",\"description\":\"\",\"potentialAction\":[{\"@type\":\"SearchAction\",\"target\":{\"@type\":\"EntryPoint\",\"urlTemplate\":\"https:\/\/lera.lt\/ugdymo-ir-svietimo-istorijos-tinklas\/?s={search_term_string}\"},\"query-input\":{\"@type\":\"PropertyValueSpecification\",\"valueRequired\":true,\"valueName\":\"search_term_string\"}}],\"inLanguage\":\"lt-LT\"}]}<\/script>\n<!-- \/ Yoast SEO plugin. -->","yoast_head_json":{"title":"Network Committee - Ugdymo ir \u0161vietimo istorijos tinklas","robots":{"index":"index","follow":"follow","max-snippet":"max-snippet:-1","max-image-preview":"max-image-preview:large","max-video-preview":"max-video-preview:-1"},"canonical":"https:\/\/lera.lt\/ugdymo-ir-svietimo-istorijos-tinklas\/en\/network-committee\/","og_locale":"lt_LT","og_type":"article","og_title":"Network Committee - Ugdymo ir \u0161vietimo istorijos tinklas","og_description":"Education and History Network Committee: Chair &#8211;\u00a0assoc.prof. Irena Stonkuvien\u0117\u00a0(Vilnius University) \u00a0Members Assoc. prof Ju\u0161kien\u0117 Vaineta (University of Klaip\u0117da); dr. Ingrida Ivanavi\u010de (Vilnius University); dr. Ka\u0161eta Tomas (Vytautas the Great University); prof. dr. Leli\u016bgiene Irena (Kaunas University of Technology); Poderien\u0117 Nida (Lithuanian Language Institute); prof. dr. Lilia \u017dukauskien\u0117\u00a0(University of Klaip\u0117da), \u200b Become a member of this&hellip;","og_url":"https:\/\/lera.lt\/ugdymo-ir-svietimo-istorijos-tinklas\/en\/network-committee\/","og_site_name":"Ugdymo ir \u0161vietimo istorijos tinklas","article_modified_time":"2025-09-11T14:34:06+00:00","og_image":[{"url":"https:\/\/lera.lt\/ugdymo-ir-svietimo-istorijos-tinklas\/wp-content\/uploads\/sites\/28\/2025\/09\/Stonkuviene.jpg","type":"","width":"","height":""}],"twitter_card":"summary_large_image","schema":{"@context":"https:\/\/schema.org","@graph":[{"@type":"WebPage","@id":"https:\/\/lera.lt\/ugdymo-ir-svietimo-istorijos-tinklas\/en\/network-committee\/","url":"https:\/\/lera.lt\/ugdymo-ir-svietimo-istorijos-tinklas\/en\/network-committee\/","name":"Network Committee - Ugdymo ir \u0161vietimo istorijos tinklas","isPartOf":{"@id":"https:\/\/lera.lt\/ugdymo-ir-svietimo-istorijos-tinklas\/#website"},"primaryImageOfPage":{"@id":"https:\/\/lera.lt\/ugdymo-ir-svietimo-istorijos-tinklas\/en\/network-committee\/#primaryimage"},"image":{"@id":"https:\/\/lera.lt\/ugdymo-ir-svietimo-istorijos-tinklas\/en\/network-committee\/#primaryimage"},"thumbnailUrl":"https:\/\/lera.lt\/ugdymo-ir-svietimo-istorijos-tinklas\/wp-content\/uploads\/sites\/28\/2025\/09\/Stonkuviene.jpg","datePublished":"2025-08-20T11:17:55+00:00","dateModified":"2025-09-11T14:34:06+00:00","breadcrumb":{"@id":"https:\/\/lera.lt\/ugdymo-ir-svietimo-istorijos-tinklas\/en\/network-committee\/#breadcrumb"},"inLanguage":"lt-LT","potentialAction":[{"@type":"ReadAction","target":["https:\/\/lera.lt\/ugdymo-ir-svietimo-istorijos-tinklas\/en\/network-committee\/"]}]},{"@type":"ImageObject","inLanguage":"lt-LT","@id":"https:\/\/lera.lt\/ugdymo-ir-svietimo-istorijos-tinklas\/en\/network-committee\/#primaryimage","url":"https:\/\/lera.lt\/ugdymo-ir-svietimo-istorijos-tinklas\/wp-content\/uploads\/sites\/28\/2025\/09\/Stonkuviene.jpg","contentUrl":"https:\/\/lera.lt\/ugdymo-ir-svietimo-istorijos-tinklas\/wp-content\/uploads\/sites\/28\/2025\/09\/Stonkuviene.jpg","width":320,"height":240},{"@type":"BreadcrumbList","@id":"https:\/\/lera.lt\/ugdymo-ir-svietimo-istorijos-tinklas\/en\/network-committee\/#breadcrumb","itemListElement":[{"@type":"ListItem","position":1,"name":"Home","item":"https:\/\/lera.lt\/ugdymo-ir-svietimo-istorijos-tinklas\/"},{"@type":"ListItem","position":2,"name":"Network Committee"}]},{"@type":"WebSite","@id":"https:\/\/lera.lt\/ugdymo-ir-svietimo-istorijos-tinklas\/#website","url":"https:\/\/lera.lt\/ugdymo-ir-svietimo-istorijos-tinklas\/","name":"Ugdymo ir \u0161vietimo istorijos tinklas","description":"","potentialAction":[{"@type":"SearchAction","target":{"@type":"EntryPoint","urlTemplate":"https:\/\/lera.lt\/ugdymo-ir-svietimo-istorijos-tinklas\/?s={search_term_string}"},"query-input":{"@type":"PropertyValueSpecification","valueRequired":true,"valueName":"search_term_string"}}],"inLanguage":"lt-LT"}]}},"_links":{"self":[{"href":"https:\/\/lera.lt\/ugdymo-ir-svietimo-istorijos-tinklas\/wp-json\/wp\/v2\/pages\/670","targetHints":{"allow":["GET"]}}],"collection":[{"href":"https:\/\/lera.lt\/ugdymo-ir-svietimo-istorijos-tinklas\/wp-json\/wp\/v2\/pages"}],"about":[{"href":"https:\/\/lera.lt\/ugdymo-ir-svietimo-istorijos-tinklas\/wp-json\/wp\/v2\/types\/page"}],"author":[{"embeddable":true,"href":"https:\/\/lera.lt\/ugdymo-ir-svietimo-istorijos-tinklas\/wp-json\/wp\/v2\/users\/1"}],"replies":[{"embeddable":true,"href":"https:\/\/lera.lt\/ugdymo-ir-svietimo-istorijos-tinklas\/wp-json\/wp\/v2\/comments?post=670"}],"version-history":[{"count":4,"href":"https:\/\/lera.lt\/ugdymo-ir-svietimo-istorijos-tinklas\/wp-json\/wp\/v2\/pages\/670\/revisions"}],"predecessor-version":[{"id":842,"href":"https:\/\/lera.lt\/ugdymo-ir-svietimo-istorijos-tinklas\/wp-json\/wp\/v2\/pages\/670\/revisions\/842"}],"wp:attachment":[{"href":"https:\/\/lera.lt\/ugdymo-ir-svietimo-istorijos-tinklas\/wp-json\/wp\/v2\/media?parent=670"}],"curies":[{"name":"wp","href":"https:\/\/api.w.org\/{rel}","templated":true}]}}