{"id":591,"date":"2025-08-19T18:12:31","date_gmt":"2025-08-19T18:12:31","guid":{"rendered":"https:\/\/lera.lt\/ugdymo--ir-svietimo-istorijos\/?page_id=591"},"modified":"2025-09-11T14:31:52","modified_gmt":"2025-09-11T14:31:52","slug":"tinklo-veiklos","status":"publish","type":"page","link":"https:\/\/lera.lt\/ugdymo-ir-svietimo-istorijos-tinklas\/tinklo-veiklos\/","title":{"rendered":"Tinklo veiklos"},"content":{"rendered":"\n\n\t\t\t\t\t<a href=\"#\"  id=\"fl-accordion--label-0\" tabindex=\"0\" aria-controls=\"fl-accordion--panel-0\">Tinklo veiklos 2024<\/a>\n\t\t\t\t\t\t\t\t\t\t\t<a href=\"#\" id=\"fl-accordion--icon-0\"  tabindex=\"0\"><i title=\"Collapse\">Collapse<\/i><\/a>\n\t\t\t\t\t<p>Numatomos veiklos:<\/p>\n<ol>\n<li>Dalyvavimas VIII LETA konferencijoje;<\/li>\n<li>Dalyvavimas ECER 2024 konferencijoje;<\/li>\n<li>Intensyvus \u012fsijungimas \u012f EERA NW17 veiklas ir iniciatyvas: prane\u0161im\u0173 recenzavim\u0105,\u00a0\u00a0knygos\u00a0\u00a0\u00a0<em>Re-Membering Education: Temporally Inflected Approaches Pushing Boundaries of Inquiry\u00a0<\/em>rengim\u0105 ir t.t.;<\/li>\n<li>Parengta tyrim\u0173 blykst\u0117 LETA svetain\u0117je.<\/li>\n<\/ol>\n\t\t\t\t\t<a href=\"#\"  id=\"fl-accordion--label-1\" tabindex=\"0\" aria-controls=\"fl-accordion--panel-1\">Tinklo veiklos 2023<\/a>\n\t\t\t\t\t\t\t\t\t\t\t<a href=\"#\" id=\"fl-accordion--icon-1\"  tabindex=\"0\"><i title=\"Expand\">Expand<\/i><\/a>\n\t\t\t\t\t<img loading=\"lazy\" decoding=\"async\" title=\"\" src=\"https:\/\/lera.lt\/us\/wp-content\/uploads\/sites\/23\/2024\/05\/Picture1.jpg\" sizes=\"auto, (min-width: 0px) and (max-width: 480px) 480px, (min-width: 481px) 500px, 100vw\" srcset=\"https:\/\/lera.lt\/us\/wp-content\/uploads\/sites\/23\/2024\/05\/Picture1.jpg 500w, https:\/\/lera.lt\/us\/wp-content\/uploads\/sites\/23\/2024\/05\/Picture1-480x252.jpg 480w\" alt=\"\" width=\"500\" height=\"262\" \/>\n<p><strong>* VII Lietuvos edukacini\u0173 tyrim\u0173 asociacijos (LETA) konferencija UGDYMAS IR \u0160VIETIMAS: \u012eVAIROV\u0116S VERT\u0116, 2023 Spalio m\u0117n.<\/strong><\/p>\n<p>&nbsp;<\/p>\n<p><strong>* ECER 2023, Glasgow, 21-25 08 2023\u00a0Network: 17. Histories of Education<\/strong>\u00a0buvo perskaityti 3 prane\u0161imai:<\/p>\n<p>1. Monika Orechova \u201e<em>Between a Hammer and a Hard Place: the Concept of Internationalisation in Central and Eastern Europe after 1990\u2033<\/em><\/p>\n<p>2. Ingrida Ivanavi\u010d\u0117, Irena Stonkuvien\u0117 \u201e<em>Between Past and Future: the Case of Roma Education in Vilnius&#8221;<\/em><\/p>\n<p>3. Irena Stonkuvien\u0117, Ingrida Ivanavi\u010d\u0117 \u201e<em>Internationalism with a Human Face or Russification: Internationalist Upbringing in Schools of the Lithuanian SSR&#8221;<\/em><\/p>\n<p>&nbsp;<\/p>\n<p><strong>* Ugdymo ir \u0161vietimo istorijos tinkle<\/strong>\u00a0buvo perskaityti 6 prane\u0161imai:<\/p>\n<p>1. Ingrida Ivanavi\u010d\u0117, Vilniaus universitetas \u201e<em>Sakytin\u0117 istorija kaip sovietme\u010dio ugdymo(si) realyb\u0117s rekonstrukcija: rom\u0173 etnin\u0117s grup\u0117s \u0161vietimas Lietuvoje&#8221;<\/em><\/p>\n<p>2. Monika Orechova, Vilniaus universitetas \u201e<em>Istorija \u0161vietimo tyrimuose: Ryt\u0173 Europos konceptas tarptautin\u0117se \u0161vietimo publikacijose 1990-2000 metais&#8221;<\/em><\/p>\n<p>3.\u00a0Viktorija Voidogait\u0117, Vilniaus universitetas \u201e<em>Kataliki\u0161kas ugdymas Lietuvoje: kontekstas ir reik\u0161m\u0117&#8221;<\/em><\/p>\n<p>4.\u00a0Nerijus Pipiras, Vytauto Did\u017eiojo universitetas \u201e<em>Nauji \u0161vietimo horizontai pagal arkivyskup\u0105 Me\u010dislov\u0105 Rein\u012f&#8221;<\/em><\/p>\n<p>5.\u00a0Gint\u0117 Marija Ivanauskien\u0117, Vilniaus universitetas \u201e<em>\u0160iuolaikin\u0117s demokratinio ugdymo tendencijos&#8221;<\/em><\/p>\n<p>6. Irena Leli\u016bgien\u0117, Mykolo Romerio universitetas \u201e<em>D\u0117mesys socialinio ugdymo vertei nuolatinius poky\u010dius \u0161vietime ir ugdyme patirian\u010dioje istorin\u0117je laiko t\u0117km\u0117je&#8221;<\/em><\/p>\n<p>*\u00a0<strong>Dalyvavimas Pasaulin\u0117je \u0160vietimo ir Ugdymo istorik\u0173 konferencijoje\u00a0\u00a0<\/strong><em><strong>ISCHE 44<\/strong>.\u00a0<\/em><em>Histories of Education and Reform: Traditions, Tensions and Transitions<\/em>\u00a0<strong>(<\/strong>18-21 07 2023, Budapest, Hungary<strong>,\u00a0<\/strong>24-25 07,\u00a0\u00a0online) skaityti du prane\u0161imai ( Ingrida Ivanavi\u010d\u0117, Irena Stonkuvien\u0117).<\/p>\n<p>*\u00a0<strong>Atstovavimas Lietuvai \u0161vietimo ir ugdymo istorijos tarptautiniame seminare\u00a0<\/strong><strong><em>State as the Owner of Education.\u00a0<\/em><\/strong><em>Involvement of Totalitarian Regimes in the Field of Education in Europe in the Second Half of the 20th Century<\/em><strong>,\u00a0<\/strong>Trnava University in Trnava (Slovakia),\u00a012-13 10 2023 (\u00a0Irena Stonkuvien\u0117).<\/p>\n\n","protected":false},"excerpt":{"rendered":"<p>Tinklo veiklos 2024 Collapse Numatomos veiklos: Dalyvavimas VIII LETA konferencijoje; Dalyvavimas ECER 2024 konferencijoje; Intensyvus \u012fsijungimas \u012f EERA NW17 veiklas ir iniciatyvas: prane\u0161im\u0173 recenzavim\u0105,\u00a0\u00a0knygos\u00a0\u00a0\u00a0Re-Membering Education: Temporally Inflected Approaches Pushing Boundaries of Inquiry\u00a0rengim\u0105 ir t.t.; Parengta tyrim\u0173 blykst\u0117 LETA svetain\u0117je. Tinklo veiklos 2023 Expand * VII Lietuvos edukacini\u0173 tyrim\u0173 asociacijos (LETA) konferencija UGDYMAS IR \u0160VIETIMAS: \u012eVAIROV\u0116S&hellip;<\/p>\n","protected":false},"author":1,"featured_media":0,"parent":0,"menu_order":0,"comment_status":"closed","ping_status":"closed","template":"","meta":{"footnotes":""},"class_list":["post-591","page","type-page","status-publish","hentry"],"yoast_head":"<!-- This site is optimized with the Yoast SEO plugin v25.7 - https:\/\/yoast.com\/wordpress\/plugins\/seo\/ -->\n<title>Tinklo veiklos - Ugdymo ir \u0161vietimo istorijos tinklas<\/title>\n<meta name=\"robots\" content=\"index, follow, max-snippet:-1, max-image-preview:large, max-video-preview:-1\" \/>\n<link rel=\"canonical\" href=\"https:\/\/lera.lt\/ugdymo-ir-svietimo-istorijos-tinklas\/tinklo-veiklos\/\" \/>\n<meta property=\"og:locale\" content=\"lt_LT\" \/>\n<meta property=\"og:type\" content=\"article\" \/>\n<meta property=\"og:title\" content=\"Tinklo veiklos - Ugdymo ir \u0161vietimo istorijos tinklas\" \/>\n<meta property=\"og:description\" content=\"Tinklo veiklos 2024 Collapse Numatomos veiklos: Dalyvavimas VIII LETA konferencijoje; Dalyvavimas ECER 2024 konferencijoje; Intensyvus \u012fsijungimas \u012f EERA NW17 veiklas ir iniciatyvas: prane\u0161im\u0173 recenzavim\u0105,\u00a0\u00a0knygos\u00a0\u00a0\u00a0Re-Membering Education: Temporally Inflected Approaches Pushing Boundaries of Inquiry\u00a0rengim\u0105 ir t.t.; Parengta tyrim\u0173 blykst\u0117 LETA svetain\u0117je. Tinklo veiklos 2023 Expand * VII Lietuvos edukacini\u0173 tyrim\u0173 asociacijos (LETA) konferencija UGDYMAS IR \u0160VIETIMAS: \u012eVAIROV\u0116S&hellip;\" \/>\n<meta property=\"og:url\" content=\"https:\/\/lera.lt\/ugdymo-ir-svietimo-istorijos-tinklas\/tinklo-veiklos\/\" \/>\n<meta property=\"og:site_name\" content=\"Ugdymo ir \u0161vietimo istorijos tinklas\" \/>\n<meta property=\"article:modified_time\" content=\"2025-09-11T14:31:52+00:00\" \/>\n<meta property=\"og:image\" content=\"https:\/\/lera.lt\/us\/wp-content\/uploads\/sites\/23\/2024\/05\/Picture1.jpg\" \/>\n<meta name=\"twitter:card\" content=\"summary_large_image\" \/>\n<script type=\"application\/ld+json\" class=\"yoast-schema-graph\">{\"@context\":\"https:\/\/schema.org\",\"@graph\":[{\"@type\":\"WebPage\",\"@id\":\"https:\/\/lera.lt\/ugdymo-ir-svietimo-istorijos-tinklas\/tinklo-veiklos\/\",\"url\":\"https:\/\/lera.lt\/ugdymo-ir-svietimo-istorijos-tinklas\/tinklo-veiklos\/\",\"name\":\"Tinklo veiklos - Ugdymo ir \u0161vietimo istorijos tinklas\",\"isPartOf\":{\"@id\":\"https:\/\/lera.lt\/ugdymo-ir-svietimo-istorijos-tinklas\/#website\"},\"primaryImageOfPage\":{\"@id\":\"https:\/\/lera.lt\/ugdymo-ir-svietimo-istorijos-tinklas\/tinklo-veiklos\/#primaryimage\"},\"image\":{\"@id\":\"https:\/\/lera.lt\/ugdymo-ir-svietimo-istorijos-tinklas\/tinklo-veiklos\/#primaryimage\"},\"thumbnailUrl\":\"https:\/\/lera.lt\/us\/wp-content\/uploads\/sites\/23\/2024\/05\/Picture1.jpg\",\"datePublished\":\"2025-08-19T18:12:31+00:00\",\"dateModified\":\"2025-09-11T14:31:52+00:00\",\"breadcrumb\":{\"@id\":\"https:\/\/lera.lt\/ugdymo-ir-svietimo-istorijos-tinklas\/tinklo-veiklos\/#breadcrumb\"},\"inLanguage\":\"lt-LT\",\"potentialAction\":[{\"@type\":\"ReadAction\",\"target\":[\"https:\/\/lera.lt\/ugdymo-ir-svietimo-istorijos-tinklas\/tinklo-veiklos\/\"]}]},{\"@type\":\"ImageObject\",\"inLanguage\":\"lt-LT\",\"@id\":\"https:\/\/lera.lt\/ugdymo-ir-svietimo-istorijos-tinklas\/tinklo-veiklos\/#primaryimage\",\"url\":\"https:\/\/lera.lt\/us\/wp-content\/uploads\/sites\/23\/2024\/05\/Picture1.jpg\",\"contentUrl\":\"https:\/\/lera.lt\/us\/wp-content\/uploads\/sites\/23\/2024\/05\/Picture1.jpg\"},{\"@type\":\"BreadcrumbList\",\"@id\":\"https:\/\/lera.lt\/ugdymo-ir-svietimo-istorijos-tinklas\/tinklo-veiklos\/#breadcrumb\",\"itemListElement\":[{\"@type\":\"ListItem\",\"position\":1,\"name\":\"Home\",\"item\":\"https:\/\/lera.lt\/ugdymo-ir-svietimo-istorijos-tinklas\/\"},{\"@type\":\"ListItem\",\"position\":2,\"name\":\"Tinklo veiklos\"}]},{\"@type\":\"WebSite\",\"@id\":\"https:\/\/lera.lt\/ugdymo-ir-svietimo-istorijos-tinklas\/#website\",\"url\":\"https:\/\/lera.lt\/ugdymo-ir-svietimo-istorijos-tinklas\/\",\"name\":\"Ugdymo ir \u0161vietimo istorijos tinklas\",\"description\":\"\",\"potentialAction\":[{\"@type\":\"SearchAction\",\"target\":{\"@type\":\"EntryPoint\",\"urlTemplate\":\"https:\/\/lera.lt\/ugdymo-ir-svietimo-istorijos-tinklas\/?s={search_term_string}\"},\"query-input\":{\"@type\":\"PropertyValueSpecification\",\"valueRequired\":true,\"valueName\":\"search_term_string\"}}],\"inLanguage\":\"lt-LT\"}]}<\/script>\n<!-- \/ Yoast SEO plugin. -->","yoast_head_json":{"title":"Tinklo veiklos - Ugdymo ir \u0161vietimo istorijos tinklas","robots":{"index":"index","follow":"follow","max-snippet":"max-snippet:-1","max-image-preview":"max-image-preview:large","max-video-preview":"max-video-preview:-1"},"canonical":"https:\/\/lera.lt\/ugdymo-ir-svietimo-istorijos-tinklas\/tinklo-veiklos\/","og_locale":"lt_LT","og_type":"article","og_title":"Tinklo veiklos - Ugdymo ir \u0161vietimo istorijos tinklas","og_description":"Tinklo veiklos 2024 Collapse Numatomos veiklos: Dalyvavimas VIII LETA konferencijoje; Dalyvavimas ECER 2024 konferencijoje; Intensyvus \u012fsijungimas \u012f EERA NW17 veiklas ir iniciatyvas: prane\u0161im\u0173 recenzavim\u0105,\u00a0\u00a0knygos\u00a0\u00a0\u00a0Re-Membering Education: Temporally Inflected Approaches Pushing Boundaries of Inquiry\u00a0rengim\u0105 ir t.t.; Parengta tyrim\u0173 blykst\u0117 LETA svetain\u0117je. Tinklo veiklos 2023 Expand * VII Lietuvos edukacini\u0173 tyrim\u0173 asociacijos (LETA) konferencija UGDYMAS IR \u0160VIETIMAS: \u012eVAIROV\u0116S&hellip;","og_url":"https:\/\/lera.lt\/ugdymo-ir-svietimo-istorijos-tinklas\/tinklo-veiklos\/","og_site_name":"Ugdymo ir \u0161vietimo istorijos tinklas","article_modified_time":"2025-09-11T14:31:52+00:00","og_image":[{"url":"https:\/\/lera.lt\/us\/wp-content\/uploads\/sites\/23\/2024\/05\/Picture1.jpg","type":"","width":"","height":""}],"twitter_card":"summary_large_image","schema":{"@context":"https:\/\/schema.org","@graph":[{"@type":"WebPage","@id":"https:\/\/lera.lt\/ugdymo-ir-svietimo-istorijos-tinklas\/tinklo-veiklos\/","url":"https:\/\/lera.lt\/ugdymo-ir-svietimo-istorijos-tinklas\/tinklo-veiklos\/","name":"Tinklo veiklos - Ugdymo ir \u0161vietimo istorijos tinklas","isPartOf":{"@id":"https:\/\/lera.lt\/ugdymo-ir-svietimo-istorijos-tinklas\/#website"},"primaryImageOfPage":{"@id":"https:\/\/lera.lt\/ugdymo-ir-svietimo-istorijos-tinklas\/tinklo-veiklos\/#primaryimage"},"image":{"@id":"https:\/\/lera.lt\/ugdymo-ir-svietimo-istorijos-tinklas\/tinklo-veiklos\/#primaryimage"},"thumbnailUrl":"https:\/\/lera.lt\/us\/wp-content\/uploads\/sites\/23\/2024\/05\/Picture1.jpg","datePublished":"2025-08-19T18:12:31+00:00","dateModified":"2025-09-11T14:31:52+00:00","breadcrumb":{"@id":"https:\/\/lera.lt\/ugdymo-ir-svietimo-istorijos-tinklas\/tinklo-veiklos\/#breadcrumb"},"inLanguage":"lt-LT","potentialAction":[{"@type":"ReadAction","target":["https:\/\/lera.lt\/ugdymo-ir-svietimo-istorijos-tinklas\/tinklo-veiklos\/"]}]},{"@type":"ImageObject","inLanguage":"lt-LT","@id":"https:\/\/lera.lt\/ugdymo-ir-svietimo-istorijos-tinklas\/tinklo-veiklos\/#primaryimage","url":"https:\/\/lera.lt\/us\/wp-content\/uploads\/sites\/23\/2024\/05\/Picture1.jpg","contentUrl":"https:\/\/lera.lt\/us\/wp-content\/uploads\/sites\/23\/2024\/05\/Picture1.jpg"},{"@type":"BreadcrumbList","@id":"https:\/\/lera.lt\/ugdymo-ir-svietimo-istorijos-tinklas\/tinklo-veiklos\/#breadcrumb","itemListElement":[{"@type":"ListItem","position":1,"name":"Home","item":"https:\/\/lera.lt\/ugdymo-ir-svietimo-istorijos-tinklas\/"},{"@type":"ListItem","position":2,"name":"Tinklo veiklos"}]},{"@type":"WebSite","@id":"https:\/\/lera.lt\/ugdymo-ir-svietimo-istorijos-tinklas\/#website","url":"https:\/\/lera.lt\/ugdymo-ir-svietimo-istorijos-tinklas\/","name":"Ugdymo ir \u0161vietimo istorijos tinklas","description":"","potentialAction":[{"@type":"SearchAction","target":{"@type":"EntryPoint","urlTemplate":"https:\/\/lera.lt\/ugdymo-ir-svietimo-istorijos-tinklas\/?s={search_term_string}"},"query-input":{"@type":"PropertyValueSpecification","valueRequired":true,"valueName":"search_term_string"}}],"inLanguage":"lt-LT"}]}},"_links":{"self":[{"href":"https:\/\/lera.lt\/ugdymo-ir-svietimo-istorijos-tinklas\/wp-json\/wp\/v2\/pages\/591","targetHints":{"allow":["GET"]}}],"collection":[{"href":"https:\/\/lera.lt\/ugdymo-ir-svietimo-istorijos-tinklas\/wp-json\/wp\/v2\/pages"}],"about":[{"href":"https:\/\/lera.lt\/ugdymo-ir-svietimo-istorijos-tinklas\/wp-json\/wp\/v2\/types\/page"}],"author":[{"embeddable":true,"href":"https:\/\/lera.lt\/ugdymo-ir-svietimo-istorijos-tinklas\/wp-json\/wp\/v2\/users\/1"}],"replies":[{"embeddable":true,"href":"https:\/\/lera.lt\/ugdymo-ir-svietimo-istorijos-tinklas\/wp-json\/wp\/v2\/comments?post=591"}],"version-history":[{"count":20,"href":"https:\/\/lera.lt\/ugdymo-ir-svietimo-istorijos-tinklas\/wp-json\/wp\/v2\/pages\/591\/revisions"}],"predecessor-version":[{"id":841,"href":"https:\/\/lera.lt\/ugdymo-ir-svietimo-istorijos-tinklas\/wp-json\/wp\/v2\/pages\/591\/revisions\/841"}],"wp:attachment":[{"href":"https:\/\/lera.lt\/ugdymo-ir-svietimo-istorijos-tinklas\/wp-json\/wp\/v2\/media?parent=591"}],"curies":[{"name":"wp","href":"https:\/\/api.w.org\/{rel}","templated":true}]}}