{"id":577,"date":"2025-08-19T18:10:22","date_gmt":"2025-08-19T18:10:22","guid":{"rendered":"https:\/\/lera.lt\/ugdymo--ir-svietimo-istorijos\/?page_id=577"},"modified":"2025-09-20T14:22:07","modified_gmt":"2025-09-20T14:22:07","slug":"tinklo-komitetas","status":"publish","type":"page","link":"https:\/\/lera.lt\/ugdymo-ir-svietimo-istorijos-tinklas\/tinklo-komitetas\/","title":{"rendered":"Tinklo komitetas"},"content":{"rendered":"\n\n\t<h3><strong>Ugdymo ir \u0160vietimo istorijos tinklo komitetas<\/strong><\/h3>\n\t\t\t\t<img decoding=\"async\" src=\"https:\/\/lera.lt\/ugdymo-ir-svietimo-istorijos-tinklas\/wp-content\/uploads\/sites\/28\/2025\/09\/Stonkuviene.jpg\" alt=\"Stonkuviene\" itemprop=\"image\" height=\"240\" width=\"320\" title=\"Stonkuviene\" onerror=\"this.style.display='none'\" loading=\"lazy\" \/>\n\t<p><strong>Pirminink\u0117 &#8211; doc. dr. Stonkuvien\u0117 Irena<\/strong>\u00a0(Vilniaus universitetas).<\/p>\n\t<h2>\u00a0Nariai<\/h2>\n<ul>\n<li><strong>doc. dr.\u00a0\u00a0<\/strong><strong>Ju\u0161kien\u0117 Vaineta<\/strong> (Klaip\u0117dos universitetas);<\/li>\n<li><strong>dokt.\u00a0<\/strong><strong>Ingrida Ivanavi\u010d\u0117<\/strong> (Vilniaus universitetas);<\/li>\n<li><strong>dokt. Ka\u0161\u0117ta Tomas<\/strong> (Vytauto Did\u017eiojo universitetas);<\/li>\n<li><strong>prof. dr. Leli\u016bgien\u0117 Irena<\/strong> ( Kauno technologijos universitetas);<\/li>\n<li><strong>Poderien\u0117 Nida<\/strong> (Lietuvi\u0173 kalbos institutas);<\/li>\n<li><strong>prof. dr.\u00a0 \u017dukauskien\u0117 Lilia<\/strong>\u00a0( Klaip\u0117dos universitetas).<\/li>\n<\/ul>\n\t\t\t<a href=\"https:\/\/lera.lt\/registracija\/leta-naryste-2025-metams\/\" target=\"_self\">\n\t\t\t\t\t\tTapti \u0161io tinklo nariu\n\t\t\t\t\t<\/a>\n\n","protected":false},"excerpt":{"rendered":"<p>Ugdymo ir \u0160vietimo istorijos tinklo komitetas Pirminink\u0117 &#8211; doc. dr. Stonkuvien\u0117 Irena\u00a0(Vilniaus universitetas). \u00a0Nariai doc. dr.\u00a0\u00a0Ju\u0161kien\u0117 Vaineta (Klaip\u0117dos universitetas); dokt.\u00a0Ingrida Ivanavi\u010d\u0117 (Vilniaus universitetas); dokt. Ka\u0161\u0117ta Tomas (Vytauto Did\u017eiojo universitetas); prof. dr. Leli\u016bgien\u0117 Irena ( Kauno technologijos universitetas); Poderien\u0117 Nida (Lietuvi\u0173 kalbos institutas); prof. dr.\u00a0 \u017dukauskien\u0117 Lilia\u00a0( Klaip\u0117dos universitetas). Tapti \u0161io tinklo nariu<\/p>\n","protected":false},"author":1,"featured_media":0,"parent":0,"menu_order":0,"comment_status":"closed","ping_status":"closed","template":"","meta":{"footnotes":""},"class_list":["post-577","page","type-page","status-publish","hentry"],"yoast_head":"<!-- This site is optimized with the Yoast SEO plugin v25.7 - https:\/\/yoast.com\/wordpress\/plugins\/seo\/ -->\n<title>Tinklo komitetas - Ugdymo ir \u0161vietimo istorijos tinklas<\/title>\n<meta name=\"robots\" content=\"index, follow, max-snippet:-1, max-image-preview:large, max-video-preview:-1\" \/>\n<link rel=\"canonical\" href=\"https:\/\/lera.lt\/ugdymo-ir-svietimo-istorijos-tinklas\/tinklo-komitetas\/\" \/>\n<meta property=\"og:locale\" content=\"lt_LT\" \/>\n<meta property=\"og:type\" content=\"article\" \/>\n<meta property=\"og:title\" content=\"Tinklo komitetas - Ugdymo ir \u0161vietimo istorijos tinklas\" \/>\n<meta property=\"og:description\" content=\"Ugdymo ir \u0160vietimo istorijos tinklo komitetas Pirminink\u0117 &#8211; doc. dr. Stonkuvien\u0117 Irena\u00a0(Vilniaus universitetas). \u00a0Nariai doc. dr.\u00a0\u00a0Ju\u0161kien\u0117 Vaineta (Klaip\u0117dos universitetas); dokt.\u00a0Ingrida Ivanavi\u010d\u0117 (Vilniaus universitetas); dokt. Ka\u0161\u0117ta Tomas (Vytauto Did\u017eiojo universitetas); prof. dr. Leli\u016bgien\u0117 Irena ( Kauno technologijos universitetas); Poderien\u0117 Nida (Lietuvi\u0173 kalbos institutas); prof. dr.\u00a0 \u017dukauskien\u0117 Lilia\u00a0( Klaip\u0117dos universitetas). Tapti \u0161io tinklo nariu\" \/>\n<meta property=\"og:url\" content=\"https:\/\/lera.lt\/ugdymo-ir-svietimo-istorijos-tinklas\/tinklo-komitetas\/\" \/>\n<meta property=\"og:site_name\" content=\"Ugdymo ir \u0161vietimo istorijos tinklas\" \/>\n<meta property=\"article:modified_time\" content=\"2025-09-20T14:22:07+00:00\" \/>\n<meta property=\"og:image\" content=\"https:\/\/lera.lt\/ugdymo-ir-svietimo-istorijos-tinklas\/wp-content\/uploads\/sites\/28\/2025\/09\/Stonkuviene.jpg\" \/>\n<meta name=\"twitter:card\" content=\"summary_large_image\" \/>\n<meta name=\"twitter:label1\" content=\"Est. reading time\" \/>\n\t<meta name=\"twitter:data1\" content=\"1 minut\u0117\" \/>\n<script type=\"application\/ld+json\" class=\"yoast-schema-graph\">{\"@context\":\"https:\/\/schema.org\",\"@graph\":[{\"@type\":\"WebPage\",\"@id\":\"https:\/\/lera.lt\/ugdymo-ir-svietimo-istorijos-tinklas\/tinklo-komitetas\/\",\"url\":\"https:\/\/lera.lt\/ugdymo-ir-svietimo-istorijos-tinklas\/tinklo-komitetas\/\",\"name\":\"Tinklo komitetas - Ugdymo ir \u0161vietimo istorijos tinklas\",\"isPartOf\":{\"@id\":\"https:\/\/lera.lt\/ugdymo-ir-svietimo-istorijos-tinklas\/#website\"},\"primaryImageOfPage\":{\"@id\":\"https:\/\/lera.lt\/ugdymo-ir-svietimo-istorijos-tinklas\/tinklo-komitetas\/#primaryimage\"},\"image\":{\"@id\":\"https:\/\/lera.lt\/ugdymo-ir-svietimo-istorijos-tinklas\/tinklo-komitetas\/#primaryimage\"},\"thumbnailUrl\":\"https:\/\/lera.lt\/ugdymo-ir-svietimo-istorijos-tinklas\/wp-content\/uploads\/sites\/28\/2025\/09\/Stonkuviene.jpg\",\"datePublished\":\"2025-08-19T18:10:22+00:00\",\"dateModified\":\"2025-09-20T14:22:07+00:00\",\"breadcrumb\":{\"@id\":\"https:\/\/lera.lt\/ugdymo-ir-svietimo-istorijos-tinklas\/tinklo-komitetas\/#breadcrumb\"},\"inLanguage\":\"lt-LT\",\"potentialAction\":[{\"@type\":\"ReadAction\",\"target\":[\"https:\/\/lera.lt\/ugdymo-ir-svietimo-istorijos-tinklas\/tinklo-komitetas\/\"]}]},{\"@type\":\"ImageObject\",\"inLanguage\":\"lt-LT\",\"@id\":\"https:\/\/lera.lt\/ugdymo-ir-svietimo-istorijos-tinklas\/tinklo-komitetas\/#primaryimage\",\"url\":\"https:\/\/lera.lt\/ugdymo-ir-svietimo-istorijos-tinklas\/wp-content\/uploads\/sites\/28\/2025\/09\/Stonkuviene.jpg\",\"contentUrl\":\"https:\/\/lera.lt\/ugdymo-ir-svietimo-istorijos-tinklas\/wp-content\/uploads\/sites\/28\/2025\/09\/Stonkuviene.jpg\",\"width\":320,\"height\":240},{\"@type\":\"BreadcrumbList\",\"@id\":\"https:\/\/lera.lt\/ugdymo-ir-svietimo-istorijos-tinklas\/tinklo-komitetas\/#breadcrumb\",\"itemListElement\":[{\"@type\":\"ListItem\",\"position\":1,\"name\":\"Home\",\"item\":\"https:\/\/lera.lt\/ugdymo-ir-svietimo-istorijos-tinklas\/\"},{\"@type\":\"ListItem\",\"position\":2,\"name\":\"Tinklo komitetas\"}]},{\"@type\":\"WebSite\",\"@id\":\"https:\/\/lera.lt\/ugdymo-ir-svietimo-istorijos-tinklas\/#website\",\"url\":\"https:\/\/lera.lt\/ugdymo-ir-svietimo-istorijos-tinklas\/\",\"name\":\"Ugdymo ir \u0161vietimo istorijos tinklas\",\"description\":\"\",\"potentialAction\":[{\"@type\":\"SearchAction\",\"target\":{\"@type\":\"EntryPoint\",\"urlTemplate\":\"https:\/\/lera.lt\/ugdymo-ir-svietimo-istorijos-tinklas\/?s={search_term_string}\"},\"query-input\":{\"@type\":\"PropertyValueSpecification\",\"valueRequired\":true,\"valueName\":\"search_term_string\"}}],\"inLanguage\":\"lt-LT\"}]}<\/script>\n<!-- \/ Yoast SEO plugin. -->","yoast_head_json":{"title":"Tinklo komitetas - Ugdymo ir \u0161vietimo istorijos tinklas","robots":{"index":"index","follow":"follow","max-snippet":"max-snippet:-1","max-image-preview":"max-image-preview:large","max-video-preview":"max-video-preview:-1"},"canonical":"https:\/\/lera.lt\/ugdymo-ir-svietimo-istorijos-tinklas\/tinklo-komitetas\/","og_locale":"lt_LT","og_type":"article","og_title":"Tinklo komitetas - Ugdymo ir \u0161vietimo istorijos tinklas","og_description":"Ugdymo ir \u0160vietimo istorijos tinklo komitetas Pirminink\u0117 &#8211; doc. dr. Stonkuvien\u0117 Irena\u00a0(Vilniaus universitetas). \u00a0Nariai doc. dr.\u00a0\u00a0Ju\u0161kien\u0117 Vaineta (Klaip\u0117dos universitetas); dokt.\u00a0Ingrida Ivanavi\u010d\u0117 (Vilniaus universitetas); dokt. Ka\u0161\u0117ta Tomas (Vytauto Did\u017eiojo universitetas); prof. dr. Leli\u016bgien\u0117 Irena ( Kauno technologijos universitetas); Poderien\u0117 Nida (Lietuvi\u0173 kalbos institutas); prof. dr.\u00a0 \u017dukauskien\u0117 Lilia\u00a0( Klaip\u0117dos universitetas). Tapti \u0161io tinklo nariu","og_url":"https:\/\/lera.lt\/ugdymo-ir-svietimo-istorijos-tinklas\/tinklo-komitetas\/","og_site_name":"Ugdymo ir \u0161vietimo istorijos tinklas","article_modified_time":"2025-09-20T14:22:07+00:00","og_image":[{"url":"https:\/\/lera.lt\/ugdymo-ir-svietimo-istorijos-tinklas\/wp-content\/uploads\/sites\/28\/2025\/09\/Stonkuviene.jpg","type":"","width":"","height":""}],"twitter_card":"summary_large_image","twitter_misc":{"Est. reading time":"1 minut\u0117"},"schema":{"@context":"https:\/\/schema.org","@graph":[{"@type":"WebPage","@id":"https:\/\/lera.lt\/ugdymo-ir-svietimo-istorijos-tinklas\/tinklo-komitetas\/","url":"https:\/\/lera.lt\/ugdymo-ir-svietimo-istorijos-tinklas\/tinklo-komitetas\/","name":"Tinklo komitetas - Ugdymo ir \u0161vietimo istorijos tinklas","isPartOf":{"@id":"https:\/\/lera.lt\/ugdymo-ir-svietimo-istorijos-tinklas\/#website"},"primaryImageOfPage":{"@id":"https:\/\/lera.lt\/ugdymo-ir-svietimo-istorijos-tinklas\/tinklo-komitetas\/#primaryimage"},"image":{"@id":"https:\/\/lera.lt\/ugdymo-ir-svietimo-istorijos-tinklas\/tinklo-komitetas\/#primaryimage"},"thumbnailUrl":"https:\/\/lera.lt\/ugdymo-ir-svietimo-istorijos-tinklas\/wp-content\/uploads\/sites\/28\/2025\/09\/Stonkuviene.jpg","datePublished":"2025-08-19T18:10:22+00:00","dateModified":"2025-09-20T14:22:07+00:00","breadcrumb":{"@id":"https:\/\/lera.lt\/ugdymo-ir-svietimo-istorijos-tinklas\/tinklo-komitetas\/#breadcrumb"},"inLanguage":"lt-LT","potentialAction":[{"@type":"ReadAction","target":["https:\/\/lera.lt\/ugdymo-ir-svietimo-istorijos-tinklas\/tinklo-komitetas\/"]}]},{"@type":"ImageObject","inLanguage":"lt-LT","@id":"https:\/\/lera.lt\/ugdymo-ir-svietimo-istorijos-tinklas\/tinklo-komitetas\/#primaryimage","url":"https:\/\/lera.lt\/ugdymo-ir-svietimo-istorijos-tinklas\/wp-content\/uploads\/sites\/28\/2025\/09\/Stonkuviene.jpg","contentUrl":"https:\/\/lera.lt\/ugdymo-ir-svietimo-istorijos-tinklas\/wp-content\/uploads\/sites\/28\/2025\/09\/Stonkuviene.jpg","width":320,"height":240},{"@type":"BreadcrumbList","@id":"https:\/\/lera.lt\/ugdymo-ir-svietimo-istorijos-tinklas\/tinklo-komitetas\/#breadcrumb","itemListElement":[{"@type":"ListItem","position":1,"name":"Home","item":"https:\/\/lera.lt\/ugdymo-ir-svietimo-istorijos-tinklas\/"},{"@type":"ListItem","position":2,"name":"Tinklo komitetas"}]},{"@type":"WebSite","@id":"https:\/\/lera.lt\/ugdymo-ir-svietimo-istorijos-tinklas\/#website","url":"https:\/\/lera.lt\/ugdymo-ir-svietimo-istorijos-tinklas\/","name":"Ugdymo ir \u0161vietimo istorijos tinklas","description":"","potentialAction":[{"@type":"SearchAction","target":{"@type":"EntryPoint","urlTemplate":"https:\/\/lera.lt\/ugdymo-ir-svietimo-istorijos-tinklas\/?s={search_term_string}"},"query-input":{"@type":"PropertyValueSpecification","valueRequired":true,"valueName":"search_term_string"}}],"inLanguage":"lt-LT"}]}},"_links":{"self":[{"href":"https:\/\/lera.lt\/ugdymo-ir-svietimo-istorijos-tinklas\/wp-json\/wp\/v2\/pages\/577","targetHints":{"allow":["GET"]}}],"collection":[{"href":"https:\/\/lera.lt\/ugdymo-ir-svietimo-istorijos-tinklas\/wp-json\/wp\/v2\/pages"}],"about":[{"href":"https:\/\/lera.lt\/ugdymo-ir-svietimo-istorijos-tinklas\/wp-json\/wp\/v2\/types\/page"}],"author":[{"embeddable":true,"href":"https:\/\/lera.lt\/ugdymo-ir-svietimo-istorijos-tinklas\/wp-json\/wp\/v2\/users\/1"}],"replies":[{"embeddable":true,"href":"https:\/\/lera.lt\/ugdymo-ir-svietimo-istorijos-tinklas\/wp-json\/wp\/v2\/comments?post=577"}],"version-history":[{"count":24,"href":"https:\/\/lera.lt\/ugdymo-ir-svietimo-istorijos-tinklas\/wp-json\/wp\/v2\/pages\/577\/revisions"}],"predecessor-version":[{"id":860,"href":"https:\/\/lera.lt\/ugdymo-ir-svietimo-istorijos-tinklas\/wp-json\/wp\/v2\/pages\/577\/revisions\/860"}],"wp:attachment":[{"href":"https:\/\/lera.lt\/ugdymo-ir-svietimo-istorijos-tinklas\/wp-json\/wp\/v2\/media?parent=577"}],"curies":[{"name":"wp","href":"https:\/\/api.w.org\/{rel}","templated":true}]}}