{"id":670,"date":"2025-08-20T11:17:55","date_gmt":"2025-08-20T11:17:55","guid":{"rendered":"https:\/\/lera.lt\/ugdymo-filosofijos-ir-politikos-tinklas\/?page_id=670"},"modified":"2025-09-11T14:35:33","modified_gmt":"2025-09-11T14:35:33","slug":"network-committee","status":"publish","type":"page","link":"https:\/\/lera.lt\/ugdymo-filosofijos-ir-politikos-tinklas\/en\/network-committee\/","title":{"rendered":"Network Committee"},"content":{"rendered":"\n\n<h3><strong>Education Philosophy and Policy Network Committee<\/strong><\/h3>\n\t\t\t\t<img decoding=\"async\" src=\"https:\/\/lera.lt\/ugdymo-filosofijos-ir-politikos-tinklas\/wp-content\/uploads\/sites\/27\/2025\/09\/Duobliene.jpg\" alt=\"CREATOR: gd-jpeg v1.0 (using IJG JPEG v62), quality = 82\" itemprop=\"image\" height=\"240\" width=\"320\" title=\"CREATOR: gd-jpeg v1.0 (using IJG JPEG v62), quality = 82\" onerror=\"this.style.display='none'\" loading=\"lazy\" \/>\n\t<p><strong>Chairperson &#8211;<\/strong> \u00a0<strong>prof. dr. Lilija Duoblien\u0117<\/strong> (Vilnius University).<\/p>\n\t<h2>\u00a0Members<\/h2>\n<ul>\n<li><strong>dr. Garbauskait\u0117-Jakimovska Justina<\/strong> (Vilnius University)-\n<\/li><li><strong>assoc.dr Gar\u0161v\u0117 Lina<\/strong> (Vilnius University);\n<\/li><li><strong>dr. student Ivanavi\u010d\u0117 Ingrida<\/strong> (Vilnius University);\n<\/li><li><strong>dr. Kairien\u0117 Aida<\/strong> (Vytautas Magnus University);\n<\/li><li><strong>PhD student Ka\u0161\u0117ta Tomas<\/strong> (Vytautas Magnus University);\n<\/li><li><strong>dr. Kobakhidze Giorgi<\/strong> (Vytautas Magnus University);\n<\/li><li><strong>Prof. dr. Norvai\u0161a Rimas<\/strong> (Vilnius University);\n<\/li><li><strong>dr. Melnike Egl\u0117<\/strong> (National Education Agency);\n<\/li><li><strong>PhD student Miseli\u016bnait\u0117 Brigita<\/strong> (Kaunas University of Technology);\n<\/li><li><strong>assoc. prof. dr. Penkauskien\u0117 Daiva<\/strong> (Centre for Contemporary Didactics);\n<\/li><li><strong>dr. Pipiras Nerijus<\/strong> (Vytautas Magnus University);\n<\/li><li><strong>Junior researcher Poderien\u0117 Nida<\/strong> (Lithuanian Language Institute);\n<\/li><li><strong>dr. Putrien\u0117 Nijol\u0117<\/strong> (Kaunas University of Technology);\n<\/li><li><strong>dr. Raudien\u0117 Irena<\/strong> (Vytautas Magnus University);\n<\/li><li><strong>dr. Stra\u017einskait\u0117 Dalia<\/strong> (Vytautas Magnus University);\n<\/li><li><strong>prof. dr. Survutait\u0117 Dalia<\/strong> (Vytautas Magnus University);\n<\/li><li><strong>dr. Tuleikyt\u0117 Julija<\/strong> (Vilnius University);\n<\/li><li><strong>dr. Tumlovskaja Jelizaveta<\/strong> (Vytautas Magnus University);\n<\/li><li><strong>dr. Vaitekaitis Jogaila<\/strong> (Vilnius University);\n<\/li><li><strong>assoc. prof. dr. Venslovait\u0117 Vita<\/strong> (Vilnius University);\n<\/li><li><strong>PhD student Voidogait\u0117 Viktorija<\/strong> (Vilnius University).<\/li>\n<\/ul>\n\t\t\t<a href=\"https:\/\/lera.lt\/en\/membership\/\" target=\"_self\">\n\t\t\t\t\t\tBecome a member of this network\n\t\t\t\t\t<\/a>\n\n","protected":false},"excerpt":{"rendered":"<p>Education Philosophy and Policy Network Committee Chairperson &#8211; \u00a0prof. dr. Lilija Duoblien\u0117 (Vilnius University). \u00a0Members dr. Garbauskait\u0117-Jakimovska Justina (Vilnius University)- assoc.dr Gar\u0161v\u0117 Lina (Vilnius University); dr. student Ivanavi\u010d\u0117 Ingrida (Vilnius University); dr. Kairien\u0117 Aida (Vytautas Magnus University); PhD student Ka\u0161\u0117ta Tomas (Vytautas Magnus University); dr. Kobakhidze Giorgi (Vytautas Magnus University); Prof. dr. Norvai\u0161a Rimas (Vilnius&hellip;<\/p>\n","protected":false},"author":1,"featured_media":0,"parent":0,"menu_order":0,"comment_status":"closed","ping_status":"closed","template":"","meta":{"footnotes":""},"class_list":["post-670","page","type-page","status-publish","hentry"],"yoast_head":"<!-- This site is optimized with the Yoast SEO plugin v25.7 - https:\/\/yoast.com\/wordpress\/plugins\/seo\/ -->\n<title>Network Committee - Ugdymo filosofijos ir politikos tinklas<\/title>\n<meta name=\"robots\" content=\"index, follow, max-snippet:-1, max-image-preview:large, max-video-preview:-1\" \/>\n<link rel=\"canonical\" href=\"https:\/\/lera.lt\/ugdymo-filosofijos-ir-politikos-tinklas\/en\/network-committee\/\" \/>\n<meta property=\"og:locale\" content=\"lt_LT\" \/>\n<meta property=\"og:type\" content=\"article\" \/>\n<meta property=\"og:title\" content=\"Network Committee - Ugdymo filosofijos ir politikos tinklas\" \/>\n<meta property=\"og:description\" content=\"Education Philosophy and Policy Network Committee Chairperson &#8211; \u00a0prof. dr. Lilija Duoblien\u0117 (Vilnius University). \u00a0Members dr. Garbauskait\u0117-Jakimovska Justina (Vilnius University)- assoc.dr Gar\u0161v\u0117 Lina (Vilnius University); dr. student Ivanavi\u010d\u0117 Ingrida (Vilnius University); dr. Kairien\u0117 Aida (Vytautas Magnus University); PhD student Ka\u0161\u0117ta Tomas (Vytautas Magnus University); dr. Kobakhidze Giorgi (Vytautas Magnus University); Prof. dr. Norvai\u0161a Rimas (Vilnius&hellip;\" \/>\n<meta property=\"og:url\" content=\"https:\/\/lera.lt\/ugdymo-filosofijos-ir-politikos-tinklas\/en\/network-committee\/\" \/>\n<meta property=\"og:site_name\" content=\"Ugdymo filosofijos ir politikos tinklas\" \/>\n<meta property=\"article:modified_time\" content=\"2025-09-11T14:35:33+00:00\" \/>\n<meta property=\"og:image\" content=\"https:\/\/lera.lt\/ugdymo-filosofijos-ir-politikos-tinklas\/wp-content\/uploads\/sites\/27\/2025\/09\/Duobliene.jpg\" \/>\n<meta name=\"twitter:card\" content=\"summary_large_image\" \/>\n<script type=\"application\/ld+json\" class=\"yoast-schema-graph\">{\"@context\":\"https:\/\/schema.org\",\"@graph\":[{\"@type\":\"WebPage\",\"@id\":\"https:\/\/lera.lt\/ugdymo-filosofijos-ir-politikos-tinklas\/en\/network-committee\/\",\"url\":\"https:\/\/lera.lt\/ugdymo-filosofijos-ir-politikos-tinklas\/en\/network-committee\/\",\"name\":\"Network Committee - Ugdymo filosofijos ir politikos tinklas\",\"isPartOf\":{\"@id\":\"https:\/\/lera.lt\/ugdymo-filosofijos-ir-politikos-tinklas\/#website\"},\"primaryImageOfPage\":{\"@id\":\"https:\/\/lera.lt\/ugdymo-filosofijos-ir-politikos-tinklas\/en\/network-committee\/#primaryimage\"},\"image\":{\"@id\":\"https:\/\/lera.lt\/ugdymo-filosofijos-ir-politikos-tinklas\/en\/network-committee\/#primaryimage\"},\"thumbnailUrl\":\"https:\/\/lera.lt\/ugdymo-filosofijos-ir-politikos-tinklas\/wp-content\/uploads\/sites\/27\/2025\/09\/Duobliene.jpg\",\"datePublished\":\"2025-08-20T11:17:55+00:00\",\"dateModified\":\"2025-09-11T14:35:33+00:00\",\"breadcrumb\":{\"@id\":\"https:\/\/lera.lt\/ugdymo-filosofijos-ir-politikos-tinklas\/en\/network-committee\/#breadcrumb\"},\"inLanguage\":\"lt-LT\",\"potentialAction\":[{\"@type\":\"ReadAction\",\"target\":[\"https:\/\/lera.lt\/ugdymo-filosofijos-ir-politikos-tinklas\/en\/network-committee\/\"]}]},{\"@type\":\"ImageObject\",\"inLanguage\":\"lt-LT\",\"@id\":\"https:\/\/lera.lt\/ugdymo-filosofijos-ir-politikos-tinklas\/en\/network-committee\/#primaryimage\",\"url\":\"https:\/\/lera.lt\/ugdymo-filosofijos-ir-politikos-tinklas\/wp-content\/uploads\/sites\/27\/2025\/09\/Duobliene.jpg\",\"contentUrl\":\"https:\/\/lera.lt\/ugdymo-filosofijos-ir-politikos-tinklas\/wp-content\/uploads\/sites\/27\/2025\/09\/Duobliene.jpg\",\"width\":320,\"height\":240,\"caption\":\"CREATOR: gd-jpeg v1.0 (using IJG JPEG v62), quality = 82\"},{\"@type\":\"BreadcrumbList\",\"@id\":\"https:\/\/lera.lt\/ugdymo-filosofijos-ir-politikos-tinklas\/en\/network-committee\/#breadcrumb\",\"itemListElement\":[{\"@type\":\"ListItem\",\"position\":1,\"name\":\"Home\",\"item\":\"https:\/\/lera.lt\/ugdymo-filosofijos-ir-politikos-tinklas\/\"},{\"@type\":\"ListItem\",\"position\":2,\"name\":\"Network Committee\"}]},{\"@type\":\"WebSite\",\"@id\":\"https:\/\/lera.lt\/ugdymo-filosofijos-ir-politikos-tinklas\/#website\",\"url\":\"https:\/\/lera.lt\/ugdymo-filosofijos-ir-politikos-tinklas\/\",\"name\":\"Ugdymo filosofijos ir politikos tinklas\",\"description\":\"\",\"potentialAction\":[{\"@type\":\"SearchAction\",\"target\":{\"@type\":\"EntryPoint\",\"urlTemplate\":\"https:\/\/lera.lt\/ugdymo-filosofijos-ir-politikos-tinklas\/?s={search_term_string}\"},\"query-input\":{\"@type\":\"PropertyValueSpecification\",\"valueRequired\":true,\"valueName\":\"search_term_string\"}}],\"inLanguage\":\"lt-LT\"}]}<\/script>\n<!-- \/ Yoast SEO plugin. -->","yoast_head_json":{"title":"Network Committee - Ugdymo filosofijos ir politikos tinklas","robots":{"index":"index","follow":"follow","max-snippet":"max-snippet:-1","max-image-preview":"max-image-preview:large","max-video-preview":"max-video-preview:-1"},"canonical":"https:\/\/lera.lt\/ugdymo-filosofijos-ir-politikos-tinklas\/en\/network-committee\/","og_locale":"lt_LT","og_type":"article","og_title":"Network Committee - Ugdymo filosofijos ir politikos tinklas","og_description":"Education Philosophy and Policy Network Committee Chairperson &#8211; \u00a0prof. dr. Lilija Duoblien\u0117 (Vilnius University). \u00a0Members dr. Garbauskait\u0117-Jakimovska Justina (Vilnius University)- assoc.dr Gar\u0161v\u0117 Lina (Vilnius University); dr. student Ivanavi\u010d\u0117 Ingrida (Vilnius University); dr. Kairien\u0117 Aida (Vytautas Magnus University); PhD student Ka\u0161\u0117ta Tomas (Vytautas Magnus University); dr. Kobakhidze Giorgi (Vytautas Magnus University); Prof. dr. Norvai\u0161a Rimas (Vilnius&hellip;","og_url":"https:\/\/lera.lt\/ugdymo-filosofijos-ir-politikos-tinklas\/en\/network-committee\/","og_site_name":"Ugdymo filosofijos ir politikos tinklas","article_modified_time":"2025-09-11T14:35:33+00:00","og_image":[{"url":"https:\/\/lera.lt\/ugdymo-filosofijos-ir-politikos-tinklas\/wp-content\/uploads\/sites\/27\/2025\/09\/Duobliene.jpg","type":"","width":"","height":""}],"twitter_card":"summary_large_image","schema":{"@context":"https:\/\/schema.org","@graph":[{"@type":"WebPage","@id":"https:\/\/lera.lt\/ugdymo-filosofijos-ir-politikos-tinklas\/en\/network-committee\/","url":"https:\/\/lera.lt\/ugdymo-filosofijos-ir-politikos-tinklas\/en\/network-committee\/","name":"Network Committee - Ugdymo filosofijos ir politikos tinklas","isPartOf":{"@id":"https:\/\/lera.lt\/ugdymo-filosofijos-ir-politikos-tinklas\/#website"},"primaryImageOfPage":{"@id":"https:\/\/lera.lt\/ugdymo-filosofijos-ir-politikos-tinklas\/en\/network-committee\/#primaryimage"},"image":{"@id":"https:\/\/lera.lt\/ugdymo-filosofijos-ir-politikos-tinklas\/en\/network-committee\/#primaryimage"},"thumbnailUrl":"https:\/\/lera.lt\/ugdymo-filosofijos-ir-politikos-tinklas\/wp-content\/uploads\/sites\/27\/2025\/09\/Duobliene.jpg","datePublished":"2025-08-20T11:17:55+00:00","dateModified":"2025-09-11T14:35:33+00:00","breadcrumb":{"@id":"https:\/\/lera.lt\/ugdymo-filosofijos-ir-politikos-tinklas\/en\/network-committee\/#breadcrumb"},"inLanguage":"lt-LT","potentialAction":[{"@type":"ReadAction","target":["https:\/\/lera.lt\/ugdymo-filosofijos-ir-politikos-tinklas\/en\/network-committee\/"]}]},{"@type":"ImageObject","inLanguage":"lt-LT","@id":"https:\/\/lera.lt\/ugdymo-filosofijos-ir-politikos-tinklas\/en\/network-committee\/#primaryimage","url":"https:\/\/lera.lt\/ugdymo-filosofijos-ir-politikos-tinklas\/wp-content\/uploads\/sites\/27\/2025\/09\/Duobliene.jpg","contentUrl":"https:\/\/lera.lt\/ugdymo-filosofijos-ir-politikos-tinklas\/wp-content\/uploads\/sites\/27\/2025\/09\/Duobliene.jpg","width":320,"height":240,"caption":"CREATOR: gd-jpeg v1.0 (using IJG JPEG v62), quality = 82"},{"@type":"BreadcrumbList","@id":"https:\/\/lera.lt\/ugdymo-filosofijos-ir-politikos-tinklas\/en\/network-committee\/#breadcrumb","itemListElement":[{"@type":"ListItem","position":1,"name":"Home","item":"https:\/\/lera.lt\/ugdymo-filosofijos-ir-politikos-tinklas\/"},{"@type":"ListItem","position":2,"name":"Network Committee"}]},{"@type":"WebSite","@id":"https:\/\/lera.lt\/ugdymo-filosofijos-ir-politikos-tinklas\/#website","url":"https:\/\/lera.lt\/ugdymo-filosofijos-ir-politikos-tinklas\/","name":"Ugdymo filosofijos ir politikos tinklas","description":"","potentialAction":[{"@type":"SearchAction","target":{"@type":"EntryPoint","urlTemplate":"https:\/\/lera.lt\/ugdymo-filosofijos-ir-politikos-tinklas\/?s={search_term_string}"},"query-input":{"@type":"PropertyValueSpecification","valueRequired":true,"valueName":"search_term_string"}}],"inLanguage":"lt-LT"}]}},"_links":{"self":[{"href":"https:\/\/lera.lt\/ugdymo-filosofijos-ir-politikos-tinklas\/wp-json\/wp\/v2\/pages\/670","targetHints":{"allow":["GET"]}}],"collection":[{"href":"https:\/\/lera.lt\/ugdymo-filosofijos-ir-politikos-tinklas\/wp-json\/wp\/v2\/pages"}],"about":[{"href":"https:\/\/lera.lt\/ugdymo-filosofijos-ir-politikos-tinklas\/wp-json\/wp\/v2\/types\/page"}],"author":[{"embeddable":true,"href":"https:\/\/lera.lt\/ugdymo-filosofijos-ir-politikos-tinklas\/wp-json\/wp\/v2\/users\/1"}],"replies":[{"embeddable":true,"href":"https:\/\/lera.lt\/ugdymo-filosofijos-ir-politikos-tinklas\/wp-json\/wp\/v2\/comments?post=670"}],"version-history":[{"count":4,"href":"https:\/\/lera.lt\/ugdymo-filosofijos-ir-politikos-tinklas\/wp-json\/wp\/v2\/pages\/670\/revisions"}],"predecessor-version":[{"id":839,"href":"https:\/\/lera.lt\/ugdymo-filosofijos-ir-politikos-tinklas\/wp-json\/wp\/v2\/pages\/670\/revisions\/839"}],"wp:attachment":[{"href":"https:\/\/lera.lt\/ugdymo-filosofijos-ir-politikos-tinklas\/wp-json\/wp\/v2\/media?parent=670"}],"curies":[{"name":"wp","href":"https:\/\/api.w.org\/{rel}","templated":true}]}}