{"id":584,"date":"2025-08-19T18:11:38","date_gmt":"2025-08-19T18:11:38","guid":{"rendered":"https:\/\/lera.lt\/ugdymo-filosofijos-ir-politikos-tinklas\/?page_id=584"},"modified":"2025-09-11T14:36:08","modified_gmt":"2025-09-11T14:36:08","slug":"tinklo-siekiai","status":"publish","type":"page","link":"https:\/\/lera.lt\/ugdymo-filosofijos-ir-politikos-tinklas\/tinklo-siekiai\/","title":{"rendered":"Tinklo siekiai"},"content":{"rendered":"\n\n\t<p><strong>Tikslas:<\/strong> skatinti Lietuvos mokslinink\u0173 bendradarbiavim\u0105 ugdymo filosofijos ir \u0161vietimo politikos tyrim\u0173 srityje ir u\u017etikrinti tyrim\u0173 iniciatyv\u0173, gaut\u0173 rezultat\u0173 vie\u0161inim\u0105 bei tarpusavio dialog\u0105 ir dialog\u0105 su kitomis interes\u0173 grup\u0117mis, siekiant \u012fvertinti tyrim\u0173 reik\u0161m\u0119 teorijai\u00a0 ir praktikai.<\/p>\n\n","protected":false},"excerpt":{"rendered":"<p>Tikslas: skatinti Lietuvos mokslinink\u0173 bendradarbiavim\u0105 ugdymo filosofijos ir \u0161vietimo politikos tyrim\u0173 srityje ir u\u017etikrinti tyrim\u0173 iniciatyv\u0173, gaut\u0173 rezultat\u0173 vie\u0161inim\u0105 bei tarpusavio dialog\u0105 ir dialog\u0105 su kitomis interes\u0173 grup\u0117mis, siekiant \u012fvertinti tyrim\u0173 reik\u0161m\u0119 teorijai\u00a0 ir praktikai.<\/p>\n","protected":false},"author":1,"featured_media":0,"parent":0,"menu_order":0,"comment_status":"closed","ping_status":"closed","template":"","meta":{"footnotes":""},"class_list":["post-584","page","type-page","status-publish","hentry"],"yoast_head":"<!-- This site is optimized with the Yoast SEO plugin v25.7 - https:\/\/yoast.com\/wordpress\/plugins\/seo\/ -->\n<title>Tinklo siekiai - Ugdymo filosofijos ir politikos tinklas<\/title>\n<meta name=\"robots\" content=\"index, follow, max-snippet:-1, max-image-preview:large, max-video-preview:-1\" \/>\n<link rel=\"canonical\" href=\"https:\/\/lera.lt\/ugdymo-filosofijos-ir-politikos-tinklas\/tinklo-siekiai\/\" \/>\n<meta property=\"og:locale\" content=\"lt_LT\" \/>\n<meta property=\"og:type\" content=\"article\" \/>\n<meta property=\"og:title\" content=\"Tinklo siekiai - Ugdymo filosofijos ir politikos tinklas\" \/>\n<meta property=\"og:description\" content=\"Tikslas: skatinti Lietuvos mokslinink\u0173 bendradarbiavim\u0105 ugdymo filosofijos ir \u0161vietimo politikos tyrim\u0173 srityje ir u\u017etikrinti tyrim\u0173 iniciatyv\u0173, gaut\u0173 rezultat\u0173 vie\u0161inim\u0105 bei tarpusavio dialog\u0105 ir dialog\u0105 su kitomis interes\u0173 grup\u0117mis, siekiant \u012fvertinti tyrim\u0173 reik\u0161m\u0119 teorijai\u00a0 ir praktikai.\" \/>\n<meta property=\"og:url\" content=\"https:\/\/lera.lt\/ugdymo-filosofijos-ir-politikos-tinklas\/tinklo-siekiai\/\" \/>\n<meta property=\"og:site_name\" content=\"Ugdymo filosofijos ir politikos tinklas\" \/>\n<meta property=\"article:modified_time\" content=\"2025-09-11T14:36:08+00:00\" \/>\n<meta name=\"twitter:card\" content=\"summary_large_image\" \/>\n<script type=\"application\/ld+json\" class=\"yoast-schema-graph\">{\"@context\":\"https:\/\/schema.org\",\"@graph\":[{\"@type\":\"WebPage\",\"@id\":\"https:\/\/lera.lt\/ugdymo-filosofijos-ir-politikos-tinklas\/tinklo-siekiai\/\",\"url\":\"https:\/\/lera.lt\/ugdymo-filosofijos-ir-politikos-tinklas\/tinklo-siekiai\/\",\"name\":\"Tinklo siekiai - Ugdymo filosofijos ir politikos tinklas\",\"isPartOf\":{\"@id\":\"https:\/\/lera.lt\/ugdymo-filosofijos-ir-politikos-tinklas\/#website\"},\"datePublished\":\"2025-08-19T18:11:38+00:00\",\"dateModified\":\"2025-09-11T14:36:08+00:00\",\"breadcrumb\":{\"@id\":\"https:\/\/lera.lt\/ugdymo-filosofijos-ir-politikos-tinklas\/tinklo-siekiai\/#breadcrumb\"},\"inLanguage\":\"lt-LT\",\"potentialAction\":[{\"@type\":\"ReadAction\",\"target\":[\"https:\/\/lera.lt\/ugdymo-filosofijos-ir-politikos-tinklas\/tinklo-siekiai\/\"]}]},{\"@type\":\"BreadcrumbList\",\"@id\":\"https:\/\/lera.lt\/ugdymo-filosofijos-ir-politikos-tinklas\/tinklo-siekiai\/#breadcrumb\",\"itemListElement\":[{\"@type\":\"ListItem\",\"position\":1,\"name\":\"Home\",\"item\":\"https:\/\/lera.lt\/ugdymo-filosofijos-ir-politikos-tinklas\/\"},{\"@type\":\"ListItem\",\"position\":2,\"name\":\"Tinklo siekiai\"}]},{\"@type\":\"WebSite\",\"@id\":\"https:\/\/lera.lt\/ugdymo-filosofijos-ir-politikos-tinklas\/#website\",\"url\":\"https:\/\/lera.lt\/ugdymo-filosofijos-ir-politikos-tinklas\/\",\"name\":\"Ugdymo filosofijos ir politikos tinklas\",\"description\":\"\",\"potentialAction\":[{\"@type\":\"SearchAction\",\"target\":{\"@type\":\"EntryPoint\",\"urlTemplate\":\"https:\/\/lera.lt\/ugdymo-filosofijos-ir-politikos-tinklas\/?s={search_term_string}\"},\"query-input\":{\"@type\":\"PropertyValueSpecification\",\"valueRequired\":true,\"valueName\":\"search_term_string\"}}],\"inLanguage\":\"lt-LT\"}]}<\/script>\n<!-- \/ Yoast SEO plugin. -->","yoast_head_json":{"title":"Tinklo siekiai - Ugdymo filosofijos ir politikos tinklas","robots":{"index":"index","follow":"follow","max-snippet":"max-snippet:-1","max-image-preview":"max-image-preview:large","max-video-preview":"max-video-preview:-1"},"canonical":"https:\/\/lera.lt\/ugdymo-filosofijos-ir-politikos-tinklas\/tinklo-siekiai\/","og_locale":"lt_LT","og_type":"article","og_title":"Tinklo siekiai - Ugdymo filosofijos ir politikos tinklas","og_description":"Tikslas: skatinti Lietuvos mokslinink\u0173 bendradarbiavim\u0105 ugdymo filosofijos ir \u0161vietimo politikos tyrim\u0173 srityje ir u\u017etikrinti tyrim\u0173 iniciatyv\u0173, gaut\u0173 rezultat\u0173 vie\u0161inim\u0105 bei tarpusavio dialog\u0105 ir dialog\u0105 su kitomis interes\u0173 grup\u0117mis, siekiant \u012fvertinti tyrim\u0173 reik\u0161m\u0119 teorijai\u00a0 ir praktikai.","og_url":"https:\/\/lera.lt\/ugdymo-filosofijos-ir-politikos-tinklas\/tinklo-siekiai\/","og_site_name":"Ugdymo filosofijos ir politikos tinklas","article_modified_time":"2025-09-11T14:36:08+00:00","twitter_card":"summary_large_image","schema":{"@context":"https:\/\/schema.org","@graph":[{"@type":"WebPage","@id":"https:\/\/lera.lt\/ugdymo-filosofijos-ir-politikos-tinklas\/tinklo-siekiai\/","url":"https:\/\/lera.lt\/ugdymo-filosofijos-ir-politikos-tinklas\/tinklo-siekiai\/","name":"Tinklo siekiai - Ugdymo filosofijos ir politikos tinklas","isPartOf":{"@id":"https:\/\/lera.lt\/ugdymo-filosofijos-ir-politikos-tinklas\/#website"},"datePublished":"2025-08-19T18:11:38+00:00","dateModified":"2025-09-11T14:36:08+00:00","breadcrumb":{"@id":"https:\/\/lera.lt\/ugdymo-filosofijos-ir-politikos-tinklas\/tinklo-siekiai\/#breadcrumb"},"inLanguage":"lt-LT","potentialAction":[{"@type":"ReadAction","target":["https:\/\/lera.lt\/ugdymo-filosofijos-ir-politikos-tinklas\/tinklo-siekiai\/"]}]},{"@type":"BreadcrumbList","@id":"https:\/\/lera.lt\/ugdymo-filosofijos-ir-politikos-tinklas\/tinklo-siekiai\/#breadcrumb","itemListElement":[{"@type":"ListItem","position":1,"name":"Home","item":"https:\/\/lera.lt\/ugdymo-filosofijos-ir-politikos-tinklas\/"},{"@type":"ListItem","position":2,"name":"Tinklo siekiai"}]},{"@type":"WebSite","@id":"https:\/\/lera.lt\/ugdymo-filosofijos-ir-politikos-tinklas\/#website","url":"https:\/\/lera.lt\/ugdymo-filosofijos-ir-politikos-tinklas\/","name":"Ugdymo filosofijos ir politikos tinklas","description":"","potentialAction":[{"@type":"SearchAction","target":{"@type":"EntryPoint","urlTemplate":"https:\/\/lera.lt\/ugdymo-filosofijos-ir-politikos-tinklas\/?s={search_term_string}"},"query-input":{"@type":"PropertyValueSpecification","valueRequired":true,"valueName":"search_term_string"}}],"inLanguage":"lt-LT"}]}},"_links":{"self":[{"href":"https:\/\/lera.lt\/ugdymo-filosofijos-ir-politikos-tinklas\/wp-json\/wp\/v2\/pages\/584","targetHints":{"allow":["GET"]}}],"collection":[{"href":"https:\/\/lera.lt\/ugdymo-filosofijos-ir-politikos-tinklas\/wp-json\/wp\/v2\/pages"}],"about":[{"href":"https:\/\/lera.lt\/ugdymo-filosofijos-ir-politikos-tinklas\/wp-json\/wp\/v2\/types\/page"}],"author":[{"embeddable":true,"href":"https:\/\/lera.lt\/ugdymo-filosofijos-ir-politikos-tinklas\/wp-json\/wp\/v2\/users\/1"}],"replies":[{"embeddable":true,"href":"https:\/\/lera.lt\/ugdymo-filosofijos-ir-politikos-tinklas\/wp-json\/wp\/v2\/comments?post=584"}],"version-history":[{"count":8,"href":"https:\/\/lera.lt\/ugdymo-filosofijos-ir-politikos-tinklas\/wp-json\/wp\/v2\/pages\/584\/revisions"}],"predecessor-version":[{"id":840,"href":"https:\/\/lera.lt\/ugdymo-filosofijos-ir-politikos-tinklas\/wp-json\/wp\/v2\/pages\/584\/revisions\/840"}],"wp:attachment":[{"href":"https:\/\/lera.lt\/ugdymo-filosofijos-ir-politikos-tinklas\/wp-json\/wp\/v2\/media?parent=584"}],"curies":[{"name":"wp","href":"https:\/\/api.w.org\/{rel}","templated":true}]}}