{"id":670,"date":"2025-08-20T11:17:55","date_gmt":"2025-08-20T11:17:55","guid":{"rendered":"https:\/\/lera.lt\/tyrimu-metodologijos-tinklas\/?page_id=670"},"modified":"2025-09-11T14:21:51","modified_gmt":"2025-09-11T14:21:51","slug":"network-committee","status":"publish","type":"page","link":"https:\/\/lera.lt\/tyrimu-metodologijos-tinklas\/en\/network-committee\/","title":{"rendered":"Network Committee"},"content":{"rendered":"\n\n<h2><strong>Research Methodology Network Committee<\/strong><\/h2>\n\t\t\t\t<img decoding=\"async\" src=\"https:\/\/lera.lt\/tyrimu-metodologijos-tinklas\/wp-content\/uploads\/sites\/26\/2025\/09\/Daiva-Penkauskiene_320x240.jpg\" alt=\"Daiva-Penkauskiene_320x240\" itemprop=\"image\" height=\"520\" width=\"694\" title=\"Daiva-Penkauskiene_320x240\" onerror=\"this.style.display='none'\" loading=\"lazy\" \/>\n\t<p><strong>Chairperson &#8211; assoc. prof. dr. Daiva Penkauskien\u0117 <\/strong>(Centre\u00a0 of Modern Didactics, Mykolas Romeris University).<\/p>\n\t<h2>\u00a0Members<\/h2>\n<ul>\n<li><strong>dr. Batuchina Aleksandra<\/strong> (Klaip\u0117da University);\n<\/li><li><strong>sssoc. prof. Kasperi\u016bnien\u0117<\/strong> Judita(Vytautas Magnus University);\n<\/li><li><strong>assoc. prof.\u00a0 Kontrimien\u0117<\/strong> Simona (Vilnius University);\n<\/li><li><strong>dr. Misi\u016bnait\u0117- Ba\u010diauskien\u0117 Egl\u0117<\/strong> (Lithuanian University of Health Sciences)\n<\/li><li><strong>dr. Pransk\u016bnien\u0117 Rasa<\/strong> (Vytautas Magnus University);\n<\/li><li><strong>prof. dr. Skukauskait\u0117 Audra<\/strong> (University of Central Florida, Klaip\u0117da University);\n<\/li><li><strong>prof. dr. Rup\u0161ien\u0117 Liudmila<\/strong> (Klaip\u0117da University);\n<\/li><li><strong>prof. dr. \u017demaitaityt\u0117 Irena<\/strong> (Mykolas Romeris University).<\/li>\n<\/ul>\n\t\t\t<a href=\"https:\/\/lera.lt\/en\/membership\/\" target=\"_self\">\n\t\t\t\t\t\tBecome a member of this network\n\t\t\t\t\t<\/a>\n\n","protected":false},"excerpt":{"rendered":"<p>Research Methodology Network Committee Chairperson &#8211; assoc. prof. dr. Daiva Penkauskien\u0117 (Centre\u00a0 of Modern Didactics, Mykolas Romeris University). \u00a0Members dr. Batuchina Aleksandra (Klaip\u0117da University); sssoc. prof. Kasperi\u016bnien\u0117 Judita(Vytautas Magnus University); assoc. prof.\u00a0 Kontrimien\u0117 Simona (Vilnius University); dr. Misi\u016bnait\u0117- Ba\u010diauskien\u0117 Egl\u0117 (Lithuanian University of Health Sciences) dr. Pransk\u016bnien\u0117 Rasa (Vytautas Magnus University); prof. dr. Skukauskait\u0117 Audra&hellip;<\/p>\n","protected":false},"author":1,"featured_media":0,"parent":0,"menu_order":0,"comment_status":"closed","ping_status":"closed","template":"","meta":{"footnotes":""},"class_list":["post-670","page","type-page","status-publish","hentry"],"yoast_head":"<!-- This site is optimized with the Yoast SEO plugin v25.7 - https:\/\/yoast.com\/wordpress\/plugins\/seo\/ -->\n<title>Network Committee - Tyrim\u0173 metodologijos tinklas<\/title>\n<meta name=\"robots\" content=\"index, follow, max-snippet:-1, max-image-preview:large, max-video-preview:-1\" \/>\n<link rel=\"canonical\" href=\"https:\/\/lera.lt\/tyrimu-metodologijos-tinklas\/en\/network-committee\/\" \/>\n<meta property=\"og:locale\" content=\"lt_LT\" \/>\n<meta property=\"og:type\" content=\"article\" \/>\n<meta property=\"og:title\" content=\"Network Committee - Tyrim\u0173 metodologijos tinklas\" \/>\n<meta property=\"og:description\" content=\"Research Methodology Network Committee Chairperson &#8211; assoc. prof. dr. Daiva Penkauskien\u0117 (Centre\u00a0 of Modern Didactics, Mykolas Romeris University). \u00a0Members dr. Batuchina Aleksandra (Klaip\u0117da University); sssoc. prof. Kasperi\u016bnien\u0117 Judita(Vytautas Magnus University); assoc. prof.\u00a0 Kontrimien\u0117 Simona (Vilnius University); dr. Misi\u016bnait\u0117- Ba\u010diauskien\u0117 Egl\u0117 (Lithuanian University of Health Sciences) dr. Pransk\u016bnien\u0117 Rasa (Vytautas Magnus University); prof. dr. Skukauskait\u0117 Audra&hellip;\" \/>\n<meta property=\"og:url\" content=\"https:\/\/lera.lt\/tyrimu-metodologijos-tinklas\/en\/network-committee\/\" \/>\n<meta property=\"og:site_name\" content=\"Tyrim\u0173 metodologijos tinklas\" \/>\n<meta property=\"article:modified_time\" content=\"2025-09-11T14:21:51+00:00\" \/>\n<meta property=\"og:image\" content=\"https:\/\/lera.lt\/tyrimu-metodologijos-tinklas\/wp-content\/uploads\/sites\/26\/2025\/09\/Daiva-Penkauskiene_320x240.jpg\" \/>\n<meta name=\"twitter:card\" content=\"summary_large_image\" \/>\n<script type=\"application\/ld+json\" class=\"yoast-schema-graph\">{\"@context\":\"https:\/\/schema.org\",\"@graph\":[{\"@type\":\"WebPage\",\"@id\":\"https:\/\/lera.lt\/tyrimu-metodologijos-tinklas\/en\/network-committee\/\",\"url\":\"https:\/\/lera.lt\/tyrimu-metodologijos-tinklas\/en\/network-committee\/\",\"name\":\"Network Committee - Tyrim\u0173 metodologijos tinklas\",\"isPartOf\":{\"@id\":\"https:\/\/lera.lt\/tyrimu-metodologijos-tinklas\/#website\"},\"primaryImageOfPage\":{\"@id\":\"https:\/\/lera.lt\/tyrimu-metodologijos-tinklas\/en\/network-committee\/#primaryimage\"},\"image\":{\"@id\":\"https:\/\/lera.lt\/tyrimu-metodologijos-tinklas\/en\/network-committee\/#primaryimage\"},\"thumbnailUrl\":\"https:\/\/lera.lt\/tyrimu-metodologijos-tinklas\/wp-content\/uploads\/sites\/26\/2025\/09\/Daiva-Penkauskiene_320x240.jpg\",\"datePublished\":\"2025-08-20T11:17:55+00:00\",\"dateModified\":\"2025-09-11T14:21:51+00:00\",\"breadcrumb\":{\"@id\":\"https:\/\/lera.lt\/tyrimu-metodologijos-tinklas\/en\/network-committee\/#breadcrumb\"},\"inLanguage\":\"lt-LT\",\"potentialAction\":[{\"@type\":\"ReadAction\",\"target\":[\"https:\/\/lera.lt\/tyrimu-metodologijos-tinklas\/en\/network-committee\/\"]}]},{\"@type\":\"ImageObject\",\"inLanguage\":\"lt-LT\",\"@id\":\"https:\/\/lera.lt\/tyrimu-metodologijos-tinklas\/en\/network-committee\/#primaryimage\",\"url\":\"https:\/\/lera.lt\/tyrimu-metodologijos-tinklas\/wp-content\/uploads\/sites\/26\/2025\/09\/Daiva-Penkauskiene_320x240.jpg\",\"contentUrl\":\"https:\/\/lera.lt\/tyrimu-metodologijos-tinklas\/wp-content\/uploads\/sites\/26\/2025\/09\/Daiva-Penkauskiene_320x240.jpg\",\"width\":694,\"height\":520},{\"@type\":\"BreadcrumbList\",\"@id\":\"https:\/\/lera.lt\/tyrimu-metodologijos-tinklas\/en\/network-committee\/#breadcrumb\",\"itemListElement\":[{\"@type\":\"ListItem\",\"position\":1,\"name\":\"Home\",\"item\":\"https:\/\/lera.lt\/tyrimu-metodologijos-tinklas\/\"},{\"@type\":\"ListItem\",\"position\":2,\"name\":\"Network Committee\"}]},{\"@type\":\"WebSite\",\"@id\":\"https:\/\/lera.lt\/tyrimu-metodologijos-tinklas\/#website\",\"url\":\"https:\/\/lera.lt\/tyrimu-metodologijos-tinklas\/\",\"name\":\"Tyrim\u0173 metodologijos tinklas\",\"description\":\"\",\"potentialAction\":[{\"@type\":\"SearchAction\",\"target\":{\"@type\":\"EntryPoint\",\"urlTemplate\":\"https:\/\/lera.lt\/tyrimu-metodologijos-tinklas\/?s={search_term_string}\"},\"query-input\":{\"@type\":\"PropertyValueSpecification\",\"valueRequired\":true,\"valueName\":\"search_term_string\"}}],\"inLanguage\":\"lt-LT\"}]}<\/script>\n<!-- \/ Yoast SEO plugin. -->","yoast_head_json":{"title":"Network Committee - Tyrim\u0173 metodologijos tinklas","robots":{"index":"index","follow":"follow","max-snippet":"max-snippet:-1","max-image-preview":"max-image-preview:large","max-video-preview":"max-video-preview:-1"},"canonical":"https:\/\/lera.lt\/tyrimu-metodologijos-tinklas\/en\/network-committee\/","og_locale":"lt_LT","og_type":"article","og_title":"Network Committee - Tyrim\u0173 metodologijos tinklas","og_description":"Research Methodology Network Committee Chairperson &#8211; assoc. prof. dr. Daiva Penkauskien\u0117 (Centre\u00a0 of Modern Didactics, Mykolas Romeris University). \u00a0Members dr. Batuchina Aleksandra (Klaip\u0117da University); sssoc. prof. Kasperi\u016bnien\u0117 Judita(Vytautas Magnus University); assoc. prof.\u00a0 Kontrimien\u0117 Simona (Vilnius University); dr. Misi\u016bnait\u0117- Ba\u010diauskien\u0117 Egl\u0117 (Lithuanian University of Health Sciences) dr. Pransk\u016bnien\u0117 Rasa (Vytautas Magnus University); prof. dr. Skukauskait\u0117 Audra&hellip;","og_url":"https:\/\/lera.lt\/tyrimu-metodologijos-tinklas\/en\/network-committee\/","og_site_name":"Tyrim\u0173 metodologijos tinklas","article_modified_time":"2025-09-11T14:21:51+00:00","og_image":[{"url":"https:\/\/lera.lt\/tyrimu-metodologijos-tinklas\/wp-content\/uploads\/sites\/26\/2025\/09\/Daiva-Penkauskiene_320x240.jpg","type":"","width":"","height":""}],"twitter_card":"summary_large_image","schema":{"@context":"https:\/\/schema.org","@graph":[{"@type":"WebPage","@id":"https:\/\/lera.lt\/tyrimu-metodologijos-tinklas\/en\/network-committee\/","url":"https:\/\/lera.lt\/tyrimu-metodologijos-tinklas\/en\/network-committee\/","name":"Network Committee - Tyrim\u0173 metodologijos tinklas","isPartOf":{"@id":"https:\/\/lera.lt\/tyrimu-metodologijos-tinklas\/#website"},"primaryImageOfPage":{"@id":"https:\/\/lera.lt\/tyrimu-metodologijos-tinklas\/en\/network-committee\/#primaryimage"},"image":{"@id":"https:\/\/lera.lt\/tyrimu-metodologijos-tinklas\/en\/network-committee\/#primaryimage"},"thumbnailUrl":"https:\/\/lera.lt\/tyrimu-metodologijos-tinklas\/wp-content\/uploads\/sites\/26\/2025\/09\/Daiva-Penkauskiene_320x240.jpg","datePublished":"2025-08-20T11:17:55+00:00","dateModified":"2025-09-11T14:21:51+00:00","breadcrumb":{"@id":"https:\/\/lera.lt\/tyrimu-metodologijos-tinklas\/en\/network-committee\/#breadcrumb"},"inLanguage":"lt-LT","potentialAction":[{"@type":"ReadAction","target":["https:\/\/lera.lt\/tyrimu-metodologijos-tinklas\/en\/network-committee\/"]}]},{"@type":"ImageObject","inLanguage":"lt-LT","@id":"https:\/\/lera.lt\/tyrimu-metodologijos-tinklas\/en\/network-committee\/#primaryimage","url":"https:\/\/lera.lt\/tyrimu-metodologijos-tinklas\/wp-content\/uploads\/sites\/26\/2025\/09\/Daiva-Penkauskiene_320x240.jpg","contentUrl":"https:\/\/lera.lt\/tyrimu-metodologijos-tinklas\/wp-content\/uploads\/sites\/26\/2025\/09\/Daiva-Penkauskiene_320x240.jpg","width":694,"height":520},{"@type":"BreadcrumbList","@id":"https:\/\/lera.lt\/tyrimu-metodologijos-tinklas\/en\/network-committee\/#breadcrumb","itemListElement":[{"@type":"ListItem","position":1,"name":"Home","item":"https:\/\/lera.lt\/tyrimu-metodologijos-tinklas\/"},{"@type":"ListItem","position":2,"name":"Network Committee"}]},{"@type":"WebSite","@id":"https:\/\/lera.lt\/tyrimu-metodologijos-tinklas\/#website","url":"https:\/\/lera.lt\/tyrimu-metodologijos-tinklas\/","name":"Tyrim\u0173 metodologijos tinklas","description":"","potentialAction":[{"@type":"SearchAction","target":{"@type":"EntryPoint","urlTemplate":"https:\/\/lera.lt\/tyrimu-metodologijos-tinklas\/?s={search_term_string}"},"query-input":{"@type":"PropertyValueSpecification","valueRequired":true,"valueName":"search_term_string"}}],"inLanguage":"lt-LT"}]}},"_links":{"self":[{"href":"https:\/\/lera.lt\/tyrimu-metodologijos-tinklas\/wp-json\/wp\/v2\/pages\/670","targetHints":{"allow":["GET"]}}],"collection":[{"href":"https:\/\/lera.lt\/tyrimu-metodologijos-tinklas\/wp-json\/wp\/v2\/pages"}],"about":[{"href":"https:\/\/lera.lt\/tyrimu-metodologijos-tinklas\/wp-json\/wp\/v2\/types\/page"}],"author":[{"embeddable":true,"href":"https:\/\/lera.lt\/tyrimu-metodologijos-tinklas\/wp-json\/wp\/v2\/users\/1"}],"replies":[{"embeddable":true,"href":"https:\/\/lera.lt\/tyrimu-metodologijos-tinklas\/wp-json\/wp\/v2\/comments?post=670"}],"version-history":[{"count":4,"href":"https:\/\/lera.lt\/tyrimu-metodologijos-tinklas\/wp-json\/wp\/v2\/pages\/670\/revisions"}],"predecessor-version":[{"id":839,"href":"https:\/\/lera.lt\/tyrimu-metodologijos-tinklas\/wp-json\/wp\/v2\/pages\/670\/revisions\/839"}],"wp:attachment":[{"href":"https:\/\/lera.lt\/tyrimu-metodologijos-tinklas\/wp-json\/wp\/v2\/media?parent=670"}],"curies":[{"name":"wp","href":"https:\/\/api.w.org\/{rel}","templated":true}]}}