{"id":591,"date":"2025-08-19T18:12:31","date_gmt":"2025-08-19T18:12:31","guid":{"rendered":"https:\/\/lera.lt\/tyrimu-metodologijos-tinklas\/?page_id=591"},"modified":"2025-09-11T14:47:56","modified_gmt":"2025-09-11T14:47:56","slug":"tinklo-veiklos","status":"publish","type":"page","link":"https:\/\/lera.lt\/tyrimu-metodologijos-tinklas\/tinklo-veiklos\/","title":{"rendered":"Tinklo veiklos"},"content":{"rendered":"\n\n\t\t\t\t\t<a href=\"#\"  id=\"fl-accordion--label-0\" tabindex=\"0\" aria-controls=\"fl-accordion--panel-0\">Tinklo veiklos 2024<\/a>\n\t\t\t\t\t\t\t\t\t\t\t<a href=\"#\" id=\"fl-accordion--icon-0\"  tabindex=\"0\"><i title=\"Collapse\">Collapse<\/i><\/a>\n\t\t\t\t\t<p>Metodologinio tinklo iniciatyva\u00a02024 m. kovo 26 d. buvo suorganizuotas Edukacijos forumas\u00a0<strong>\u201eTyrimais grind\u017eiama ugdymo praktika Lietuvoje: realyb\u0117 ar svajon\u0117?&#8221;<\/strong>. Jis\u00a0buvo skirtas aptarti, kuo tyrimai yra naudingi praktikams, kaip jais naudojamasi. Apie tai diskutavo praktikai:\u00a0<strong>Virgilijus Pupeikis<\/strong>\u00a0(Vaik\u0173 menin\u0117s studijos \u201eDiemedis&#8221; direktorius, pradini\u0173 klasi\u0173 mokytojas);\u00a0<strong>Simona Mi\u0161kinien\u0117<\/strong>\u00a0(\u0160iauli\u0173 Dubysos Auk\u0161tupio mokyklos direktoriaus pavaduotoja ugdymui);\u00a0<strong>Vitalija Bujanauskien\u0117\u00a0<\/strong>(Utenos \u0161vietimo centro vadov\u0117);\u00a0\u00a0<strong>dr. Natalija Kaunickien\u0117<\/strong>\u00a0(\u0160iauli\u0173 Salduv\u0117s progimnazijos vadov\u0117);\u00a0<strong>dr. Arvydas Girdzijauskas<\/strong>\u00a0(Klaip\u0117dos Vyd\u016bno gimnazijos vadovas). Taip pat ir mokslinink\u0117s &#8211;\u00a0<strong>dr. Loreta \u017dydelien\u0117\u00a0<\/strong>(istorik\u0117, lektor\u0117, tyr\u0117ja) bei\u00a0<strong>Gra\u017eina \u0160mitien\u0117<\/strong>\u00a0(chemijos mokytoja, KU Pedagogikos katedros docent\u0117). Diskusijoje dalyvavo\u00a0<strong>prof. dr. Loreta \u017dadeikait\u0117<\/strong>\u00a0(\u0160MSM\u00a0Studij\u0173, mokslo ir technologij\u0173 departamento\u00a0\u00a0vyriausioji patar\u0117ja). Forum\u0105 moderavo\u00a0<strong>dr. Egl\u0117 Pranck\u016bnien\u0117<\/strong>\u00a0(LETA prezident\u0117) ir\u00a0<strong>doc. dr. Daiva Penkauskien\u0117<\/strong>\u00a0(LETA valdybos nar\u0117, Tyrim\u0173 metodologijos tinklo vadov\u0117).<\/p>\n\t\t\t\t\t<a href=\"#\"  id=\"fl-accordion--label-1\" tabindex=\"0\" aria-controls=\"fl-accordion--panel-1\">Tinklo veiklos 2023<\/a>\n\t\t\t\t\t\t\t\t\t\t\t<a href=\"#\" id=\"fl-accordion--icon-1\"  tabindex=\"0\"><i title=\"Expand\">Expand<\/i><\/a>\n<ol>\n<li>\u012era\u0161as LETA istorijai.<\/li>\n<li>Sekcija metin\u0117je LETA konferencijoje.<\/li>\n<li>Metodologin\u0117s knygos studentams parengimas ir publikavimas.<\/li>\n<li>Tinklo nari\u0173 pasidalijimas tarpusavyje apie tyrim\u0173 metodologijos d\u0117stymo patirtis.<\/li>\n<li>Diskusija apie tyr\u0117jo atsakomyb\u0119, tyrimo i\u0161gyvenim\u0105 ir patyrim\u0105 \u201esavo kailiu&#8221;.<\/li>\n<li>Tyrimo blykst\u0117s LETA svetain\u0117je pristatymas.<\/li>\n<li>XXII Edukacijos forumas<strong> \u201eKaip galime efektyviau panaudoti edukacijos tyrimus?&#8221; <\/strong>.<\/li>\n<li>Informacijos apie metodologinio tinklo veiklas LETA puslapyje rengimas.<\/li>\n<li>Tinklo atstov\u0173 dalyvavimas su prane\u0161imais EERA konferencijoje 2023 m.<\/li>\n<\/ol>\n<h2><strong>Dalyvavimas LETA 2023 konferencijoje<\/strong><\/h2>\n<p><strong>2023 met\u0173 spalio 12 &#8211; 13 dienomis <\/strong><strong>,,Tyrim\u0173 metodolodijos&#8221;<\/strong> tinklo nariai dalyvavo LETA\u00a0 konferencijoje \u201e<strong>UGDYMAS IR \u0160VIETIMAS: \u012eVAIROV\u0116S VERT\u0116&#8221;\u00a0<\/strong>skirtoje Lietuvos edukacini\u0173 tyrim\u0173 asociacijos 25-osioms \u012fk\u016brimo metin\u0117ms pamin\u0117ti. Pirm\u0105j\u0105 dien\u0105 <strong>,,Tyrim\u0173 metodolodijos&#8221;<\/strong> tinklo nariai klaus\u0117si plenarini\u0173 prane\u0161im\u0173: <strong>\u201eThinking Diversity in Educational Research, Re-Visting the Relationship Between Research and Practice<\/strong><strong>&#8221; <\/strong>(Europos Edukacini\u0173 tyrim\u0173 asociacijos (angl.<em>EERA<\/em>) prezident\u0117 <strong>prof.<\/strong> <strong>Marit Honer\u00f8d Hoveid<\/strong>); \u201e<strong>Lietuvos edukacini\u0173 tyrim\u0173 asociacijos kelias: nuo ko prad\u0117jome ir kur einame?<\/strong>&#8222;(Pirmoji LETA prezident\u0117 <strong>prof. dr. Palmira Jucevi\u010dien\u0117<\/strong>\u00a0ir dabartin\u0117 LETA prezident\u0117\u00a0<strong>prof. dr. Liudmila Rup\u0161ien\u0117<\/strong>); <strong>\u201eEdukologijos tyrim\u0173 reprezentacij\u0173 \u012fvairov\u0117 mokslo darbuose&#8221; <\/strong>(<strong>prof. dr. Audra Skukauskait\u0117<\/strong>, Centrin\u0117s Floridos universitetas); <strong>\u201eKitoks vaikas &#8211; Lietuvos \u0160vietimo juodoji gulb\u0117? Transformuojan\u010dios lygyb\u0117s kryptimi&#8221; <\/strong>(<strong>prof. dr. Jonas Ru\u0161kus<\/strong>)<strong>;<\/strong> <strong>\u201eKod\u0117l fizinio ugdymo mokytojas, grei\u010diausiai, gyvens ilgiau nei kit\u0173 dalyk\u0173 mokytojai?<\/strong>&#8221; (<strong>prof. dr. Ar\u016bnas Emeljanovas<\/strong>); ,<strong>,\u012evairov\u0117 kaip (ne) vertyb\u0117 \u0161iandieniniame universite: Lietuvi\u0173 akademik\u0173 \u017evilgsnis<\/strong>&#8221; (<strong>dr. R\u016bta Petkut\u0117). ,,Tyrim\u0173 metodolodijos&#8221;<\/strong> tinklo nariai\u00a0 dalyvavo diskusijose, stiprino mokslin\u0119 bendryst\u0119, dalinosi id\u0117jomis.<\/p>\n<p>Antr\u0105j\u0105 konferencijos dien\u0105 veiklos vyko <strong>,,Tyrim\u0173 metodolodijos&#8221;<\/strong> tinklo sekcijoje. Visi besidomintys gal\u0117jo i\u0161klausyti\u00a0 mokslinius prane\u0161imus, dalyvauti mokslin\u0117se diskusijose. Konferencijos metu <strong>,,Tyrim\u0173 metodolodijos&#8221;<\/strong> tinklo sekcijoje buvo perskaityti \u0161ie prane\u0161imai: <strong>,,<\/strong><strong>Metodologinis analitinio \u012frankio pagrindimas: No-Gap tyrim\u0173 projekto atvejis&#8221;<\/strong> (Berita Simonaitien\u0117, Egl\u0117 Melnik\u0117, Rasa Erentait\u0117 (projekto vadov\u0117), Kauno Technologijos universitetas); <strong>,,<\/strong><strong>Dalyvaujantis tyrimas&#8221; <\/strong>(Irena \u017demaitaityt\u0117, Mykolo Romerio universitetas); <strong>,,L\u0117tojo\u00a0 ir Greitojo\u00a0 mokymosi\u00a0 patyrimas&#8221;<\/strong> (Egl\u0117 Misi\u016bnait\u0117-Ba\u010diauskien\u0117, Lietuvos sveikatos moksl\u0173 universitetas); <strong>,,Tyli revoliucija: Kaip dirbtinis intelektas kei\u010dia mokym\u0105 (s\u012f)&#8221; <\/strong>(Natalija Ma\u017eeikien\u0117, Judita Kasperi\u016bnien\u0117, Vytauto Did\u017eiojo universitetas); <strong>,,Bendradarbiaujan\u010dios autoetnografijos metodologijos taikymas tarptautin\u0117je tyr\u0117j\u0173 grup\u0117je&#8221; <\/strong>(R\u016bta Girdzijauskien\u0117, Klaip\u0117dos universitetas); <strong>,,Mokslininko\u00a0 moralin\u0117 dilema atliekant\u00a0 u\u017esakomuosius tyrimus<\/strong><strong>&#8222;<\/strong> (Aleksandra Batuchina, Klaip\u0117dos universitetas); <strong>,,Thornbergo\u00a0 informuota\u00a0 grind\u017eiamoji teorija: U\u017e ar prie\u0161?&#8221; <\/strong>(Simona Kontrimien\u0117, Vilniaus universitetas); <strong>,,<\/strong><strong>Metodologinio\u00a0 blizgesio atspalviai&#8221; <\/strong>(Rasa Pransk\u016bnien\u0117, Vytauto Did\u017eiojo universitetas); <strong>,, Kiek turime ir kiek reikia metodologin\u0117s \u012fvairov\u0117s\u00a0 student\u0173 baigiamuosiuose darbuose?&#8221;<\/strong> (Daiva Penkauskien\u0117, \u0160iuolaikini\u0173 didaktik\u0173 centras, Mykolo Romerio universitetas).<strong>,,Tyrim\u0173 metodologijos&#8221; <\/strong>tinklo sekcij\u0105 moderavo <strong>Daiva Penkauskien\u0117 <\/strong>(\u0160iuolaikini\u0173 didaktik\u0173 centras, Mykolo Romerio universitetas) ir <strong>Simona Kontrimien\u0117 <\/strong>(Vilniaus universitetas).<\/p>\n<h2><strong>,,Tyrim\u0173 metodologijos&#8221; tinklo sekcijos prane\u0161imai\u00a0<\/strong><\/h2>\n<p><strong>Prane\u0161imai atsidaro paspaudus ant pary\u0161kinto prane\u0161imo\u00a0 pavadinimo\u00a0<\/strong><\/p>\n<p>Natalija Ma\u017eeikien\u0117, Judita Kasperi\u016bnien\u0117, Vytauto Did\u017eiojo universitetas<\/p>\n<h3><a href=\"https:\/\/lera.lt\/tyrimu-metodologijos-tinklas\/wp-content\/uploads\/sites\/26\/2025\/09\/LETA-kaip-ai-keicia-mokymasi_JK_NM.pdf\"><strong>Tyli revoliucija: Kaip dirbtinis intelektas kei\u010dia mokym\u0105 (s\u012f)<\/strong><\/a><\/h3>\n<p>Simona Kontrimien\u0117, Vilniaus universitetas<\/p>\n<h3><a href=\"https:\/\/lera.lt\/tyrimu-metodologijos-tinklas\/wp-content\/uploads\/sites\/26\/2025\/09\/Thornbergo-grindziamoji-teorija_S.-Kontrimiene-.pdf\"><strong>Thornbergo\u00a0 informuota\u00a0 grind\u017eiamoji teorija: U\u017e ar prie\u0161?<\/strong><\/a><\/h3>\n<p>Berita Simonaitien\u0117, Egl\u0117 Melnik\u0117, Rasa Erentait\u0117 (projekto vadov\u0117), Kauno Technologijos universitetas<\/p>\n<h3><a href=\"https:\/\/lera.lt\/tyrimu-metodologijos-tinklas\/wp-content\/uploads\/sites\/26\/2025\/09\/Prototipo-pristatymas_doc.dr_.-Berita-Simonaitiene_-LETA-2023.pdf\"><strong>Metodologinis analitinio \u012frankio pagrindimas: No-Gap tyrim\u0173 projekto atvejis<\/strong><\/a><\/h3>\n\t\t\t\t\t<a href=\"#\"  id=\"fl-accordion--label-2\" tabindex=\"0\" aria-controls=\"fl-accordion--panel-2\">Tinklo veiklos 2022<\/a>\n\t\t\t\t\t\t\t\t\t\t\t<a href=\"#\" id=\"fl-accordion--icon-2\"  tabindex=\"0\"><i title=\"Expand\">Expand<\/i><\/a>\n\t\t\t\t\t<ol>\n<li>Sekcija metin\u0117je LETA konferencijoje.<\/li>\n<li>Metodologin\u0117s knygos studentams rengimas.<\/li>\n<li>Tinklo atstov\u0173 dalyvavimas su prane\u0161imais EERA konferencijoje 2022 m.<\/li>\n<li>XX \u00a0Edukacijos forumas \u201e Atskleista ugdymo realyb\u0117 ir praktiniai sprendimai atei\u010diai&#8221; skirtas\u00a02022m. apgintoms edukologijos krypties daktaro disertacijoms ir podoktorant\u016bros tyrimams pristatyti.<\/li>\n<\/ol>\n\n","protected":false},"excerpt":{"rendered":"<p>Tinklo veiklos 2024 Collapse Metodologinio tinklo iniciatyva\u00a02024 m. kovo 26 d. buvo suorganizuotas Edukacijos forumas\u00a0\u201eTyrimais grind\u017eiama ugdymo praktika Lietuvoje: realyb\u0117 ar svajon\u0117?&#8221;. Jis\u00a0buvo skirtas aptarti, kuo tyrimai yra naudingi praktikams, kaip jais naudojamasi. Apie tai diskutavo praktikai:\u00a0Virgilijus Pupeikis\u00a0(Vaik\u0173 menin\u0117s studijos \u201eDiemedis&#8221; direktorius, pradini\u0173 klasi\u0173 mokytojas);\u00a0Simona Mi\u0161kinien\u0117\u00a0(\u0160iauli\u0173 Dubysos Auk\u0161tupio mokyklos direktoriaus pavaduotoja ugdymui);\u00a0Vitalija Bujanauskien\u0117\u00a0(Utenos \u0161vietimo centro&hellip;<\/p>\n","protected":false},"author":1,"featured_media":0,"parent":0,"menu_order":0,"comment_status":"closed","ping_status":"closed","template":"","meta":{"footnotes":""},"class_list":["post-591","page","type-page","status-publish","hentry"],"yoast_head":"<!-- This site is optimized with the Yoast SEO plugin v25.7 - https:\/\/yoast.com\/wordpress\/plugins\/seo\/ -->\n<title>Tinklo veiklos - Tyrim\u0173 metodologijos tinklas<\/title>\n<meta name=\"robots\" content=\"index, follow, max-snippet:-1, max-image-preview:large, max-video-preview:-1\" \/>\n<link rel=\"canonical\" href=\"https:\/\/lera.lt\/tyrimu-metodologijos-tinklas\/tinklo-veiklos\/\" \/>\n<meta property=\"og:locale\" content=\"lt_LT\" \/>\n<meta property=\"og:type\" content=\"article\" \/>\n<meta property=\"og:title\" content=\"Tinklo veiklos - Tyrim\u0173 metodologijos tinklas\" \/>\n<meta property=\"og:description\" content=\"Tinklo veiklos 2024 Collapse Metodologinio tinklo iniciatyva\u00a02024 m. kovo 26 d. buvo suorganizuotas Edukacijos forumas\u00a0\u201eTyrimais grind\u017eiama ugdymo praktika Lietuvoje: realyb\u0117 ar svajon\u0117?&#8221;. Jis\u00a0buvo skirtas aptarti, kuo tyrimai yra naudingi praktikams, kaip jais naudojamasi. Apie tai diskutavo praktikai:\u00a0Virgilijus Pupeikis\u00a0(Vaik\u0173 menin\u0117s studijos \u201eDiemedis&#8221; direktorius, pradini\u0173 klasi\u0173 mokytojas);\u00a0Simona Mi\u0161kinien\u0117\u00a0(\u0160iauli\u0173 Dubysos Auk\u0161tupio mokyklos direktoriaus pavaduotoja ugdymui);\u00a0Vitalija Bujanauskien\u0117\u00a0(Utenos \u0161vietimo centro&hellip;\" \/>\n<meta property=\"og:url\" content=\"https:\/\/lera.lt\/tyrimu-metodologijos-tinklas\/tinklo-veiklos\/\" \/>\n<meta property=\"og:site_name\" content=\"Tyrim\u0173 metodologijos tinklas\" \/>\n<meta property=\"article:modified_time\" content=\"2025-09-11T14:47:56+00:00\" \/>\n<meta name=\"twitter:card\" content=\"summary_large_image\" \/>\n<script type=\"application\/ld+json\" class=\"yoast-schema-graph\">{\"@context\":\"https:\/\/schema.org\",\"@graph\":[{\"@type\":\"WebPage\",\"@id\":\"https:\/\/lera.lt\/tyrimu-metodologijos-tinklas\/tinklo-veiklos\/\",\"url\":\"https:\/\/lera.lt\/tyrimu-metodologijos-tinklas\/tinklo-veiklos\/\",\"name\":\"Tinklo veiklos - Tyrim\u0173 metodologijos tinklas\",\"isPartOf\":{\"@id\":\"https:\/\/lera.lt\/tyrimu-metodologijos-tinklas\/#website\"},\"datePublished\":\"2025-08-19T18:12:31+00:00\",\"dateModified\":\"2025-09-11T14:47:56+00:00\",\"breadcrumb\":{\"@id\":\"https:\/\/lera.lt\/tyrimu-metodologijos-tinklas\/tinklo-veiklos\/#breadcrumb\"},\"inLanguage\":\"lt-LT\",\"potentialAction\":[{\"@type\":\"ReadAction\",\"target\":[\"https:\/\/lera.lt\/tyrimu-metodologijos-tinklas\/tinklo-veiklos\/\"]}]},{\"@type\":\"BreadcrumbList\",\"@id\":\"https:\/\/lera.lt\/tyrimu-metodologijos-tinklas\/tinklo-veiklos\/#breadcrumb\",\"itemListElement\":[{\"@type\":\"ListItem\",\"position\":1,\"name\":\"Home\",\"item\":\"https:\/\/lera.lt\/tyrimu-metodologijos-tinklas\/\"},{\"@type\":\"ListItem\",\"position\":2,\"name\":\"Tinklo veiklos\"}]},{\"@type\":\"WebSite\",\"@id\":\"https:\/\/lera.lt\/tyrimu-metodologijos-tinklas\/#website\",\"url\":\"https:\/\/lera.lt\/tyrimu-metodologijos-tinklas\/\",\"name\":\"Tyrim\u0173 metodologijos tinklas\",\"description\":\"\",\"potentialAction\":[{\"@type\":\"SearchAction\",\"target\":{\"@type\":\"EntryPoint\",\"urlTemplate\":\"https:\/\/lera.lt\/tyrimu-metodologijos-tinklas\/?s={search_term_string}\"},\"query-input\":{\"@type\":\"PropertyValueSpecification\",\"valueRequired\":true,\"valueName\":\"search_term_string\"}}],\"inLanguage\":\"lt-LT\"}]}<\/script>\n<!-- \/ Yoast SEO plugin. -->","yoast_head_json":{"title":"Tinklo veiklos - Tyrim\u0173 metodologijos tinklas","robots":{"index":"index","follow":"follow","max-snippet":"max-snippet:-1","max-image-preview":"max-image-preview:large","max-video-preview":"max-video-preview:-1"},"canonical":"https:\/\/lera.lt\/tyrimu-metodologijos-tinklas\/tinklo-veiklos\/","og_locale":"lt_LT","og_type":"article","og_title":"Tinklo veiklos - Tyrim\u0173 metodologijos tinklas","og_description":"Tinklo veiklos 2024 Collapse Metodologinio tinklo iniciatyva\u00a02024 m. kovo 26 d. buvo suorganizuotas Edukacijos forumas\u00a0\u201eTyrimais grind\u017eiama ugdymo praktika Lietuvoje: realyb\u0117 ar svajon\u0117?&#8221;. Jis\u00a0buvo skirtas aptarti, kuo tyrimai yra naudingi praktikams, kaip jais naudojamasi. Apie tai diskutavo praktikai:\u00a0Virgilijus Pupeikis\u00a0(Vaik\u0173 menin\u0117s studijos \u201eDiemedis&#8221; direktorius, pradini\u0173 klasi\u0173 mokytojas);\u00a0Simona Mi\u0161kinien\u0117\u00a0(\u0160iauli\u0173 Dubysos Auk\u0161tupio mokyklos direktoriaus pavaduotoja ugdymui);\u00a0Vitalija Bujanauskien\u0117\u00a0(Utenos \u0161vietimo centro&hellip;","og_url":"https:\/\/lera.lt\/tyrimu-metodologijos-tinklas\/tinklo-veiklos\/","og_site_name":"Tyrim\u0173 metodologijos tinklas","article_modified_time":"2025-09-11T14:47:56+00:00","twitter_card":"summary_large_image","schema":{"@context":"https:\/\/schema.org","@graph":[{"@type":"WebPage","@id":"https:\/\/lera.lt\/tyrimu-metodologijos-tinklas\/tinklo-veiklos\/","url":"https:\/\/lera.lt\/tyrimu-metodologijos-tinklas\/tinklo-veiklos\/","name":"Tinklo veiklos - Tyrim\u0173 metodologijos tinklas","isPartOf":{"@id":"https:\/\/lera.lt\/tyrimu-metodologijos-tinklas\/#website"},"datePublished":"2025-08-19T18:12:31+00:00","dateModified":"2025-09-11T14:47:56+00:00","breadcrumb":{"@id":"https:\/\/lera.lt\/tyrimu-metodologijos-tinklas\/tinklo-veiklos\/#breadcrumb"},"inLanguage":"lt-LT","potentialAction":[{"@type":"ReadAction","target":["https:\/\/lera.lt\/tyrimu-metodologijos-tinklas\/tinklo-veiklos\/"]}]},{"@type":"BreadcrumbList","@id":"https:\/\/lera.lt\/tyrimu-metodologijos-tinklas\/tinklo-veiklos\/#breadcrumb","itemListElement":[{"@type":"ListItem","position":1,"name":"Home","item":"https:\/\/lera.lt\/tyrimu-metodologijos-tinklas\/"},{"@type":"ListItem","position":2,"name":"Tinklo veiklos"}]},{"@type":"WebSite","@id":"https:\/\/lera.lt\/tyrimu-metodologijos-tinklas\/#website","url":"https:\/\/lera.lt\/tyrimu-metodologijos-tinklas\/","name":"Tyrim\u0173 metodologijos tinklas","description":"","potentialAction":[{"@type":"SearchAction","target":{"@type":"EntryPoint","urlTemplate":"https:\/\/lera.lt\/tyrimu-metodologijos-tinklas\/?s={search_term_string}"},"query-input":{"@type":"PropertyValueSpecification","valueRequired":true,"valueName":"search_term_string"}}],"inLanguage":"lt-LT"}]}},"_links":{"self":[{"href":"https:\/\/lera.lt\/tyrimu-metodologijos-tinklas\/wp-json\/wp\/v2\/pages\/591","targetHints":{"allow":["GET"]}}],"collection":[{"href":"https:\/\/lera.lt\/tyrimu-metodologijos-tinklas\/wp-json\/wp\/v2\/pages"}],"about":[{"href":"https:\/\/lera.lt\/tyrimu-metodologijos-tinklas\/wp-json\/wp\/v2\/types\/page"}],"author":[{"embeddable":true,"href":"https:\/\/lera.lt\/tyrimu-metodologijos-tinklas\/wp-json\/wp\/v2\/users\/1"}],"replies":[{"embeddable":true,"href":"https:\/\/lera.lt\/tyrimu-metodologijos-tinklas\/wp-json\/wp\/v2\/comments?post=591"}],"version-history":[{"count":21,"href":"https:\/\/lera.lt\/tyrimu-metodologijos-tinklas\/wp-json\/wp\/v2\/pages\/591\/revisions"}],"predecessor-version":[{"id":849,"href":"https:\/\/lera.lt\/tyrimu-metodologijos-tinklas\/wp-json\/wp\/v2\/pages\/591\/revisions\/849"}],"wp:attachment":[{"href":"https:\/\/lera.lt\/tyrimu-metodologijos-tinklas\/wp-json\/wp\/v2\/media?parent=591"}],"curies":[{"name":"wp","href":"https:\/\/api.w.org\/{rel}","templated":true}]}}