{"id":591,"date":"2025-08-19T18:12:31","date_gmt":"2025-08-19T18:12:31","guid":{"rendered":"https:\/\/lera.lt\/svietimo-vadybos-ir-lyderystes-tinklas\/?page_id=591"},"modified":"2025-09-11T14:15:02","modified_gmt":"2025-09-11T14:15:02","slug":"tinklo-veiklos","status":"publish","type":"page","link":"https:\/\/lera.lt\/svietimo-vadybos-ir-lyderystes-tinklas\/tinklo-veiklos\/","title":{"rendered":"Tinklo veiklos"},"content":{"rendered":"\n\n\t\t\t\t\t<a href=\"#\"  id=\"fl-accordion--label-0\" tabindex=\"0\" aria-controls=\"fl-accordion--panel-0\">Tinklo veiklos 2024<\/a>\n\t\t\t\t\t\t\t\t\t\t\t<a href=\"#\" id=\"fl-accordion--icon-0\"  tabindex=\"0\"><i title=\"Collapse\">Collapse<\/i><\/a>\n\t\t\t\t\t<ul>\n<li>2024 m. bendradarbiavimas su \u0160MSM rengiant aktualius norminius dokumentus, ekspertini\u0173 konsultacij\u0173 teikimas.<\/li>\n<li>2024 m. spalio m\u0117n. sekcija LETA konferencijoje.<\/li>\n<\/ul>\n\t\t\t\t\t<a href=\"#\"  id=\"fl-accordion--label-1\" tabindex=\"0\" aria-controls=\"fl-accordion--panel-1\">Tinklo veiklos 2023<\/a>\n\t\t\t\t\t\t\t\t\t\t\t<a href=\"#\" id=\"fl-accordion--icon-1\"  tabindex=\"0\"><i title=\"Expand\">Expand<\/i><\/a>\n\t\t\t\t\t<ul>\n<li>2023 m. bendradarbiavimas su \u0160MSM rengiant aktualius norminius dokumentus, ekspertini\u0173 konsultacij\u0173 teikimas.<\/li>\n<li>2023 m. spalio m\u0117n. sekcija LETA konferencijoje.<\/li>\n<\/ul>\n\t\t\t\t\t<a href=\"#\"  id=\"fl-accordion--label-2\" tabindex=\"0\" aria-controls=\"fl-accordion--panel-2\">Tinklo veiklos 2022<\/a>\n\t\t\t\t\t\t\t\t\t\t\t<a href=\"#\" id=\"fl-accordion--icon-2\"  tabindex=\"0\"><i title=\"Expand\">Expand<\/i><\/a>\n\t\t\t\t\t<ul>\n<li>Tinklo nariai LETA 2022 m. konferencijoje organizavo 2 sekcijas \u201eLyderyst\u0117s ir vadovavimo mokykloje stiprinimas&#8221;, \u201eMokyklos veiklos organizavimo principai&#8221;, kuriose buvo perskaityta 11 prane\u0161im\u0173.<\/li>\n<li>Dalyvauta LETA susitikime su LR \u0160MSM.<\/li>\n<li>Dalyvauta teikiant informacij\u0105 LETA svetainei.<\/li>\n<li>Dalyvauta LETA edukaciniuose forumuose.<\/li>\n<\/ul>\n\n","protected":false},"excerpt":{"rendered":"<p>Tinklo veiklos 2024 Collapse 2024 m. bendradarbiavimas su \u0160MSM rengiant aktualius norminius dokumentus, ekspertini\u0173 konsultacij\u0173 teikimas. 2024 m. spalio m\u0117n. sekcija LETA konferencijoje. Tinklo veiklos 2023 Expand 2023 m. bendradarbiavimas su \u0160MSM rengiant aktualius norminius dokumentus, ekspertini\u0173 konsultacij\u0173 teikimas. 2023 m. spalio m\u0117n. sekcija LETA konferencijoje. Tinklo veiklos 2022 Expand Tinklo nariai LETA 2022 m.&hellip;<\/p>\n","protected":false},"author":1,"featured_media":0,"parent":0,"menu_order":0,"comment_status":"closed","ping_status":"closed","template":"","meta":{"footnotes":""},"class_list":["post-591","page","type-page","status-publish","hentry"],"yoast_head":"<!-- This site is optimized with the Yoast SEO plugin v25.7 - https:\/\/yoast.com\/wordpress\/plugins\/seo\/ -->\n<title>Tinklo veiklos - \u0160vietimo vadybos ir lyderyst\u0117s tinklas<\/title>\n<meta name=\"robots\" content=\"index, follow, max-snippet:-1, max-image-preview:large, max-video-preview:-1\" \/>\n<link rel=\"canonical\" href=\"https:\/\/lera.lt\/svietimo-vadybos-ir-lyderystes-tinklas\/tinklo-veiklos\/\" \/>\n<meta property=\"og:locale\" content=\"lt_LT\" \/>\n<meta property=\"og:type\" content=\"article\" \/>\n<meta property=\"og:title\" content=\"Tinklo veiklos - \u0160vietimo vadybos ir lyderyst\u0117s tinklas\" \/>\n<meta property=\"og:description\" content=\"Tinklo veiklos 2024 Collapse 2024 m. bendradarbiavimas su \u0160MSM rengiant aktualius norminius dokumentus, ekspertini\u0173 konsultacij\u0173 teikimas. 2024 m. spalio m\u0117n. sekcija LETA konferencijoje. Tinklo veiklos 2023 Expand 2023 m. bendradarbiavimas su \u0160MSM rengiant aktualius norminius dokumentus, ekspertini\u0173 konsultacij\u0173 teikimas. 2023 m. spalio m\u0117n. sekcija LETA konferencijoje. Tinklo veiklos 2022 Expand Tinklo nariai LETA 2022 m.&hellip;\" \/>\n<meta property=\"og:url\" content=\"https:\/\/lera.lt\/svietimo-vadybos-ir-lyderystes-tinklas\/tinklo-veiklos\/\" \/>\n<meta property=\"og:site_name\" content=\"\u0160vietimo vadybos ir lyderyst\u0117s tinklas\" \/>\n<meta property=\"article:modified_time\" content=\"2025-09-11T14:15:02+00:00\" \/>\n<meta name=\"twitter:card\" content=\"summary_large_image\" \/>\n<script type=\"application\/ld+json\" class=\"yoast-schema-graph\">{\"@context\":\"https:\/\/schema.org\",\"@graph\":[{\"@type\":\"WebPage\",\"@id\":\"https:\/\/lera.lt\/svietimo-vadybos-ir-lyderystes-tinklas\/tinklo-veiklos\/\",\"url\":\"https:\/\/lera.lt\/svietimo-vadybos-ir-lyderystes-tinklas\/tinklo-veiklos\/\",\"name\":\"Tinklo veiklos - \u0160vietimo vadybos ir lyderyst\u0117s tinklas\",\"isPartOf\":{\"@id\":\"https:\/\/lera.lt\/svietimo-vadybos-ir-lyderystes-tinklas\/#website\"},\"datePublished\":\"2025-08-19T18:12:31+00:00\",\"dateModified\":\"2025-09-11T14:15:02+00:00\",\"breadcrumb\":{\"@id\":\"https:\/\/lera.lt\/svietimo-vadybos-ir-lyderystes-tinklas\/tinklo-veiklos\/#breadcrumb\"},\"inLanguage\":\"lt-LT\",\"potentialAction\":[{\"@type\":\"ReadAction\",\"target\":[\"https:\/\/lera.lt\/svietimo-vadybos-ir-lyderystes-tinklas\/tinklo-veiklos\/\"]}]},{\"@type\":\"BreadcrumbList\",\"@id\":\"https:\/\/lera.lt\/svietimo-vadybos-ir-lyderystes-tinklas\/tinklo-veiklos\/#breadcrumb\",\"itemListElement\":[{\"@type\":\"ListItem\",\"position\":1,\"name\":\"Home\",\"item\":\"https:\/\/lera.lt\/svietimo-vadybos-ir-lyderystes-tinklas\/\"},{\"@type\":\"ListItem\",\"position\":2,\"name\":\"Tinklo veiklos\"}]},{\"@type\":\"WebSite\",\"@id\":\"https:\/\/lera.lt\/svietimo-vadybos-ir-lyderystes-tinklas\/#website\",\"url\":\"https:\/\/lera.lt\/svietimo-vadybos-ir-lyderystes-tinklas\/\",\"name\":\"\u0160vietimo vadybos ir lyderyst\u0117s tinklas\",\"description\":\"\",\"potentialAction\":[{\"@type\":\"SearchAction\",\"target\":{\"@type\":\"EntryPoint\",\"urlTemplate\":\"https:\/\/lera.lt\/svietimo-vadybos-ir-lyderystes-tinklas\/?s={search_term_string}\"},\"query-input\":{\"@type\":\"PropertyValueSpecification\",\"valueRequired\":true,\"valueName\":\"search_term_string\"}}],\"inLanguage\":\"lt-LT\"}]}<\/script>\n<!-- \/ Yoast SEO plugin. -->","yoast_head_json":{"title":"Tinklo veiklos - \u0160vietimo vadybos ir lyderyst\u0117s tinklas","robots":{"index":"index","follow":"follow","max-snippet":"max-snippet:-1","max-image-preview":"max-image-preview:large","max-video-preview":"max-video-preview:-1"},"canonical":"https:\/\/lera.lt\/svietimo-vadybos-ir-lyderystes-tinklas\/tinklo-veiklos\/","og_locale":"lt_LT","og_type":"article","og_title":"Tinklo veiklos - \u0160vietimo vadybos ir lyderyst\u0117s tinklas","og_description":"Tinklo veiklos 2024 Collapse 2024 m. bendradarbiavimas su \u0160MSM rengiant aktualius norminius dokumentus, ekspertini\u0173 konsultacij\u0173 teikimas. 2024 m. spalio m\u0117n. sekcija LETA konferencijoje. Tinklo veiklos 2023 Expand 2023 m. bendradarbiavimas su \u0160MSM rengiant aktualius norminius dokumentus, ekspertini\u0173 konsultacij\u0173 teikimas. 2023 m. spalio m\u0117n. sekcija LETA konferencijoje. Tinklo veiklos 2022 Expand Tinklo nariai LETA 2022 m.&hellip;","og_url":"https:\/\/lera.lt\/svietimo-vadybos-ir-lyderystes-tinklas\/tinklo-veiklos\/","og_site_name":"\u0160vietimo vadybos ir lyderyst\u0117s tinklas","article_modified_time":"2025-09-11T14:15:02+00:00","twitter_card":"summary_large_image","schema":{"@context":"https:\/\/schema.org","@graph":[{"@type":"WebPage","@id":"https:\/\/lera.lt\/svietimo-vadybos-ir-lyderystes-tinklas\/tinklo-veiklos\/","url":"https:\/\/lera.lt\/svietimo-vadybos-ir-lyderystes-tinklas\/tinklo-veiklos\/","name":"Tinklo veiklos - \u0160vietimo vadybos ir lyderyst\u0117s tinklas","isPartOf":{"@id":"https:\/\/lera.lt\/svietimo-vadybos-ir-lyderystes-tinklas\/#website"},"datePublished":"2025-08-19T18:12:31+00:00","dateModified":"2025-09-11T14:15:02+00:00","breadcrumb":{"@id":"https:\/\/lera.lt\/svietimo-vadybos-ir-lyderystes-tinklas\/tinklo-veiklos\/#breadcrumb"},"inLanguage":"lt-LT","potentialAction":[{"@type":"ReadAction","target":["https:\/\/lera.lt\/svietimo-vadybos-ir-lyderystes-tinklas\/tinklo-veiklos\/"]}]},{"@type":"BreadcrumbList","@id":"https:\/\/lera.lt\/svietimo-vadybos-ir-lyderystes-tinklas\/tinklo-veiklos\/#breadcrumb","itemListElement":[{"@type":"ListItem","position":1,"name":"Home","item":"https:\/\/lera.lt\/svietimo-vadybos-ir-lyderystes-tinklas\/"},{"@type":"ListItem","position":2,"name":"Tinklo veiklos"}]},{"@type":"WebSite","@id":"https:\/\/lera.lt\/svietimo-vadybos-ir-lyderystes-tinklas\/#website","url":"https:\/\/lera.lt\/svietimo-vadybos-ir-lyderystes-tinklas\/","name":"\u0160vietimo vadybos ir lyderyst\u0117s tinklas","description":"","potentialAction":[{"@type":"SearchAction","target":{"@type":"EntryPoint","urlTemplate":"https:\/\/lera.lt\/svietimo-vadybos-ir-lyderystes-tinklas\/?s={search_term_string}"},"query-input":{"@type":"PropertyValueSpecification","valueRequired":true,"valueName":"search_term_string"}}],"inLanguage":"lt-LT"}]}},"_links":{"self":[{"href":"https:\/\/lera.lt\/svietimo-vadybos-ir-lyderystes-tinklas\/wp-json\/wp\/v2\/pages\/591","targetHints":{"allow":["GET"]}}],"collection":[{"href":"https:\/\/lera.lt\/svietimo-vadybos-ir-lyderystes-tinklas\/wp-json\/wp\/v2\/pages"}],"about":[{"href":"https:\/\/lera.lt\/svietimo-vadybos-ir-lyderystes-tinklas\/wp-json\/wp\/v2\/types\/page"}],"author":[{"embeddable":true,"href":"https:\/\/lera.lt\/svietimo-vadybos-ir-lyderystes-tinklas\/wp-json\/wp\/v2\/users\/1"}],"replies":[{"embeddable":true,"href":"https:\/\/lera.lt\/svietimo-vadybos-ir-lyderystes-tinklas\/wp-json\/wp\/v2\/comments?post=591"}],"version-history":[{"count":20,"href":"https:\/\/lera.lt\/svietimo-vadybos-ir-lyderystes-tinklas\/wp-json\/wp\/v2\/pages\/591\/revisions"}],"predecessor-version":[{"id":842,"href":"https:\/\/lera.lt\/svietimo-vadybos-ir-lyderystes-tinklas\/wp-json\/wp\/v2\/pages\/591\/revisions\/842"}],"wp:attachment":[{"href":"https:\/\/lera.lt\/svietimo-vadybos-ir-lyderystes-tinklas\/wp-json\/wp\/v2\/media?parent=591"}],"curies":[{"name":"wp","href":"https:\/\/api.w.org\/{rel}","templated":true}]}}