{"id":591,"date":"2025-08-19T18:12:31","date_gmt":"2025-08-19T18:12:31","guid":{"rendered":"https:\/\/lera.lt\/sporto-edukacijos-tinklas\/?page_id=591"},"modified":"2025-09-11T14:45:07","modified_gmt":"2025-09-11T14:45:07","slug":"tinklo-veiklos","status":"publish","type":"page","link":"https:\/\/lera.lt\/sporto-edukacijos-tinklas\/tinklo-veiklos\/","title":{"rendered":"Tinklo veiklos"},"content":{"rendered":"\n\n\t\t\t\t\t<a href=\"#\"  id=\"fl-accordion--label-0\" tabindex=\"0\" aria-controls=\"fl-accordion--panel-0\">Tinklo veiklos 2024<\/a>\n\t\t\t\t\t\t\t\t\t\t\t<a href=\"#\" id=\"fl-accordion--icon-0\"  tabindex=\"0\"><i title=\"Collapse\">Collapse<\/i><\/a>\n\t\t\t<a href=\"https:\/\/lera.lt\/sporto-edukacijos-tinklas\/konferencijos-ir-susitikimai\/\" target=\"_self\">\n\t\t\t\t\t\t\tKonferencijos ir susitikimai\n\t\t\t\t\t<\/a>\n\t\t\t<a href=\"https:\/\/lera.lt\/sporto-edukacijos-tinklas\/vykdomi-projektai\/\" target=\"_self\">\n\t\t\t\t\t\t\tVykdomi projektai\n\t\t\t\t\t<\/a>\n\t\t\t<a href=\"https:\/\/lera.lt\/sporto-edukacijos-tinklas\/naudingos-nuorodos\/\" target=\"_self\">\n\t\t\t\t\t\t\tNaudingos nuorodos\n\t\t\t\t\t<\/a>\n\t\t\t\t\t<a href=\"#\"  id=\"fl-accordion--label-1\" tabindex=\"0\" aria-controls=\"fl-accordion--panel-1\">Tinklo veiklos 2023<\/a>\n\t\t\t\t\t\t\t\t\t\t\t<a href=\"#\" id=\"fl-accordion--icon-1\"  tabindex=\"0\"><i title=\"Expand\">Expand<\/i><\/a>\n\t\t\t\t<img decoding=\"async\" src=\"https:\/\/lera.lt\/sporto-edukacijos-tinklas\/wp-content\/uploads\/sites\/22\/2025\/08\/Sporto-edukacijos-tinklas.jpg\" alt=\"Stiprintas Sporto edukacijos tinklo nari\u0173 dalyvavimas ir prane\u0161im\u0173 rengimas LETA konferencijoje (2023 m.)\" itemprop=\"image\" height=\"401\" width=\"600\" title=\"Sporto-edukacijos-tinklas\" onerror=\"this.style.display='none'\" loading=\"lazy\" srcset=\"https:\/\/lera.lt\/sporto-edukacijos-tinklas\/wp-content\/uploads\/sites\/22\/2025\/08\/Sporto-edukacijos-tinklas.jpg 600w, https:\/\/lera.lt\/sporto-edukacijos-tinklas\/wp-content\/uploads\/sites\/22\/2025\/08\/Sporto-edukacijos-tinklas-300x201.jpg 300w\" sizes=\"auto, (max-width: 600px) 100vw, 600px\" \/>\n<h5  data-node=\"1x64gqdz7ofa\" data-parent=\"57boumx6z924\" data-type=\"heading\" data-name=\"Heading\">\n\t\t\tStiprintas Sporto edukacijos tinklo nari\u0173 dalyvavimas ir prane\u0161im\u0173 rengimas LETA konferencijoje (2023 m.)\t<\/h5>\n\t\t\t\t<img decoding=\"async\" src=\"https:\/\/lera.lt\/sporto-edukacijos-tinklas\/wp-content\/uploads\/sites\/22\/2025\/08\/EERA-logo.jpg\" alt=\"Sukurti EERA tinkle blog'\u0105 (perkelta kitiems metams)\" itemprop=\"image\" height=\"381\" width=\"1000\" title=\"EERA-logo\" onerror=\"this.style.display='none'\" loading=\"lazy\" srcset=\"https:\/\/lera.lt\/sporto-edukacijos-tinklas\/wp-content\/uploads\/sites\/22\/2025\/08\/EERA-logo.jpg 1000w, https:\/\/lera.lt\/sporto-edukacijos-tinklas\/wp-content\/uploads\/sites\/22\/2025\/08\/EERA-logo-300x114.jpg 300w, https:\/\/lera.lt\/sporto-edukacijos-tinklas\/wp-content\/uploads\/sites\/22\/2025\/08\/EERA-logo-768x293.jpg 768w, https:\/\/lera.lt\/sporto-edukacijos-tinklas\/wp-content\/uploads\/sites\/22\/2025\/08\/EERA-logo-600x229.jpg 600w\" sizes=\"auto, (max-width: 1000px) 100vw, 1000px\" \/>\n<h5  data-node=\"y1r3nct274zg\" data-parent=\"ek4lt2qyvjw8\" data-type=\"heading\" data-name=\"Heading\">\n\t\t\tSukurti EERA tinkle blog&#8217;\u0105 (perkelta kitiems metams)\t<\/h5>\n\t\t\t\t<a href=\"https:\/\/lera.lt\/sporto-edukacijos-tinklas\/wp-content\/uploads\/sites\/22\/2025\/09\/Tyrimu_blykste_Sporto_Edukacijos_tinklas_Emeljanovas.mp4\"  download target=\"_self\" itemprop=\"url\">\n\t\t\t\t<img decoding=\"async\" src=\"https:\/\/lera.lt\/sporto-edukacijos-tinklas\/wp-content\/uploads\/sites\/22\/2025\/08\/Tinklo-pirmininkas.jpg\" alt=\"Sukurta LETA tinklapiui \u201eTyrimo blykst\u0117\"\" itemprop=\"image\" height=\"400\" width=\"600\" title=\"Tinklo-pirmininkas\" onerror=\"this.style.display='none'\" loading=\"lazy\" srcset=\"https:\/\/lera.lt\/sporto-edukacijos-tinklas\/wp-content\/uploads\/sites\/22\/2025\/08\/Tinklo-pirmininkas.jpg 600w, https:\/\/lera.lt\/sporto-edukacijos-tinklas\/wp-content\/uploads\/sites\/22\/2025\/08\/Tinklo-pirmininkas-300x200.jpg 300w\" sizes=\"auto, (max-width: 600px) 100vw, 600px\" \/>\n\t\t\t\t<\/a>\n<h5  data-node=\"5lbd6f0peg4u\" data-parent=\"x74gtifvr3lk\" data-type=\"heading\" data-name=\"Heading\">\n\t\t<a href=\"https:\/\/lera.lt\/sporto-edukacijos-tinklas\/wp-content\/uploads\/sites\/22\/2025\/09\/Tyrimu_blykste_Sporto_Edukacijos_tinklas_Emeljanovas.mp4\" title=\"Sukurta LETA tinklapiui \u201eTyrimo blykst\u0117\"\"  download target=\"_self\">\n\t\t\tSukurta LETA tinklapiui \u201eTyrimo blykst\u0117&#8221;\t\t<\/a>\n\t<\/h5>\n\t\t\t\t\t<a href=\"#\"  id=\"fl-accordion--label-2\" tabindex=\"0\" aria-controls=\"fl-accordion--panel-2\">Tinklo veiklos 2022<\/a>\n\t\t\t\t\t\t\t\t\t\t\t<a href=\"#\" id=\"fl-accordion--icon-2\"  tabindex=\"0\"><i title=\"Expand\">Expand<\/i><\/a>\n\t\t\t\t\t<h5 data-shortcode-id=\"2.1.0.0.0-1716200525644\" data-quickaccess-id=\"toggle\" data-quickaccess-order=\"1\">Dalyvavimas LETA konferecijoje, aktyvios diskusijos tinklo sekcijoje<\/h5>\n\n","protected":false},"excerpt":{"rendered":"<p>Tinklo veiklos 2024 Collapse Konferencijos ir susitikimai Vykdomi projektai Naudingos nuorodos Tinklo veiklos 2023 Expand Stiprintas Sporto edukacijos tinklo nari\u0173 dalyvavimas ir prane\u0161im\u0173 rengimas LETA konferencijoje (2023 m.) Sukurti EERA tinkle blog&#8217;\u0105 (perkelta kitiems metams) Sukurta LETA tinklapiui \u201eTyrimo blykst\u0117&#8221; Tinklo veiklos 2022 Expand Dalyvavimas LETA konferecijoje, aktyvios diskusijos tinklo sekcijoje<\/p>\n","protected":false},"author":1,"featured_media":0,"parent":0,"menu_order":0,"comment_status":"closed","ping_status":"closed","template":"","meta":{"footnotes":""},"class_list":["post-591","page","type-page","status-publish","hentry"],"yoast_head":"<!-- This site is optimized with the Yoast SEO plugin v25.7 - https:\/\/yoast.com\/wordpress\/plugins\/seo\/ -->\n<title>Tinklo veiklos - Sporto edukacijos tinklas<\/title>\n<meta name=\"robots\" content=\"index, follow, max-snippet:-1, max-image-preview:large, max-video-preview:-1\" \/>\n<link rel=\"canonical\" href=\"https:\/\/lera.lt\/sporto-edukacijos-tinklas\/tinklo-veiklos\/\" \/>\n<meta property=\"og:locale\" content=\"lt_LT\" \/>\n<meta property=\"og:type\" content=\"article\" \/>\n<meta property=\"og:title\" content=\"Tinklo veiklos - Sporto edukacijos tinklas\" \/>\n<meta property=\"og:description\" content=\"Tinklo veiklos 2024 Collapse Konferencijos ir susitikimai Vykdomi projektai Naudingos nuorodos Tinklo veiklos 2023 Expand Stiprintas Sporto edukacijos tinklo nari\u0173 dalyvavimas ir prane\u0161im\u0173 rengimas LETA konferencijoje (2023 m.) Sukurti EERA tinkle blog&#8217;\u0105 (perkelta kitiems metams) Sukurta LETA tinklapiui \u201eTyrimo blykst\u0117&#8221; Tinklo veiklos 2022 Expand Dalyvavimas LETA konferecijoje, aktyvios diskusijos tinklo sekcijoje\" \/>\n<meta property=\"og:url\" content=\"https:\/\/lera.lt\/sporto-edukacijos-tinklas\/tinklo-veiklos\/\" \/>\n<meta property=\"og:site_name\" content=\"Sporto edukacijos tinklas\" \/>\n<meta property=\"article:modified_time\" content=\"2025-09-11T14:45:07+00:00\" \/>\n<meta property=\"og:image\" content=\"https:\/\/lera.lt\/sporto-edukacijos-tinklas\/wp-content\/uploads\/sites\/22\/2025\/08\/Sporto-edukacijos-tinklas.jpg\" \/>\n<meta name=\"twitter:card\" content=\"summary_large_image\" \/>\n<script type=\"application\/ld+json\" class=\"yoast-schema-graph\">{\"@context\":\"https:\/\/schema.org\",\"@graph\":[{\"@type\":\"WebPage\",\"@id\":\"https:\/\/lera.lt\/sporto-edukacijos-tinklas\/tinklo-veiklos\/\",\"url\":\"https:\/\/lera.lt\/sporto-edukacijos-tinklas\/tinklo-veiklos\/\",\"name\":\"Tinklo veiklos - Sporto edukacijos tinklas\",\"isPartOf\":{\"@id\":\"https:\/\/lera.lt\/sporto-edukacijos-tinklas\/#website\"},\"primaryImageOfPage\":{\"@id\":\"https:\/\/lera.lt\/sporto-edukacijos-tinklas\/tinklo-veiklos\/#primaryimage\"},\"image\":{\"@id\":\"https:\/\/lera.lt\/sporto-edukacijos-tinklas\/tinklo-veiklos\/#primaryimage\"},\"thumbnailUrl\":\"https:\/\/lera.lt\/sporto-edukacijos-tinklas\/wp-content\/uploads\/sites\/22\/2025\/08\/Sporto-edukacijos-tinklas.jpg\",\"datePublished\":\"2025-08-19T18:12:31+00:00\",\"dateModified\":\"2025-09-11T14:45:07+00:00\",\"breadcrumb\":{\"@id\":\"https:\/\/lera.lt\/sporto-edukacijos-tinklas\/tinklo-veiklos\/#breadcrumb\"},\"inLanguage\":\"lt-LT\",\"potentialAction\":[{\"@type\":\"ReadAction\",\"target\":[\"https:\/\/lera.lt\/sporto-edukacijos-tinklas\/tinklo-veiklos\/\"]}]},{\"@type\":\"ImageObject\",\"inLanguage\":\"lt-LT\",\"@id\":\"https:\/\/lera.lt\/sporto-edukacijos-tinklas\/tinklo-veiklos\/#primaryimage\",\"url\":\"https:\/\/lera.lt\/sporto-edukacijos-tinklas\/wp-content\/uploads\/sites\/22\/2025\/08\/Sporto-edukacijos-tinklas.jpg\",\"contentUrl\":\"https:\/\/lera.lt\/sporto-edukacijos-tinklas\/wp-content\/uploads\/sites\/22\/2025\/08\/Sporto-edukacijos-tinklas.jpg\",\"width\":600,\"height\":401,\"caption\":\"Stiprintas Sporto edukacijos tinklo nari\u0173 dalyvavimas ir prane\u0161im\u0173 rengimas LETA konferencijoje (2023 m.)\"},{\"@type\":\"BreadcrumbList\",\"@id\":\"https:\/\/lera.lt\/sporto-edukacijos-tinklas\/tinklo-veiklos\/#breadcrumb\",\"itemListElement\":[{\"@type\":\"ListItem\",\"position\":1,\"name\":\"Home\",\"item\":\"https:\/\/lera.lt\/sporto-edukacijos-tinklas\/\"},{\"@type\":\"ListItem\",\"position\":2,\"name\":\"Tinklo veiklos\"}]},{\"@type\":\"WebSite\",\"@id\":\"https:\/\/lera.lt\/sporto-edukacijos-tinklas\/#website\",\"url\":\"https:\/\/lera.lt\/sporto-edukacijos-tinklas\/\",\"name\":\"Sporto edukacijos tinklas\",\"description\":\"\",\"potentialAction\":[{\"@type\":\"SearchAction\",\"target\":{\"@type\":\"EntryPoint\",\"urlTemplate\":\"https:\/\/lera.lt\/sporto-edukacijos-tinklas\/?s={search_term_string}\"},\"query-input\":{\"@type\":\"PropertyValueSpecification\",\"valueRequired\":true,\"valueName\":\"search_term_string\"}}],\"inLanguage\":\"lt-LT\"}]}<\/script>\n<!-- \/ Yoast SEO plugin. -->","yoast_head_json":{"title":"Tinklo veiklos - Sporto edukacijos tinklas","robots":{"index":"index","follow":"follow","max-snippet":"max-snippet:-1","max-image-preview":"max-image-preview:large","max-video-preview":"max-video-preview:-1"},"canonical":"https:\/\/lera.lt\/sporto-edukacijos-tinklas\/tinklo-veiklos\/","og_locale":"lt_LT","og_type":"article","og_title":"Tinklo veiklos - Sporto edukacijos tinklas","og_description":"Tinklo veiklos 2024 Collapse Konferencijos ir susitikimai Vykdomi projektai Naudingos nuorodos Tinklo veiklos 2023 Expand Stiprintas Sporto edukacijos tinklo nari\u0173 dalyvavimas ir prane\u0161im\u0173 rengimas LETA konferencijoje (2023 m.) Sukurti EERA tinkle blog&#8217;\u0105 (perkelta kitiems metams) Sukurta LETA tinklapiui \u201eTyrimo blykst\u0117&#8221; Tinklo veiklos 2022 Expand Dalyvavimas LETA konferecijoje, aktyvios diskusijos tinklo sekcijoje","og_url":"https:\/\/lera.lt\/sporto-edukacijos-tinklas\/tinklo-veiklos\/","og_site_name":"Sporto edukacijos tinklas","article_modified_time":"2025-09-11T14:45:07+00:00","og_image":[{"url":"https:\/\/lera.lt\/sporto-edukacijos-tinklas\/wp-content\/uploads\/sites\/22\/2025\/08\/Sporto-edukacijos-tinklas.jpg","type":"","width":"","height":""}],"twitter_card":"summary_large_image","schema":{"@context":"https:\/\/schema.org","@graph":[{"@type":"WebPage","@id":"https:\/\/lera.lt\/sporto-edukacijos-tinklas\/tinklo-veiklos\/","url":"https:\/\/lera.lt\/sporto-edukacijos-tinklas\/tinklo-veiklos\/","name":"Tinklo veiklos - Sporto edukacijos tinklas","isPartOf":{"@id":"https:\/\/lera.lt\/sporto-edukacijos-tinklas\/#website"},"primaryImageOfPage":{"@id":"https:\/\/lera.lt\/sporto-edukacijos-tinklas\/tinklo-veiklos\/#primaryimage"},"image":{"@id":"https:\/\/lera.lt\/sporto-edukacijos-tinklas\/tinklo-veiklos\/#primaryimage"},"thumbnailUrl":"https:\/\/lera.lt\/sporto-edukacijos-tinklas\/wp-content\/uploads\/sites\/22\/2025\/08\/Sporto-edukacijos-tinklas.jpg","datePublished":"2025-08-19T18:12:31+00:00","dateModified":"2025-09-11T14:45:07+00:00","breadcrumb":{"@id":"https:\/\/lera.lt\/sporto-edukacijos-tinklas\/tinklo-veiklos\/#breadcrumb"},"inLanguage":"lt-LT","potentialAction":[{"@type":"ReadAction","target":["https:\/\/lera.lt\/sporto-edukacijos-tinklas\/tinklo-veiklos\/"]}]},{"@type":"ImageObject","inLanguage":"lt-LT","@id":"https:\/\/lera.lt\/sporto-edukacijos-tinklas\/tinklo-veiklos\/#primaryimage","url":"https:\/\/lera.lt\/sporto-edukacijos-tinklas\/wp-content\/uploads\/sites\/22\/2025\/08\/Sporto-edukacijos-tinklas.jpg","contentUrl":"https:\/\/lera.lt\/sporto-edukacijos-tinklas\/wp-content\/uploads\/sites\/22\/2025\/08\/Sporto-edukacijos-tinklas.jpg","width":600,"height":401,"caption":"Stiprintas Sporto edukacijos tinklo nari\u0173 dalyvavimas ir prane\u0161im\u0173 rengimas LETA konferencijoje (2023 m.)"},{"@type":"BreadcrumbList","@id":"https:\/\/lera.lt\/sporto-edukacijos-tinklas\/tinklo-veiklos\/#breadcrumb","itemListElement":[{"@type":"ListItem","position":1,"name":"Home","item":"https:\/\/lera.lt\/sporto-edukacijos-tinklas\/"},{"@type":"ListItem","position":2,"name":"Tinklo veiklos"}]},{"@type":"WebSite","@id":"https:\/\/lera.lt\/sporto-edukacijos-tinklas\/#website","url":"https:\/\/lera.lt\/sporto-edukacijos-tinklas\/","name":"Sporto edukacijos tinklas","description":"","potentialAction":[{"@type":"SearchAction","target":{"@type":"EntryPoint","urlTemplate":"https:\/\/lera.lt\/sporto-edukacijos-tinklas\/?s={search_term_string}"},"query-input":{"@type":"PropertyValueSpecification","valueRequired":true,"valueName":"search_term_string"}}],"inLanguage":"lt-LT"}]}},"_links":{"self":[{"href":"https:\/\/lera.lt\/sporto-edukacijos-tinklas\/wp-json\/wp\/v2\/pages\/591","targetHints":{"allow":["GET"]}}],"collection":[{"href":"https:\/\/lera.lt\/sporto-edukacijos-tinklas\/wp-json\/wp\/v2\/pages"}],"about":[{"href":"https:\/\/lera.lt\/sporto-edukacijos-tinklas\/wp-json\/wp\/v2\/types\/page"}],"author":[{"embeddable":true,"href":"https:\/\/lera.lt\/sporto-edukacijos-tinklas\/wp-json\/wp\/v2\/users\/1"}],"replies":[{"embeddable":true,"href":"https:\/\/lera.lt\/sporto-edukacijos-tinklas\/wp-json\/wp\/v2\/comments?post=591"}],"version-history":[{"count":21,"href":"https:\/\/lera.lt\/sporto-edukacijos-tinklas\/wp-json\/wp\/v2\/pages\/591\/revisions"}],"predecessor-version":[{"id":909,"href":"https:\/\/lera.lt\/sporto-edukacijos-tinklas\/wp-json\/wp\/v2\/pages\/591\/revisions\/909"}],"wp:attachment":[{"href":"https:\/\/lera.lt\/sporto-edukacijos-tinklas\/wp-json\/wp\/v2\/media?parent=591"}],"curies":[{"name":"wp","href":"https:\/\/api.w.org\/{rel}","templated":true}]}}