{"id":577,"date":"2025-08-19T18:10:22","date_gmt":"2025-08-19T18:10:22","guid":{"rendered":"https:\/\/lera.lt\/sporto-edukacijos-tinklas\/?page_id=577"},"modified":"2025-09-20T14:20:12","modified_gmt":"2025-09-20T14:20:12","slug":"tinklo-komitetas","status":"publish","type":"page","link":"https:\/\/lera.lt\/sporto-edukacijos-tinklas\/tinklo-komitetas\/","title":{"rendered":"Tinklo komitetas"},"content":{"rendered":"\n\n\t<h2><strong>Sporto edukacijos tinklo komitetas<\/strong><\/h2>\n\t\t\t\t<img decoding=\"async\" src=\"https:\/\/lera.lt\/sporto-edukacijos-tinklas\/wp-content\/uploads\/sites\/22\/2025\/09\/Jurate_Pozeriene_320x240.jpg\" alt=\"Jurate_Pozeriene_320x240\" itemprop=\"image\" height=\"240\" width=\"320\" title=\"Jurate_Pozeriene_320x240\" onerror=\"this.style.display='none'\" loading=\"lazy\" \/>\n\t<p><strong>Pirminink\u0117 &#8211;\u00a0 prof. dr. J\u016brat\u0117 Po\u017eerien\u0117\u00a0 <\/strong>(Lietuvos sporto universitetas).<\/p>\n\t<h2>\u00a0Nariai<\/h2>\n<ul>\n<li><strong>prof. dr. Emeljanovas Ar\u016bnas<\/strong> (Lietuvos sporto universitetas);\n<\/li><li><strong>doktorant\u0117 Gerasimovi\u010dien\u0117 Vilija<\/strong> (Vilniaus kolegija\/Mykolo Romerio universitetas);\n<\/li><li><strong>prof. dr. Poteli\u016bnien\u0117 Sniegina<\/strong> (Vytauto Did\u017eiojo universitetas);\n<\/li><li><strong>prof. dr.<\/strong> <strong>\u0160arkauskien\u0117 Asta<\/strong> (Klaip\u0117dos universitetas);\n<\/li><li><strong>doc. dr. Tilindien\u0117 Ilona<\/strong> (Lietuvos sporto universitetas).<\/li>\n<\/ul>\n\t\t\t<a href=\"https:\/\/lera.lt\/registracija\/leta-naryste-2025-metams\/\" target=\"_self\">\n\t\t\t\t\t\tTapti \u0161io tinklo nariu\n\t\t\t\t\t<\/a>\n\n","protected":false},"excerpt":{"rendered":"<p>Sporto edukacijos tinklo komitetas Pirminink\u0117 &#8211;\u00a0 prof. dr. J\u016brat\u0117 Po\u017eerien\u0117\u00a0 (Lietuvos sporto universitetas). \u00a0Nariai prof. dr. Emeljanovas Ar\u016bnas (Lietuvos sporto universitetas); doktorant\u0117 Gerasimovi\u010dien\u0117 Vilija (Vilniaus kolegija\/Mykolo Romerio universitetas); prof. dr. Poteli\u016bnien\u0117 Sniegina (Vytauto Did\u017eiojo universitetas); prof. dr. \u0160arkauskien\u0117 Asta (Klaip\u0117dos universitetas); doc. dr. Tilindien\u0117 Ilona (Lietuvos sporto universitetas). Tapti \u0161io tinklo nariu<\/p>\n","protected":false},"author":1,"featured_media":0,"parent":0,"menu_order":0,"comment_status":"closed","ping_status":"closed","template":"","meta":{"footnotes":""},"class_list":["post-577","page","type-page","status-publish","hentry"],"yoast_head":"<!-- This site is optimized with the Yoast SEO plugin v25.7 - https:\/\/yoast.com\/wordpress\/plugins\/seo\/ -->\n<title>Tinklo komitetas - Sporto edukacijos tinklas<\/title>\n<meta name=\"robots\" content=\"index, follow, max-snippet:-1, max-image-preview:large, max-video-preview:-1\" \/>\n<link rel=\"canonical\" href=\"https:\/\/lera.lt\/sporto-edukacijos-tinklas\/tinklo-komitetas\/\" \/>\n<meta property=\"og:locale\" content=\"lt_LT\" \/>\n<meta property=\"og:type\" content=\"article\" \/>\n<meta property=\"og:title\" content=\"Tinklo komitetas - Sporto edukacijos tinklas\" \/>\n<meta property=\"og:description\" content=\"Sporto edukacijos tinklo komitetas Pirminink\u0117 &#8211;\u00a0 prof. dr. J\u016brat\u0117 Po\u017eerien\u0117\u00a0 (Lietuvos sporto universitetas). \u00a0Nariai prof. dr. Emeljanovas Ar\u016bnas (Lietuvos sporto universitetas); doktorant\u0117 Gerasimovi\u010dien\u0117 Vilija (Vilniaus kolegija\/Mykolo Romerio universitetas); prof. dr. Poteli\u016bnien\u0117 Sniegina (Vytauto Did\u017eiojo universitetas); prof. dr. \u0160arkauskien\u0117 Asta (Klaip\u0117dos universitetas); doc. dr. Tilindien\u0117 Ilona (Lietuvos sporto universitetas). Tapti \u0161io tinklo nariu\" \/>\n<meta property=\"og:url\" content=\"https:\/\/lera.lt\/sporto-edukacijos-tinklas\/tinklo-komitetas\/\" \/>\n<meta property=\"og:site_name\" content=\"Sporto edukacijos tinklas\" \/>\n<meta property=\"article:modified_time\" content=\"2025-09-20T14:20:12+00:00\" \/>\n<meta property=\"og:image\" content=\"https:\/\/lera.lt\/sporto-edukacijos-tinklas\/wp-content\/uploads\/sites\/22\/2025\/09\/Jurate_Pozeriene_320x240.jpg\" \/>\n<meta name=\"twitter:card\" content=\"summary_large_image\" \/>\n<meta name=\"twitter:label1\" content=\"Est. reading time\" \/>\n\t<meta name=\"twitter:data1\" content=\"1 minut\u0117\" \/>\n<script type=\"application\/ld+json\" class=\"yoast-schema-graph\">{\"@context\":\"https:\/\/schema.org\",\"@graph\":[{\"@type\":\"WebPage\",\"@id\":\"https:\/\/lera.lt\/sporto-edukacijos-tinklas\/tinklo-komitetas\/\",\"url\":\"https:\/\/lera.lt\/sporto-edukacijos-tinklas\/tinklo-komitetas\/\",\"name\":\"Tinklo komitetas - Sporto edukacijos tinklas\",\"isPartOf\":{\"@id\":\"https:\/\/lera.lt\/sporto-edukacijos-tinklas\/#website\"},\"primaryImageOfPage\":{\"@id\":\"https:\/\/lera.lt\/sporto-edukacijos-tinklas\/tinklo-komitetas\/#primaryimage\"},\"image\":{\"@id\":\"https:\/\/lera.lt\/sporto-edukacijos-tinklas\/tinklo-komitetas\/#primaryimage\"},\"thumbnailUrl\":\"https:\/\/lera.lt\/sporto-edukacijos-tinklas\/wp-content\/uploads\/sites\/22\/2025\/09\/Jurate_Pozeriene_320x240.jpg\",\"datePublished\":\"2025-08-19T18:10:22+00:00\",\"dateModified\":\"2025-09-20T14:20:12+00:00\",\"breadcrumb\":{\"@id\":\"https:\/\/lera.lt\/sporto-edukacijos-tinklas\/tinklo-komitetas\/#breadcrumb\"},\"inLanguage\":\"lt-LT\",\"potentialAction\":[{\"@type\":\"ReadAction\",\"target\":[\"https:\/\/lera.lt\/sporto-edukacijos-tinklas\/tinklo-komitetas\/\"]}]},{\"@type\":\"ImageObject\",\"inLanguage\":\"lt-LT\",\"@id\":\"https:\/\/lera.lt\/sporto-edukacijos-tinklas\/tinklo-komitetas\/#primaryimage\",\"url\":\"https:\/\/lera.lt\/sporto-edukacijos-tinklas\/wp-content\/uploads\/sites\/22\/2025\/09\/Jurate_Pozeriene_320x240.jpg\",\"contentUrl\":\"https:\/\/lera.lt\/sporto-edukacijos-tinklas\/wp-content\/uploads\/sites\/22\/2025\/09\/Jurate_Pozeriene_320x240.jpg\",\"width\":320,\"height\":240},{\"@type\":\"BreadcrumbList\",\"@id\":\"https:\/\/lera.lt\/sporto-edukacijos-tinklas\/tinklo-komitetas\/#breadcrumb\",\"itemListElement\":[{\"@type\":\"ListItem\",\"position\":1,\"name\":\"Home\",\"item\":\"https:\/\/lera.lt\/sporto-edukacijos-tinklas\/\"},{\"@type\":\"ListItem\",\"position\":2,\"name\":\"Tinklo komitetas\"}]},{\"@type\":\"WebSite\",\"@id\":\"https:\/\/lera.lt\/sporto-edukacijos-tinklas\/#website\",\"url\":\"https:\/\/lera.lt\/sporto-edukacijos-tinklas\/\",\"name\":\"Sporto edukacijos tinklas\",\"description\":\"\",\"potentialAction\":[{\"@type\":\"SearchAction\",\"target\":{\"@type\":\"EntryPoint\",\"urlTemplate\":\"https:\/\/lera.lt\/sporto-edukacijos-tinklas\/?s={search_term_string}\"},\"query-input\":{\"@type\":\"PropertyValueSpecification\",\"valueRequired\":true,\"valueName\":\"search_term_string\"}}],\"inLanguage\":\"lt-LT\"}]}<\/script>\n<!-- \/ Yoast SEO plugin. -->","yoast_head_json":{"title":"Tinklo komitetas - Sporto edukacijos tinklas","robots":{"index":"index","follow":"follow","max-snippet":"max-snippet:-1","max-image-preview":"max-image-preview:large","max-video-preview":"max-video-preview:-1"},"canonical":"https:\/\/lera.lt\/sporto-edukacijos-tinklas\/tinklo-komitetas\/","og_locale":"lt_LT","og_type":"article","og_title":"Tinklo komitetas - Sporto edukacijos tinklas","og_description":"Sporto edukacijos tinklo komitetas Pirminink\u0117 &#8211;\u00a0 prof. dr. J\u016brat\u0117 Po\u017eerien\u0117\u00a0 (Lietuvos sporto universitetas). \u00a0Nariai prof. dr. Emeljanovas Ar\u016bnas (Lietuvos sporto universitetas); doktorant\u0117 Gerasimovi\u010dien\u0117 Vilija (Vilniaus kolegija\/Mykolo Romerio universitetas); prof. dr. Poteli\u016bnien\u0117 Sniegina (Vytauto Did\u017eiojo universitetas); prof. dr. \u0160arkauskien\u0117 Asta (Klaip\u0117dos universitetas); doc. dr. Tilindien\u0117 Ilona (Lietuvos sporto universitetas). Tapti \u0161io tinklo nariu","og_url":"https:\/\/lera.lt\/sporto-edukacijos-tinklas\/tinklo-komitetas\/","og_site_name":"Sporto edukacijos tinklas","article_modified_time":"2025-09-20T14:20:12+00:00","og_image":[{"url":"https:\/\/lera.lt\/sporto-edukacijos-tinklas\/wp-content\/uploads\/sites\/22\/2025\/09\/Jurate_Pozeriene_320x240.jpg","type":"","width":"","height":""}],"twitter_card":"summary_large_image","twitter_misc":{"Est. reading time":"1 minut\u0117"},"schema":{"@context":"https:\/\/schema.org","@graph":[{"@type":"WebPage","@id":"https:\/\/lera.lt\/sporto-edukacijos-tinklas\/tinklo-komitetas\/","url":"https:\/\/lera.lt\/sporto-edukacijos-tinklas\/tinklo-komitetas\/","name":"Tinklo komitetas - Sporto edukacijos tinklas","isPartOf":{"@id":"https:\/\/lera.lt\/sporto-edukacijos-tinklas\/#website"},"primaryImageOfPage":{"@id":"https:\/\/lera.lt\/sporto-edukacijos-tinklas\/tinklo-komitetas\/#primaryimage"},"image":{"@id":"https:\/\/lera.lt\/sporto-edukacijos-tinklas\/tinklo-komitetas\/#primaryimage"},"thumbnailUrl":"https:\/\/lera.lt\/sporto-edukacijos-tinklas\/wp-content\/uploads\/sites\/22\/2025\/09\/Jurate_Pozeriene_320x240.jpg","datePublished":"2025-08-19T18:10:22+00:00","dateModified":"2025-09-20T14:20:12+00:00","breadcrumb":{"@id":"https:\/\/lera.lt\/sporto-edukacijos-tinklas\/tinklo-komitetas\/#breadcrumb"},"inLanguage":"lt-LT","potentialAction":[{"@type":"ReadAction","target":["https:\/\/lera.lt\/sporto-edukacijos-tinklas\/tinklo-komitetas\/"]}]},{"@type":"ImageObject","inLanguage":"lt-LT","@id":"https:\/\/lera.lt\/sporto-edukacijos-tinklas\/tinklo-komitetas\/#primaryimage","url":"https:\/\/lera.lt\/sporto-edukacijos-tinklas\/wp-content\/uploads\/sites\/22\/2025\/09\/Jurate_Pozeriene_320x240.jpg","contentUrl":"https:\/\/lera.lt\/sporto-edukacijos-tinklas\/wp-content\/uploads\/sites\/22\/2025\/09\/Jurate_Pozeriene_320x240.jpg","width":320,"height":240},{"@type":"BreadcrumbList","@id":"https:\/\/lera.lt\/sporto-edukacijos-tinklas\/tinklo-komitetas\/#breadcrumb","itemListElement":[{"@type":"ListItem","position":1,"name":"Home","item":"https:\/\/lera.lt\/sporto-edukacijos-tinklas\/"},{"@type":"ListItem","position":2,"name":"Tinklo komitetas"}]},{"@type":"WebSite","@id":"https:\/\/lera.lt\/sporto-edukacijos-tinklas\/#website","url":"https:\/\/lera.lt\/sporto-edukacijos-tinklas\/","name":"Sporto edukacijos tinklas","description":"","potentialAction":[{"@type":"SearchAction","target":{"@type":"EntryPoint","urlTemplate":"https:\/\/lera.lt\/sporto-edukacijos-tinklas\/?s={search_term_string}"},"query-input":{"@type":"PropertyValueSpecification","valueRequired":true,"valueName":"search_term_string"}}],"inLanguage":"lt-LT"}]}},"_links":{"self":[{"href":"https:\/\/lera.lt\/sporto-edukacijos-tinklas\/wp-json\/wp\/v2\/pages\/577","targetHints":{"allow":["GET"]}}],"collection":[{"href":"https:\/\/lera.lt\/sporto-edukacijos-tinklas\/wp-json\/wp\/v2\/pages"}],"about":[{"href":"https:\/\/lera.lt\/sporto-edukacijos-tinklas\/wp-json\/wp\/v2\/types\/page"}],"author":[{"embeddable":true,"href":"https:\/\/lera.lt\/sporto-edukacijos-tinklas\/wp-json\/wp\/v2\/users\/1"}],"replies":[{"embeddable":true,"href":"https:\/\/lera.lt\/sporto-edukacijos-tinklas\/wp-json\/wp\/v2\/comments?post=577"}],"version-history":[{"count":24,"href":"https:\/\/lera.lt\/sporto-edukacijos-tinklas\/wp-json\/wp\/v2\/pages\/577\/revisions"}],"predecessor-version":[{"id":928,"href":"https:\/\/lera.lt\/sporto-edukacijos-tinklas\/wp-json\/wp\/v2\/pages\/577\/revisions\/928"}],"wp:attachment":[{"href":"https:\/\/lera.lt\/sporto-edukacijos-tinklas\/wp-json\/wp\/v2\/media?parent=577"}],"curies":[{"name":"wp","href":"https:\/\/api.w.org\/{rel}","templated":true}]}}