{"id":591,"date":"2025-08-19T18:12:31","date_gmt":"2025-08-19T18:12:31","guid":{"rendered":"https:\/\/lera.lt\/socialinio-ugdymo-tinklas\/?page_id=591"},"modified":"2025-09-11T14:57:00","modified_gmt":"2025-09-11T14:57:00","slug":"tinklo-veiklos","status":"publish","type":"page","link":"https:\/\/lera.lt\/socialinio-ugdymo-tinklas\/tinklo-veiklos\/","title":{"rendered":"Tinklo veiklos"},"content":{"rendered":"\n\n\t\t\t\t\t<a href=\"#\"  id=\"fl-accordion--label-0\" tabindex=\"0\" aria-controls=\"fl-accordion--panel-0\">Tinklo veiklos 2024<\/a>\n\t\t\t\t\t\t\t\t\t\t\t<a href=\"#\" id=\"fl-accordion--icon-0\"  tabindex=\"0\"><i title=\"Collapse\">Collapse<\/i><\/a>\n\t\t\t\t<img decoding=\"async\" src=\"https:\/\/lera.lt\/socialinio-ugdymo-tinklas\/wp-content\/uploads\/sites\/21\/2025\/08\/pexels-ketut-subiyanto-4559530-scaled-1.jpg\" alt=\"pexels-ketut-subiyanto-4559530-scaled\" itemprop=\"image\" height=\"2560\" width=\"1707\" title=\"pexels-ketut-subiyanto-4559530-scaled\" onerror=\"this.style.display='none'\" loading=\"lazy\" srcset=\"https:\/\/lera.lt\/socialinio-ugdymo-tinklas\/wp-content\/uploads\/sites\/21\/2025\/08\/pexels-ketut-subiyanto-4559530-scaled-1.jpg 1707w, https:\/\/lera.lt\/socialinio-ugdymo-tinklas\/wp-content\/uploads\/sites\/21\/2025\/08\/pexels-ketut-subiyanto-4559530-scaled-1-200x300.jpg 200w, https:\/\/lera.lt\/socialinio-ugdymo-tinklas\/wp-content\/uploads\/sites\/21\/2025\/08\/pexels-ketut-subiyanto-4559530-scaled-1-683x1024.jpg 683w, https:\/\/lera.lt\/socialinio-ugdymo-tinklas\/wp-content\/uploads\/sites\/21\/2025\/08\/pexels-ketut-subiyanto-4559530-scaled-1-768x1152.jpg 768w, https:\/\/lera.lt\/socialinio-ugdymo-tinklas\/wp-content\/uploads\/sites\/21\/2025\/08\/pexels-ketut-subiyanto-4559530-scaled-1-1024x1536.jpg 1024w, https:\/\/lera.lt\/socialinio-ugdymo-tinklas\/wp-content\/uploads\/sites\/21\/2025\/08\/pexels-ketut-subiyanto-4559530-scaled-1-1366x2048.jpg 1366w, https:\/\/lera.lt\/socialinio-ugdymo-tinklas\/wp-content\/uploads\/sites\/21\/2025\/08\/pexels-ketut-subiyanto-4559530-scaled-1-600x900.jpg 600w\" sizes=\"auto, (max-width: 1707px) 100vw, 1707px\" \/>\n\t<ol>\n<li><strong>2024 m.\u00a0<\/strong>Bendradarbiavimas su \u0160MSM rengiant \u0161vietimo pagalbos specialistams aktualius norminius dokumentus, ekspertini\u0173 konsultacij\u0173 teikimas<\/li>\n<li><strong>2024 m. gegu\u017e\u0117s m\u0117n.<\/strong>\u00a0Edukacijos forumas \u201ePaty\u010di\u0173 prevencija bendrojo ugdymo mokyklose&#8221;.<\/li>\n<li><strong>2024 spalio m\u0117n.\u00a0<\/strong>Sekcija LETA konferencijoje 2024.<\/li>\n<li><strong>2024 lapkri\u010dio m\u0117n.<\/strong>\u00a0Mokslin\u0117 &#8211; praktin\u0117 konferencija \u201eSocialin\u0117s pagalbos teikimo i\u0161\u0161\u016bkiai ir galimyb\u0117s sunkumus patiriantiems vaikams ir j\u0173 \u0161eimoms&#8221;<\/li>\n<li><strong>2024 m.\u00a0<\/strong>Tematin\u0117s iniciatyvos\u00a0<em>Socialin\u0117s pedagogin\u0117s pagalbos teikimas imigrantams<\/em>\u00a0konceptualizavimas.<\/li>\n<\/ol>\n\t\t\t\t\t<a href=\"#\"  id=\"fl-accordion--label-1\" tabindex=\"0\" aria-controls=\"fl-accordion--panel-1\">Tinklo veiklos 2023<\/a>\n\t\t\t\t\t\t\t\t\t\t\t<a href=\"#\" id=\"fl-accordion--icon-1\"  tabindex=\"0\"><i title=\"Expand\">Expand<\/i><\/a>\n\t\t\t\t\t<ul>\n<li>2023 m. spalio m\u0117n. &#8211; Sekcija LETA konferencijoje 2023.<\/li>\n<li>2023 m. Bendradarbiavimas su \u0160MSM rengiant \u0161vietimo pagalbos specialistams aktualius norminius dokumentus, ekspertini\u0173 konsultacij\u0173 teikimas.<\/li>\n<li>2023 m. Mokytoj\u0173 pad\u0117j\u0117j\u0173 veiklos\/pagalbos bendrojo ugdymo mokykloje ypatum\u0173 tyrimas.<\/li>\n<li>2022 m. spalio 21 d. (KU) Metodinis seminaras \u201eSavanoryst\u0117s veiklos kryptys vaiko ir \u0161eimos gerov\u0117s srityje&#8221;. Renginys skirtas LR Seimo paskelbtiems Savanoryst\u0117s metams. \u0160iuo renginiu bus prisidedama prie Lietuvos savanoryst\u0117s \u012fteisinimo de\u0161imtme\u010dio pamin\u0117jimo.<\/li>\n<li>2023 m. spalis. Mokslinis &#8211; praktinis seminaras \u201eSocialini\u0173 pedagog\u0173 veiklos konstravimas \u012fgyvendinant \u012ftraukiojo ugdymo id\u0117jas mokyklose&#8221;.<\/li>\n<li>2023 m. lapkritis. Tyrimas \u201eSocialini\u0173 pedagog\u0173 profesinis\u00a0 \u012fvaizdis mokykloje: mokini\u0173, pedagog\u0173 po\u017ei\u016briu&#8221;.<\/li>\n<\/ul>\n\t\t\t\t\t<a href=\"#\"  id=\"fl-accordion--label-2\" tabindex=\"0\" aria-controls=\"fl-accordion--panel-2\">Tinklo veiklos 2022<\/a>\n\t\t\t\t\t\t\t\t\t\t\t<a href=\"#\" id=\"fl-accordion--icon-2\"  tabindex=\"0\"><i title=\"Expand\">Expand<\/i><\/a>\n\t\t\t\t\t<ul>\n<li>2022 m. spalio m\u0117n. 13 -14 d. VI-oji Lietuvos edukacini\u0173 tyrim\u0173 asociacijos (LETA) mokslin\u0117 konferencija \u201e\u0160vietimo praktika ir tyrimai turbulentiniame pasaulyje. Atskira socialinio ugdymo tinklo sekcija ir tinklo nari\u0173 skaityti prane\u0161imai.<\/li>\n<li>2022 m. Dalyvavimas \u0160MSM socialini\u0173 pedagog\u0173 pogrupio veikloje. Dalyvavimas socialini\u0173 pedagog\u0173 pogrupio veikloje, \u012fgyvendinant Lietuvos Respublikos \u0161vietimo, mokslo ir\u00a0 sporto ministro 2021 m. vasario 5 d. \u012fsakymo Nr. V-194 \u201eD\u0117l darbo grup\u0117s ir patariamosios darbo grup\u0117s \u0161vietimo pagalbos specialist\u0173 darbo ir apmok\u0117jimo s\u0105lygoms tobulinti sudarymo&#8221; .<\/li>\n<li>2022 m. gruod\u017eio 1 d. Vie\u0161oji konsultacija su socialiniais pedagogais d\u0117l metodini\u0173 rekomendacij\u0173 \u201eD\u0117l mokinio speciali\u0173j\u0173 ugdymosi poreiki\u0173 vertinimo socialiniu pedagoginiu aspektu&#8221;. Aptartos speciali\u0173j\u0173 ugdymosi poreiki\u0173 vertinimo socialiniu pedagoginiu aspektu gair\u0117s, pateikti si\u016blymai reng\u0117jams.<\/li>\n<li>2022 m. gruod\u017eio 22 d. Ekspertini\u0173 \u012f\u017evalg\u0173 metodin\u0117ms\u00a0 rekomendacijoms \u201eD\u0117l mokinio speciali\u0173j\u0173 ugdymosi poreiki\u0173 vertinimo socialiniu pedagoginiu aspektu&#8221; teikimas. Pateiktos ra\u0161tu \u012f\u017evalgos projekto reng\u0117jams.<\/li>\n<li>2021 &#8211; 2022 m. Asmen\u0173, negalin\u010di\u0173 skaityti \u012fprasto spausdinto teksto, informacijos poreiki\u0173 ir bibliotek\u0173 teikiam\u0173 paslaug\u0173 prieinamumas (u\u017esakovas: LR Kult\u016bros ministerija). Jungtin\u0117 tyr\u0117j\u0173 grup\u0117 (LETA atstov\u0117s &#8211; Odeta \u0160apelyt\u0117, dr. Daiva Alifanovien\u0117).<\/li>\n<li>2022 m. bir\u017eelio 9 d. Konferencijos \u201eGyvenimus kei\u010dia suvokta savanoryst\u0117&#8221; kartu su\u00a0 Jaunimo Reikal\u0173 Agent\u016bra prie Socialin\u0117s apsaugos ir darbo ministerijos. Kartu Jaunimo reikal\u0173 agent\u016bra prie Socialin\u0117s apsaugos ir darbo ministerijos organizuota konferencija skirta savanoryst\u0117s metams pamin\u0117ti ir aptarti savanoryst\u0117s patirtis ir vaidmen\u012f socialini\u0173 pasaug\u0173 ir pagalbos kontekste<\/li>\n<li>2022 m. lapkritis &#8211; gruodis. Ekspertini\u0173 rekomendacij\u0173 d\u0117l karjeros specialist\u0173 kvalifikacijos tobulinimo program\u0173 skaitmeninio turinio rengimo teikimas. Ekspertin\u0117s rekomendacijos teiktos Lietuvos mokini\u0173 neformaliojo \u0161vietimo centrui Ugdymo karjerai skyriui , kuruojan\u010diam Lietuvos karjeros specialist\u0173 kvalifikacijos tobulinim\u0105 ir metodin\u0119 pagalb\u0105 jiems.<\/li>\n<li>2022 m. gruod\u017eio 6 d. Tarptautinei savanori\u0173 dienai pamin\u0117ti suorganizuotas seminaras Klaip\u0117dos m. ir Klaip\u0117dos rajono mokykl\u0173 klas\u0117s vadovams, socialiniams pedagogams ir kt., \u201eSocialin\u0117 veikla mokykloje: patrauklu ar nuobodu? Savanoryst\u0117 kaip prasminga alternatyva&#8221;. Seminaras vyko nuotoliniu b\u016bdu&#8221;. Seminaro metu vyko diskusijos su Klaip\u0117dos m. mokykl\u0173 socialiniais pedagogais, klas\u0117s vadovais ir kitais pedagogais, kaip galima\u00a0 motyvuoti mokinius savanori\u0161kai socialinei veiklai. LETA Socialinio tinklo atstov\u0117 dr. I. Klanien\u0117 skait\u0117 prane\u0161im\u0105 \u201eSavanoryst\u0117 kaip prasminga alternatyva socialinei veiklai mokykloje.<\/li>\n<\/ul>\n\n","protected":false},"excerpt":{"rendered":"<p>Tinklo veiklos 2024 Collapse 2024 m.\u00a0Bendradarbiavimas su \u0160MSM rengiant \u0161vietimo pagalbos specialistams aktualius norminius dokumentus, ekspertini\u0173 konsultacij\u0173 teikimas 2024 m. gegu\u017e\u0117s m\u0117n.\u00a0Edukacijos forumas \u201ePaty\u010di\u0173 prevencija bendrojo ugdymo mokyklose&#8221;. 2024 spalio m\u0117n.\u00a0Sekcija LETA konferencijoje 2024. 2024 lapkri\u010dio m\u0117n.\u00a0Mokslin\u0117 &#8211; praktin\u0117 konferencija \u201eSocialin\u0117s pagalbos teikimo i\u0161\u0161\u016bkiai ir galimyb\u0117s sunkumus patiriantiems vaikams ir j\u0173 \u0161eimoms&#8221; 2024 m.\u00a0Tematin\u0117s iniciatyvos\u00a0Socialin\u0117s&hellip;<\/p>\n","protected":false},"author":1,"featured_media":0,"parent":0,"menu_order":0,"comment_status":"closed","ping_status":"closed","template":"","meta":{"footnotes":""},"class_list":["post-591","page","type-page","status-publish","hentry"],"yoast_head":"<!-- This site is optimized with the Yoast SEO plugin v25.7 - https:\/\/yoast.com\/wordpress\/plugins\/seo\/ -->\n<title>Tinklo veiklos - Socialinio ugdymo tinklas<\/title>\n<meta name=\"robots\" content=\"index, follow, max-snippet:-1, max-image-preview:large, max-video-preview:-1\" \/>\n<link rel=\"canonical\" href=\"https:\/\/lera.lt\/socialinio-ugdymo-tinklas\/tinklo-veiklos\/\" \/>\n<meta property=\"og:locale\" content=\"lt_LT\" \/>\n<meta property=\"og:type\" content=\"article\" \/>\n<meta property=\"og:title\" content=\"Tinklo veiklos - Socialinio ugdymo tinklas\" \/>\n<meta property=\"og:description\" content=\"Tinklo veiklos 2024 Collapse 2024 m.\u00a0Bendradarbiavimas su \u0160MSM rengiant \u0161vietimo pagalbos specialistams aktualius norminius dokumentus, ekspertini\u0173 konsultacij\u0173 teikimas 2024 m. gegu\u017e\u0117s m\u0117n.\u00a0Edukacijos forumas \u201ePaty\u010di\u0173 prevencija bendrojo ugdymo mokyklose&#8221;. 2024 spalio m\u0117n.\u00a0Sekcija LETA konferencijoje 2024. 2024 lapkri\u010dio m\u0117n.\u00a0Mokslin\u0117 &#8211; praktin\u0117 konferencija \u201eSocialin\u0117s pagalbos teikimo i\u0161\u0161\u016bkiai ir galimyb\u0117s sunkumus patiriantiems vaikams ir j\u0173 \u0161eimoms&#8221; 2024 m.\u00a0Tematin\u0117s iniciatyvos\u00a0Socialin\u0117s&hellip;\" \/>\n<meta property=\"og:url\" content=\"https:\/\/lera.lt\/socialinio-ugdymo-tinklas\/tinklo-veiklos\/\" \/>\n<meta property=\"og:site_name\" content=\"Socialinio ugdymo tinklas\" \/>\n<meta property=\"article:modified_time\" content=\"2025-09-11T14:57:00+00:00\" \/>\n<meta property=\"og:image\" content=\"https:\/\/lera.lt\/socialinio-ugdymo-tinklas\/wp-content\/uploads\/sites\/21\/2025\/08\/pexels-ketut-subiyanto-4559530-scaled-1.jpg\" \/>\n<meta name=\"twitter:card\" content=\"summary_large_image\" \/>\n<script type=\"application\/ld+json\" class=\"yoast-schema-graph\">{\"@context\":\"https:\/\/schema.org\",\"@graph\":[{\"@type\":\"WebPage\",\"@id\":\"https:\/\/lera.lt\/socialinio-ugdymo-tinklas\/tinklo-veiklos\/\",\"url\":\"https:\/\/lera.lt\/socialinio-ugdymo-tinklas\/tinklo-veiklos\/\",\"name\":\"Tinklo veiklos - Socialinio ugdymo tinklas\",\"isPartOf\":{\"@id\":\"https:\/\/lera.lt\/socialinio-ugdymo-tinklas\/#website\"},\"primaryImageOfPage\":{\"@id\":\"https:\/\/lera.lt\/socialinio-ugdymo-tinklas\/tinklo-veiklos\/#primaryimage\"},\"image\":{\"@id\":\"https:\/\/lera.lt\/socialinio-ugdymo-tinklas\/tinklo-veiklos\/#primaryimage\"},\"thumbnailUrl\":\"https:\/\/lera.lt\/socialinio-ugdymo-tinklas\/wp-content\/uploads\/sites\/21\/2025\/08\/pexels-ketut-subiyanto-4559530-scaled-1.jpg\",\"datePublished\":\"2025-08-19T18:12:31+00:00\",\"dateModified\":\"2025-09-11T14:57:00+00:00\",\"breadcrumb\":{\"@id\":\"https:\/\/lera.lt\/socialinio-ugdymo-tinklas\/tinklo-veiklos\/#breadcrumb\"},\"inLanguage\":\"lt-LT\",\"potentialAction\":[{\"@type\":\"ReadAction\",\"target\":[\"https:\/\/lera.lt\/socialinio-ugdymo-tinklas\/tinklo-veiklos\/\"]}]},{\"@type\":\"ImageObject\",\"inLanguage\":\"lt-LT\",\"@id\":\"https:\/\/lera.lt\/socialinio-ugdymo-tinklas\/tinklo-veiklos\/#primaryimage\",\"url\":\"https:\/\/lera.lt\/socialinio-ugdymo-tinklas\/wp-content\/uploads\/sites\/21\/2025\/08\/pexels-ketut-subiyanto-4559530-scaled-1.jpg\",\"contentUrl\":\"https:\/\/lera.lt\/socialinio-ugdymo-tinklas\/wp-content\/uploads\/sites\/21\/2025\/08\/pexels-ketut-subiyanto-4559530-scaled-1.jpg\",\"width\":1707,\"height\":2560},{\"@type\":\"BreadcrumbList\",\"@id\":\"https:\/\/lera.lt\/socialinio-ugdymo-tinklas\/tinklo-veiklos\/#breadcrumb\",\"itemListElement\":[{\"@type\":\"ListItem\",\"position\":1,\"name\":\"Home\",\"item\":\"https:\/\/lera.lt\/socialinio-ugdymo-tinklas\/\"},{\"@type\":\"ListItem\",\"position\":2,\"name\":\"Tinklo veiklos\"}]},{\"@type\":\"WebSite\",\"@id\":\"https:\/\/lera.lt\/socialinio-ugdymo-tinklas\/#website\",\"url\":\"https:\/\/lera.lt\/socialinio-ugdymo-tinklas\/\",\"name\":\"Socialinio ugdymo tinklas\",\"description\":\"\",\"potentialAction\":[{\"@type\":\"SearchAction\",\"target\":{\"@type\":\"EntryPoint\",\"urlTemplate\":\"https:\/\/lera.lt\/socialinio-ugdymo-tinklas\/?s={search_term_string}\"},\"query-input\":{\"@type\":\"PropertyValueSpecification\",\"valueRequired\":true,\"valueName\":\"search_term_string\"}}],\"inLanguage\":\"lt-LT\"}]}<\/script>\n<!-- \/ Yoast SEO plugin. -->","yoast_head_json":{"title":"Tinklo veiklos - Socialinio ugdymo tinklas","robots":{"index":"index","follow":"follow","max-snippet":"max-snippet:-1","max-image-preview":"max-image-preview:large","max-video-preview":"max-video-preview:-1"},"canonical":"https:\/\/lera.lt\/socialinio-ugdymo-tinklas\/tinklo-veiklos\/","og_locale":"lt_LT","og_type":"article","og_title":"Tinklo veiklos - Socialinio ugdymo tinklas","og_description":"Tinklo veiklos 2024 Collapse 2024 m.\u00a0Bendradarbiavimas su \u0160MSM rengiant \u0161vietimo pagalbos specialistams aktualius norminius dokumentus, ekspertini\u0173 konsultacij\u0173 teikimas 2024 m. gegu\u017e\u0117s m\u0117n.\u00a0Edukacijos forumas \u201ePaty\u010di\u0173 prevencija bendrojo ugdymo mokyklose&#8221;. 2024 spalio m\u0117n.\u00a0Sekcija LETA konferencijoje 2024. 2024 lapkri\u010dio m\u0117n.\u00a0Mokslin\u0117 &#8211; praktin\u0117 konferencija \u201eSocialin\u0117s pagalbos teikimo i\u0161\u0161\u016bkiai ir galimyb\u0117s sunkumus patiriantiems vaikams ir j\u0173 \u0161eimoms&#8221; 2024 m.\u00a0Tematin\u0117s iniciatyvos\u00a0Socialin\u0117s&hellip;","og_url":"https:\/\/lera.lt\/socialinio-ugdymo-tinklas\/tinklo-veiklos\/","og_site_name":"Socialinio ugdymo tinklas","article_modified_time":"2025-09-11T14:57:00+00:00","og_image":[{"url":"https:\/\/lera.lt\/socialinio-ugdymo-tinklas\/wp-content\/uploads\/sites\/21\/2025\/08\/pexels-ketut-subiyanto-4559530-scaled-1.jpg","type":"","width":"","height":""}],"twitter_card":"summary_large_image","schema":{"@context":"https:\/\/schema.org","@graph":[{"@type":"WebPage","@id":"https:\/\/lera.lt\/socialinio-ugdymo-tinklas\/tinklo-veiklos\/","url":"https:\/\/lera.lt\/socialinio-ugdymo-tinklas\/tinklo-veiklos\/","name":"Tinklo veiklos - Socialinio ugdymo tinklas","isPartOf":{"@id":"https:\/\/lera.lt\/socialinio-ugdymo-tinklas\/#website"},"primaryImageOfPage":{"@id":"https:\/\/lera.lt\/socialinio-ugdymo-tinklas\/tinklo-veiklos\/#primaryimage"},"image":{"@id":"https:\/\/lera.lt\/socialinio-ugdymo-tinklas\/tinklo-veiklos\/#primaryimage"},"thumbnailUrl":"https:\/\/lera.lt\/socialinio-ugdymo-tinklas\/wp-content\/uploads\/sites\/21\/2025\/08\/pexels-ketut-subiyanto-4559530-scaled-1.jpg","datePublished":"2025-08-19T18:12:31+00:00","dateModified":"2025-09-11T14:57:00+00:00","breadcrumb":{"@id":"https:\/\/lera.lt\/socialinio-ugdymo-tinklas\/tinklo-veiklos\/#breadcrumb"},"inLanguage":"lt-LT","potentialAction":[{"@type":"ReadAction","target":["https:\/\/lera.lt\/socialinio-ugdymo-tinklas\/tinklo-veiklos\/"]}]},{"@type":"ImageObject","inLanguage":"lt-LT","@id":"https:\/\/lera.lt\/socialinio-ugdymo-tinklas\/tinklo-veiklos\/#primaryimage","url":"https:\/\/lera.lt\/socialinio-ugdymo-tinklas\/wp-content\/uploads\/sites\/21\/2025\/08\/pexels-ketut-subiyanto-4559530-scaled-1.jpg","contentUrl":"https:\/\/lera.lt\/socialinio-ugdymo-tinklas\/wp-content\/uploads\/sites\/21\/2025\/08\/pexels-ketut-subiyanto-4559530-scaled-1.jpg","width":1707,"height":2560},{"@type":"BreadcrumbList","@id":"https:\/\/lera.lt\/socialinio-ugdymo-tinklas\/tinklo-veiklos\/#breadcrumb","itemListElement":[{"@type":"ListItem","position":1,"name":"Home","item":"https:\/\/lera.lt\/socialinio-ugdymo-tinklas\/"},{"@type":"ListItem","position":2,"name":"Tinklo veiklos"}]},{"@type":"WebSite","@id":"https:\/\/lera.lt\/socialinio-ugdymo-tinklas\/#website","url":"https:\/\/lera.lt\/socialinio-ugdymo-tinklas\/","name":"Socialinio ugdymo tinklas","description":"","potentialAction":[{"@type":"SearchAction","target":{"@type":"EntryPoint","urlTemplate":"https:\/\/lera.lt\/socialinio-ugdymo-tinklas\/?s={search_term_string}"},"query-input":{"@type":"PropertyValueSpecification","valueRequired":true,"valueName":"search_term_string"}}],"inLanguage":"lt-LT"}]}},"_links":{"self":[{"href":"https:\/\/lera.lt\/socialinio-ugdymo-tinklas\/wp-json\/wp\/v2\/pages\/591","targetHints":{"allow":["GET"]}}],"collection":[{"href":"https:\/\/lera.lt\/socialinio-ugdymo-tinklas\/wp-json\/wp\/v2\/pages"}],"about":[{"href":"https:\/\/lera.lt\/socialinio-ugdymo-tinklas\/wp-json\/wp\/v2\/types\/page"}],"author":[{"embeddable":true,"href":"https:\/\/lera.lt\/socialinio-ugdymo-tinklas\/wp-json\/wp\/v2\/users\/1"}],"replies":[{"embeddable":true,"href":"https:\/\/lera.lt\/socialinio-ugdymo-tinklas\/wp-json\/wp\/v2\/comments?post=591"}],"version-history":[{"count":21,"href":"https:\/\/lera.lt\/socialinio-ugdymo-tinklas\/wp-json\/wp\/v2\/pages\/591\/revisions"}],"predecessor-version":[{"id":849,"href":"https:\/\/lera.lt\/socialinio-ugdymo-tinklas\/wp-json\/wp\/v2\/pages\/591\/revisions\/849"}],"wp:attachment":[{"href":"https:\/\/lera.lt\/socialinio-ugdymo-tinklas\/wp-json\/wp\/v2\/media?parent=591"}],"curies":[{"name":"wp","href":"https:\/\/api.w.org\/{rel}","templated":true}]}}