{"id":577,"date":"2025-08-19T18:10:22","date_gmt":"2025-08-19T18:10:22","guid":{"rendered":"https:\/\/lera.lt\/socialinio-ugdymo-tinklas\/?page_id=577"},"modified":"2025-09-20T14:19:56","modified_gmt":"2025-09-20T14:19:56","slug":"tinklo-komitetas","status":"publish","type":"page","link":"https:\/\/lera.lt\/socialinio-ugdymo-tinklas\/tinklo-komitetas\/","title":{"rendered":"Tinklo komitetas"},"content":{"rendered":"\n\n<h2><strong>Socialinio ugdymo tinklo komitetas<\/strong><\/h2>\n\t\t\t\t<img decoding=\"async\" src=\"https:\/\/lera.lt\/socialinio-ugdymo-tinklas\/wp-content\/uploads\/sites\/21\/2025\/09\/Indrasiene_foto_3_320x240.jpg\" alt=\"Indrasiene_foto_3_320x240\" itemprop=\"image\" height=\"240\" width=\"320\" title=\"Indrasiene_foto_3_320x240\" onerror=\"this.style.display='none'\" loading=\"lazy\" \/>\n\t<p><strong>Pirminink\u0117<\/strong> &#8211; <strong>prof. dr. <\/strong><strong>Indra\u0161ien\u0117 Valdon\u0117\u00a0<\/strong>(Mykolo Romerio universitetas).<\/p>\n\t<h2>\u00a0Nariai<\/h2>\n<ul>\n<li><strong>prof. dr. Gud\u017einskien\u0117 Vida<\/strong> (Mykolo Romerio universitetas);\n<\/li><li><strong>prof. dr. Klanien\u0117 Ilona<\/strong> (Klaip\u0117dos universitetas);\n<\/li><li><strong>lekt.\u00a0 \u0160apelyt\u0117\u00a0Odeta<\/strong> (Vilniaus universitetas, \u0160iauli\u0173 akademija);\n<\/li><li><strong>prof. dr. Merfeldait\u0117 Odeta<\/strong> (Mykolo Romerio universitetas);\n<\/li><li><strong>dr. Petru\u0161kevi\u010di\u016bt\u0117 Auks\u0117<\/strong>(Vytauto Did\u017eiojo universitetas);\n<\/li><li><strong>prof. dr. Prakapas Romas<\/strong> (Mykolo Romerio universitetas);\n<\/li><li><strong>doc. dr. \u0160tuopyt\u0117 Edita<\/strong> (Kauno technologijos universitetas);\n<\/li><li><strong>lekt. Virbalien\u0117 Rita<\/strong> (Vilniaus kolegija).<\/li>\n<\/ul>\n\t\t\t<a href=\"https:\/\/lera.lt\/registracija\/leta-naryste-2025-metams\/\" target=\"_self\">\n\t\t\t\t\t\tTapti \u0161io tinklo nariu\n\t\t\t\t\t<\/a>\n\n","protected":false},"excerpt":{"rendered":"<p>Socialinio ugdymo tinklo komitetas Pirminink\u0117 &#8211; prof. dr. Indra\u0161ien\u0117 Valdon\u0117\u00a0(Mykolo Romerio universitetas). \u00a0Nariai prof. dr. Gud\u017einskien\u0117 Vida (Mykolo Romerio universitetas); prof. dr. Klanien\u0117 Ilona (Klaip\u0117dos universitetas); lekt.\u00a0 \u0160apelyt\u0117\u00a0Odeta (Vilniaus universitetas, \u0160iauli\u0173 akademija); prof. dr. Merfeldait\u0117 Odeta (Mykolo Romerio universitetas); dr. Petru\u0161kevi\u010di\u016bt\u0117 Auks\u0117(Vytauto Did\u017eiojo universitetas); prof. dr. Prakapas Romas (Mykolo Romerio universitetas); doc. dr. \u0160tuopyt\u0117 Edita&hellip;<\/p>\n","protected":false},"author":1,"featured_media":0,"parent":0,"menu_order":0,"comment_status":"closed","ping_status":"closed","template":"","meta":{"footnotes":""},"class_list":["post-577","page","type-page","status-publish","hentry"],"yoast_head":"<!-- This site is optimized with the Yoast SEO plugin v25.7 - https:\/\/yoast.com\/wordpress\/plugins\/seo\/ -->\n<title>Tinklo komitetas - Socialinio ugdymo tinklas<\/title>\n<meta name=\"robots\" content=\"index, follow, max-snippet:-1, max-image-preview:large, max-video-preview:-1\" \/>\n<link rel=\"canonical\" href=\"https:\/\/lera.lt\/socialinio-ugdymo-tinklas\/tinklo-komitetas\/\" \/>\n<meta property=\"og:locale\" content=\"lt_LT\" \/>\n<meta property=\"og:type\" content=\"article\" \/>\n<meta property=\"og:title\" content=\"Tinklo komitetas - Socialinio ugdymo tinklas\" \/>\n<meta property=\"og:description\" content=\"Socialinio ugdymo tinklo komitetas Pirminink\u0117 &#8211; prof. dr. Indra\u0161ien\u0117 Valdon\u0117\u00a0(Mykolo Romerio universitetas). \u00a0Nariai prof. dr. Gud\u017einskien\u0117 Vida (Mykolo Romerio universitetas); prof. dr. Klanien\u0117 Ilona (Klaip\u0117dos universitetas); lekt.\u00a0 \u0160apelyt\u0117\u00a0Odeta (Vilniaus universitetas, \u0160iauli\u0173 akademija); prof. dr. Merfeldait\u0117 Odeta (Mykolo Romerio universitetas); dr. Petru\u0161kevi\u010di\u016bt\u0117 Auks\u0117(Vytauto Did\u017eiojo universitetas); prof. dr. Prakapas Romas (Mykolo Romerio universitetas); doc. dr. \u0160tuopyt\u0117 Edita&hellip;\" \/>\n<meta property=\"og:url\" content=\"https:\/\/lera.lt\/socialinio-ugdymo-tinklas\/tinklo-komitetas\/\" \/>\n<meta property=\"og:site_name\" content=\"Socialinio ugdymo tinklas\" \/>\n<meta property=\"article:modified_time\" content=\"2025-09-20T14:19:56+00:00\" \/>\n<meta property=\"og:image\" content=\"https:\/\/lera.lt\/socialinio-ugdymo-tinklas\/wp-content\/uploads\/sites\/21\/2025\/09\/Indrasiene_foto_3_320x240.jpg\" \/>\n<meta name=\"twitter:card\" content=\"summary_large_image\" \/>\n<meta name=\"twitter:label1\" content=\"Est. reading time\" \/>\n\t<meta name=\"twitter:data1\" content=\"1 minut\u0117\" \/>\n<script type=\"application\/ld+json\" class=\"yoast-schema-graph\">{\"@context\":\"https:\/\/schema.org\",\"@graph\":[{\"@type\":\"WebPage\",\"@id\":\"https:\/\/lera.lt\/socialinio-ugdymo-tinklas\/tinklo-komitetas\/\",\"url\":\"https:\/\/lera.lt\/socialinio-ugdymo-tinklas\/tinklo-komitetas\/\",\"name\":\"Tinklo komitetas - Socialinio ugdymo tinklas\",\"isPartOf\":{\"@id\":\"https:\/\/lera.lt\/socialinio-ugdymo-tinklas\/#website\"},\"primaryImageOfPage\":{\"@id\":\"https:\/\/lera.lt\/socialinio-ugdymo-tinklas\/tinklo-komitetas\/#primaryimage\"},\"image\":{\"@id\":\"https:\/\/lera.lt\/socialinio-ugdymo-tinklas\/tinklo-komitetas\/#primaryimage\"},\"thumbnailUrl\":\"https:\/\/lera.lt\/socialinio-ugdymo-tinklas\/wp-content\/uploads\/sites\/21\/2025\/09\/Indrasiene_foto_3_320x240.jpg\",\"datePublished\":\"2025-08-19T18:10:22+00:00\",\"dateModified\":\"2025-09-20T14:19:56+00:00\",\"breadcrumb\":{\"@id\":\"https:\/\/lera.lt\/socialinio-ugdymo-tinklas\/tinklo-komitetas\/#breadcrumb\"},\"inLanguage\":\"lt-LT\",\"potentialAction\":[{\"@type\":\"ReadAction\",\"target\":[\"https:\/\/lera.lt\/socialinio-ugdymo-tinklas\/tinklo-komitetas\/\"]}]},{\"@type\":\"ImageObject\",\"inLanguage\":\"lt-LT\",\"@id\":\"https:\/\/lera.lt\/socialinio-ugdymo-tinklas\/tinklo-komitetas\/#primaryimage\",\"url\":\"https:\/\/lera.lt\/socialinio-ugdymo-tinklas\/wp-content\/uploads\/sites\/21\/2025\/09\/Indrasiene_foto_3_320x240.jpg\",\"contentUrl\":\"https:\/\/lera.lt\/socialinio-ugdymo-tinklas\/wp-content\/uploads\/sites\/21\/2025\/09\/Indrasiene_foto_3_320x240.jpg\",\"width\":320,\"height\":240},{\"@type\":\"BreadcrumbList\",\"@id\":\"https:\/\/lera.lt\/socialinio-ugdymo-tinklas\/tinklo-komitetas\/#breadcrumb\",\"itemListElement\":[{\"@type\":\"ListItem\",\"position\":1,\"name\":\"Home\",\"item\":\"https:\/\/lera.lt\/socialinio-ugdymo-tinklas\/\"},{\"@type\":\"ListItem\",\"position\":2,\"name\":\"Tinklo komitetas\"}]},{\"@type\":\"WebSite\",\"@id\":\"https:\/\/lera.lt\/socialinio-ugdymo-tinklas\/#website\",\"url\":\"https:\/\/lera.lt\/socialinio-ugdymo-tinklas\/\",\"name\":\"Socialinio ugdymo tinklas\",\"description\":\"\",\"potentialAction\":[{\"@type\":\"SearchAction\",\"target\":{\"@type\":\"EntryPoint\",\"urlTemplate\":\"https:\/\/lera.lt\/socialinio-ugdymo-tinklas\/?s={search_term_string}\"},\"query-input\":{\"@type\":\"PropertyValueSpecification\",\"valueRequired\":true,\"valueName\":\"search_term_string\"}}],\"inLanguage\":\"lt-LT\"}]}<\/script>\n<!-- \/ Yoast SEO plugin. -->","yoast_head_json":{"title":"Tinklo komitetas - Socialinio ugdymo tinklas","robots":{"index":"index","follow":"follow","max-snippet":"max-snippet:-1","max-image-preview":"max-image-preview:large","max-video-preview":"max-video-preview:-1"},"canonical":"https:\/\/lera.lt\/socialinio-ugdymo-tinklas\/tinklo-komitetas\/","og_locale":"lt_LT","og_type":"article","og_title":"Tinklo komitetas - Socialinio ugdymo tinklas","og_description":"Socialinio ugdymo tinklo komitetas Pirminink\u0117 &#8211; prof. dr. Indra\u0161ien\u0117 Valdon\u0117\u00a0(Mykolo Romerio universitetas). \u00a0Nariai prof. dr. Gud\u017einskien\u0117 Vida (Mykolo Romerio universitetas); prof. dr. Klanien\u0117 Ilona (Klaip\u0117dos universitetas); lekt.\u00a0 \u0160apelyt\u0117\u00a0Odeta (Vilniaus universitetas, \u0160iauli\u0173 akademija); prof. dr. Merfeldait\u0117 Odeta (Mykolo Romerio universitetas); dr. Petru\u0161kevi\u010di\u016bt\u0117 Auks\u0117(Vytauto Did\u017eiojo universitetas); prof. dr. Prakapas Romas (Mykolo Romerio universitetas); doc. dr. \u0160tuopyt\u0117 Edita&hellip;","og_url":"https:\/\/lera.lt\/socialinio-ugdymo-tinklas\/tinklo-komitetas\/","og_site_name":"Socialinio ugdymo tinklas","article_modified_time":"2025-09-20T14:19:56+00:00","og_image":[{"url":"https:\/\/lera.lt\/socialinio-ugdymo-tinklas\/wp-content\/uploads\/sites\/21\/2025\/09\/Indrasiene_foto_3_320x240.jpg","type":"","width":"","height":""}],"twitter_card":"summary_large_image","twitter_misc":{"Est. reading time":"1 minut\u0117"},"schema":{"@context":"https:\/\/schema.org","@graph":[{"@type":"WebPage","@id":"https:\/\/lera.lt\/socialinio-ugdymo-tinklas\/tinklo-komitetas\/","url":"https:\/\/lera.lt\/socialinio-ugdymo-tinklas\/tinklo-komitetas\/","name":"Tinklo komitetas - Socialinio ugdymo tinklas","isPartOf":{"@id":"https:\/\/lera.lt\/socialinio-ugdymo-tinklas\/#website"},"primaryImageOfPage":{"@id":"https:\/\/lera.lt\/socialinio-ugdymo-tinklas\/tinklo-komitetas\/#primaryimage"},"image":{"@id":"https:\/\/lera.lt\/socialinio-ugdymo-tinklas\/tinklo-komitetas\/#primaryimage"},"thumbnailUrl":"https:\/\/lera.lt\/socialinio-ugdymo-tinklas\/wp-content\/uploads\/sites\/21\/2025\/09\/Indrasiene_foto_3_320x240.jpg","datePublished":"2025-08-19T18:10:22+00:00","dateModified":"2025-09-20T14:19:56+00:00","breadcrumb":{"@id":"https:\/\/lera.lt\/socialinio-ugdymo-tinklas\/tinklo-komitetas\/#breadcrumb"},"inLanguage":"lt-LT","potentialAction":[{"@type":"ReadAction","target":["https:\/\/lera.lt\/socialinio-ugdymo-tinklas\/tinklo-komitetas\/"]}]},{"@type":"ImageObject","inLanguage":"lt-LT","@id":"https:\/\/lera.lt\/socialinio-ugdymo-tinklas\/tinklo-komitetas\/#primaryimage","url":"https:\/\/lera.lt\/socialinio-ugdymo-tinklas\/wp-content\/uploads\/sites\/21\/2025\/09\/Indrasiene_foto_3_320x240.jpg","contentUrl":"https:\/\/lera.lt\/socialinio-ugdymo-tinklas\/wp-content\/uploads\/sites\/21\/2025\/09\/Indrasiene_foto_3_320x240.jpg","width":320,"height":240},{"@type":"BreadcrumbList","@id":"https:\/\/lera.lt\/socialinio-ugdymo-tinklas\/tinklo-komitetas\/#breadcrumb","itemListElement":[{"@type":"ListItem","position":1,"name":"Home","item":"https:\/\/lera.lt\/socialinio-ugdymo-tinklas\/"},{"@type":"ListItem","position":2,"name":"Tinklo komitetas"}]},{"@type":"WebSite","@id":"https:\/\/lera.lt\/socialinio-ugdymo-tinklas\/#website","url":"https:\/\/lera.lt\/socialinio-ugdymo-tinklas\/","name":"Socialinio ugdymo tinklas","description":"","potentialAction":[{"@type":"SearchAction","target":{"@type":"EntryPoint","urlTemplate":"https:\/\/lera.lt\/socialinio-ugdymo-tinklas\/?s={search_term_string}"},"query-input":{"@type":"PropertyValueSpecification","valueRequired":true,"valueName":"search_term_string"}}],"inLanguage":"lt-LT"}]}},"_links":{"self":[{"href":"https:\/\/lera.lt\/socialinio-ugdymo-tinklas\/wp-json\/wp\/v2\/pages\/577","targetHints":{"allow":["GET"]}}],"collection":[{"href":"https:\/\/lera.lt\/socialinio-ugdymo-tinklas\/wp-json\/wp\/v2\/pages"}],"about":[{"href":"https:\/\/lera.lt\/socialinio-ugdymo-tinklas\/wp-json\/wp\/v2\/types\/page"}],"author":[{"embeddable":true,"href":"https:\/\/lera.lt\/socialinio-ugdymo-tinklas\/wp-json\/wp\/v2\/users\/1"}],"replies":[{"embeddable":true,"href":"https:\/\/lera.lt\/socialinio-ugdymo-tinklas\/wp-json\/wp\/v2\/comments?post=577"}],"version-history":[{"count":24,"href":"https:\/\/lera.lt\/socialinio-ugdymo-tinklas\/wp-json\/wp\/v2\/pages\/577\/revisions"}],"predecessor-version":[{"id":870,"href":"https:\/\/lera.lt\/socialinio-ugdymo-tinklas\/wp-json\/wp\/v2\/pages\/577\/revisions\/870"}],"wp:attachment":[{"href":"https:\/\/lera.lt\/socialinio-ugdymo-tinklas\/wp-json\/wp\/v2\/media?parent=577"}],"curies":[{"name":"wp","href":"https:\/\/api.w.org\/{rel}","templated":true}]}}