{"id":676,"date":"2025-08-20T11:36:54","date_gmt":"2025-08-20T11:36:54","guid":{"rendered":"https:\/\/lera.lt\/projektines-veiklos-ir-strateginiu-partnerysciu-tinklas\/?page_id=676"},"modified":"2025-09-11T14:39:39","modified_gmt":"2025-09-11T14:39:39","slug":"network-aspirations","status":"publish","type":"page","link":"https:\/\/lera.lt\/projektines-veiklos-ir-strateginiu-partnerysciu-tinklas\/en\/network-aspirations\/","title":{"rendered":"Network Aspirations"},"content":{"rendered":"\n\n\t\t\t\t<img decoding=\"async\" src=\"https:\/\/lera.lt\/projektines-veiklos-ir-strateginiu-partnerysciu-tinklas\/wp-content\/uploads\/sites\/20\/2025\/09\/stairs1_6x4.jpg\" alt=\"stairs1_6x4\" itemprop=\"image\" height=\"400\" width=\"600\" title=\"stairs1_6x4\" onerror=\"this.style.display='none'\" loading=\"lazy\" \/>\n<ol>\n<li>To organise LERA2024 conference at Vilnius Tech University.<\/li>\n<li>TopParticipate in and organise LERA Education Forums.<\/li>\n<li>To cooperate with the Ministry of Education and Science, the Education and Science and Future Committees of the Seimas.<\/li>\n<li>To expand the network of social partners at national and international level, to sign a contract with partners.<\/li>\n<li>To participate in national and international scientific conferences and other scientific events.<\/li>\n<li>To disseminate information on the activities of the Network on the LERA website.<\/li>\n<li>To provide LERA with relevant information.<\/li>\n<li>To participate in the activities of the LERA Board.<\/li>\n<\/ol>\n<p>&nbsp;<\/p>\n\n","protected":false},"excerpt":{"rendered":"<p>To organise LERA2024 conference at Vilnius Tech University. TopParticipate in and organise LERA Education Forums. To cooperate with the Ministry of Education and Science, the Education and Science and Future Committees of the Seimas. To expand the network of social partners at national and international level, to sign a contract with partners. To participate in&hellip;<\/p>\n","protected":false},"author":1,"featured_media":0,"parent":0,"menu_order":0,"comment_status":"closed","ping_status":"closed","template":"","meta":{"footnotes":""},"class_list":["post-676","page","type-page","status-publish","hentry"],"yoast_head":"<!-- This site is optimized with the Yoast SEO plugin v25.7 - https:\/\/yoast.com\/wordpress\/plugins\/seo\/ -->\n<title>Network Aspirations - Projektin\u0117s veiklos ir strategini\u0173 partnerys\u010di\u0173 tinklas<\/title>\n<meta name=\"robots\" content=\"index, follow, max-snippet:-1, max-image-preview:large, max-video-preview:-1\" \/>\n<link rel=\"canonical\" href=\"https:\/\/lera.lt\/projektines-veiklos-ir-strateginiu-partnerysciu-tinklas\/en\/network-aspirations\/\" \/>\n<meta property=\"og:locale\" content=\"lt_LT\" \/>\n<meta property=\"og:type\" content=\"article\" \/>\n<meta property=\"og:title\" content=\"Network Aspirations - Projektin\u0117s veiklos ir strategini\u0173 partnerys\u010di\u0173 tinklas\" \/>\n<meta property=\"og:description\" content=\"To organise LERA2024 conference at Vilnius Tech University. TopParticipate in and organise LERA Education Forums. To cooperate with the Ministry of Education and Science, the Education and Science and Future Committees of the Seimas. To expand the network of social partners at national and international level, to sign a contract with partners. To participate in&hellip;\" \/>\n<meta property=\"og:url\" content=\"https:\/\/lera.lt\/projektines-veiklos-ir-strateginiu-partnerysciu-tinklas\/en\/network-aspirations\/\" \/>\n<meta property=\"og:site_name\" content=\"Projektin\u0117s veiklos ir strategini\u0173 partnerys\u010di\u0173 tinklas\" \/>\n<meta property=\"article:modified_time\" content=\"2025-09-11T14:39:39+00:00\" \/>\n<meta property=\"og:image\" content=\"https:\/\/lera.lt\/projektines-veiklos-ir-strateginiu-partnerysciu-tinklas\/wp-content\/uploads\/sites\/20\/2025\/09\/stairs1_6x4.jpg\" \/>\n<meta name=\"twitter:card\" content=\"summary_large_image\" \/>\n<script type=\"application\/ld+json\" class=\"yoast-schema-graph\">{\"@context\":\"https:\/\/schema.org\",\"@graph\":[{\"@type\":\"WebPage\",\"@id\":\"https:\/\/lera.lt\/projektines-veiklos-ir-strateginiu-partnerysciu-tinklas\/en\/network-aspirations\/\",\"url\":\"https:\/\/lera.lt\/projektines-veiklos-ir-strateginiu-partnerysciu-tinklas\/en\/network-aspirations\/\",\"name\":\"Network Aspirations - Projektin\u0117s veiklos ir strategini\u0173 partnerys\u010di\u0173 tinklas\",\"isPartOf\":{\"@id\":\"https:\/\/lera.lt\/projektines-veiklos-ir-strateginiu-partnerysciu-tinklas\/#website\"},\"primaryImageOfPage\":{\"@id\":\"https:\/\/lera.lt\/projektines-veiklos-ir-strateginiu-partnerysciu-tinklas\/en\/network-aspirations\/#primaryimage\"},\"image\":{\"@id\":\"https:\/\/lera.lt\/projektines-veiklos-ir-strateginiu-partnerysciu-tinklas\/en\/network-aspirations\/#primaryimage\"},\"thumbnailUrl\":\"https:\/\/lera.lt\/projektines-veiklos-ir-strateginiu-partnerysciu-tinklas\/wp-content\/uploads\/sites\/20\/2025\/09\/stairs1_6x4.jpg\",\"datePublished\":\"2025-08-20T11:36:54+00:00\",\"dateModified\":\"2025-09-11T14:39:39+00:00\",\"breadcrumb\":{\"@id\":\"https:\/\/lera.lt\/projektines-veiklos-ir-strateginiu-partnerysciu-tinklas\/en\/network-aspirations\/#breadcrumb\"},\"inLanguage\":\"lt-LT\",\"potentialAction\":[{\"@type\":\"ReadAction\",\"target\":[\"https:\/\/lera.lt\/projektines-veiklos-ir-strateginiu-partnerysciu-tinklas\/en\/network-aspirations\/\"]}]},{\"@type\":\"ImageObject\",\"inLanguage\":\"lt-LT\",\"@id\":\"https:\/\/lera.lt\/projektines-veiklos-ir-strateginiu-partnerysciu-tinklas\/en\/network-aspirations\/#primaryimage\",\"url\":\"https:\/\/lera.lt\/projektines-veiklos-ir-strateginiu-partnerysciu-tinklas\/wp-content\/uploads\/sites\/20\/2025\/09\/stairs1_6x4.jpg\",\"contentUrl\":\"https:\/\/lera.lt\/projektines-veiklos-ir-strateginiu-partnerysciu-tinklas\/wp-content\/uploads\/sites\/20\/2025\/09\/stairs1_6x4.jpg\",\"width\":600,\"height\":400},{\"@type\":\"BreadcrumbList\",\"@id\":\"https:\/\/lera.lt\/projektines-veiklos-ir-strateginiu-partnerysciu-tinklas\/en\/network-aspirations\/#breadcrumb\",\"itemListElement\":[{\"@type\":\"ListItem\",\"position\":1,\"name\":\"Home\",\"item\":\"https:\/\/lera.lt\/projektines-veiklos-ir-strateginiu-partnerysciu-tinklas\/\"},{\"@type\":\"ListItem\",\"position\":2,\"name\":\"Network Aspirations\"}]},{\"@type\":\"WebSite\",\"@id\":\"https:\/\/lera.lt\/projektines-veiklos-ir-strateginiu-partnerysciu-tinklas\/#website\",\"url\":\"https:\/\/lera.lt\/projektines-veiklos-ir-strateginiu-partnerysciu-tinklas\/\",\"name\":\"Projektin\u0117s veiklos ir strategini\u0173 partnerys\u010di\u0173 tinklas\",\"description\":\"\",\"potentialAction\":[{\"@type\":\"SearchAction\",\"target\":{\"@type\":\"EntryPoint\",\"urlTemplate\":\"https:\/\/lera.lt\/projektines-veiklos-ir-strateginiu-partnerysciu-tinklas\/?s={search_term_string}\"},\"query-input\":{\"@type\":\"PropertyValueSpecification\",\"valueRequired\":true,\"valueName\":\"search_term_string\"}}],\"inLanguage\":\"lt-LT\"}]}<\/script>\n<!-- \/ Yoast SEO plugin. -->","yoast_head_json":{"title":"Network Aspirations - Projektin\u0117s veiklos ir strategini\u0173 partnerys\u010di\u0173 tinklas","robots":{"index":"index","follow":"follow","max-snippet":"max-snippet:-1","max-image-preview":"max-image-preview:large","max-video-preview":"max-video-preview:-1"},"canonical":"https:\/\/lera.lt\/projektines-veiklos-ir-strateginiu-partnerysciu-tinklas\/en\/network-aspirations\/","og_locale":"lt_LT","og_type":"article","og_title":"Network Aspirations - Projektin\u0117s veiklos ir strategini\u0173 partnerys\u010di\u0173 tinklas","og_description":"To organise LERA2024 conference at Vilnius Tech University. TopParticipate in and organise LERA Education Forums. To cooperate with the Ministry of Education and Science, the Education and Science and Future Committees of the Seimas. To expand the network of social partners at national and international level, to sign a contract with partners. To participate in&hellip;","og_url":"https:\/\/lera.lt\/projektines-veiklos-ir-strateginiu-partnerysciu-tinklas\/en\/network-aspirations\/","og_site_name":"Projektin\u0117s veiklos ir strategini\u0173 partnerys\u010di\u0173 tinklas","article_modified_time":"2025-09-11T14:39:39+00:00","og_image":[{"url":"https:\/\/lera.lt\/projektines-veiklos-ir-strateginiu-partnerysciu-tinklas\/wp-content\/uploads\/sites\/20\/2025\/09\/stairs1_6x4.jpg","type":"","width":"","height":""}],"twitter_card":"summary_large_image","schema":{"@context":"https:\/\/schema.org","@graph":[{"@type":"WebPage","@id":"https:\/\/lera.lt\/projektines-veiklos-ir-strateginiu-partnerysciu-tinklas\/en\/network-aspirations\/","url":"https:\/\/lera.lt\/projektines-veiklos-ir-strateginiu-partnerysciu-tinklas\/en\/network-aspirations\/","name":"Network Aspirations - Projektin\u0117s veiklos ir strategini\u0173 partnerys\u010di\u0173 tinklas","isPartOf":{"@id":"https:\/\/lera.lt\/projektines-veiklos-ir-strateginiu-partnerysciu-tinklas\/#website"},"primaryImageOfPage":{"@id":"https:\/\/lera.lt\/projektines-veiklos-ir-strateginiu-partnerysciu-tinklas\/en\/network-aspirations\/#primaryimage"},"image":{"@id":"https:\/\/lera.lt\/projektines-veiklos-ir-strateginiu-partnerysciu-tinklas\/en\/network-aspirations\/#primaryimage"},"thumbnailUrl":"https:\/\/lera.lt\/projektines-veiklos-ir-strateginiu-partnerysciu-tinklas\/wp-content\/uploads\/sites\/20\/2025\/09\/stairs1_6x4.jpg","datePublished":"2025-08-20T11:36:54+00:00","dateModified":"2025-09-11T14:39:39+00:00","breadcrumb":{"@id":"https:\/\/lera.lt\/projektines-veiklos-ir-strateginiu-partnerysciu-tinklas\/en\/network-aspirations\/#breadcrumb"},"inLanguage":"lt-LT","potentialAction":[{"@type":"ReadAction","target":["https:\/\/lera.lt\/projektines-veiklos-ir-strateginiu-partnerysciu-tinklas\/en\/network-aspirations\/"]}]},{"@type":"ImageObject","inLanguage":"lt-LT","@id":"https:\/\/lera.lt\/projektines-veiklos-ir-strateginiu-partnerysciu-tinklas\/en\/network-aspirations\/#primaryimage","url":"https:\/\/lera.lt\/projektines-veiklos-ir-strateginiu-partnerysciu-tinklas\/wp-content\/uploads\/sites\/20\/2025\/09\/stairs1_6x4.jpg","contentUrl":"https:\/\/lera.lt\/projektines-veiklos-ir-strateginiu-partnerysciu-tinklas\/wp-content\/uploads\/sites\/20\/2025\/09\/stairs1_6x4.jpg","width":600,"height":400},{"@type":"BreadcrumbList","@id":"https:\/\/lera.lt\/projektines-veiklos-ir-strateginiu-partnerysciu-tinklas\/en\/network-aspirations\/#breadcrumb","itemListElement":[{"@type":"ListItem","position":1,"name":"Home","item":"https:\/\/lera.lt\/projektines-veiklos-ir-strateginiu-partnerysciu-tinklas\/"},{"@type":"ListItem","position":2,"name":"Network Aspirations"}]},{"@type":"WebSite","@id":"https:\/\/lera.lt\/projektines-veiklos-ir-strateginiu-partnerysciu-tinklas\/#website","url":"https:\/\/lera.lt\/projektines-veiklos-ir-strateginiu-partnerysciu-tinklas\/","name":"Projektin\u0117s veiklos ir strategini\u0173 partnerys\u010di\u0173 tinklas","description":"","potentialAction":[{"@type":"SearchAction","target":{"@type":"EntryPoint","urlTemplate":"https:\/\/lera.lt\/projektines-veiklos-ir-strateginiu-partnerysciu-tinklas\/?s={search_term_string}"},"query-input":{"@type":"PropertyValueSpecification","valueRequired":true,"valueName":"search_term_string"}}],"inLanguage":"lt-LT"}]}},"_links":{"self":[{"href":"https:\/\/lera.lt\/projektines-veiklos-ir-strateginiu-partnerysciu-tinklas\/wp-json\/wp\/v2\/pages\/676","targetHints":{"allow":["GET"]}}],"collection":[{"href":"https:\/\/lera.lt\/projektines-veiklos-ir-strateginiu-partnerysciu-tinklas\/wp-json\/wp\/v2\/pages"}],"about":[{"href":"https:\/\/lera.lt\/projektines-veiklos-ir-strateginiu-partnerysciu-tinklas\/wp-json\/wp\/v2\/types\/page"}],"author":[{"embeddable":true,"href":"https:\/\/lera.lt\/projektines-veiklos-ir-strateginiu-partnerysciu-tinklas\/wp-json\/wp\/v2\/users\/1"}],"replies":[{"embeddable":true,"href":"https:\/\/lera.lt\/projektines-veiklos-ir-strateginiu-partnerysciu-tinklas\/wp-json\/wp\/v2\/comments?post=676"}],"version-history":[{"count":4,"href":"https:\/\/lera.lt\/projektines-veiklos-ir-strateginiu-partnerysciu-tinklas\/wp-json\/wp\/v2\/pages\/676\/revisions"}],"predecessor-version":[{"id":850,"href":"https:\/\/lera.lt\/projektines-veiklos-ir-strateginiu-partnerysciu-tinklas\/wp-json\/wp\/v2\/pages\/676\/revisions\/850"}],"wp:attachment":[{"href":"https:\/\/lera.lt\/projektines-veiklos-ir-strateginiu-partnerysciu-tinklas\/wp-json\/wp\/v2\/media?parent=676"}],"curies":[{"name":"wp","href":"https:\/\/api.w.org\/{rel}","templated":true}]}}