{"id":591,"date":"2025-08-19T18:12:31","date_gmt":"2025-08-19T18:12:31","guid":{"rendered":"https:\/\/lera.lt\/projektines-veiklos-ir-strateginiu-partnerysciu-tinklas\/?page_id=591"},"modified":"2025-09-11T15:19:29","modified_gmt":"2025-09-11T15:19:29","slug":"tinklo-veiklos","status":"publish","type":"page","link":"https:\/\/lera.lt\/projektines-veiklos-ir-strateginiu-partnerysciu-tinklas\/tinklo-veiklos\/","title":{"rendered":"Tinklo veiklos"},"content":{"rendered":"\n\n\t\t\t\t\t<a href=\"#\"  id=\"fl-accordion--label-0\" tabindex=\"0\" aria-controls=\"fl-accordion--panel-0\">Tinklo veiklos 2024<\/a>\n\t\t\t\t\t\t\t\t\t\t\t<a href=\"#\" id=\"fl-accordion--icon-0\"  tabindex=\"0\"><i title=\"Collapse\">Collapse<\/i><\/a>\n<h3><strong>Tinklo veiklos 2024<\/strong><\/h3>\n\n<h3><strong>\u012egyvendintos Projektin\u0117s veiklos ir strategini\u0173 partnery\u0161\u010di\u0173 tinklo veiklos<\/strong><\/h3>\n<h3><strong>1. Projektin\u0117s veiklos ir strategini\u0173 partnerys\u010di\u0173 tinklo nariai dalyvavo LETA 2024 konferencijoje ir skait\u0117 \u0161iuos prane\u0161imus:<\/strong><\/h3>\na) <strong>VIRTUAL\u016aS MAINAI &#8211; GLOBALIOSIOS KOMPETENCIJOS UGDYMO(SI)<\/strong><br \/>\n<strong>GALIMYB\u0116S IR I\u0160\u0160\u016aKIAI <\/strong>(Loreta Chodzkien\u0117, Auks\u0117 Petru\u0161kevi\u010di\u016bt\u0117 (Vilniaus universitetas)).\n\t\t\t\t<img decoding=\"async\" src=\"https:\/\/lera.lt\/projektines-veiklos-ir-strateginiu-partnerysciu-tinklas\/wp-content\/uploads\/sites\/20\/2025\/08\/negotiation-3280305_640.jpg\" alt=\"negotiation-3280305_640\" itemprop=\"image\" height=\"267\" width=\"640\" title=\"negotiation-3280305_640\" onerror=\"this.style.display='none'\" loading=\"lazy\" srcset=\"https:\/\/lera.lt\/projektines-veiklos-ir-strateginiu-partnerysciu-tinklas\/wp-content\/uploads\/sites\/20\/2025\/08\/negotiation-3280305_640.jpg 640w, https:\/\/lera.lt\/projektines-veiklos-ir-strateginiu-partnerysciu-tinklas\/wp-content\/uploads\/sites\/20\/2025\/08\/negotiation-3280305_640-300x125.jpg 300w, https:\/\/lera.lt\/projektines-veiklos-ir-strateginiu-partnerysciu-tinklas\/wp-content\/uploads\/sites\/20\/2025\/08\/negotiation-3280305_640-600x250.jpg 600w\" sizes=\"auto, (max-width: 640px) 100vw, 640px\" \/>\n\t\t\t\t<img decoding=\"async\" src=\"https:\/\/lera.lt\/projektines-veiklos-ir-strateginiu-partnerysciu-tinklas\/wp-content\/uploads\/sites\/20\/2025\/08\/business-8941842_640-1.jpg\" alt=\"business-8941842_640-1\" itemprop=\"image\" height=\"359\" width=\"640\" title=\"business-8941842_640-1\" onerror=\"this.style.display='none'\" loading=\"lazy\" srcset=\"https:\/\/lera.lt\/projektines-veiklos-ir-strateginiu-partnerysciu-tinklas\/wp-content\/uploads\/sites\/20\/2025\/08\/business-8941842_640-1.jpg 640w, https:\/\/lera.lt\/projektines-veiklos-ir-strateginiu-partnerysciu-tinklas\/wp-content\/uploads\/sites\/20\/2025\/08\/business-8941842_640-1-300x168.jpg 300w, https:\/\/lera.lt\/projektines-veiklos-ir-strateginiu-partnerysciu-tinklas\/wp-content\/uploads\/sites\/20\/2025\/08\/business-8941842_640-1-600x337.jpg 600w\" sizes=\"auto, (max-width: 640px) 100vw, 640px\" \/>\n\t<p>b) <strong>EDUKACIJOS TYR\u0116J\u0172 TYRIMO METODOLOGIJ\u0172 MOKYMASIS <\/strong>(Aida Kairien\u0117 (Klaip\u0117dos universitetas)).<\/p>\nc) <strong>VIENINGO MOKYMOSI CIKLO MODELIO TAIKYMAS INTEGRALIEMS<\/strong><br \/>\n<strong>UGDYMO PROJEKTAMS KURTI <\/strong>(Natalija Ignatova (Kauno technologijos universitetas)).\nd) <strong>MOKINI\u0172 \u012eSITRAUKIMAS \u012e I\u0160TEKLI\u0172 K\u016aRIM\u0104 SKIRTINGAIS MOKYMOSI<\/strong><br \/>\n<strong>CIKLO ETAPAIS <\/strong>(Natalija Ignatova, Aldona Augustinien\u0117 (Kauno technologijos universitetas)).\ne) <strong>PEDAGOGINIAI MUZIKOS PANAUDOJIMO ASPEKTAI DIRBANT SU<\/strong><br \/>\n<strong>\u012eTRAUKI\u0172J\u0172 POREIKI\u0172 VAIKAIS<\/strong> (Elena Valiulien\u0117 (Lietuvos muzikos ir teatro akademija)).\nf) <strong>SKAITMENIN\u0116S TRANSFORMACIJOS VILNIAUS IR KAUNO GIMNAZIJOSE<\/strong><br \/>\n<strong>PILOTINIS TYRIMAS: GOOGLE ALBUS <\/strong>(Judita Kasperi\u016bnien\u0117 (Vytauto Did\u017eiojo universitetas), Vaida Masiulionyt\u0117 &#8211;<br \/>\nDagien\u0117 (Vilniaus universitetas), Valentina Dagien\u0117 (Vilniaus universitetas)).\ng) <strong>PIRMAKURSI\u0172 STUDENT\u0172 TECHNOLOGINIS RA\u0160TINGUMAS &#8211; NUO<\/strong><br \/>\n<strong>SISTEMI\u0160KUMO IKI ATIDUMO DETAL\u0116MS <\/strong>(Edita Butrim\u0117 (Lietuvos sveikatos moksl\u0173 universitetas), Judita Kasperi\u016bnien\u0117<br \/>\n(Vytauto Did\u017eiojo universitetas))\nh) <strong>SKAITMENIN\u0116S \u0160VIETIMO TRANSFORMACIJOS (\u201eEDTECH&#8221;) PROJEKTO<\/strong><br \/>\n<strong>PATIRTYS<\/strong> (Egl\u0117 Misi\u016bnait\u0117- Ba\u010diauskien\u0117 (Lietuvos sveikatos moksl\u0173 universitetas)).\ni) <strong>MUZIKINIO BENDRADARBIAVIMO DINAMIKA: B\u016aDAI IR GALIMYB\u0116S<\/strong><br \/>\n(Agn\u0117 Railait\u0117 Jurk\u016bnien\u0117 (Lietuvos muzikos ir teatro akademija)).\n\t\t\t\t<img decoding=\"async\" src=\"https:\/\/lera.lt\/projektines-veiklos-ir-strateginiu-partnerysciu-tinklas\/wp-content\/uploads\/sites\/20\/2025\/08\/office-620822_640.jpg\" alt=\"office-620822_640\" itemprop=\"image\" height=\"425\" width=\"640\" title=\"office-620822_640\" onerror=\"this.style.display='none'\" loading=\"lazy\" srcset=\"https:\/\/lera.lt\/projektines-veiklos-ir-strateginiu-partnerysciu-tinklas\/wp-content\/uploads\/sites\/20\/2025\/08\/office-620822_640.jpg 640w, https:\/\/lera.lt\/projektines-veiklos-ir-strateginiu-partnerysciu-tinklas\/wp-content\/uploads\/sites\/20\/2025\/08\/office-620822_640-300x199.jpg 300w, https:\/\/lera.lt\/projektines-veiklos-ir-strateginiu-partnerysciu-tinklas\/wp-content\/uploads\/sites\/20\/2025\/08\/office-620822_640-600x398.jpg 600w\" sizes=\"auto, (max-width: 640px) 100vw, 640px\" \/>\n\t<p>Apie LETA konferencij\u0105 skaitykite <a href=\"https:\/\/lera.lt\/leta-konferencijos\/leta-konferencija-2024\/\">\u010dia<\/a><\/p>\n<h3><strong>2. Projektin\u0117s veiklos ir strategini\u0173 partnerys\u010di\u0173 tinklas\u00a0 dalyvavo ir vykd\u0117 LMT paramos asociacijoms (LETAi) projekt\u0105. <\/strong><\/h3>\n<p><strong>Pla\u010diau skaitykite <\/strong><a href=\"https:\/\/lera.lt\/lietuvos-mokslo-tarybos-paramos-leta-projektas\/\"><strong>\u010dia<\/strong><\/a><\/p>\n<h3><strong>3<\/strong>. <strong>Projektin\u0117s veiklos ir strategini\u0173 parnerys\u010di\u0173 tinklas stiprino bendradarbiavim\u0105<\/strong><\/h3>\n<p>su \u0160vietimo, sporto ir mokslo ministerija, Latvijos ir Estijos edukacini\u0173 tyrim\u0173 asociacijomis, bei su kitomis Lietuvos asociacijomis. Palaikomas ry\u0161ys, kei\u010diamasi kvietimais \u012f renginius, konferencijas. LETA 2024 konferencijoje dalyvavo atstovai i\u0161 \u0160vietimo, sporto ir mokslo ministerijos bei\u00a0 prane\u0161\u0117jai i\u0161 kit\u0173 asociacij\u0173.<\/p>\n\t\t\t\t<img decoding=\"async\" src=\"https:\/\/lera.lt\/projektines-veiklos-ir-strateginiu-partnerysciu-tinklas\/wp-content\/uploads\/sites\/20\/2025\/08\/photo-9.jpg\" alt=\"photo-9\" itemprop=\"image\" height=\"400\" width=\"600\" title=\"photo-9\" onerror=\"this.style.display='none'\" loading=\"lazy\" srcset=\"https:\/\/lera.lt\/projektines-veiklos-ir-strateginiu-partnerysciu-tinklas\/wp-content\/uploads\/sites\/20\/2025\/08\/photo-9.jpg 600w, https:\/\/lera.lt\/projektines-veiklos-ir-strateginiu-partnerysciu-tinklas\/wp-content\/uploads\/sites\/20\/2025\/08\/photo-9-300x200.jpg 300w\" sizes=\"auto, (max-width: 600px) 100vw, 600px\" \/>\n<h3><strong>Tinklo veiklos 2024<\/strong><\/h3>\n1. Dalyvauti LETA 2024 konferencijoje.<br \/>\n2. Dalyvauti ir vykdyti LMT paramos asociacijoms (LETA) projekt\u0105.<br \/>\n3. Stiprinti LETA bendradarbiavim\u0105 su\u00a0 LR \u0160vietimo, mokslo ir sporto ministerija, partneryst\u0119 su Baltijos \u0161ali\u0173 Edukacini\u0173 tyrim\u0173 asociacijomis, \u00a0u\u017emegzti bendradarbiavimo ry\u0161ius su kitomis \u0161vietimo asociacijomis.\n\t\t\t\t\t<a href=\"#\"  id=\"fl-accordion--label-1\" tabindex=\"0\" aria-controls=\"fl-accordion--panel-1\">Tinklo veiklos 2023<\/a>\n\t\t\t\t\t\t\t\t\t\t\t<a href=\"#\" id=\"fl-accordion--icon-1\"  tabindex=\"0\"><i title=\"Expand\">Expand<\/i><\/a>\n\t\t\t\t<img decoding=\"async\" src=\"https:\/\/lera.lt\/projektines-veiklos-ir-strateginiu-partnerysciu-tinklas\/wp-content\/uploads\/sites\/20\/2025\/08\/photo-8_6x4.jpg\" alt=\"photo-8_6x4\" itemprop=\"image\" height=\"400\" width=\"600\" title=\"photo-8_6x4\" onerror=\"this.style.display='none'\" loading=\"lazy\" srcset=\"https:\/\/lera.lt\/projektines-veiklos-ir-strateginiu-partnerysciu-tinklas\/wp-content\/uploads\/sites\/20\/2025\/08\/photo-8_6x4.jpg 600w, https:\/\/lera.lt\/projektines-veiklos-ir-strateginiu-partnerysciu-tinklas\/wp-content\/uploads\/sites\/20\/2025\/08\/photo-8_6x4-300x200.jpg 300w\" sizes=\"auto, (max-width: 600px) 100vw, 600px\" \/>\n\t1. Tinklo nariai dalyvavo\u00a0 LETA 2023\u00a0 konferencijoje.<br \/>\n2. Tinklas inicijavo LETA\u00a0 bendradarbiavimo ry\u0161ius su \u0160vietimo, mokslo ir sporto\u00a0 ministerija bei LR Seimu.<br \/>\n3. Tinklas palaiko ry\u0161ius su\u00a0\u0160vietimo ir mokslo komitetu. LETA 2023 m. konferencijos\u00a0 dalyviams\u00a0 sveikinimo \u017eod\u012f tar\u0117 \u0160vietimo ir mokslo komiteto pirmininkas prof. dr. Art\u016bras \u017dukauskas.<br \/>\n4. 2023 m. spalio 30 d. surengtas LETA\u00a0 XXVIII Edukacijos forumas \u201eGyvenimo \u012fg\u016bd\u017ei\u0173 programa bendrojo ugdymo mokykloje: mokslin\u0117s prieigos&#8221;.\n\t\t\t\t\t<a href=\"#\"  id=\"fl-accordion--label-2\" tabindex=\"0\" aria-controls=\"fl-accordion--panel-2\">Tinklo veiklos 2022<\/a>\n\t\t\t\t\t\t\t\t\t\t\t<a href=\"#\" id=\"fl-accordion--icon-2\"  tabindex=\"0\"><i title=\"Expand\">Expand<\/i><\/a>\n\t\t\t\t<img decoding=\"async\" src=\"https:\/\/lera.lt\/projektines-veiklos-ir-strateginiu-partnerysciu-tinklas\/wp-content\/uploads\/sites\/20\/2025\/09\/business1_6x4.jpg\" alt=\"business1_6x4\" itemprop=\"image\" height=\"400\" width=\"600\" title=\"business1_6x4\" onerror=\"this.style.display='none'\" loading=\"lazy\" srcset=\"https:\/\/lera.lt\/projektines-veiklos-ir-strateginiu-partnerysciu-tinklas\/wp-content\/uploads\/sites\/20\/2025\/09\/business1_6x4.jpg 600w, https:\/\/lera.lt\/projektines-veiklos-ir-strateginiu-partnerysciu-tinklas\/wp-content\/uploads\/sites\/20\/2025\/09\/business1_6x4-300x200.jpg 300w\" sizes=\"auto, (max-width: 600px) 100vw, 600px\" \/>\n\t<ol>\n<li>Dalyvavimas \u0160MSM darbo grup\u0117se (\u0160vietimo pagalbos specialist\u0173 funkcij\u0173 per\u017ei\u016bra ir kt.).<\/li>\n<li>Dalyvavimas organizuojant VI-\u0105j\u0105 Lietuvos edukacini\u0173 tyrim\u0173 asociacijos konferencij\u0105 \u201e\u0160vietimo praktika ir tyrimai turbulentiniame pasaulyje&#8221;, skirt\u0105 Lietuvos universiteto 100-iui, Vytauto Did\u017eiojo universitetas \u0160vietimo akademija, 2022 m. spalio 13 &#8211; 14 d.<\/li>\n<li>Dalyvavimas atnaujinant ir teikiant informacij\u0105 LETA svetainei.<\/li>\n<li>Dalyvavimas LETA susitikimuose su \u0160vietimo, mokslo ir sporto ministerija, Seimo \u0161vietimo ir mokslo komitetu.<\/li>\n<li>Bendradarbiavimas su Seimo Ateities komitetu organizuojant \u0160vietimo tema Ateities komiteto pos\u0117d\u017eius ir Neformalaus Ateities forumo \u201eIntelektualinis Lietuvos savaranki\u0161kumas&#8221; diskusijas.<\/li>\n<li>Dalyvavimas LETA edukaciniuose forumuose (prane\u0161imai, dalyvavimas diskusijose, moderavimas).<\/li>\n<li>Tinklo nari\u0173 dalyvavimas ECER 2022 konferencijoje.<\/li>\n<li>Informacijos apie LETA veiklas sklaida.<\/li>\n<li>Dalyvavimas LETA valdybos veikloje.<\/li>\n<\/ol>\n\n","protected":false},"excerpt":{"rendered":"<p>Tinklo veiklos 2024 Collapse Tinklo veiklos 2024 \u012egyvendintos Projektin\u0117s veiklos ir strategini\u0173 partnery\u0161\u010di\u0173 tinklo veiklos 1. Projektin\u0117s veiklos ir strategini\u0173 partnerys\u010di\u0173 tinklo nariai dalyvavo LETA 2024 konferencijoje ir skait\u0117 \u0161iuos prane\u0161imus: a) VIRTUAL\u016aS MAINAI &#8211; GLOBALIOSIOS KOMPETENCIJOS UGDYMO(SI) GALIMYB\u0116S IR I\u0160\u0160\u016aKIAI (Loreta Chodzkien\u0117, Auks\u0117 Petru\u0161kevi\u010di\u016bt\u0117 (Vilniaus universitetas)). b) EDUKACIJOS TYR\u0116J\u0172 TYRIMO METODOLOGIJ\u0172 MOKYMASIS (Aida Kairien\u0117&hellip;<\/p>\n","protected":false},"author":1,"featured_media":0,"parent":0,"menu_order":0,"comment_status":"closed","ping_status":"closed","template":"","meta":{"footnotes":""},"class_list":["post-591","page","type-page","status-publish","hentry"],"yoast_head":"<!-- This site is optimized with the Yoast SEO plugin v25.7 - https:\/\/yoast.com\/wordpress\/plugins\/seo\/ -->\n<title>Tinklo veiklos - Projektin\u0117s veiklos ir strategini\u0173 partnerys\u010di\u0173 tinklas<\/title>\n<meta name=\"robots\" content=\"index, follow, max-snippet:-1, max-image-preview:large, max-video-preview:-1\" \/>\n<link rel=\"canonical\" href=\"https:\/\/lera.lt\/projektines-veiklos-ir-strateginiu-partnerysciu-tinklas\/tinklo-veiklos\/\" \/>\n<meta property=\"og:locale\" content=\"lt_LT\" \/>\n<meta property=\"og:type\" content=\"article\" \/>\n<meta property=\"og:title\" content=\"Tinklo veiklos - Projektin\u0117s veiklos ir strategini\u0173 partnerys\u010di\u0173 tinklas\" \/>\n<meta property=\"og:description\" content=\"Tinklo veiklos 2024 Collapse Tinklo veiklos 2024 \u012egyvendintos Projektin\u0117s veiklos ir strategini\u0173 partnery\u0161\u010di\u0173 tinklo veiklos 1. Projektin\u0117s veiklos ir strategini\u0173 partnerys\u010di\u0173 tinklo nariai dalyvavo LETA 2024 konferencijoje ir skait\u0117 \u0161iuos prane\u0161imus: a) VIRTUAL\u016aS MAINAI &#8211; GLOBALIOSIOS KOMPETENCIJOS UGDYMO(SI) GALIMYB\u0116S IR I\u0160\u0160\u016aKIAI (Loreta Chodzkien\u0117, Auks\u0117 Petru\u0161kevi\u010di\u016bt\u0117 (Vilniaus universitetas)). b) EDUKACIJOS TYR\u0116J\u0172 TYRIMO METODOLOGIJ\u0172 MOKYMASIS (Aida Kairien\u0117&hellip;\" \/>\n<meta property=\"og:url\" content=\"https:\/\/lera.lt\/projektines-veiklos-ir-strateginiu-partnerysciu-tinklas\/tinklo-veiklos\/\" \/>\n<meta property=\"og:site_name\" content=\"Projektin\u0117s veiklos ir strategini\u0173 partnerys\u010di\u0173 tinklas\" \/>\n<meta property=\"article:modified_time\" content=\"2025-09-11T15:19:29+00:00\" \/>\n<meta property=\"og:image\" content=\"https:\/\/lera.lt\/projektines-veiklos-ir-strateginiu-partnerysciu-tinklas\/wp-content\/uploads\/sites\/20\/2025\/08\/negotiation-3280305_640.jpg\" \/>\n<meta name=\"twitter:card\" content=\"summary_large_image\" \/>\n<meta name=\"twitter:label1\" content=\"Est. reading time\" \/>\n\t<meta name=\"twitter:data1\" content=\"4 minut\u0117s\" \/>\n<script type=\"application\/ld+json\" class=\"yoast-schema-graph\">{\"@context\":\"https:\/\/schema.org\",\"@graph\":[{\"@type\":\"WebPage\",\"@id\":\"https:\/\/lera.lt\/projektines-veiklos-ir-strateginiu-partnerysciu-tinklas\/tinklo-veiklos\/\",\"url\":\"https:\/\/lera.lt\/projektines-veiklos-ir-strateginiu-partnerysciu-tinklas\/tinklo-veiklos\/\",\"name\":\"Tinklo veiklos - Projektin\u0117s veiklos ir strategini\u0173 partnerys\u010di\u0173 tinklas\",\"isPartOf\":{\"@id\":\"https:\/\/lera.lt\/projektines-veiklos-ir-strateginiu-partnerysciu-tinklas\/#website\"},\"primaryImageOfPage\":{\"@id\":\"https:\/\/lera.lt\/projektines-veiklos-ir-strateginiu-partnerysciu-tinklas\/tinklo-veiklos\/#primaryimage\"},\"image\":{\"@id\":\"https:\/\/lera.lt\/projektines-veiklos-ir-strateginiu-partnerysciu-tinklas\/tinklo-veiklos\/#primaryimage\"},\"thumbnailUrl\":\"https:\/\/lera.lt\/projektines-veiklos-ir-strateginiu-partnerysciu-tinklas\/wp-content\/uploads\/sites\/20\/2025\/08\/negotiation-3280305_640.jpg\",\"datePublished\":\"2025-08-19T18:12:31+00:00\",\"dateModified\":\"2025-09-11T15:19:29+00:00\",\"breadcrumb\":{\"@id\":\"https:\/\/lera.lt\/projektines-veiklos-ir-strateginiu-partnerysciu-tinklas\/tinklo-veiklos\/#breadcrumb\"},\"inLanguage\":\"lt-LT\",\"potentialAction\":[{\"@type\":\"ReadAction\",\"target\":[\"https:\/\/lera.lt\/projektines-veiklos-ir-strateginiu-partnerysciu-tinklas\/tinklo-veiklos\/\"]}]},{\"@type\":\"ImageObject\",\"inLanguage\":\"lt-LT\",\"@id\":\"https:\/\/lera.lt\/projektines-veiklos-ir-strateginiu-partnerysciu-tinklas\/tinklo-veiklos\/#primaryimage\",\"url\":\"https:\/\/lera.lt\/projektines-veiklos-ir-strateginiu-partnerysciu-tinklas\/wp-content\/uploads\/sites\/20\/2025\/08\/negotiation-3280305_640.jpg\",\"contentUrl\":\"https:\/\/lera.lt\/projektines-veiklos-ir-strateginiu-partnerysciu-tinklas\/wp-content\/uploads\/sites\/20\/2025\/08\/negotiation-3280305_640.jpg\",\"width\":640,\"height\":267},{\"@type\":\"BreadcrumbList\",\"@id\":\"https:\/\/lera.lt\/projektines-veiklos-ir-strateginiu-partnerysciu-tinklas\/tinklo-veiklos\/#breadcrumb\",\"itemListElement\":[{\"@type\":\"ListItem\",\"position\":1,\"name\":\"Home\",\"item\":\"https:\/\/lera.lt\/projektines-veiklos-ir-strateginiu-partnerysciu-tinklas\/\"},{\"@type\":\"ListItem\",\"position\":2,\"name\":\"Tinklo veiklos\"}]},{\"@type\":\"WebSite\",\"@id\":\"https:\/\/lera.lt\/projektines-veiklos-ir-strateginiu-partnerysciu-tinklas\/#website\",\"url\":\"https:\/\/lera.lt\/projektines-veiklos-ir-strateginiu-partnerysciu-tinklas\/\",\"name\":\"Projektin\u0117s veiklos ir strategini\u0173 partnerys\u010di\u0173 tinklas\",\"description\":\"\",\"potentialAction\":[{\"@type\":\"SearchAction\",\"target\":{\"@type\":\"EntryPoint\",\"urlTemplate\":\"https:\/\/lera.lt\/projektines-veiklos-ir-strateginiu-partnerysciu-tinklas\/?s={search_term_string}\"},\"query-input\":{\"@type\":\"PropertyValueSpecification\",\"valueRequired\":true,\"valueName\":\"search_term_string\"}}],\"inLanguage\":\"lt-LT\"}]}<\/script>\n<!-- \/ Yoast SEO plugin. -->","yoast_head_json":{"title":"Tinklo veiklos - Projektin\u0117s veiklos ir strategini\u0173 partnerys\u010di\u0173 tinklas","robots":{"index":"index","follow":"follow","max-snippet":"max-snippet:-1","max-image-preview":"max-image-preview:large","max-video-preview":"max-video-preview:-1"},"canonical":"https:\/\/lera.lt\/projektines-veiklos-ir-strateginiu-partnerysciu-tinklas\/tinklo-veiklos\/","og_locale":"lt_LT","og_type":"article","og_title":"Tinklo veiklos - Projektin\u0117s veiklos ir strategini\u0173 partnerys\u010di\u0173 tinklas","og_description":"Tinklo veiklos 2024 Collapse Tinklo veiklos 2024 \u012egyvendintos Projektin\u0117s veiklos ir strategini\u0173 partnery\u0161\u010di\u0173 tinklo veiklos 1. Projektin\u0117s veiklos ir strategini\u0173 partnerys\u010di\u0173 tinklo nariai dalyvavo LETA 2024 konferencijoje ir skait\u0117 \u0161iuos prane\u0161imus: a) VIRTUAL\u016aS MAINAI &#8211; GLOBALIOSIOS KOMPETENCIJOS UGDYMO(SI) GALIMYB\u0116S IR I\u0160\u0160\u016aKIAI (Loreta Chodzkien\u0117, Auks\u0117 Petru\u0161kevi\u010di\u016bt\u0117 (Vilniaus universitetas)). b) EDUKACIJOS TYR\u0116J\u0172 TYRIMO METODOLOGIJ\u0172 MOKYMASIS (Aida Kairien\u0117&hellip;","og_url":"https:\/\/lera.lt\/projektines-veiklos-ir-strateginiu-partnerysciu-tinklas\/tinklo-veiklos\/","og_site_name":"Projektin\u0117s veiklos ir strategini\u0173 partnerys\u010di\u0173 tinklas","article_modified_time":"2025-09-11T15:19:29+00:00","og_image":[{"url":"https:\/\/lera.lt\/projektines-veiklos-ir-strateginiu-partnerysciu-tinklas\/wp-content\/uploads\/sites\/20\/2025\/08\/negotiation-3280305_640.jpg","type":"","width":"","height":""}],"twitter_card":"summary_large_image","twitter_misc":{"Est. reading time":"4 minut\u0117s"},"schema":{"@context":"https:\/\/schema.org","@graph":[{"@type":"WebPage","@id":"https:\/\/lera.lt\/projektines-veiklos-ir-strateginiu-partnerysciu-tinklas\/tinklo-veiklos\/","url":"https:\/\/lera.lt\/projektines-veiklos-ir-strateginiu-partnerysciu-tinklas\/tinklo-veiklos\/","name":"Tinklo veiklos - Projektin\u0117s veiklos ir strategini\u0173 partnerys\u010di\u0173 tinklas","isPartOf":{"@id":"https:\/\/lera.lt\/projektines-veiklos-ir-strateginiu-partnerysciu-tinklas\/#website"},"primaryImageOfPage":{"@id":"https:\/\/lera.lt\/projektines-veiklos-ir-strateginiu-partnerysciu-tinklas\/tinklo-veiklos\/#primaryimage"},"image":{"@id":"https:\/\/lera.lt\/projektines-veiklos-ir-strateginiu-partnerysciu-tinklas\/tinklo-veiklos\/#primaryimage"},"thumbnailUrl":"https:\/\/lera.lt\/projektines-veiklos-ir-strateginiu-partnerysciu-tinklas\/wp-content\/uploads\/sites\/20\/2025\/08\/negotiation-3280305_640.jpg","datePublished":"2025-08-19T18:12:31+00:00","dateModified":"2025-09-11T15:19:29+00:00","breadcrumb":{"@id":"https:\/\/lera.lt\/projektines-veiklos-ir-strateginiu-partnerysciu-tinklas\/tinklo-veiklos\/#breadcrumb"},"inLanguage":"lt-LT","potentialAction":[{"@type":"ReadAction","target":["https:\/\/lera.lt\/projektines-veiklos-ir-strateginiu-partnerysciu-tinklas\/tinklo-veiklos\/"]}]},{"@type":"ImageObject","inLanguage":"lt-LT","@id":"https:\/\/lera.lt\/projektines-veiklos-ir-strateginiu-partnerysciu-tinklas\/tinklo-veiklos\/#primaryimage","url":"https:\/\/lera.lt\/projektines-veiklos-ir-strateginiu-partnerysciu-tinklas\/wp-content\/uploads\/sites\/20\/2025\/08\/negotiation-3280305_640.jpg","contentUrl":"https:\/\/lera.lt\/projektines-veiklos-ir-strateginiu-partnerysciu-tinklas\/wp-content\/uploads\/sites\/20\/2025\/08\/negotiation-3280305_640.jpg","width":640,"height":267},{"@type":"BreadcrumbList","@id":"https:\/\/lera.lt\/projektines-veiklos-ir-strateginiu-partnerysciu-tinklas\/tinklo-veiklos\/#breadcrumb","itemListElement":[{"@type":"ListItem","position":1,"name":"Home","item":"https:\/\/lera.lt\/projektines-veiklos-ir-strateginiu-partnerysciu-tinklas\/"},{"@type":"ListItem","position":2,"name":"Tinklo veiklos"}]},{"@type":"WebSite","@id":"https:\/\/lera.lt\/projektines-veiklos-ir-strateginiu-partnerysciu-tinklas\/#website","url":"https:\/\/lera.lt\/projektines-veiklos-ir-strateginiu-partnerysciu-tinklas\/","name":"Projektin\u0117s veiklos ir strategini\u0173 partnerys\u010di\u0173 tinklas","description":"","potentialAction":[{"@type":"SearchAction","target":{"@type":"EntryPoint","urlTemplate":"https:\/\/lera.lt\/projektines-veiklos-ir-strateginiu-partnerysciu-tinklas\/?s={search_term_string}"},"query-input":{"@type":"PropertyValueSpecification","valueRequired":true,"valueName":"search_term_string"}}],"inLanguage":"lt-LT"}]}},"_links":{"self":[{"href":"https:\/\/lera.lt\/projektines-veiklos-ir-strateginiu-partnerysciu-tinklas\/wp-json\/wp\/v2\/pages\/591","targetHints":{"allow":["GET"]}}],"collection":[{"href":"https:\/\/lera.lt\/projektines-veiklos-ir-strateginiu-partnerysciu-tinklas\/wp-json\/wp\/v2\/pages"}],"about":[{"href":"https:\/\/lera.lt\/projektines-veiklos-ir-strateginiu-partnerysciu-tinklas\/wp-json\/wp\/v2\/types\/page"}],"author":[{"embeddable":true,"href":"https:\/\/lera.lt\/projektines-veiklos-ir-strateginiu-partnerysciu-tinklas\/wp-json\/wp\/v2\/users\/1"}],"replies":[{"embeddable":true,"href":"https:\/\/lera.lt\/projektines-veiklos-ir-strateginiu-partnerysciu-tinklas\/wp-json\/wp\/v2\/comments?post=591"}],"version-history":[{"count":24,"href":"https:\/\/lera.lt\/projektines-veiklos-ir-strateginiu-partnerysciu-tinklas\/wp-json\/wp\/v2\/pages\/591\/revisions"}],"predecessor-version":[{"id":885,"href":"https:\/\/lera.lt\/projektines-veiklos-ir-strateginiu-partnerysciu-tinklas\/wp-json\/wp\/v2\/pages\/591\/revisions\/885"}],"wp:attachment":[{"href":"https:\/\/lera.lt\/projektines-veiklos-ir-strateginiu-partnerysciu-tinklas\/wp-json\/wp\/v2\/media?parent=591"}],"curies":[{"name":"wp","href":"https:\/\/api.w.org\/{rel}","templated":true}]}}