{"id":584,"date":"2025-08-19T18:11:38","date_gmt":"2025-08-19T18:11:38","guid":{"rendered":"https:\/\/lera.lt\/projektines-veiklos-ir-strateginiu-partnerysciu-tinklas\/?page_id=584"},"modified":"2025-09-11T14:38:21","modified_gmt":"2025-09-11T14:38:21","slug":"tinklo-siekiai","status":"publish","type":"page","link":"https:\/\/lera.lt\/projektines-veiklos-ir-strateginiu-partnerysciu-tinklas\/tinklo-siekiai\/","title":{"rendered":"Tinklo siekiai"},"content":{"rendered":"\n\n\t\t\t\t<img decoding=\"async\" src=\"https:\/\/lera.lt\/projektines-veiklos-ir-strateginiu-partnerysciu-tinklas\/wp-content\/uploads\/sites\/20\/2025\/09\/stairs1_6x4.jpg\" alt=\"stairs1_6x4\" itemprop=\"image\" height=\"400\" width=\"600\" title=\"stairs1_6x4\" onerror=\"this.style.display='none'\" loading=\"lazy\" \/>\n\t<ol type=\"1\">\n<li>Organizuoti LETA 2024 konferencij\u0105\u00a0 Vilniaus Gedimino technikos universitete.<\/li>\n<li>Dalyvavauti ir organizuoti LETA Edukacinius forumus.<\/li>\n<li>Bendradarbiauti su \u0160MSM, Seimo \u0160vietimo ir mokslo bei Ateities komitetais.<\/li>\n<li>\u00a0Pl\u0117sti socialini\u0173 partneri\u0173 tinkl\u0105 nacionaliniu ir tarptautiniu lygmeniu,\u00a0 sudaryti bendradarbiavimo sutartis.<\/li>\n<li>Dalyvauti nacionalin\u0117se ir tarptautin\u0117se mokslin\u0117se konferencijose, kituose moksliniuose renginiuose.<\/li>\n<li>Skleisti informacij\u0105 apie\u00a0 tinklo\u00a0 veiklas LETA svetain\u0117je.<\/li>\n<li>Teikti\u00a0 LETAi aktuali\u0105 informacij\u0105.<\/li>\n<li>Dalyvauti LETA valdybos veikloje.<\/li>\n<\/ol>\n<p>&nbsp;<\/p>\n\n","protected":false},"excerpt":{"rendered":"<p>Organizuoti LETA 2024 konferencij\u0105\u00a0 Vilniaus Gedimino technikos universitete. Dalyvavauti ir organizuoti LETA Edukacinius forumus. Bendradarbiauti su \u0160MSM, Seimo \u0160vietimo ir mokslo bei Ateities komitetais. \u00a0Pl\u0117sti socialini\u0173 partneri\u0173 tinkl\u0105 nacionaliniu ir tarptautiniu lygmeniu,\u00a0 sudaryti bendradarbiavimo sutartis. Dalyvauti nacionalin\u0117se ir tarptautin\u0117se mokslin\u0117se konferencijose, kituose moksliniuose renginiuose. Skleisti informacij\u0105 apie\u00a0 tinklo\u00a0 veiklas LETA svetain\u0117je. Teikti\u00a0 LETAi aktuali\u0105 informacij\u0105.&hellip;<\/p>\n","protected":false},"author":1,"featured_media":0,"parent":0,"menu_order":0,"comment_status":"closed","ping_status":"closed","template":"","meta":{"footnotes":""},"class_list":["post-584","page","type-page","status-publish","hentry"],"yoast_head":"<!-- This site is optimized with the Yoast SEO plugin v25.7 - https:\/\/yoast.com\/wordpress\/plugins\/seo\/ -->\n<title>Tinklo siekiai - Projektin\u0117s veiklos ir strategini\u0173 partnerys\u010di\u0173 tinklas<\/title>\n<meta name=\"robots\" content=\"index, follow, max-snippet:-1, max-image-preview:large, max-video-preview:-1\" \/>\n<link rel=\"canonical\" href=\"https:\/\/lera.lt\/projektines-veiklos-ir-strateginiu-partnerysciu-tinklas\/tinklo-siekiai\/\" \/>\n<meta property=\"og:locale\" content=\"lt_LT\" \/>\n<meta property=\"og:type\" content=\"article\" \/>\n<meta property=\"og:title\" content=\"Tinklo siekiai - Projektin\u0117s veiklos ir strategini\u0173 partnerys\u010di\u0173 tinklas\" \/>\n<meta property=\"og:description\" content=\"Organizuoti LETA 2024 konferencij\u0105\u00a0 Vilniaus Gedimino technikos universitete. Dalyvavauti ir organizuoti LETA Edukacinius forumus. Bendradarbiauti su \u0160MSM, Seimo \u0160vietimo ir mokslo bei Ateities komitetais. \u00a0Pl\u0117sti socialini\u0173 partneri\u0173 tinkl\u0105 nacionaliniu ir tarptautiniu lygmeniu,\u00a0 sudaryti bendradarbiavimo sutartis. Dalyvauti nacionalin\u0117se ir tarptautin\u0117se mokslin\u0117se konferencijose, kituose moksliniuose renginiuose. Skleisti informacij\u0105 apie\u00a0 tinklo\u00a0 veiklas LETA svetain\u0117je. Teikti\u00a0 LETAi aktuali\u0105 informacij\u0105.&hellip;\" \/>\n<meta property=\"og:url\" content=\"https:\/\/lera.lt\/projektines-veiklos-ir-strateginiu-partnerysciu-tinklas\/tinklo-siekiai\/\" \/>\n<meta property=\"og:site_name\" content=\"Projektin\u0117s veiklos ir strategini\u0173 partnerys\u010di\u0173 tinklas\" \/>\n<meta property=\"article:modified_time\" content=\"2025-09-11T14:38:21+00:00\" \/>\n<meta property=\"og:image\" content=\"https:\/\/lera.lt\/projektines-veiklos-ir-strateginiu-partnerysciu-tinklas\/wp-content\/uploads\/sites\/20\/2025\/09\/stairs1_6x4.jpg\" \/>\n<meta name=\"twitter:card\" content=\"summary_large_image\" \/>\n<script type=\"application\/ld+json\" class=\"yoast-schema-graph\">{\"@context\":\"https:\/\/schema.org\",\"@graph\":[{\"@type\":\"WebPage\",\"@id\":\"https:\/\/lera.lt\/projektines-veiklos-ir-strateginiu-partnerysciu-tinklas\/tinklo-siekiai\/\",\"url\":\"https:\/\/lera.lt\/projektines-veiklos-ir-strateginiu-partnerysciu-tinklas\/tinklo-siekiai\/\",\"name\":\"Tinklo siekiai - Projektin\u0117s veiklos ir strategini\u0173 partnerys\u010di\u0173 tinklas\",\"isPartOf\":{\"@id\":\"https:\/\/lera.lt\/projektines-veiklos-ir-strateginiu-partnerysciu-tinklas\/#website\"},\"primaryImageOfPage\":{\"@id\":\"https:\/\/lera.lt\/projektines-veiklos-ir-strateginiu-partnerysciu-tinklas\/tinklo-siekiai\/#primaryimage\"},\"image\":{\"@id\":\"https:\/\/lera.lt\/projektines-veiklos-ir-strateginiu-partnerysciu-tinklas\/tinklo-siekiai\/#primaryimage\"},\"thumbnailUrl\":\"https:\/\/lera.lt\/projektines-veiklos-ir-strateginiu-partnerysciu-tinklas\/wp-content\/uploads\/sites\/20\/2025\/09\/stairs1_6x4.jpg\",\"datePublished\":\"2025-08-19T18:11:38+00:00\",\"dateModified\":\"2025-09-11T14:38:21+00:00\",\"breadcrumb\":{\"@id\":\"https:\/\/lera.lt\/projektines-veiklos-ir-strateginiu-partnerysciu-tinklas\/tinklo-siekiai\/#breadcrumb\"},\"inLanguage\":\"lt-LT\",\"potentialAction\":[{\"@type\":\"ReadAction\",\"target\":[\"https:\/\/lera.lt\/projektines-veiklos-ir-strateginiu-partnerysciu-tinklas\/tinklo-siekiai\/\"]}]},{\"@type\":\"ImageObject\",\"inLanguage\":\"lt-LT\",\"@id\":\"https:\/\/lera.lt\/projektines-veiklos-ir-strateginiu-partnerysciu-tinklas\/tinklo-siekiai\/#primaryimage\",\"url\":\"https:\/\/lera.lt\/projektines-veiklos-ir-strateginiu-partnerysciu-tinklas\/wp-content\/uploads\/sites\/20\/2025\/09\/stairs1_6x4.jpg\",\"contentUrl\":\"https:\/\/lera.lt\/projektines-veiklos-ir-strateginiu-partnerysciu-tinklas\/wp-content\/uploads\/sites\/20\/2025\/09\/stairs1_6x4.jpg\",\"width\":600,\"height\":400},{\"@type\":\"BreadcrumbList\",\"@id\":\"https:\/\/lera.lt\/projektines-veiklos-ir-strateginiu-partnerysciu-tinklas\/tinklo-siekiai\/#breadcrumb\",\"itemListElement\":[{\"@type\":\"ListItem\",\"position\":1,\"name\":\"Home\",\"item\":\"https:\/\/lera.lt\/projektines-veiklos-ir-strateginiu-partnerysciu-tinklas\/\"},{\"@type\":\"ListItem\",\"position\":2,\"name\":\"Tinklo siekiai\"}]},{\"@type\":\"WebSite\",\"@id\":\"https:\/\/lera.lt\/projektines-veiklos-ir-strateginiu-partnerysciu-tinklas\/#website\",\"url\":\"https:\/\/lera.lt\/projektines-veiklos-ir-strateginiu-partnerysciu-tinklas\/\",\"name\":\"Projektin\u0117s veiklos ir strategini\u0173 partnerys\u010di\u0173 tinklas\",\"description\":\"\",\"potentialAction\":[{\"@type\":\"SearchAction\",\"target\":{\"@type\":\"EntryPoint\",\"urlTemplate\":\"https:\/\/lera.lt\/projektines-veiklos-ir-strateginiu-partnerysciu-tinklas\/?s={search_term_string}\"},\"query-input\":{\"@type\":\"PropertyValueSpecification\",\"valueRequired\":true,\"valueName\":\"search_term_string\"}}],\"inLanguage\":\"lt-LT\"}]}<\/script>\n<!-- \/ Yoast SEO plugin. -->","yoast_head_json":{"title":"Tinklo siekiai - Projektin\u0117s veiklos ir strategini\u0173 partnerys\u010di\u0173 tinklas","robots":{"index":"index","follow":"follow","max-snippet":"max-snippet:-1","max-image-preview":"max-image-preview:large","max-video-preview":"max-video-preview:-1"},"canonical":"https:\/\/lera.lt\/projektines-veiklos-ir-strateginiu-partnerysciu-tinklas\/tinklo-siekiai\/","og_locale":"lt_LT","og_type":"article","og_title":"Tinklo siekiai - Projektin\u0117s veiklos ir strategini\u0173 partnerys\u010di\u0173 tinklas","og_description":"Organizuoti LETA 2024 konferencij\u0105\u00a0 Vilniaus Gedimino technikos universitete. Dalyvavauti ir organizuoti LETA Edukacinius forumus. Bendradarbiauti su \u0160MSM, Seimo \u0160vietimo ir mokslo bei Ateities komitetais. \u00a0Pl\u0117sti socialini\u0173 partneri\u0173 tinkl\u0105 nacionaliniu ir tarptautiniu lygmeniu,\u00a0 sudaryti bendradarbiavimo sutartis. Dalyvauti nacionalin\u0117se ir tarptautin\u0117se mokslin\u0117se konferencijose, kituose moksliniuose renginiuose. Skleisti informacij\u0105 apie\u00a0 tinklo\u00a0 veiklas LETA svetain\u0117je. Teikti\u00a0 LETAi aktuali\u0105 informacij\u0105.&hellip;","og_url":"https:\/\/lera.lt\/projektines-veiklos-ir-strateginiu-partnerysciu-tinklas\/tinklo-siekiai\/","og_site_name":"Projektin\u0117s veiklos ir strategini\u0173 partnerys\u010di\u0173 tinklas","article_modified_time":"2025-09-11T14:38:21+00:00","og_image":[{"url":"https:\/\/lera.lt\/projektines-veiklos-ir-strateginiu-partnerysciu-tinklas\/wp-content\/uploads\/sites\/20\/2025\/09\/stairs1_6x4.jpg","type":"","width":"","height":""}],"twitter_card":"summary_large_image","schema":{"@context":"https:\/\/schema.org","@graph":[{"@type":"WebPage","@id":"https:\/\/lera.lt\/projektines-veiklos-ir-strateginiu-partnerysciu-tinklas\/tinklo-siekiai\/","url":"https:\/\/lera.lt\/projektines-veiklos-ir-strateginiu-partnerysciu-tinklas\/tinklo-siekiai\/","name":"Tinklo siekiai - Projektin\u0117s veiklos ir strategini\u0173 partnerys\u010di\u0173 tinklas","isPartOf":{"@id":"https:\/\/lera.lt\/projektines-veiklos-ir-strateginiu-partnerysciu-tinklas\/#website"},"primaryImageOfPage":{"@id":"https:\/\/lera.lt\/projektines-veiklos-ir-strateginiu-partnerysciu-tinklas\/tinklo-siekiai\/#primaryimage"},"image":{"@id":"https:\/\/lera.lt\/projektines-veiklos-ir-strateginiu-partnerysciu-tinklas\/tinklo-siekiai\/#primaryimage"},"thumbnailUrl":"https:\/\/lera.lt\/projektines-veiklos-ir-strateginiu-partnerysciu-tinklas\/wp-content\/uploads\/sites\/20\/2025\/09\/stairs1_6x4.jpg","datePublished":"2025-08-19T18:11:38+00:00","dateModified":"2025-09-11T14:38:21+00:00","breadcrumb":{"@id":"https:\/\/lera.lt\/projektines-veiklos-ir-strateginiu-partnerysciu-tinklas\/tinklo-siekiai\/#breadcrumb"},"inLanguage":"lt-LT","potentialAction":[{"@type":"ReadAction","target":["https:\/\/lera.lt\/projektines-veiklos-ir-strateginiu-partnerysciu-tinklas\/tinklo-siekiai\/"]}]},{"@type":"ImageObject","inLanguage":"lt-LT","@id":"https:\/\/lera.lt\/projektines-veiklos-ir-strateginiu-partnerysciu-tinklas\/tinklo-siekiai\/#primaryimage","url":"https:\/\/lera.lt\/projektines-veiklos-ir-strateginiu-partnerysciu-tinklas\/wp-content\/uploads\/sites\/20\/2025\/09\/stairs1_6x4.jpg","contentUrl":"https:\/\/lera.lt\/projektines-veiklos-ir-strateginiu-partnerysciu-tinklas\/wp-content\/uploads\/sites\/20\/2025\/09\/stairs1_6x4.jpg","width":600,"height":400},{"@type":"BreadcrumbList","@id":"https:\/\/lera.lt\/projektines-veiklos-ir-strateginiu-partnerysciu-tinklas\/tinklo-siekiai\/#breadcrumb","itemListElement":[{"@type":"ListItem","position":1,"name":"Home","item":"https:\/\/lera.lt\/projektines-veiklos-ir-strateginiu-partnerysciu-tinklas\/"},{"@type":"ListItem","position":2,"name":"Tinklo siekiai"}]},{"@type":"WebSite","@id":"https:\/\/lera.lt\/projektines-veiklos-ir-strateginiu-partnerysciu-tinklas\/#website","url":"https:\/\/lera.lt\/projektines-veiklos-ir-strateginiu-partnerysciu-tinklas\/","name":"Projektin\u0117s veiklos ir strategini\u0173 partnerys\u010di\u0173 tinklas","description":"","potentialAction":[{"@type":"SearchAction","target":{"@type":"EntryPoint","urlTemplate":"https:\/\/lera.lt\/projektines-veiklos-ir-strateginiu-partnerysciu-tinklas\/?s={search_term_string}"},"query-input":{"@type":"PropertyValueSpecification","valueRequired":true,"valueName":"search_term_string"}}],"inLanguage":"lt-LT"}]}},"_links":{"self":[{"href":"https:\/\/lera.lt\/projektines-veiklos-ir-strateginiu-partnerysciu-tinklas\/wp-json\/wp\/v2\/pages\/584","targetHints":{"allow":["GET"]}}],"collection":[{"href":"https:\/\/lera.lt\/projektines-veiklos-ir-strateginiu-partnerysciu-tinklas\/wp-json\/wp\/v2\/pages"}],"about":[{"href":"https:\/\/lera.lt\/projektines-veiklos-ir-strateginiu-partnerysciu-tinklas\/wp-json\/wp\/v2\/types\/page"}],"author":[{"embeddable":true,"href":"https:\/\/lera.lt\/projektines-veiklos-ir-strateginiu-partnerysciu-tinklas\/wp-json\/wp\/v2\/users\/1"}],"replies":[{"embeddable":true,"href":"https:\/\/lera.lt\/projektines-veiklos-ir-strateginiu-partnerysciu-tinklas\/wp-json\/wp\/v2\/comments?post=584"}],"version-history":[{"count":10,"href":"https:\/\/lera.lt\/projektines-veiklos-ir-strateginiu-partnerysciu-tinklas\/wp-json\/wp\/v2\/pages\/584\/revisions"}],"predecessor-version":[{"id":849,"href":"https:\/\/lera.lt\/projektines-veiklos-ir-strateginiu-partnerysciu-tinklas\/wp-json\/wp\/v2\/pages\/584\/revisions\/849"}],"wp:attachment":[{"href":"https:\/\/lera.lt\/projektines-veiklos-ir-strateginiu-partnerysciu-tinklas\/wp-json\/wp\/v2\/media?parent=584"}],"curies":[{"name":"wp","href":"https:\/\/api.w.org\/{rel}","templated":true}]}}