{"id":584,"date":"2025-08-19T18:11:38","date_gmt":"2025-08-19T18:11:38","guid":{"rendered":"https:\/\/lera.lt\/pedagogu-rengimo-ir-profesinio-tobulejimo-tinklas\/?page_id=584"},"modified":"2025-09-11T13:20:05","modified_gmt":"2025-09-11T13:20:05","slug":"tinklo-siekiai","status":"publish","type":"page","link":"https:\/\/lera.lt\/pedagogu-rengimo-ir-profesinio-tobulejimo-tinklas\/tinklo-siekiai\/","title":{"rendered":"Tinklo siekiai"},"content":{"rendered":"\n\n\t<ol type=\"1\">\n<li>Organizuoti sekcij\u0105 VIII LETA konferencijoje, pristatant tyrim\u0173 rezultatus ir pl\u0117tojant diskusij\u0105 Pedagog\u0173 rengimo ir Pedagog\u0173 profesinio tobul\u0117jimo tematikoje.<\/li>\n<li>Pristatyti bent vien\u0105 tyrim\u0105 LETA svetain\u0117je Tyrimo blyks\u010di\u0173 skiltyje.<\/li>\n<li>Organizuoti Edukacin\u012f forum\u0105, skirt\u0105 Pedagog\u0173 rengimo ir profesinio tobul\u0117jimo problematikai aptarti.<\/li>\n<li>U\u017etikrinti \u0160vietimo, mokslo ir sporto ministerijos sudarytos darbo grup\u0117s &#8222;D\u0117l darbo grup\u0117s pedagog\u0173 rengimo modeliui atnaujinti sudarymo&#8221; veiklos rezultat\u0173 sklaid\u0105.<\/li>\n<li>I\u0161gryninti dviej\u0173 sujungt\u0173 tinkl\u0173 (Pedagog\u0173 rengimo ir Pedagog\u0173 profesinio tobul\u0117jimo) interes\u0173 bei veiklos kryptis.<\/li>\n<li>Atstovauti (prane\u0161imai, publikacijos, forumai, diskusijos) tinklo problematik\u0105 teoriniuose, politiniuose bei praktiniuose kontekstuose.<\/li>\n<\/ol>\n\n","protected":false},"excerpt":{"rendered":"<p>Organizuoti sekcij\u0105 VIII LETA konferencijoje, pristatant tyrim\u0173 rezultatus ir pl\u0117tojant diskusij\u0105 Pedagog\u0173 rengimo ir Pedagog\u0173 profesinio tobul\u0117jimo tematikoje. Pristatyti bent vien\u0105 tyrim\u0105 LETA svetain\u0117je Tyrimo blyks\u010di\u0173 skiltyje. Organizuoti Edukacin\u012f forum\u0105, skirt\u0105 Pedagog\u0173 rengimo ir profesinio tobul\u0117jimo problematikai aptarti. U\u017etikrinti \u0160vietimo, mokslo ir sporto ministerijos sudarytos darbo grup\u0117s &#8222;D\u0117l darbo grup\u0117s pedagog\u0173 rengimo modeliui atnaujinti sudarymo&#8221;&hellip;<\/p>\n","protected":false},"author":1,"featured_media":0,"parent":0,"menu_order":0,"comment_status":"closed","ping_status":"closed","template":"","meta":{"footnotes":""},"class_list":["post-584","page","type-page","status-publish","hentry"],"yoast_head":"<!-- This site is optimized with the Yoast SEO plugin v25.7 - https:\/\/yoast.com\/wordpress\/plugins\/seo\/ -->\n<title>Tinklo siekiai - Pedagog\u0173 rengimo ir profesinio tobul\u0117jimo tinklas<\/title>\n<meta name=\"robots\" content=\"index, follow, max-snippet:-1, max-image-preview:large, max-video-preview:-1\" \/>\n<link rel=\"canonical\" href=\"https:\/\/lera.lt\/pedagogu-rengimo-ir-profesinio-tobulejimo-tinklas\/tinklo-siekiai\/\" \/>\n<meta property=\"og:locale\" content=\"lt_LT\" \/>\n<meta property=\"og:type\" content=\"article\" \/>\n<meta property=\"og:title\" content=\"Tinklo siekiai - Pedagog\u0173 rengimo ir profesinio tobul\u0117jimo tinklas\" \/>\n<meta property=\"og:description\" content=\"Organizuoti sekcij\u0105 VIII LETA konferencijoje, pristatant tyrim\u0173 rezultatus ir pl\u0117tojant diskusij\u0105 Pedagog\u0173 rengimo ir Pedagog\u0173 profesinio tobul\u0117jimo tematikoje. Pristatyti bent vien\u0105 tyrim\u0105 LETA svetain\u0117je Tyrimo blyks\u010di\u0173 skiltyje. Organizuoti Edukacin\u012f forum\u0105, skirt\u0105 Pedagog\u0173 rengimo ir profesinio tobul\u0117jimo problematikai aptarti. U\u017etikrinti \u0160vietimo, mokslo ir sporto ministerijos sudarytos darbo grup\u0117s &#8222;D\u0117l darbo grup\u0117s pedagog\u0173 rengimo modeliui atnaujinti sudarymo&#8221;&hellip;\" \/>\n<meta property=\"og:url\" content=\"https:\/\/lera.lt\/pedagogu-rengimo-ir-profesinio-tobulejimo-tinklas\/tinklo-siekiai\/\" \/>\n<meta property=\"og:site_name\" content=\"Pedagog\u0173 rengimo ir profesinio tobul\u0117jimo tinklas\" \/>\n<meta property=\"article:modified_time\" content=\"2025-09-11T13:20:05+00:00\" \/>\n<meta name=\"twitter:card\" content=\"summary_large_image\" \/>\n<script type=\"application\/ld+json\" class=\"yoast-schema-graph\">{\"@context\":\"https:\/\/schema.org\",\"@graph\":[{\"@type\":\"WebPage\",\"@id\":\"https:\/\/lera.lt\/pedagogu-rengimo-ir-profesinio-tobulejimo-tinklas\/tinklo-siekiai\/\",\"url\":\"https:\/\/lera.lt\/pedagogu-rengimo-ir-profesinio-tobulejimo-tinklas\/tinklo-siekiai\/\",\"name\":\"Tinklo siekiai - Pedagog\u0173 rengimo ir profesinio tobul\u0117jimo tinklas\",\"isPartOf\":{\"@id\":\"https:\/\/lera.lt\/pedagogu-rengimo-ir-profesinio-tobulejimo-tinklas\/#website\"},\"datePublished\":\"2025-08-19T18:11:38+00:00\",\"dateModified\":\"2025-09-11T13:20:05+00:00\",\"breadcrumb\":{\"@id\":\"https:\/\/lera.lt\/pedagogu-rengimo-ir-profesinio-tobulejimo-tinklas\/tinklo-siekiai\/#breadcrumb\"},\"inLanguage\":\"lt-LT\",\"potentialAction\":[{\"@type\":\"ReadAction\",\"target\":[\"https:\/\/lera.lt\/pedagogu-rengimo-ir-profesinio-tobulejimo-tinklas\/tinklo-siekiai\/\"]}]},{\"@type\":\"BreadcrumbList\",\"@id\":\"https:\/\/lera.lt\/pedagogu-rengimo-ir-profesinio-tobulejimo-tinklas\/tinklo-siekiai\/#breadcrumb\",\"itemListElement\":[{\"@type\":\"ListItem\",\"position\":1,\"name\":\"Home\",\"item\":\"https:\/\/lera.lt\/pedagogu-rengimo-ir-profesinio-tobulejimo-tinklas\/\"},{\"@type\":\"ListItem\",\"position\":2,\"name\":\"Tinklo siekiai\"}]},{\"@type\":\"WebSite\",\"@id\":\"https:\/\/lera.lt\/pedagogu-rengimo-ir-profesinio-tobulejimo-tinklas\/#website\",\"url\":\"https:\/\/lera.lt\/pedagogu-rengimo-ir-profesinio-tobulejimo-tinklas\/\",\"name\":\"Pedagog\u0173 rengimo ir profesinio tobul\u0117jimo tinklas\",\"description\":\"\",\"potentialAction\":[{\"@type\":\"SearchAction\",\"target\":{\"@type\":\"EntryPoint\",\"urlTemplate\":\"https:\/\/lera.lt\/pedagogu-rengimo-ir-profesinio-tobulejimo-tinklas\/?s={search_term_string}\"},\"query-input\":{\"@type\":\"PropertyValueSpecification\",\"valueRequired\":true,\"valueName\":\"search_term_string\"}}],\"inLanguage\":\"lt-LT\"}]}<\/script>\n<!-- \/ Yoast SEO plugin. -->","yoast_head_json":{"title":"Tinklo siekiai - Pedagog\u0173 rengimo ir profesinio tobul\u0117jimo tinklas","robots":{"index":"index","follow":"follow","max-snippet":"max-snippet:-1","max-image-preview":"max-image-preview:large","max-video-preview":"max-video-preview:-1"},"canonical":"https:\/\/lera.lt\/pedagogu-rengimo-ir-profesinio-tobulejimo-tinklas\/tinklo-siekiai\/","og_locale":"lt_LT","og_type":"article","og_title":"Tinklo siekiai - Pedagog\u0173 rengimo ir profesinio tobul\u0117jimo tinklas","og_description":"Organizuoti sekcij\u0105 VIII LETA konferencijoje, pristatant tyrim\u0173 rezultatus ir pl\u0117tojant diskusij\u0105 Pedagog\u0173 rengimo ir Pedagog\u0173 profesinio tobul\u0117jimo tematikoje. Pristatyti bent vien\u0105 tyrim\u0105 LETA svetain\u0117je Tyrimo blyks\u010di\u0173 skiltyje. Organizuoti Edukacin\u012f forum\u0105, skirt\u0105 Pedagog\u0173 rengimo ir profesinio tobul\u0117jimo problematikai aptarti. U\u017etikrinti \u0160vietimo, mokslo ir sporto ministerijos sudarytos darbo grup\u0117s &#8222;D\u0117l darbo grup\u0117s pedagog\u0173 rengimo modeliui atnaujinti sudarymo&#8221;&hellip;","og_url":"https:\/\/lera.lt\/pedagogu-rengimo-ir-profesinio-tobulejimo-tinklas\/tinklo-siekiai\/","og_site_name":"Pedagog\u0173 rengimo ir profesinio tobul\u0117jimo tinklas","article_modified_time":"2025-09-11T13:20:05+00:00","twitter_card":"summary_large_image","schema":{"@context":"https:\/\/schema.org","@graph":[{"@type":"WebPage","@id":"https:\/\/lera.lt\/pedagogu-rengimo-ir-profesinio-tobulejimo-tinklas\/tinklo-siekiai\/","url":"https:\/\/lera.lt\/pedagogu-rengimo-ir-profesinio-tobulejimo-tinklas\/tinklo-siekiai\/","name":"Tinklo siekiai - Pedagog\u0173 rengimo ir profesinio tobul\u0117jimo tinklas","isPartOf":{"@id":"https:\/\/lera.lt\/pedagogu-rengimo-ir-profesinio-tobulejimo-tinklas\/#website"},"datePublished":"2025-08-19T18:11:38+00:00","dateModified":"2025-09-11T13:20:05+00:00","breadcrumb":{"@id":"https:\/\/lera.lt\/pedagogu-rengimo-ir-profesinio-tobulejimo-tinklas\/tinklo-siekiai\/#breadcrumb"},"inLanguage":"lt-LT","potentialAction":[{"@type":"ReadAction","target":["https:\/\/lera.lt\/pedagogu-rengimo-ir-profesinio-tobulejimo-tinklas\/tinklo-siekiai\/"]}]},{"@type":"BreadcrumbList","@id":"https:\/\/lera.lt\/pedagogu-rengimo-ir-profesinio-tobulejimo-tinklas\/tinklo-siekiai\/#breadcrumb","itemListElement":[{"@type":"ListItem","position":1,"name":"Home","item":"https:\/\/lera.lt\/pedagogu-rengimo-ir-profesinio-tobulejimo-tinklas\/"},{"@type":"ListItem","position":2,"name":"Tinklo siekiai"}]},{"@type":"WebSite","@id":"https:\/\/lera.lt\/pedagogu-rengimo-ir-profesinio-tobulejimo-tinklas\/#website","url":"https:\/\/lera.lt\/pedagogu-rengimo-ir-profesinio-tobulejimo-tinklas\/","name":"Pedagog\u0173 rengimo ir profesinio tobul\u0117jimo tinklas","description":"","potentialAction":[{"@type":"SearchAction","target":{"@type":"EntryPoint","urlTemplate":"https:\/\/lera.lt\/pedagogu-rengimo-ir-profesinio-tobulejimo-tinklas\/?s={search_term_string}"},"query-input":{"@type":"PropertyValueSpecification","valueRequired":true,"valueName":"search_term_string"}}],"inLanguage":"lt-LT"}]}},"_links":{"self":[{"href":"https:\/\/lera.lt\/pedagogu-rengimo-ir-profesinio-tobulejimo-tinklas\/wp-json\/wp\/v2\/pages\/584","targetHints":{"allow":["GET"]}}],"collection":[{"href":"https:\/\/lera.lt\/pedagogu-rengimo-ir-profesinio-tobulejimo-tinklas\/wp-json\/wp\/v2\/pages"}],"about":[{"href":"https:\/\/lera.lt\/pedagogu-rengimo-ir-profesinio-tobulejimo-tinklas\/wp-json\/wp\/v2\/types\/page"}],"author":[{"embeddable":true,"href":"https:\/\/lera.lt\/pedagogu-rengimo-ir-profesinio-tobulejimo-tinklas\/wp-json\/wp\/v2\/users\/1"}],"replies":[{"embeddable":true,"href":"https:\/\/lera.lt\/pedagogu-rengimo-ir-profesinio-tobulejimo-tinklas\/wp-json\/wp\/v2\/comments?post=584"}],"version-history":[{"count":9,"href":"https:\/\/lera.lt\/pedagogu-rengimo-ir-profesinio-tobulejimo-tinklas\/wp-json\/wp\/v2\/pages\/584\/revisions"}],"predecessor-version":[{"id":850,"href":"https:\/\/lera.lt\/pedagogu-rengimo-ir-profesinio-tobulejimo-tinklas\/wp-json\/wp\/v2\/pages\/584\/revisions\/850"}],"wp:attachment":[{"href":"https:\/\/lera.lt\/pedagogu-rengimo-ir-profesinio-tobulejimo-tinklas\/wp-json\/wp\/v2\/media?parent=584"}],"curies":[{"name":"wp","href":"https:\/\/api.w.org\/{rel}","templated":true}]}}