{"id":835,"date":"2025-09-11T10:28:05","date_gmt":"2025-09-11T10:28:05","guid":{"rendered":"https:\/\/lera.lt\/mokymosi-visa-gyvenima-tinklas\/?page_id=835"},"modified":"2025-09-11T10:31:27","modified_gmt":"2025-09-11T10:31:27","slug":"naudinga-informacija","status":"publish","type":"page","link":"https:\/\/lera.lt\/mokymosi-visa-gyvenima-tinklas\/naudinga-informacija\/","title":{"rendered":"Naudinga informacija"},"content":{"rendered":"\n\n\t\t\t\t<img decoding=\"async\" src=\"https:\/\/lera.lt\/mokymosi-visa-gyvenima-tinklas\/wp-content\/uploads\/sites\/17\/2025\/09\/download.png\" alt=\"download\" itemprop=\"image\" height=\"168\" width=\"300\" title=\"download\" onerror=\"this.style.display='none'\" loading=\"lazy\" \/>\n\t<h3><strong><a href=\"https:\/\/lera.lt\/mokymosi-visa-gyvenima-tinklas\/wp-content\/uploads\/sites\/17\/2025\/09\/mokymosi-visa-gyvenima-vertinimas.pdf\">Valstyb\u0117s kontrol\u0117 (2023). Mokymosi vis\u0105 gyvenim\u0105 vertinimas<\/a><\/strong><\/h3>\n<h3><strong><a href=\"https:\/\/lera.lt\/mokymosi-visa-gyvenima-tinklas\/wp-content\/uploads\/sites\/17\/2025\/09\/Literaturos-nuorodos.pdf\">Mokymosi vis\u0105 gyvenim\u0105 literat\u016bros \u0161altiniai<\/a><\/strong><\/h3>\n\n","protected":false},"excerpt":{"rendered":"<p>Valstyb\u0117s kontrol\u0117 (2023). Mokymosi vis\u0105 gyvenim\u0105 vertinimas Mokymosi vis\u0105 gyvenim\u0105 literat\u016bros \u0161altiniai<\/p>\n","protected":false},"author":1,"featured_media":0,"parent":0,"menu_order":0,"comment_status":"closed","ping_status":"closed","template":"","meta":{"footnotes":""},"class_list":["post-835","page","type-page","status-publish","hentry"],"yoast_head":"<!-- This site is optimized with the Yoast SEO plugin v25.7 - https:\/\/yoast.com\/wordpress\/plugins\/seo\/ -->\n<title>Naudinga informacija - Mokymosi vis\u0105 gyvenim\u0105 tinklas<\/title>\n<meta name=\"robots\" content=\"index, follow, max-snippet:-1, max-image-preview:large, max-video-preview:-1\" \/>\n<link rel=\"canonical\" href=\"https:\/\/lera.lt\/mokymosi-visa-gyvenima-tinklas\/naudinga-informacija\/\" \/>\n<meta property=\"og:locale\" content=\"lt_LT\" \/>\n<meta property=\"og:type\" content=\"article\" \/>\n<meta property=\"og:title\" content=\"Naudinga informacija - Mokymosi vis\u0105 gyvenim\u0105 tinklas\" \/>\n<meta property=\"og:description\" content=\"Valstyb\u0117s kontrol\u0117 (2023). Mokymosi vis\u0105 gyvenim\u0105 vertinimas Mokymosi vis\u0105 gyvenim\u0105 literat\u016bros \u0161altiniai\" \/>\n<meta property=\"og:url\" content=\"https:\/\/lera.lt\/mokymosi-visa-gyvenima-tinklas\/naudinga-informacija\/\" \/>\n<meta property=\"og:site_name\" content=\"Mokymosi vis\u0105 gyvenim\u0105 tinklas\" \/>\n<meta property=\"article:modified_time\" content=\"2025-09-11T10:31:27+00:00\" \/>\n<meta property=\"og:image\" content=\"https:\/\/lera.lt\/mokymosi-visa-gyvenima-tinklas\/wp-content\/uploads\/sites\/17\/2025\/09\/download.png\" \/>\n<meta name=\"twitter:card\" content=\"summary_large_image\" \/>\n<script type=\"application\/ld+json\" class=\"yoast-schema-graph\">{\"@context\":\"https:\/\/schema.org\",\"@graph\":[{\"@type\":\"WebPage\",\"@id\":\"https:\/\/lera.lt\/mokymosi-visa-gyvenima-tinklas\/naudinga-informacija\/\",\"url\":\"https:\/\/lera.lt\/mokymosi-visa-gyvenima-tinklas\/naudinga-informacija\/\",\"name\":\"Naudinga informacija - Mokymosi vis\u0105 gyvenim\u0105 tinklas\",\"isPartOf\":{\"@id\":\"https:\/\/lera.lt\/mokymosi-visa-gyvenima-tinklas\/#website\"},\"primaryImageOfPage\":{\"@id\":\"https:\/\/lera.lt\/mokymosi-visa-gyvenima-tinklas\/naudinga-informacija\/#primaryimage\"},\"image\":{\"@id\":\"https:\/\/lera.lt\/mokymosi-visa-gyvenima-tinklas\/naudinga-informacija\/#primaryimage\"},\"thumbnailUrl\":\"https:\/\/lera.lt\/mokymosi-visa-gyvenima-tinklas\/wp-content\/uploads\/sites\/17\/2025\/09\/download.png\",\"datePublished\":\"2025-09-11T10:28:05+00:00\",\"dateModified\":\"2025-09-11T10:31:27+00:00\",\"breadcrumb\":{\"@id\":\"https:\/\/lera.lt\/mokymosi-visa-gyvenima-tinklas\/naudinga-informacija\/#breadcrumb\"},\"inLanguage\":\"lt-LT\",\"potentialAction\":[{\"@type\":\"ReadAction\",\"target\":[\"https:\/\/lera.lt\/mokymosi-visa-gyvenima-tinklas\/naudinga-informacija\/\"]}]},{\"@type\":\"ImageObject\",\"inLanguage\":\"lt-LT\",\"@id\":\"https:\/\/lera.lt\/mokymosi-visa-gyvenima-tinklas\/naudinga-informacija\/#primaryimage\",\"url\":\"https:\/\/lera.lt\/mokymosi-visa-gyvenima-tinklas\/wp-content\/uploads\/sites\/17\/2025\/09\/download.png\",\"contentUrl\":\"https:\/\/lera.lt\/mokymosi-visa-gyvenima-tinklas\/wp-content\/uploads\/sites\/17\/2025\/09\/download.png\",\"width\":300,\"height\":168},{\"@type\":\"BreadcrumbList\",\"@id\":\"https:\/\/lera.lt\/mokymosi-visa-gyvenima-tinklas\/naudinga-informacija\/#breadcrumb\",\"itemListElement\":[{\"@type\":\"ListItem\",\"position\":1,\"name\":\"Home\",\"item\":\"https:\/\/lera.lt\/mokymosi-visa-gyvenima-tinklas\/\"},{\"@type\":\"ListItem\",\"position\":2,\"name\":\"Naudinga informacija\"}]},{\"@type\":\"WebSite\",\"@id\":\"https:\/\/lera.lt\/mokymosi-visa-gyvenima-tinklas\/#website\",\"url\":\"https:\/\/lera.lt\/mokymosi-visa-gyvenima-tinklas\/\",\"name\":\"Mokymosi vis\u0105 gyvenim\u0105 tinklas\",\"description\":\"\",\"potentialAction\":[{\"@type\":\"SearchAction\",\"target\":{\"@type\":\"EntryPoint\",\"urlTemplate\":\"https:\/\/lera.lt\/mokymosi-visa-gyvenima-tinklas\/?s={search_term_string}\"},\"query-input\":{\"@type\":\"PropertyValueSpecification\",\"valueRequired\":true,\"valueName\":\"search_term_string\"}}],\"inLanguage\":\"lt-LT\"}]}<\/script>\n<!-- \/ Yoast SEO plugin. -->","yoast_head_json":{"title":"Naudinga informacija - Mokymosi vis\u0105 gyvenim\u0105 tinklas","robots":{"index":"index","follow":"follow","max-snippet":"max-snippet:-1","max-image-preview":"max-image-preview:large","max-video-preview":"max-video-preview:-1"},"canonical":"https:\/\/lera.lt\/mokymosi-visa-gyvenima-tinklas\/naudinga-informacija\/","og_locale":"lt_LT","og_type":"article","og_title":"Naudinga informacija - Mokymosi vis\u0105 gyvenim\u0105 tinklas","og_description":"Valstyb\u0117s kontrol\u0117 (2023). Mokymosi vis\u0105 gyvenim\u0105 vertinimas Mokymosi vis\u0105 gyvenim\u0105 literat\u016bros \u0161altiniai","og_url":"https:\/\/lera.lt\/mokymosi-visa-gyvenima-tinklas\/naudinga-informacija\/","og_site_name":"Mokymosi vis\u0105 gyvenim\u0105 tinklas","article_modified_time":"2025-09-11T10:31:27+00:00","og_image":[{"url":"https:\/\/lera.lt\/mokymosi-visa-gyvenima-tinklas\/wp-content\/uploads\/sites\/17\/2025\/09\/download.png","type":"","width":"","height":""}],"twitter_card":"summary_large_image","schema":{"@context":"https:\/\/schema.org","@graph":[{"@type":"WebPage","@id":"https:\/\/lera.lt\/mokymosi-visa-gyvenima-tinklas\/naudinga-informacija\/","url":"https:\/\/lera.lt\/mokymosi-visa-gyvenima-tinklas\/naudinga-informacija\/","name":"Naudinga informacija - Mokymosi vis\u0105 gyvenim\u0105 tinklas","isPartOf":{"@id":"https:\/\/lera.lt\/mokymosi-visa-gyvenima-tinklas\/#website"},"primaryImageOfPage":{"@id":"https:\/\/lera.lt\/mokymosi-visa-gyvenima-tinklas\/naudinga-informacija\/#primaryimage"},"image":{"@id":"https:\/\/lera.lt\/mokymosi-visa-gyvenima-tinklas\/naudinga-informacija\/#primaryimage"},"thumbnailUrl":"https:\/\/lera.lt\/mokymosi-visa-gyvenima-tinklas\/wp-content\/uploads\/sites\/17\/2025\/09\/download.png","datePublished":"2025-09-11T10:28:05+00:00","dateModified":"2025-09-11T10:31:27+00:00","breadcrumb":{"@id":"https:\/\/lera.lt\/mokymosi-visa-gyvenima-tinklas\/naudinga-informacija\/#breadcrumb"},"inLanguage":"lt-LT","potentialAction":[{"@type":"ReadAction","target":["https:\/\/lera.lt\/mokymosi-visa-gyvenima-tinklas\/naudinga-informacija\/"]}]},{"@type":"ImageObject","inLanguage":"lt-LT","@id":"https:\/\/lera.lt\/mokymosi-visa-gyvenima-tinklas\/naudinga-informacija\/#primaryimage","url":"https:\/\/lera.lt\/mokymosi-visa-gyvenima-tinklas\/wp-content\/uploads\/sites\/17\/2025\/09\/download.png","contentUrl":"https:\/\/lera.lt\/mokymosi-visa-gyvenima-tinklas\/wp-content\/uploads\/sites\/17\/2025\/09\/download.png","width":300,"height":168},{"@type":"BreadcrumbList","@id":"https:\/\/lera.lt\/mokymosi-visa-gyvenima-tinklas\/naudinga-informacija\/#breadcrumb","itemListElement":[{"@type":"ListItem","position":1,"name":"Home","item":"https:\/\/lera.lt\/mokymosi-visa-gyvenima-tinklas\/"},{"@type":"ListItem","position":2,"name":"Naudinga informacija"}]},{"@type":"WebSite","@id":"https:\/\/lera.lt\/mokymosi-visa-gyvenima-tinklas\/#website","url":"https:\/\/lera.lt\/mokymosi-visa-gyvenima-tinklas\/","name":"Mokymosi vis\u0105 gyvenim\u0105 tinklas","description":"","potentialAction":[{"@type":"SearchAction","target":{"@type":"EntryPoint","urlTemplate":"https:\/\/lera.lt\/mokymosi-visa-gyvenima-tinklas\/?s={search_term_string}"},"query-input":{"@type":"PropertyValueSpecification","valueRequired":true,"valueName":"search_term_string"}}],"inLanguage":"lt-LT"}]}},"_links":{"self":[{"href":"https:\/\/lera.lt\/mokymosi-visa-gyvenima-tinklas\/wp-json\/wp\/v2\/pages\/835","targetHints":{"allow":["GET"]}}],"collection":[{"href":"https:\/\/lera.lt\/mokymosi-visa-gyvenima-tinklas\/wp-json\/wp\/v2\/pages"}],"about":[{"href":"https:\/\/lera.lt\/mokymosi-visa-gyvenima-tinklas\/wp-json\/wp\/v2\/types\/page"}],"author":[{"embeddable":true,"href":"https:\/\/lera.lt\/mokymosi-visa-gyvenima-tinklas\/wp-json\/wp\/v2\/users\/1"}],"replies":[{"embeddable":true,"href":"https:\/\/lera.lt\/mokymosi-visa-gyvenima-tinklas\/wp-json\/wp\/v2\/comments?post=835"}],"version-history":[{"count":3,"href":"https:\/\/lera.lt\/mokymosi-visa-gyvenima-tinklas\/wp-json\/wp\/v2\/pages\/835\/revisions"}],"predecessor-version":[{"id":844,"href":"https:\/\/lera.lt\/mokymosi-visa-gyvenima-tinklas\/wp-json\/wp\/v2\/pages\/835\/revisions\/844"}],"wp:attachment":[{"href":"https:\/\/lera.lt\/mokymosi-visa-gyvenima-tinklas\/wp-json\/wp\/v2\/media?parent=835"}],"curies":[{"name":"wp","href":"https:\/\/api.w.org\/{rel}","templated":true}]}}