{"id":591,"date":"2025-08-19T18:12:31","date_gmt":"2025-08-19T18:12:31","guid":{"rendered":"https:\/\/lera.lt\/mokymosi-visa-gyvenima-tinklas\/?page_id=591"},"modified":"2025-09-11T10:57:17","modified_gmt":"2025-09-11T10:57:17","slug":"tinklo-veiklos","status":"publish","type":"page","link":"https:\/\/lera.lt\/mokymosi-visa-gyvenima-tinklas\/tinklo-veiklos\/","title":{"rendered":"Tinklo veiklos"},"content":{"rendered":"\n\n\t\t\t\t\t<a href=\"#\"  id=\"fl-accordion--label-0\" tabindex=\"0\" aria-controls=\"fl-accordion--panel-0\">Tinklo veiklos 2024<\/a>\n\t\t\t\t\t\t\t\t\t\t\t<a href=\"#\" id=\"fl-accordion--icon-0\"  tabindex=\"0\"><i title=\"Collapse\">Collapse<\/i><\/a>\n\t\t\t\t<img decoding=\"async\" src=\"https:\/\/lera.lt\/mokymosi-visa-gyvenima-tinklas\/wp-content\/uploads\/sites\/17\/2025\/08\/images.jpg\" alt=\"images\" itemprop=\"image\" height=\"159\" width=\"317\" title=\"images\" onerror=\"this.style.display='none'\" loading=\"lazy\" srcset=\"https:\/\/lera.lt\/mokymosi-visa-gyvenima-tinklas\/wp-content\/uploads\/sites\/17\/2025\/08\/images.jpg 317w, https:\/\/lera.lt\/mokymosi-visa-gyvenima-tinklas\/wp-content\/uploads\/sites\/17\/2025\/08\/images-300x150.jpg 300w\" sizes=\"auto, (max-width: 317px) 100vw, 317px\" \/>\n\t<ol>\n<li>Pasirengti 2024 m. LETA konferencijai, MVG sekcijoje pristatant ne ma\u017eiau 7 prane\u0161imus.<\/li>\n<li>Rengiantis konferencijai \u012f LETA, pritraukti nauj\u0173 nari\u0173, suinteresuot\u0173 dalyvauti MVG tinkle.<\/li>\n<li>Organizuoti tinklo nari\u0173 susirinkim\u0105, dalinantis patirtimi, kaip publikuotis auk\u0161t\u0105 reiting\u0105 turin\u010diuose mokslo \u017eurnaluose (numatoma rugs\u0117jo antroje pus\u0117je, seminaro ved\u0117ja &#8211; MVG tinklo nar\u0117 E. Jaleniauskien\u0117).<\/li>\n<\/ol>\n\t\t\t\t\t<a href=\"#\"  id=\"fl-accordion--label-1\" tabindex=\"0\" aria-controls=\"fl-accordion--panel-1\">Tinklo veiklos 2023<\/a>\n\t\t\t\t\t\t\t\t\t\t\t<a href=\"#\" id=\"fl-accordion--icon-1\"  tabindex=\"0\"><i title=\"Expand\">Expand<\/i><\/a>\n\t\t\t\t<img decoding=\"async\" src=\"https:\/\/lera.lt\/mokymosi-visa-gyvenima-tinklas\/wp-content\/uploads\/sites\/17\/2025\/08\/download.jpg\" alt=\"download\" itemprop=\"image\" height=\"212\" width=\"238\" title=\"download\" onerror=\"this.style.display='none'\" loading=\"lazy\" \/>\n\t<h3><strong><a href=\"https:\/\/lera.lt\/mokymosi-visa-gyvenima-tinklas\/wp-content\/uploads\/sites\/17\/2025\/08\/Mokymosi-visa-gyvenima-tinklo-ataskaita-uz-2023-metus.pdf\">Mokymosi vis\u0105 gyvenim\u0105 tinklo ataskaita u\u017e 2023 m.<\/a><\/strong><\/h3>\n<h3><strong>LETA 2023 konferencijos prane\u0161imai, skaityti MVG tinkle:<\/strong><\/h3>\n<p>Jucevi\u010dien\u0117, P. <a href=\"https:\/\/lera.lt\/mokymosi-visa-gyvenima-tinklas\/wp-content\/uploads\/sites\/17\/2025\/08\/PJ-pranesimas-sekcijoje1.pdf\">Potenciali\u0173 mokymosi aplink\u0173 \u012fvairov\u0117 ir j\u0173 pasirinkimas<\/a><\/p>\n<p>Bosien\u0117, A. <a href=\"https:\/\/lera.lt\/mokymosi-visa-gyvenima-tinklas\/wp-content\/uploads\/sites\/17\/2025\/08\/A.-Bosiene.Pedagogo-refleksija.pdf\">Pedagogo reflektavimo geb\u0117jim\u0173 rai\u0161ka profesin\u0117je veikloje<\/a><\/p>\n<p>Tamu\u0161auskait\u0117, A. <a href=\"https:\/\/lera.lt\/mokymosi-visa-gyvenima-tinklas\/wp-content\/uploads\/sites\/17\/2025\/08\/Choras-kaip-BO-fenomenas-Tamusauskaite.pdf\">Choro kaip besimokan\u010dios organizacijos fenomenas<\/a><\/p>\n<p>Ignatova, N. <a href=\"https:\/\/lera.lt\/mokymosi-visa-gyvenima-tinklas\/wp-content\/uploads\/sites\/17\/2025\/08\/Edu_scenarijai_personalizavimui_short.pdf\">Edukacini\u0173 projekt\u0173 dizainas mokymosi personalizavimo galimybi\u0173 didinimui<\/a><\/p>\nGirdzijauskien\u0117, R., Ignatova, N., Pranck\u016bnien\u0117, E., Strazdien\u0117, N., \u0160kerien\u0117, S., \u0160mitien\u0117, G.<br \/>\n<a href=\"https:\/\/lera.lt\/mokymosi-visa-gyvenima-tinklas\/wp-content\/uploads\/sites\/17\/2025\/08\/Mokytoju-tyreju-bendradarbiavimas.pdf\">Mokytoj\u0173 ir tyr\u0117j\u0173 bendradarbiavimo patirtys \u012fgyvendinant tyrimais gr\u012fstus edukacinius projektus<\/a>\n\t\t\t\t\t<a href=\"#\"  id=\"fl-accordion--label-2\" tabindex=\"0\" aria-controls=\"fl-accordion--panel-2\">Tinklo veiklos 2022<\/a>\n\t\t\t\t\t\t\t\t\t\t\t<a href=\"#\" id=\"fl-accordion--icon-2\"  tabindex=\"0\"><i title=\"Expand\">Expand<\/i><\/a>\n\t\t\t\t\t<ol>\n<li>2022 03 03 \u012fvyko MVG tinklo ataskaitinis susirinkimas, kurio metu buvo pasi\u016blyta kandidat\u0117 \u012f LETA prezidento post\u0105 (prof. dr. L. Rup\u0161ien\u0117) ir i\u0161rinkta MVG tinklo pirminink\u0117 (prof. habil. dr. P. Jucevi\u010dien\u0117).<\/li>\n<li>2022 m. Mokymosi vis\u0105 gyvenim\u0105 tinkl\u0105 sudar\u0117 34 nariai.<\/li>\n<li>Pagrindinis tinklo d\u0117mesys buvo skirtas pasiruo\u0161ti LETA konferencijai ir joje dalyvauti.<\/li>\n<li>2022 09 29 \u012fvyko tinklo nari\u0173 susirinkimas, kuriame tartasi d\u0117l LETA konferencijai pristatom\u0173 prane\u0161im\u0173.<\/li>\n<li>LETA konferencijoje, vykusioje VDU 2022 m. spalio 13-14 dienomis, MVG sekcijai buvo pateikta 10 prane\u0161im\u0173. Pa\u017eym\u0117tina, kad visus pateiktus prane\u0161imus jung\u0117 mokymosi vis\u0105 gyvenim\u0105 koncepcija, ta\u010diau j\u0173 temos atstovavo kelias kryptis: vyravo su auk\u0161tuoju mokslu siejama mokymosi vis\u0105 gyvenim\u0105 problematika (5 prane\u0161imai), mokymosi vis gyvenim\u0105 ir socialinio ugdymo problematik\u0105 siejo 2 prane\u0161imai, ugdymo mokymuisi vis\u0105 gyvenim\u0105\u00a0 filosofin\u0117ms-teorin\u0117ms problemoms buvo skirti 2 prane\u0161imai, 1 prane\u0161imas buvo skirtas vie\u0161ojo administravimo sferos darbuotoj\u0173 m\u0105stymo pl\u0117totei mokymosi vis\u0105 gyvenim\u0105 kontekste. Vien\u0105 prane\u0161im\u0105 (\u201eNusp\u0117jamos ir nenusp\u0117jamos ateities i\u0161\u0161\u016bkiai \u0161vietimui ir ugdymui&#8221;) MVG tinklo atstov\u0117 (P. Jucevi\u010dien\u0117) perskait\u0117 konferencijos plenariniame pos\u0117dyje.<\/li>\n<\/ol>\n<p>&nbsp;<\/p>\n\n","protected":false},"excerpt":{"rendered":"<p>Tinklo veiklos 2024 Collapse Pasirengti 2024 m. LETA konferencijai, MVG sekcijoje pristatant ne ma\u017eiau 7 prane\u0161imus. Rengiantis konferencijai \u012f LETA, pritraukti nauj\u0173 nari\u0173, suinteresuot\u0173 dalyvauti MVG tinkle. Organizuoti tinklo nari\u0173 susirinkim\u0105, dalinantis patirtimi, kaip publikuotis auk\u0161t\u0105 reiting\u0105 turin\u010diuose mokslo \u017eurnaluose (numatoma rugs\u0117jo antroje pus\u0117je, seminaro ved\u0117ja &#8211; MVG tinklo nar\u0117 E. Jaleniauskien\u0117). Tinklo veiklos 2023&hellip;<\/p>\n","protected":false},"author":1,"featured_media":0,"parent":0,"menu_order":0,"comment_status":"closed","ping_status":"closed","template":"","meta":{"footnotes":""},"class_list":["post-591","page","type-page","status-publish","hentry"],"yoast_head":"<!-- This site is optimized with the Yoast SEO plugin v25.7 - https:\/\/yoast.com\/wordpress\/plugins\/seo\/ -->\n<title>Tinklo veiklos - Mokymosi vis\u0105 gyvenim\u0105 tinklas<\/title>\n<meta name=\"robots\" content=\"index, follow, max-snippet:-1, max-image-preview:large, max-video-preview:-1\" \/>\n<link rel=\"canonical\" href=\"https:\/\/lera.lt\/mokymosi-visa-gyvenima-tinklas\/tinklo-veiklos\/\" \/>\n<meta property=\"og:locale\" content=\"lt_LT\" \/>\n<meta property=\"og:type\" content=\"article\" \/>\n<meta property=\"og:title\" content=\"Tinklo veiklos - Mokymosi vis\u0105 gyvenim\u0105 tinklas\" \/>\n<meta property=\"og:description\" content=\"Tinklo veiklos 2024 Collapse Pasirengti 2024 m. LETA konferencijai, MVG sekcijoje pristatant ne ma\u017eiau 7 prane\u0161imus. Rengiantis konferencijai \u012f LETA, pritraukti nauj\u0173 nari\u0173, suinteresuot\u0173 dalyvauti MVG tinkle. Organizuoti tinklo nari\u0173 susirinkim\u0105, dalinantis patirtimi, kaip publikuotis auk\u0161t\u0105 reiting\u0105 turin\u010diuose mokslo \u017eurnaluose (numatoma rugs\u0117jo antroje pus\u0117je, seminaro ved\u0117ja &#8211; MVG tinklo nar\u0117 E. Jaleniauskien\u0117). Tinklo veiklos 2023&hellip;\" \/>\n<meta property=\"og:url\" content=\"https:\/\/lera.lt\/mokymosi-visa-gyvenima-tinklas\/tinklo-veiklos\/\" \/>\n<meta property=\"og:site_name\" content=\"Mokymosi vis\u0105 gyvenim\u0105 tinklas\" \/>\n<meta property=\"article:modified_time\" content=\"2025-09-11T10:57:17+00:00\" \/>\n<meta property=\"og:image\" content=\"https:\/\/lera.lt\/mokymosi-visa-gyvenima-tinklas\/wp-content\/uploads\/sites\/17\/2025\/08\/images.jpg\" \/>\n<meta name=\"twitter:card\" content=\"summary_large_image\" \/>\n<script type=\"application\/ld+json\" class=\"yoast-schema-graph\">{\"@context\":\"https:\/\/schema.org\",\"@graph\":[{\"@type\":\"WebPage\",\"@id\":\"https:\/\/lera.lt\/mokymosi-visa-gyvenima-tinklas\/tinklo-veiklos\/\",\"url\":\"https:\/\/lera.lt\/mokymosi-visa-gyvenima-tinklas\/tinklo-veiklos\/\",\"name\":\"Tinklo veiklos - Mokymosi vis\u0105 gyvenim\u0105 tinklas\",\"isPartOf\":{\"@id\":\"https:\/\/lera.lt\/mokymosi-visa-gyvenima-tinklas\/#website\"},\"primaryImageOfPage\":{\"@id\":\"https:\/\/lera.lt\/mokymosi-visa-gyvenima-tinklas\/tinklo-veiklos\/#primaryimage\"},\"image\":{\"@id\":\"https:\/\/lera.lt\/mokymosi-visa-gyvenima-tinklas\/tinklo-veiklos\/#primaryimage\"},\"thumbnailUrl\":\"https:\/\/lera.lt\/mokymosi-visa-gyvenima-tinklas\/wp-content\/uploads\/sites\/17\/2025\/08\/images.jpg\",\"datePublished\":\"2025-08-19T18:12:31+00:00\",\"dateModified\":\"2025-09-11T10:57:17+00:00\",\"breadcrumb\":{\"@id\":\"https:\/\/lera.lt\/mokymosi-visa-gyvenima-tinklas\/tinklo-veiklos\/#breadcrumb\"},\"inLanguage\":\"lt-LT\",\"potentialAction\":[{\"@type\":\"ReadAction\",\"target\":[\"https:\/\/lera.lt\/mokymosi-visa-gyvenima-tinklas\/tinklo-veiklos\/\"]}]},{\"@type\":\"ImageObject\",\"inLanguage\":\"lt-LT\",\"@id\":\"https:\/\/lera.lt\/mokymosi-visa-gyvenima-tinklas\/tinklo-veiklos\/#primaryimage\",\"url\":\"https:\/\/lera.lt\/mokymosi-visa-gyvenima-tinklas\/wp-content\/uploads\/sites\/17\/2025\/08\/images.jpg\",\"contentUrl\":\"https:\/\/lera.lt\/mokymosi-visa-gyvenima-tinklas\/wp-content\/uploads\/sites\/17\/2025\/08\/images.jpg\",\"width\":317,\"height\":159},{\"@type\":\"BreadcrumbList\",\"@id\":\"https:\/\/lera.lt\/mokymosi-visa-gyvenima-tinklas\/tinklo-veiklos\/#breadcrumb\",\"itemListElement\":[{\"@type\":\"ListItem\",\"position\":1,\"name\":\"Home\",\"item\":\"https:\/\/lera.lt\/mokymosi-visa-gyvenima-tinklas\/\"},{\"@type\":\"ListItem\",\"position\":2,\"name\":\"Tinklo veiklos\"}]},{\"@type\":\"WebSite\",\"@id\":\"https:\/\/lera.lt\/mokymosi-visa-gyvenima-tinklas\/#website\",\"url\":\"https:\/\/lera.lt\/mokymosi-visa-gyvenima-tinklas\/\",\"name\":\"Mokymosi vis\u0105 gyvenim\u0105 tinklas\",\"description\":\"\",\"potentialAction\":[{\"@type\":\"SearchAction\",\"target\":{\"@type\":\"EntryPoint\",\"urlTemplate\":\"https:\/\/lera.lt\/mokymosi-visa-gyvenima-tinklas\/?s={search_term_string}\"},\"query-input\":{\"@type\":\"PropertyValueSpecification\",\"valueRequired\":true,\"valueName\":\"search_term_string\"}}],\"inLanguage\":\"lt-LT\"}]}<\/script>\n<!-- \/ Yoast SEO plugin. -->","yoast_head_json":{"title":"Tinklo veiklos - Mokymosi vis\u0105 gyvenim\u0105 tinklas","robots":{"index":"index","follow":"follow","max-snippet":"max-snippet:-1","max-image-preview":"max-image-preview:large","max-video-preview":"max-video-preview:-1"},"canonical":"https:\/\/lera.lt\/mokymosi-visa-gyvenima-tinklas\/tinklo-veiklos\/","og_locale":"lt_LT","og_type":"article","og_title":"Tinklo veiklos - Mokymosi vis\u0105 gyvenim\u0105 tinklas","og_description":"Tinklo veiklos 2024 Collapse Pasirengti 2024 m. LETA konferencijai, MVG sekcijoje pristatant ne ma\u017eiau 7 prane\u0161imus. Rengiantis konferencijai \u012f LETA, pritraukti nauj\u0173 nari\u0173, suinteresuot\u0173 dalyvauti MVG tinkle. Organizuoti tinklo nari\u0173 susirinkim\u0105, dalinantis patirtimi, kaip publikuotis auk\u0161t\u0105 reiting\u0105 turin\u010diuose mokslo \u017eurnaluose (numatoma rugs\u0117jo antroje pus\u0117je, seminaro ved\u0117ja &#8211; MVG tinklo nar\u0117 E. Jaleniauskien\u0117). Tinklo veiklos 2023&hellip;","og_url":"https:\/\/lera.lt\/mokymosi-visa-gyvenima-tinklas\/tinklo-veiklos\/","og_site_name":"Mokymosi vis\u0105 gyvenim\u0105 tinklas","article_modified_time":"2025-09-11T10:57:17+00:00","og_image":[{"url":"https:\/\/lera.lt\/mokymosi-visa-gyvenima-tinklas\/wp-content\/uploads\/sites\/17\/2025\/08\/images.jpg","type":"","width":"","height":""}],"twitter_card":"summary_large_image","schema":{"@context":"https:\/\/schema.org","@graph":[{"@type":"WebPage","@id":"https:\/\/lera.lt\/mokymosi-visa-gyvenima-tinklas\/tinklo-veiklos\/","url":"https:\/\/lera.lt\/mokymosi-visa-gyvenima-tinklas\/tinklo-veiklos\/","name":"Tinklo veiklos - Mokymosi vis\u0105 gyvenim\u0105 tinklas","isPartOf":{"@id":"https:\/\/lera.lt\/mokymosi-visa-gyvenima-tinklas\/#website"},"primaryImageOfPage":{"@id":"https:\/\/lera.lt\/mokymosi-visa-gyvenima-tinklas\/tinklo-veiklos\/#primaryimage"},"image":{"@id":"https:\/\/lera.lt\/mokymosi-visa-gyvenima-tinklas\/tinklo-veiklos\/#primaryimage"},"thumbnailUrl":"https:\/\/lera.lt\/mokymosi-visa-gyvenima-tinklas\/wp-content\/uploads\/sites\/17\/2025\/08\/images.jpg","datePublished":"2025-08-19T18:12:31+00:00","dateModified":"2025-09-11T10:57:17+00:00","breadcrumb":{"@id":"https:\/\/lera.lt\/mokymosi-visa-gyvenima-tinklas\/tinklo-veiklos\/#breadcrumb"},"inLanguage":"lt-LT","potentialAction":[{"@type":"ReadAction","target":["https:\/\/lera.lt\/mokymosi-visa-gyvenima-tinklas\/tinklo-veiklos\/"]}]},{"@type":"ImageObject","inLanguage":"lt-LT","@id":"https:\/\/lera.lt\/mokymosi-visa-gyvenima-tinklas\/tinklo-veiklos\/#primaryimage","url":"https:\/\/lera.lt\/mokymosi-visa-gyvenima-tinklas\/wp-content\/uploads\/sites\/17\/2025\/08\/images.jpg","contentUrl":"https:\/\/lera.lt\/mokymosi-visa-gyvenima-tinklas\/wp-content\/uploads\/sites\/17\/2025\/08\/images.jpg","width":317,"height":159},{"@type":"BreadcrumbList","@id":"https:\/\/lera.lt\/mokymosi-visa-gyvenima-tinklas\/tinklo-veiklos\/#breadcrumb","itemListElement":[{"@type":"ListItem","position":1,"name":"Home","item":"https:\/\/lera.lt\/mokymosi-visa-gyvenima-tinklas\/"},{"@type":"ListItem","position":2,"name":"Tinklo veiklos"}]},{"@type":"WebSite","@id":"https:\/\/lera.lt\/mokymosi-visa-gyvenima-tinklas\/#website","url":"https:\/\/lera.lt\/mokymosi-visa-gyvenima-tinklas\/","name":"Mokymosi vis\u0105 gyvenim\u0105 tinklas","description":"","potentialAction":[{"@type":"SearchAction","target":{"@type":"EntryPoint","urlTemplate":"https:\/\/lera.lt\/mokymosi-visa-gyvenima-tinklas\/?s={search_term_string}"},"query-input":{"@type":"PropertyValueSpecification","valueRequired":true,"valueName":"search_term_string"}}],"inLanguage":"lt-LT"}]}},"_links":{"self":[{"href":"https:\/\/lera.lt\/mokymosi-visa-gyvenima-tinklas\/wp-json\/wp\/v2\/pages\/591","targetHints":{"allow":["GET"]}}],"collection":[{"href":"https:\/\/lera.lt\/mokymosi-visa-gyvenima-tinklas\/wp-json\/wp\/v2\/pages"}],"about":[{"href":"https:\/\/lera.lt\/mokymosi-visa-gyvenima-tinklas\/wp-json\/wp\/v2\/types\/page"}],"author":[{"embeddable":true,"href":"https:\/\/lera.lt\/mokymosi-visa-gyvenima-tinklas\/wp-json\/wp\/v2\/users\/1"}],"replies":[{"embeddable":true,"href":"https:\/\/lera.lt\/mokymosi-visa-gyvenima-tinklas\/wp-json\/wp\/v2\/comments?post=591"}],"version-history":[{"count":21,"href":"https:\/\/lera.lt\/mokymosi-visa-gyvenima-tinklas\/wp-json\/wp\/v2\/pages\/591\/revisions"}],"predecessor-version":[{"id":873,"href":"https:\/\/lera.lt\/mokymosi-visa-gyvenima-tinklas\/wp-json\/wp\/v2\/pages\/591\/revisions\/873"}],"wp:attachment":[{"href":"https:\/\/lera.lt\/mokymosi-visa-gyvenima-tinklas\/wp-json\/wp\/v2\/media?parent=591"}],"curies":[{"name":"wp","href":"https:\/\/api.w.org\/{rel}","templated":true}]}}