{"id":682,"date":"2025-08-20T13:39:39","date_gmt":"2025-08-20T13:39:39","guid":{"rendered":"https:\/\/lera.lt\/meninio-ugdymo-tinklas\/?page_id=682"},"modified":"2025-09-11T11:39:16","modified_gmt":"2025-09-11T11:39:16","slug":"network-activities","status":"publish","type":"page","link":"https:\/\/lera.lt\/meninio-ugdymo-tinklas\/en\/network-activities\/","title":{"rendered":"Network Activities"},"content":{"rendered":"\n\n\t\t\t\t\t<a href=\"#\"  id=\"fl-accordion--label-0\" tabindex=\"0\" aria-controls=\"fl-accordion--panel-0\">Network Activities 2024<\/a>\n\t\t\t\t\t\t\t\t\t\t\t<a href=\"#\" id=\"fl-accordion--icon-0\"  tabindex=\"0\"><i title=\"Collapse\">Collapse<\/i><\/a>\n\t\t\t\t\t1. To participate in the LETA annual conference.<br \/>\n2. To organise a scientific conference representing arts education research.<br \/>\n3. To organise an educational forum on current issues and problems in arts education.\n\t\t\t\t\t<a href=\"#\"  id=\"fl-accordion--label-1\" tabindex=\"0\" aria-controls=\"fl-accordion--panel-1\">Network Activities 2023<\/a>\n\t\t\t\t\t\t\t\t\t\t\t<a href=\"#\" id=\"fl-accordion--icon-1\"  tabindex=\"0\"><i title=\"Expand\">Expand<\/i><\/a>\n<p>1. Presentation of the scientific monograph by L. J. Pili\u010diauskait\u0117 and G. Gabnyt\u0117\u00a0<em>\u201eEmocinio imitavimo metodas muzikos mokykloje: k\u016brinio interpretacijos aspektas\u00a0 mokinio muzikin\u0117s kult\u016bros ugdymo kontekste<\/em>&#8221; \u00a0(\u201eThe Method of Emotional Imitation in Music School: the Aspect of the Interpretation of a Piece of Music in the Context of Developing the Student&#8217;s Musical Culture&#8221;) (26 April 2023);<\/p>\n<p>&nbsp;<\/p>\n<p>2. Distance scientific conference for students &#8211; future teachers of art subjects\u00a0<em>\u201eTeorijos \u017eingsniai praktikos link&#8221;\u00a0<\/em>(&#8222;Steps of theory towards practice&#8221;) (26 April 2023);<\/p>\n<p>&nbsp;<\/p>\n<p>3. Organisation of the Republican Scientific Practical Conference\u00a0<em>\u201eMuzikos meno, mokslo ir edukacijos jungtys: i\u0328z\u030cvalgos, patirtys, sprendimai&#8221;<\/em>\u00a0(&#8222;Connections between Music Art, Science and Education: Insights, Experiences, Solutions&#8221;) (27 September 2023)<\/p>\n\t\t\t\t\t<a href=\"#\"  id=\"fl-accordion--label-2\" tabindex=\"0\" aria-controls=\"fl-accordion--panel-2\">Network Activities 2022<\/a>\n\t\t\t\t\t\t\t\t\t\t\t<a href=\"#\" id=\"fl-accordion--icon-2\"  tabindex=\"0\"><i title=\"Expand\">Expand<\/i><\/a>\n\t\t\t\t\t1. At the LERA 2022 Annual Conference, a section dedicated to the issue of Arts Education was organized.<br \/>\n2. Participated in the activities of the EERA Research on Arts Education Network NW29.<br \/>\n3. Participated in the review of ECER 2022 announcements.<br \/>\n4. Participated in the NW29 section of the ECER 2022 Research on Arts Education Network with a presentation.<br \/>\n5. Participated in the annual meeting of the NW29 section of the EERA Research on Arts Education network.<br \/>\n6. Participated in the seminar organized by the NW29 section of the EERA Research on Arts Education network &#8211; (Online workshop) &#8222;Becoming-Wolves: a Collaborative Living Inquiry Workshop Based on an Experience in a Masters Seminar About Arts-Based Research&#8221;, 2 hours, ECER, NW29 : Research on Arts and Education.\n\n","protected":false},"excerpt":{"rendered":"<p>Network Activities 2024 Collapse 1. To participate in the LETA annual conference. 2. To organise a scientific conference representing arts education research. 3. To organise an educational forum on current issues and problems in arts education. Network Activities 2023 Expand 1. Presentation of the scientific monograph by L. J. Pili\u010diauskait\u0117 and G. Gabnyt\u0117\u00a0\u201eEmocinio imitavimo metodas&hellip;<\/p>\n","protected":false},"author":1,"featured_media":0,"parent":0,"menu_order":0,"comment_status":"closed","ping_status":"closed","template":"","meta":{"footnotes":""},"class_list":["post-682","page","type-page","status-publish","hentry"],"yoast_head":"<!-- This site is optimized with the Yoast SEO plugin v25.7 - https:\/\/yoast.com\/wordpress\/plugins\/seo\/ -->\n<title>Network Activities - Meninio ugdymo tinklas<\/title>\n<meta name=\"robots\" content=\"index, follow, max-snippet:-1, max-image-preview:large, max-video-preview:-1\" \/>\n<link rel=\"canonical\" href=\"https:\/\/lera.lt\/meninio-ugdymo-tinklas\/en\/network-activities\/\" \/>\n<meta property=\"og:locale\" content=\"lt_LT\" \/>\n<meta property=\"og:type\" content=\"article\" \/>\n<meta property=\"og:title\" content=\"Network Activities - Meninio ugdymo tinklas\" \/>\n<meta property=\"og:description\" content=\"Network Activities 2024 Collapse 1. To participate in the LETA annual conference. 2. To organise a scientific conference representing arts education research. 3. To organise an educational forum on current issues and problems in arts education. Network Activities 2023 Expand 1. Presentation of the scientific monograph by L. J. Pili\u010diauskait\u0117 and G. Gabnyt\u0117\u00a0\u201eEmocinio imitavimo metodas&hellip;\" \/>\n<meta property=\"og:url\" content=\"https:\/\/lera.lt\/meninio-ugdymo-tinklas\/en\/network-activities\/\" \/>\n<meta property=\"og:site_name\" content=\"Meninio ugdymo tinklas\" \/>\n<meta property=\"article:modified_time\" content=\"2025-09-11T11:39:16+00:00\" \/>\n<meta name=\"twitter:card\" content=\"summary_large_image\" \/>\n<script type=\"application\/ld+json\" class=\"yoast-schema-graph\">{\"@context\":\"https:\/\/schema.org\",\"@graph\":[{\"@type\":\"WebPage\",\"@id\":\"https:\/\/lera.lt\/meninio-ugdymo-tinklas\/en\/network-activities\/\",\"url\":\"https:\/\/lera.lt\/meninio-ugdymo-tinklas\/en\/network-activities\/\",\"name\":\"Network Activities - Meninio ugdymo tinklas\",\"isPartOf\":{\"@id\":\"https:\/\/lera.lt\/meninio-ugdymo-tinklas\/#website\"},\"datePublished\":\"2025-08-20T13:39:39+00:00\",\"dateModified\":\"2025-09-11T11:39:16+00:00\",\"breadcrumb\":{\"@id\":\"https:\/\/lera.lt\/meninio-ugdymo-tinklas\/en\/network-activities\/#breadcrumb\"},\"inLanguage\":\"lt-LT\",\"potentialAction\":[{\"@type\":\"ReadAction\",\"target\":[\"https:\/\/lera.lt\/meninio-ugdymo-tinklas\/en\/network-activities\/\"]}]},{\"@type\":\"BreadcrumbList\",\"@id\":\"https:\/\/lera.lt\/meninio-ugdymo-tinklas\/en\/network-activities\/#breadcrumb\",\"itemListElement\":[{\"@type\":\"ListItem\",\"position\":1,\"name\":\"Home\",\"item\":\"https:\/\/lera.lt\/meninio-ugdymo-tinklas\/\"},{\"@type\":\"ListItem\",\"position\":2,\"name\":\"Network Activities\"}]},{\"@type\":\"WebSite\",\"@id\":\"https:\/\/lera.lt\/meninio-ugdymo-tinklas\/#website\",\"url\":\"https:\/\/lera.lt\/meninio-ugdymo-tinklas\/\",\"name\":\"Meninio ugdymo tinklas\",\"description\":\"\",\"potentialAction\":[{\"@type\":\"SearchAction\",\"target\":{\"@type\":\"EntryPoint\",\"urlTemplate\":\"https:\/\/lera.lt\/meninio-ugdymo-tinklas\/?s={search_term_string}\"},\"query-input\":{\"@type\":\"PropertyValueSpecification\",\"valueRequired\":true,\"valueName\":\"search_term_string\"}}],\"inLanguage\":\"lt-LT\"}]}<\/script>\n<!-- \/ Yoast SEO plugin. -->","yoast_head_json":{"title":"Network Activities - Meninio ugdymo tinklas","robots":{"index":"index","follow":"follow","max-snippet":"max-snippet:-1","max-image-preview":"max-image-preview:large","max-video-preview":"max-video-preview:-1"},"canonical":"https:\/\/lera.lt\/meninio-ugdymo-tinklas\/en\/network-activities\/","og_locale":"lt_LT","og_type":"article","og_title":"Network Activities - Meninio ugdymo tinklas","og_description":"Network Activities 2024 Collapse 1. To participate in the LETA annual conference. 2. To organise a scientific conference representing arts education research. 3. To organise an educational forum on current issues and problems in arts education. Network Activities 2023 Expand 1. Presentation of the scientific monograph by L. J. Pili\u010diauskait\u0117 and G. Gabnyt\u0117\u00a0\u201eEmocinio imitavimo metodas&hellip;","og_url":"https:\/\/lera.lt\/meninio-ugdymo-tinklas\/en\/network-activities\/","og_site_name":"Meninio ugdymo tinklas","article_modified_time":"2025-09-11T11:39:16+00:00","twitter_card":"summary_large_image","schema":{"@context":"https:\/\/schema.org","@graph":[{"@type":"WebPage","@id":"https:\/\/lera.lt\/meninio-ugdymo-tinklas\/en\/network-activities\/","url":"https:\/\/lera.lt\/meninio-ugdymo-tinklas\/en\/network-activities\/","name":"Network Activities - Meninio ugdymo tinklas","isPartOf":{"@id":"https:\/\/lera.lt\/meninio-ugdymo-tinklas\/#website"},"datePublished":"2025-08-20T13:39:39+00:00","dateModified":"2025-09-11T11:39:16+00:00","breadcrumb":{"@id":"https:\/\/lera.lt\/meninio-ugdymo-tinklas\/en\/network-activities\/#breadcrumb"},"inLanguage":"lt-LT","potentialAction":[{"@type":"ReadAction","target":["https:\/\/lera.lt\/meninio-ugdymo-tinklas\/en\/network-activities\/"]}]},{"@type":"BreadcrumbList","@id":"https:\/\/lera.lt\/meninio-ugdymo-tinklas\/en\/network-activities\/#breadcrumb","itemListElement":[{"@type":"ListItem","position":1,"name":"Home","item":"https:\/\/lera.lt\/meninio-ugdymo-tinklas\/"},{"@type":"ListItem","position":2,"name":"Network Activities"}]},{"@type":"WebSite","@id":"https:\/\/lera.lt\/meninio-ugdymo-tinklas\/#website","url":"https:\/\/lera.lt\/meninio-ugdymo-tinklas\/","name":"Meninio ugdymo tinklas","description":"","potentialAction":[{"@type":"SearchAction","target":{"@type":"EntryPoint","urlTemplate":"https:\/\/lera.lt\/meninio-ugdymo-tinklas\/?s={search_term_string}"},"query-input":{"@type":"PropertyValueSpecification","valueRequired":true,"valueName":"search_term_string"}}],"inLanguage":"lt-LT"}]}},"_links":{"self":[{"href":"https:\/\/lera.lt\/meninio-ugdymo-tinklas\/wp-json\/wp\/v2\/pages\/682","targetHints":{"allow":["GET"]}}],"collection":[{"href":"https:\/\/lera.lt\/meninio-ugdymo-tinklas\/wp-json\/wp\/v2\/pages"}],"about":[{"href":"https:\/\/lera.lt\/meninio-ugdymo-tinklas\/wp-json\/wp\/v2\/types\/page"}],"author":[{"embeddable":true,"href":"https:\/\/lera.lt\/meninio-ugdymo-tinklas\/wp-json\/wp\/v2\/users\/1"}],"replies":[{"embeddable":true,"href":"https:\/\/lera.lt\/meninio-ugdymo-tinklas\/wp-json\/wp\/v2\/comments?post=682"}],"version-history":[{"count":7,"href":"https:\/\/lera.lt\/meninio-ugdymo-tinklas\/wp-json\/wp\/v2\/pages\/682\/revisions"}],"predecessor-version":[{"id":859,"href":"https:\/\/lera.lt\/meninio-ugdymo-tinklas\/wp-json\/wp\/v2\/pages\/682\/revisions\/859"}],"wp:attachment":[{"href":"https:\/\/lera.lt\/meninio-ugdymo-tinklas\/wp-json\/wp\/v2\/media?parent=682"}],"curies":[{"name":"wp","href":"https:\/\/api.w.org\/{rel}","templated":true}]}}