{"id":670,"date":"2025-08-20T11:17:55","date_gmt":"2025-08-20T11:17:55","guid":{"rendered":"https:\/\/lera.lt\/meninio-ugdymo-tinklas\/?page_id=670"},"modified":"2025-09-11T11:34:53","modified_gmt":"2025-09-11T11:34:53","slug":"network-committee","status":"publish","type":"page","link":"https:\/\/lera.lt\/meninio-ugdymo-tinklas\/en\/network-committee\/","title":{"rendered":"Network Committee"},"content":{"rendered":"\n\n\t<h3><strong>Art Education Network Commitee<\/strong><\/h3>\n\t\t\t\t<img decoding=\"async\" src=\"https:\/\/lera.lt\/meninio-ugdymo-tinklas\/wp-content\/uploads\/sites\/16\/2025\/09\/2024-02-09-14-29-13-6481_320x240.jpg\" alt=\"2024-02-09-14-29-13-6481_320x240\" itemprop=\"image\" height=\"240\" width=\"320\" title=\"2024-02-09-14-29-13-6481_320x240\" onerror=\"this.style.display='none'\" loading=\"lazy\" \/>\n\t<p><strong>Chairperson &#8211; assoc. prof. Gabnyt\u0117 Bizevi\u010dien\u0117 Giedr\u0117<\/strong>\u00a0(Lithuanian Academy of Music and Theatre).<\/p>\n\t<h2>\u00a0Members<\/h2>\n<ul>\n<li><strong>prof. dr. Bartkevi\u010dius Ri\u010dardas<\/strong>\u00a0 (Vilnius Academy of Fine Arts, Vytautas the Great University);<\/li>\n<li><strong>PhD student Dau\u010dianskait\u0117-Kubilevi\u010dien\u0117 Agn\u0117<\/strong> (Vytautas the Great University);<\/li>\n<li><strong>prof. dr. R\u016bta Girdzijauskien\u0117<\/strong> (University of Klaip\u0117da, Lithuanian Academy of Music and Theatre);<\/li>\n<li><strong>assoc. dr. Jucevi\u010di\u016bt\u0117-Bartkevi\u010dien\u0117 Vaiva<\/strong> (Vytautas the Great University);<\/li>\n<li><strong>prof. dr. Palubinskien\u0117 Vida<\/strong> (Vytautas the Great University);<\/li>\n<li><strong>assoc. dr. Pili\u010diauskait\u0117 Lolita Jolanta<\/strong> (Lithuanian Academy of Music and Theatre);<\/li>\n<li><strong>prof. dr. Strak\u0161ien\u0117 Diana<\/strong>\u00a0(Vilnius University \u0160iauliai Academy).<\/li>\n<\/ul>\n\t\t\t<a href=\"https:\/\/lera.lt\/en\/membership\/\" target=\"_self\">\n\t\t\t\t\t\tBecome a member of this network\n\t\t\t\t\t<\/a>\n\n","protected":false},"excerpt":{"rendered":"<p>Art Education Network Commitee Chairperson &#8211; assoc. prof. Gabnyt\u0117 Bizevi\u010dien\u0117 Giedr\u0117\u00a0(Lithuanian Academy of Music and Theatre). \u00a0Members prof. dr. Bartkevi\u010dius Ri\u010dardas\u00a0 (Vilnius Academy of Fine Arts, Vytautas the Great University); PhD student Dau\u010dianskait\u0117-Kubilevi\u010dien\u0117 Agn\u0117 (Vytautas the Great University); prof. dr. R\u016bta Girdzijauskien\u0117 (University of Klaip\u0117da, Lithuanian Academy of Music and Theatre); assoc. dr. Jucevi\u010di\u016bt\u0117-Bartkevi\u010dien\u0117 Vaiva&hellip;<\/p>\n","protected":false},"author":1,"featured_media":0,"parent":0,"menu_order":0,"comment_status":"closed","ping_status":"closed","template":"","meta":{"footnotes":""},"class_list":["post-670","page","type-page","status-publish","hentry"],"yoast_head":"<!-- This site is optimized with the Yoast SEO plugin v25.7 - https:\/\/yoast.com\/wordpress\/plugins\/seo\/ -->\n<title>Network Committee - Meninio ugdymo tinklas<\/title>\n<meta name=\"robots\" content=\"index, follow, max-snippet:-1, max-image-preview:large, max-video-preview:-1\" \/>\n<link rel=\"canonical\" href=\"https:\/\/lera.lt\/meninio-ugdymo-tinklas\/en\/network-committee\/\" \/>\n<meta property=\"og:locale\" content=\"lt_LT\" \/>\n<meta property=\"og:type\" content=\"article\" \/>\n<meta property=\"og:title\" content=\"Network Committee - Meninio ugdymo tinklas\" \/>\n<meta property=\"og:description\" content=\"Art Education Network Commitee Chairperson &#8211; assoc. prof. Gabnyt\u0117 Bizevi\u010dien\u0117 Giedr\u0117\u00a0(Lithuanian Academy of Music and Theatre). \u00a0Members prof. dr. Bartkevi\u010dius Ri\u010dardas\u00a0 (Vilnius Academy of Fine Arts, Vytautas the Great University); PhD student Dau\u010dianskait\u0117-Kubilevi\u010dien\u0117 Agn\u0117 (Vytautas the Great University); prof. dr. R\u016bta Girdzijauskien\u0117 (University of Klaip\u0117da, Lithuanian Academy of Music and Theatre); assoc. dr. Jucevi\u010di\u016bt\u0117-Bartkevi\u010dien\u0117 Vaiva&hellip;\" \/>\n<meta property=\"og:url\" content=\"https:\/\/lera.lt\/meninio-ugdymo-tinklas\/en\/network-committee\/\" \/>\n<meta property=\"og:site_name\" content=\"Meninio ugdymo tinklas\" \/>\n<meta property=\"article:modified_time\" content=\"2025-09-11T11:34:53+00:00\" \/>\n<meta property=\"og:image\" content=\"https:\/\/lera.lt\/meninio-ugdymo-tinklas\/wp-content\/uploads\/sites\/16\/2025\/09\/2024-02-09-14-29-13-6481_320x240.jpg\" \/>\n<meta name=\"twitter:card\" content=\"summary_large_image\" \/>\n<script type=\"application\/ld+json\" class=\"yoast-schema-graph\">{\"@context\":\"https:\/\/schema.org\",\"@graph\":[{\"@type\":\"WebPage\",\"@id\":\"https:\/\/lera.lt\/meninio-ugdymo-tinklas\/en\/network-committee\/\",\"url\":\"https:\/\/lera.lt\/meninio-ugdymo-tinklas\/en\/network-committee\/\",\"name\":\"Network Committee - Meninio ugdymo tinklas\",\"isPartOf\":{\"@id\":\"https:\/\/lera.lt\/meninio-ugdymo-tinklas\/#website\"},\"primaryImageOfPage\":{\"@id\":\"https:\/\/lera.lt\/meninio-ugdymo-tinklas\/en\/network-committee\/#primaryimage\"},\"image\":{\"@id\":\"https:\/\/lera.lt\/meninio-ugdymo-tinklas\/en\/network-committee\/#primaryimage\"},\"thumbnailUrl\":\"https:\/\/lera.lt\/meninio-ugdymo-tinklas\/wp-content\/uploads\/sites\/16\/2025\/09\/2024-02-09-14-29-13-6481_320x240.jpg\",\"datePublished\":\"2025-08-20T11:17:55+00:00\",\"dateModified\":\"2025-09-11T11:34:53+00:00\",\"breadcrumb\":{\"@id\":\"https:\/\/lera.lt\/meninio-ugdymo-tinklas\/en\/network-committee\/#breadcrumb\"},\"inLanguage\":\"lt-LT\",\"potentialAction\":[{\"@type\":\"ReadAction\",\"target\":[\"https:\/\/lera.lt\/meninio-ugdymo-tinklas\/en\/network-committee\/\"]}]},{\"@type\":\"ImageObject\",\"inLanguage\":\"lt-LT\",\"@id\":\"https:\/\/lera.lt\/meninio-ugdymo-tinklas\/en\/network-committee\/#primaryimage\",\"url\":\"https:\/\/lera.lt\/meninio-ugdymo-tinklas\/wp-content\/uploads\/sites\/16\/2025\/09\/2024-02-09-14-29-13-6481_320x240.jpg\",\"contentUrl\":\"https:\/\/lera.lt\/meninio-ugdymo-tinklas\/wp-content\/uploads\/sites\/16\/2025\/09\/2024-02-09-14-29-13-6481_320x240.jpg\",\"width\":320,\"height\":240},{\"@type\":\"BreadcrumbList\",\"@id\":\"https:\/\/lera.lt\/meninio-ugdymo-tinklas\/en\/network-committee\/#breadcrumb\",\"itemListElement\":[{\"@type\":\"ListItem\",\"position\":1,\"name\":\"Home\",\"item\":\"https:\/\/lera.lt\/meninio-ugdymo-tinklas\/\"},{\"@type\":\"ListItem\",\"position\":2,\"name\":\"Network Committee\"}]},{\"@type\":\"WebSite\",\"@id\":\"https:\/\/lera.lt\/meninio-ugdymo-tinklas\/#website\",\"url\":\"https:\/\/lera.lt\/meninio-ugdymo-tinklas\/\",\"name\":\"Meninio ugdymo tinklas\",\"description\":\"\",\"potentialAction\":[{\"@type\":\"SearchAction\",\"target\":{\"@type\":\"EntryPoint\",\"urlTemplate\":\"https:\/\/lera.lt\/meninio-ugdymo-tinklas\/?s={search_term_string}\"},\"query-input\":{\"@type\":\"PropertyValueSpecification\",\"valueRequired\":true,\"valueName\":\"search_term_string\"}}],\"inLanguage\":\"lt-LT\"}]}<\/script>\n<!-- \/ Yoast SEO plugin. -->","yoast_head_json":{"title":"Network Committee - Meninio ugdymo tinklas","robots":{"index":"index","follow":"follow","max-snippet":"max-snippet:-1","max-image-preview":"max-image-preview:large","max-video-preview":"max-video-preview:-1"},"canonical":"https:\/\/lera.lt\/meninio-ugdymo-tinklas\/en\/network-committee\/","og_locale":"lt_LT","og_type":"article","og_title":"Network Committee - Meninio ugdymo tinklas","og_description":"Art Education Network Commitee Chairperson &#8211; assoc. prof. Gabnyt\u0117 Bizevi\u010dien\u0117 Giedr\u0117\u00a0(Lithuanian Academy of Music and Theatre). \u00a0Members prof. dr. Bartkevi\u010dius Ri\u010dardas\u00a0 (Vilnius Academy of Fine Arts, Vytautas the Great University); PhD student Dau\u010dianskait\u0117-Kubilevi\u010dien\u0117 Agn\u0117 (Vytautas the Great University); prof. dr. R\u016bta Girdzijauskien\u0117 (University of Klaip\u0117da, Lithuanian Academy of Music and Theatre); assoc. dr. Jucevi\u010di\u016bt\u0117-Bartkevi\u010dien\u0117 Vaiva&hellip;","og_url":"https:\/\/lera.lt\/meninio-ugdymo-tinklas\/en\/network-committee\/","og_site_name":"Meninio ugdymo tinklas","article_modified_time":"2025-09-11T11:34:53+00:00","og_image":[{"url":"https:\/\/lera.lt\/meninio-ugdymo-tinklas\/wp-content\/uploads\/sites\/16\/2025\/09\/2024-02-09-14-29-13-6481_320x240.jpg","type":"","width":"","height":""}],"twitter_card":"summary_large_image","schema":{"@context":"https:\/\/schema.org","@graph":[{"@type":"WebPage","@id":"https:\/\/lera.lt\/meninio-ugdymo-tinklas\/en\/network-committee\/","url":"https:\/\/lera.lt\/meninio-ugdymo-tinklas\/en\/network-committee\/","name":"Network Committee - Meninio ugdymo tinklas","isPartOf":{"@id":"https:\/\/lera.lt\/meninio-ugdymo-tinklas\/#website"},"primaryImageOfPage":{"@id":"https:\/\/lera.lt\/meninio-ugdymo-tinklas\/en\/network-committee\/#primaryimage"},"image":{"@id":"https:\/\/lera.lt\/meninio-ugdymo-tinklas\/en\/network-committee\/#primaryimage"},"thumbnailUrl":"https:\/\/lera.lt\/meninio-ugdymo-tinklas\/wp-content\/uploads\/sites\/16\/2025\/09\/2024-02-09-14-29-13-6481_320x240.jpg","datePublished":"2025-08-20T11:17:55+00:00","dateModified":"2025-09-11T11:34:53+00:00","breadcrumb":{"@id":"https:\/\/lera.lt\/meninio-ugdymo-tinklas\/en\/network-committee\/#breadcrumb"},"inLanguage":"lt-LT","potentialAction":[{"@type":"ReadAction","target":["https:\/\/lera.lt\/meninio-ugdymo-tinklas\/en\/network-committee\/"]}]},{"@type":"ImageObject","inLanguage":"lt-LT","@id":"https:\/\/lera.lt\/meninio-ugdymo-tinklas\/en\/network-committee\/#primaryimage","url":"https:\/\/lera.lt\/meninio-ugdymo-tinklas\/wp-content\/uploads\/sites\/16\/2025\/09\/2024-02-09-14-29-13-6481_320x240.jpg","contentUrl":"https:\/\/lera.lt\/meninio-ugdymo-tinklas\/wp-content\/uploads\/sites\/16\/2025\/09\/2024-02-09-14-29-13-6481_320x240.jpg","width":320,"height":240},{"@type":"BreadcrumbList","@id":"https:\/\/lera.lt\/meninio-ugdymo-tinklas\/en\/network-committee\/#breadcrumb","itemListElement":[{"@type":"ListItem","position":1,"name":"Home","item":"https:\/\/lera.lt\/meninio-ugdymo-tinklas\/"},{"@type":"ListItem","position":2,"name":"Network Committee"}]},{"@type":"WebSite","@id":"https:\/\/lera.lt\/meninio-ugdymo-tinklas\/#website","url":"https:\/\/lera.lt\/meninio-ugdymo-tinklas\/","name":"Meninio ugdymo tinklas","description":"","potentialAction":[{"@type":"SearchAction","target":{"@type":"EntryPoint","urlTemplate":"https:\/\/lera.lt\/meninio-ugdymo-tinklas\/?s={search_term_string}"},"query-input":{"@type":"PropertyValueSpecification","valueRequired":true,"valueName":"search_term_string"}}],"inLanguage":"lt-LT"}]}},"_links":{"self":[{"href":"https:\/\/lera.lt\/meninio-ugdymo-tinklas\/wp-json\/wp\/v2\/pages\/670","targetHints":{"allow":["GET"]}}],"collection":[{"href":"https:\/\/lera.lt\/meninio-ugdymo-tinklas\/wp-json\/wp\/v2\/pages"}],"about":[{"href":"https:\/\/lera.lt\/meninio-ugdymo-tinklas\/wp-json\/wp\/v2\/types\/page"}],"author":[{"embeddable":true,"href":"https:\/\/lera.lt\/meninio-ugdymo-tinklas\/wp-json\/wp\/v2\/users\/1"}],"replies":[{"embeddable":true,"href":"https:\/\/lera.lt\/meninio-ugdymo-tinklas\/wp-json\/wp\/v2\/comments?post=670"}],"version-history":[{"count":4,"href":"https:\/\/lera.lt\/meninio-ugdymo-tinklas\/wp-json\/wp\/v2\/pages\/670\/revisions"}],"predecessor-version":[{"id":856,"href":"https:\/\/lera.lt\/meninio-ugdymo-tinklas\/wp-json\/wp\/v2\/pages\/670\/revisions\/856"}],"wp:attachment":[{"href":"https:\/\/lera.lt\/meninio-ugdymo-tinklas\/wp-json\/wp\/v2\/media?parent=670"}],"curies":[{"name":"wp","href":"https:\/\/api.w.org\/{rel}","templated":true}]}}