{"id":584,"date":"2025-08-19T18:11:38","date_gmt":"2025-08-19T18:11:38","guid":{"rendered":"https:\/\/lera.lt\/meninio-ugdymo-tinklas\/?page_id=584"},"modified":"2025-09-11T11:22:56","modified_gmt":"2025-09-11T11:22:56","slug":"tinklo-siekiai","status":"publish","type":"page","link":"https:\/\/lera.lt\/meninio-ugdymo-tinklas\/tinklo-siekiai\/","title":{"rendered":"Tinklo siekiai"},"content":{"rendered":"\n\n\t<ol>\n<li>LETA 2023 metin\u0117je konferencijoje suorganizuoti meninio ugdymo problematikai skirt\u0105 sekcij\u0105.<\/li>\n<li>Dalyvauti\u00a0<em>EERA Research on Arts Education<\/em>\u00a0tinklo veiklose.<\/li>\n<li>Dalyvauti\u00a0<em>ECER 2023<\/em>\u00a0prane\u0161im\u0173 recenzavime &#8211;\u00a0<em>Research on Arts Education\u00a0<\/em>ir\u00a0<em>Emerging Researchers&#8217; Group (ERG)<\/em>\u00a0sekcijose.<\/li>\n<\/ol>\n\n","protected":false},"excerpt":{"rendered":"<p>LETA 2023 metin\u0117je konferencijoje suorganizuoti meninio ugdymo problematikai skirt\u0105 sekcij\u0105. Dalyvauti\u00a0EERA Research on Arts Education\u00a0tinklo veiklose. Dalyvauti\u00a0ECER 2023\u00a0prane\u0161im\u0173 recenzavime &#8211;\u00a0Research on Arts Education\u00a0ir\u00a0Emerging Researchers&#8217; Group (ERG)\u00a0sekcijose.<\/p>\n","protected":false},"author":1,"featured_media":0,"parent":0,"menu_order":0,"comment_status":"closed","ping_status":"closed","template":"","meta":{"footnotes":""},"class_list":["post-584","page","type-page","status-publish","hentry"],"yoast_head":"<!-- This site is optimized with the Yoast SEO plugin v25.7 - https:\/\/yoast.com\/wordpress\/plugins\/seo\/ -->\n<title>Tinklo siekiai - Meninio ugdymo tinklas<\/title>\n<meta name=\"robots\" content=\"index, follow, max-snippet:-1, max-image-preview:large, max-video-preview:-1\" \/>\n<link rel=\"canonical\" href=\"https:\/\/lera.lt\/meninio-ugdymo-tinklas\/tinklo-siekiai\/\" \/>\n<meta property=\"og:locale\" content=\"lt_LT\" \/>\n<meta property=\"og:type\" content=\"article\" \/>\n<meta property=\"og:title\" content=\"Tinklo siekiai - Meninio ugdymo tinklas\" \/>\n<meta property=\"og:description\" content=\"LETA 2023 metin\u0117je konferencijoje suorganizuoti meninio ugdymo problematikai skirt\u0105 sekcij\u0105. Dalyvauti\u00a0EERA Research on Arts Education\u00a0tinklo veiklose. Dalyvauti\u00a0ECER 2023\u00a0prane\u0161im\u0173 recenzavime &#8211;\u00a0Research on Arts Education\u00a0ir\u00a0Emerging Researchers&#8217; Group (ERG)\u00a0sekcijose.\" \/>\n<meta property=\"og:url\" content=\"https:\/\/lera.lt\/meninio-ugdymo-tinklas\/tinklo-siekiai\/\" \/>\n<meta property=\"og:site_name\" content=\"Meninio ugdymo tinklas\" \/>\n<meta property=\"article:modified_time\" content=\"2025-09-11T11:22:56+00:00\" \/>\n<meta name=\"twitter:card\" content=\"summary_large_image\" \/>\n<script type=\"application\/ld+json\" class=\"yoast-schema-graph\">{\"@context\":\"https:\/\/schema.org\",\"@graph\":[{\"@type\":\"WebPage\",\"@id\":\"https:\/\/lera.lt\/meninio-ugdymo-tinklas\/tinklo-siekiai\/\",\"url\":\"https:\/\/lera.lt\/meninio-ugdymo-tinklas\/tinklo-siekiai\/\",\"name\":\"Tinklo siekiai - Meninio ugdymo tinklas\",\"isPartOf\":{\"@id\":\"https:\/\/lera.lt\/meninio-ugdymo-tinklas\/#website\"},\"datePublished\":\"2025-08-19T18:11:38+00:00\",\"dateModified\":\"2025-09-11T11:22:56+00:00\",\"breadcrumb\":{\"@id\":\"https:\/\/lera.lt\/meninio-ugdymo-tinklas\/tinklo-siekiai\/#breadcrumb\"},\"inLanguage\":\"lt-LT\",\"potentialAction\":[{\"@type\":\"ReadAction\",\"target\":[\"https:\/\/lera.lt\/meninio-ugdymo-tinklas\/tinklo-siekiai\/\"]}]},{\"@type\":\"BreadcrumbList\",\"@id\":\"https:\/\/lera.lt\/meninio-ugdymo-tinklas\/tinklo-siekiai\/#breadcrumb\",\"itemListElement\":[{\"@type\":\"ListItem\",\"position\":1,\"name\":\"Home\",\"item\":\"https:\/\/lera.lt\/meninio-ugdymo-tinklas\/\"},{\"@type\":\"ListItem\",\"position\":2,\"name\":\"Tinklo siekiai\"}]},{\"@type\":\"WebSite\",\"@id\":\"https:\/\/lera.lt\/meninio-ugdymo-tinklas\/#website\",\"url\":\"https:\/\/lera.lt\/meninio-ugdymo-tinklas\/\",\"name\":\"Meninio ugdymo tinklas\",\"description\":\"\",\"potentialAction\":[{\"@type\":\"SearchAction\",\"target\":{\"@type\":\"EntryPoint\",\"urlTemplate\":\"https:\/\/lera.lt\/meninio-ugdymo-tinklas\/?s={search_term_string}\"},\"query-input\":{\"@type\":\"PropertyValueSpecification\",\"valueRequired\":true,\"valueName\":\"search_term_string\"}}],\"inLanguage\":\"lt-LT\"}]}<\/script>\n<!-- \/ Yoast SEO plugin. -->","yoast_head_json":{"title":"Tinklo siekiai - Meninio ugdymo tinklas","robots":{"index":"index","follow":"follow","max-snippet":"max-snippet:-1","max-image-preview":"max-image-preview:large","max-video-preview":"max-video-preview:-1"},"canonical":"https:\/\/lera.lt\/meninio-ugdymo-tinklas\/tinklo-siekiai\/","og_locale":"lt_LT","og_type":"article","og_title":"Tinklo siekiai - Meninio ugdymo tinklas","og_description":"LETA 2023 metin\u0117je konferencijoje suorganizuoti meninio ugdymo problematikai skirt\u0105 sekcij\u0105. Dalyvauti\u00a0EERA Research on Arts Education\u00a0tinklo veiklose. Dalyvauti\u00a0ECER 2023\u00a0prane\u0161im\u0173 recenzavime &#8211;\u00a0Research on Arts Education\u00a0ir\u00a0Emerging Researchers&#8217; Group (ERG)\u00a0sekcijose.","og_url":"https:\/\/lera.lt\/meninio-ugdymo-tinklas\/tinklo-siekiai\/","og_site_name":"Meninio ugdymo tinklas","article_modified_time":"2025-09-11T11:22:56+00:00","twitter_card":"summary_large_image","schema":{"@context":"https:\/\/schema.org","@graph":[{"@type":"WebPage","@id":"https:\/\/lera.lt\/meninio-ugdymo-tinklas\/tinklo-siekiai\/","url":"https:\/\/lera.lt\/meninio-ugdymo-tinklas\/tinklo-siekiai\/","name":"Tinklo siekiai - Meninio ugdymo tinklas","isPartOf":{"@id":"https:\/\/lera.lt\/meninio-ugdymo-tinklas\/#website"},"datePublished":"2025-08-19T18:11:38+00:00","dateModified":"2025-09-11T11:22:56+00:00","breadcrumb":{"@id":"https:\/\/lera.lt\/meninio-ugdymo-tinklas\/tinklo-siekiai\/#breadcrumb"},"inLanguage":"lt-LT","potentialAction":[{"@type":"ReadAction","target":["https:\/\/lera.lt\/meninio-ugdymo-tinklas\/tinklo-siekiai\/"]}]},{"@type":"BreadcrumbList","@id":"https:\/\/lera.lt\/meninio-ugdymo-tinklas\/tinklo-siekiai\/#breadcrumb","itemListElement":[{"@type":"ListItem","position":1,"name":"Home","item":"https:\/\/lera.lt\/meninio-ugdymo-tinklas\/"},{"@type":"ListItem","position":2,"name":"Tinklo siekiai"}]},{"@type":"WebSite","@id":"https:\/\/lera.lt\/meninio-ugdymo-tinklas\/#website","url":"https:\/\/lera.lt\/meninio-ugdymo-tinklas\/","name":"Meninio ugdymo tinklas","description":"","potentialAction":[{"@type":"SearchAction","target":{"@type":"EntryPoint","urlTemplate":"https:\/\/lera.lt\/meninio-ugdymo-tinklas\/?s={search_term_string}"},"query-input":{"@type":"PropertyValueSpecification","valueRequired":true,"valueName":"search_term_string"}}],"inLanguage":"lt-LT"}]}},"_links":{"self":[{"href":"https:\/\/lera.lt\/meninio-ugdymo-tinklas\/wp-json\/wp\/v2\/pages\/584","targetHints":{"allow":["GET"]}}],"collection":[{"href":"https:\/\/lera.lt\/meninio-ugdymo-tinklas\/wp-json\/wp\/v2\/pages"}],"about":[{"href":"https:\/\/lera.lt\/meninio-ugdymo-tinklas\/wp-json\/wp\/v2\/types\/page"}],"author":[{"embeddable":true,"href":"https:\/\/lera.lt\/meninio-ugdymo-tinklas\/wp-json\/wp\/v2\/users\/1"}],"replies":[{"embeddable":true,"href":"https:\/\/lera.lt\/meninio-ugdymo-tinklas\/wp-json\/wp\/v2\/comments?post=584"}],"version-history":[{"count":8,"href":"https:\/\/lera.lt\/meninio-ugdymo-tinklas\/wp-json\/wp\/v2\/pages\/584\/revisions"}],"predecessor-version":[{"id":852,"href":"https:\/\/lera.lt\/meninio-ugdymo-tinklas\/wp-json\/wp\/v2\/pages\/584\/revisions\/852"}],"wp:attachment":[{"href":"https:\/\/lera.lt\/meninio-ugdymo-tinklas\/wp-json\/wp\/v2\/media?parent=584"}],"curies":[{"name":"wp","href":"https:\/\/api.w.org\/{rel}","templated":true}]}}