{"id":670,"date":"2025-08-20T11:17:55","date_gmt":"2025-08-20T11:17:55","guid":{"rendered":"https:\/\/lera.lt\/leta-doktorantu-tinklas\/?page_id=670"},"modified":"2025-09-11T11:45:25","modified_gmt":"2025-09-11T11:45:25","slug":"network-committee","status":"publish","type":"page","link":"https:\/\/lera.lt\/leta-doktorantu-tinklas\/en\/network-committee\/","title":{"rendered":"Network Committee"},"content":{"rendered":"\n\n\t<h3><strong>LERA Doctoral Students Network Committee<\/strong><\/h3>\n\t\t\t\t<img decoding=\"async\" src=\"https:\/\/lera.lt\/leta-doktorantu-tinklas\/wp-content\/uploads\/sites\/15\/2025\/09\/Vaiva_3x4.jpg\" alt=\"Vaiva_3x4\" itemprop=\"image\" height=\"405\" width=\"540\" title=\"Vaiva_3x4\" onerror=\"this.style.display='none'\" loading=\"lazy\" \/>\n\t<p><strong>Chairperson &#8211;\u00a0 PhD student Ju\u0161kien\u0117 Vaiva<\/strong>\u00a0(Mykolas Romeris University, Vilnius College).<\/p>\n\t<h2>\u00a0Members<\/h2>\n<ul>\n<li><strong>PhD student Bagdonait\u0117 Jurgita<\/strong> (Vilnius University);<\/li>\n<li><strong>PhD student Miseli\u016bnait\u0117 Brigita<\/strong> (Kaunas Technical University);<\/li>\n<li><strong>PhD student Gerasimovi\u010dien\u0117 Vilija<\/strong>\u00a0(Mykolas Romeris University, Vilnius College.<\/li>\n<\/ul>\n\t\t\t<a href=\"https:\/\/lera.lt\/en\/membership\/\" target=\"_self\">\n\t\t\t\t\t\tBecome a member of this network\n\t\t\t\t\t<\/a>\n\n","protected":false},"excerpt":{"rendered":"<p>LERA Doctoral Students Network Committee Chairperson &#8211;\u00a0 PhD student Ju\u0161kien\u0117 Vaiva\u00a0(Mykolas Romeris University, Vilnius College). \u00a0Members PhD student Bagdonait\u0117 Jurgita (Vilnius University); PhD student Miseli\u016bnait\u0117 Brigita (Kaunas Technical University); PhD student Gerasimovi\u010dien\u0117 Vilija\u00a0(Mykolas Romeris University, Vilnius College. Become a member of this network<\/p>\n","protected":false},"author":1,"featured_media":0,"parent":0,"menu_order":0,"comment_status":"closed","ping_status":"closed","template":"","meta":{"footnotes":""},"class_list":["post-670","page","type-page","status-publish","hentry"],"yoast_head":"<!-- This site is optimized with the Yoast SEO plugin v25.7 - https:\/\/yoast.com\/wordpress\/plugins\/seo\/ -->\n<title>Network Committee - LETA doktorant\u0173 tinklas<\/title>\n<meta name=\"robots\" content=\"index, follow, max-snippet:-1, max-image-preview:large, max-video-preview:-1\" \/>\n<link rel=\"canonical\" href=\"https:\/\/lera.lt\/leta-doktorantu-tinklas\/en\/network-committee\/\" \/>\n<meta property=\"og:locale\" content=\"lt_LT\" \/>\n<meta property=\"og:type\" content=\"article\" \/>\n<meta property=\"og:title\" content=\"Network Committee - LETA doktorant\u0173 tinklas\" \/>\n<meta property=\"og:description\" content=\"LERA Doctoral Students Network Committee Chairperson &#8211;\u00a0 PhD student Ju\u0161kien\u0117 Vaiva\u00a0(Mykolas Romeris University, Vilnius College). \u00a0Members PhD student Bagdonait\u0117 Jurgita (Vilnius University); PhD student Miseli\u016bnait\u0117 Brigita (Kaunas Technical University); PhD student Gerasimovi\u010dien\u0117 Vilija\u00a0(Mykolas Romeris University, Vilnius College. Become a member of this network\" \/>\n<meta property=\"og:url\" content=\"https:\/\/lera.lt\/leta-doktorantu-tinklas\/en\/network-committee\/\" \/>\n<meta property=\"og:site_name\" content=\"LETA doktorant\u0173 tinklas\" \/>\n<meta property=\"article:modified_time\" content=\"2025-09-11T11:45:25+00:00\" \/>\n<meta property=\"og:image\" content=\"https:\/\/lera.lt\/leta-doktorantu-tinklas\/wp-content\/uploads\/sites\/15\/2025\/09\/Vaiva_3x4.jpg\" \/>\n<meta name=\"twitter:card\" content=\"summary_large_image\" \/>\n<script type=\"application\/ld+json\" class=\"yoast-schema-graph\">{\"@context\":\"https:\/\/schema.org\",\"@graph\":[{\"@type\":\"WebPage\",\"@id\":\"https:\/\/lera.lt\/leta-doktorantu-tinklas\/en\/network-committee\/\",\"url\":\"https:\/\/lera.lt\/leta-doktorantu-tinklas\/en\/network-committee\/\",\"name\":\"Network Committee - LETA doktorant\u0173 tinklas\",\"isPartOf\":{\"@id\":\"https:\/\/lera.lt\/leta-doktorantu-tinklas\/#website\"},\"primaryImageOfPage\":{\"@id\":\"https:\/\/lera.lt\/leta-doktorantu-tinklas\/en\/network-committee\/#primaryimage\"},\"image\":{\"@id\":\"https:\/\/lera.lt\/leta-doktorantu-tinklas\/en\/network-committee\/#primaryimage\"},\"thumbnailUrl\":\"https:\/\/lera.lt\/leta-doktorantu-tinklas\/wp-content\/uploads\/sites\/15\/2025\/09\/Vaiva_3x4.jpg\",\"datePublished\":\"2025-08-20T11:17:55+00:00\",\"dateModified\":\"2025-09-11T11:45:25+00:00\",\"breadcrumb\":{\"@id\":\"https:\/\/lera.lt\/leta-doktorantu-tinklas\/en\/network-committee\/#breadcrumb\"},\"inLanguage\":\"lt-LT\",\"potentialAction\":[{\"@type\":\"ReadAction\",\"target\":[\"https:\/\/lera.lt\/leta-doktorantu-tinklas\/en\/network-committee\/\"]}]},{\"@type\":\"ImageObject\",\"inLanguage\":\"lt-LT\",\"@id\":\"https:\/\/lera.lt\/leta-doktorantu-tinklas\/en\/network-committee\/#primaryimage\",\"url\":\"https:\/\/lera.lt\/leta-doktorantu-tinklas\/wp-content\/uploads\/sites\/15\/2025\/09\/Vaiva_3x4.jpg\",\"contentUrl\":\"https:\/\/lera.lt\/leta-doktorantu-tinklas\/wp-content\/uploads\/sites\/15\/2025\/09\/Vaiva_3x4.jpg\",\"width\":540,\"height\":405},{\"@type\":\"BreadcrumbList\",\"@id\":\"https:\/\/lera.lt\/leta-doktorantu-tinklas\/en\/network-committee\/#breadcrumb\",\"itemListElement\":[{\"@type\":\"ListItem\",\"position\":1,\"name\":\"Home\",\"item\":\"https:\/\/lera.lt\/leta-doktorantu-tinklas\/en\/home\/\"},{\"@type\":\"ListItem\",\"position\":2,\"name\":\"Network Committee\"}]},{\"@type\":\"WebSite\",\"@id\":\"https:\/\/lera.lt\/leta-doktorantu-tinklas\/#website\",\"url\":\"https:\/\/lera.lt\/leta-doktorantu-tinklas\/\",\"name\":\"LETA doktorant\u0173 tinklas\",\"description\":\"\",\"potentialAction\":[{\"@type\":\"SearchAction\",\"target\":{\"@type\":\"EntryPoint\",\"urlTemplate\":\"https:\/\/lera.lt\/leta-doktorantu-tinklas\/?s={search_term_string}\"},\"query-input\":{\"@type\":\"PropertyValueSpecification\",\"valueRequired\":true,\"valueName\":\"search_term_string\"}}],\"inLanguage\":\"lt-LT\"}]}<\/script>\n<!-- \/ Yoast SEO plugin. -->","yoast_head_json":{"title":"Network Committee - LETA doktorant\u0173 tinklas","robots":{"index":"index","follow":"follow","max-snippet":"max-snippet:-1","max-image-preview":"max-image-preview:large","max-video-preview":"max-video-preview:-1"},"canonical":"https:\/\/lera.lt\/leta-doktorantu-tinklas\/en\/network-committee\/","og_locale":"lt_LT","og_type":"article","og_title":"Network Committee - LETA doktorant\u0173 tinklas","og_description":"LERA Doctoral Students Network Committee Chairperson &#8211;\u00a0 PhD student Ju\u0161kien\u0117 Vaiva\u00a0(Mykolas Romeris University, Vilnius College). \u00a0Members PhD student Bagdonait\u0117 Jurgita (Vilnius University); PhD student Miseli\u016bnait\u0117 Brigita (Kaunas Technical University); PhD student Gerasimovi\u010dien\u0117 Vilija\u00a0(Mykolas Romeris University, Vilnius College. Become a member of this network","og_url":"https:\/\/lera.lt\/leta-doktorantu-tinklas\/en\/network-committee\/","og_site_name":"LETA doktorant\u0173 tinklas","article_modified_time":"2025-09-11T11:45:25+00:00","og_image":[{"url":"https:\/\/lera.lt\/leta-doktorantu-tinklas\/wp-content\/uploads\/sites\/15\/2025\/09\/Vaiva_3x4.jpg","type":"","width":"","height":""}],"twitter_card":"summary_large_image","schema":{"@context":"https:\/\/schema.org","@graph":[{"@type":"WebPage","@id":"https:\/\/lera.lt\/leta-doktorantu-tinklas\/en\/network-committee\/","url":"https:\/\/lera.lt\/leta-doktorantu-tinklas\/en\/network-committee\/","name":"Network Committee - LETA doktorant\u0173 tinklas","isPartOf":{"@id":"https:\/\/lera.lt\/leta-doktorantu-tinklas\/#website"},"primaryImageOfPage":{"@id":"https:\/\/lera.lt\/leta-doktorantu-tinklas\/en\/network-committee\/#primaryimage"},"image":{"@id":"https:\/\/lera.lt\/leta-doktorantu-tinklas\/en\/network-committee\/#primaryimage"},"thumbnailUrl":"https:\/\/lera.lt\/leta-doktorantu-tinklas\/wp-content\/uploads\/sites\/15\/2025\/09\/Vaiva_3x4.jpg","datePublished":"2025-08-20T11:17:55+00:00","dateModified":"2025-09-11T11:45:25+00:00","breadcrumb":{"@id":"https:\/\/lera.lt\/leta-doktorantu-tinklas\/en\/network-committee\/#breadcrumb"},"inLanguage":"lt-LT","potentialAction":[{"@type":"ReadAction","target":["https:\/\/lera.lt\/leta-doktorantu-tinklas\/en\/network-committee\/"]}]},{"@type":"ImageObject","inLanguage":"lt-LT","@id":"https:\/\/lera.lt\/leta-doktorantu-tinklas\/en\/network-committee\/#primaryimage","url":"https:\/\/lera.lt\/leta-doktorantu-tinklas\/wp-content\/uploads\/sites\/15\/2025\/09\/Vaiva_3x4.jpg","contentUrl":"https:\/\/lera.lt\/leta-doktorantu-tinklas\/wp-content\/uploads\/sites\/15\/2025\/09\/Vaiva_3x4.jpg","width":540,"height":405},{"@type":"BreadcrumbList","@id":"https:\/\/lera.lt\/leta-doktorantu-tinklas\/en\/network-committee\/#breadcrumb","itemListElement":[{"@type":"ListItem","position":1,"name":"Home","item":"https:\/\/lera.lt\/leta-doktorantu-tinklas\/en\/home\/"},{"@type":"ListItem","position":2,"name":"Network Committee"}]},{"@type":"WebSite","@id":"https:\/\/lera.lt\/leta-doktorantu-tinklas\/#website","url":"https:\/\/lera.lt\/leta-doktorantu-tinklas\/","name":"LETA doktorant\u0173 tinklas","description":"","potentialAction":[{"@type":"SearchAction","target":{"@type":"EntryPoint","urlTemplate":"https:\/\/lera.lt\/leta-doktorantu-tinklas\/?s={search_term_string}"},"query-input":{"@type":"PropertyValueSpecification","valueRequired":true,"valueName":"search_term_string"}}],"inLanguage":"lt-LT"}]}},"_links":{"self":[{"href":"https:\/\/lera.lt\/leta-doktorantu-tinklas\/wp-json\/wp\/v2\/pages\/670","targetHints":{"allow":["GET"]}}],"collection":[{"href":"https:\/\/lera.lt\/leta-doktorantu-tinklas\/wp-json\/wp\/v2\/pages"}],"about":[{"href":"https:\/\/lera.lt\/leta-doktorantu-tinklas\/wp-json\/wp\/v2\/types\/page"}],"author":[{"embeddable":true,"href":"https:\/\/lera.lt\/leta-doktorantu-tinklas\/wp-json\/wp\/v2\/users\/1"}],"replies":[{"embeddable":true,"href":"https:\/\/lera.lt\/leta-doktorantu-tinklas\/wp-json\/wp\/v2\/comments?post=670"}],"version-history":[{"count":4,"href":"https:\/\/lera.lt\/leta-doktorantu-tinklas\/wp-json\/wp\/v2\/pages\/670\/revisions"}],"predecessor-version":[{"id":840,"href":"https:\/\/lera.lt\/leta-doktorantu-tinklas\/wp-json\/wp\/v2\/pages\/670\/revisions\/840"}],"wp:attachment":[{"href":"https:\/\/lera.lt\/leta-doktorantu-tinklas\/wp-json\/wp\/v2\/media?parent=670"}],"curies":[{"name":"wp","href":"https:\/\/api.w.org\/{rel}","templated":true}]}}