{"id":98,"date":"2025-05-29T14:16:20","date_gmt":"2025-05-29T14:16:20","guid":{"rendered":"https:\/\/lera.lt\/?page_id=98"},"modified":"2025-09-20T14:25:31","modified_gmt":"2025-09-20T14:25:31","slug":"kontaktai","status":"publish","type":"page","link":"https:\/\/lera.lt\/itraukiojo-ugdymo-tinklas\/kontaktai\/","title":{"rendered":"Kontaktai"},"content":{"rendered":"\n\n\t\t\t\t<img decoding=\"async\" src=\"https:\/\/lera.lt\/itraukiojo-ugdymo-tinklas\/wp-content\/uploads\/sites\/14\/2025\/09\/Kestutis-Vaisnora_2_320x240.jpeg\" alt=\"Kestutis-Vaisnora_2_320x240\" itemprop=\"image\" height=\"240\" width=\"320\" title=\"Kestutis-Vaisnora_2_320x240\" onerror=\"this.style.display='none'\" loading=\"lazy\" \/>\n\t<p><strong>Pirmininkas &#8211; dokt. Vai\u0161nora K\u0119stutis<\/strong>\u00a0(Vytauto Did\u017eiojo universitetas).<\/p>\n<p><a href=\"mailto:kestutis.vaisnora@gmail.com\">kestutis.vaisnora@gmail.com<\/a><\/p>\n\t\t\t<a href=\"https:\/\/lera.lt\/registracija\/leta-naryste-2025-metams\/\" target=\"_self\">\n\t\t\t\t\t\tTapti \u0161io tinklo nariu\n\t\t\t\t\t<\/a>\n<h2>\n\t\t\tSusisiekite su tinklo administracija\t<\/h2>\n\n","protected":false},"excerpt":{"rendered":"<p>Pirmininkas &#8211; dokt. Vai\u0161nora K\u0119stutis\u00a0(Vytauto Did\u017eiojo universitetas). kestutis.vaisnora@gmail.com Tapti \u0161io tinklo nariu Susisiekite su tinklo administracija<\/p>\n","protected":false},"author":1,"featured_media":0,"parent":0,"menu_order":0,"comment_status":"closed","ping_status":"closed","template":"","meta":{"footnotes":""},"class_list":["post-98","page","type-page","status-publish","hentry"],"yoast_head":"<!-- This site is optimized with the Yoast SEO plugin v25.7 - https:\/\/yoast.com\/wordpress\/plugins\/seo\/ -->\n<title>Kontaktai - \u012etraukiojo ugdymo tinklas<\/title>\n<meta name=\"robots\" content=\"index, follow, max-snippet:-1, max-image-preview:large, max-video-preview:-1\" \/>\n<link rel=\"canonical\" href=\"https:\/\/lera.lt\/itraukiojo-ugdymo-tinklas\/kontaktai\/\" \/>\n<meta property=\"og:locale\" content=\"lt_LT\" \/>\n<meta property=\"og:type\" content=\"article\" \/>\n<meta property=\"og:title\" content=\"Kontaktai - \u012etraukiojo ugdymo tinklas\" \/>\n<meta property=\"og:description\" content=\"Pirmininkas &#8211; dokt. Vai\u0161nora K\u0119stutis\u00a0(Vytauto Did\u017eiojo universitetas). kestutis.vaisnora@gmail.com Tapti \u0161io tinklo nariu Susisiekite su tinklo administracija\" \/>\n<meta property=\"og:url\" content=\"https:\/\/lera.lt\/itraukiojo-ugdymo-tinklas\/kontaktai\/\" \/>\n<meta property=\"og:site_name\" content=\"\u012etraukiojo ugdymo tinklas\" \/>\n<meta property=\"article:modified_time\" content=\"2025-09-20T14:25:31+00:00\" \/>\n<meta property=\"og:image\" content=\"https:\/\/lera.lt\/itraukiojo-ugdymo-tinklas\/wp-content\/uploads\/sites\/14\/2025\/09\/Kestutis-Vaisnora_2_320x240.jpeg\" \/>\n<meta name=\"twitter:card\" content=\"summary_large_image\" \/>\n<meta name=\"twitter:label1\" content=\"Est. reading time\" \/>\n\t<meta name=\"twitter:data1\" content=\"1 minut\u0117\" \/>\n<script type=\"application\/ld+json\" class=\"yoast-schema-graph\">{\"@context\":\"https:\/\/schema.org\",\"@graph\":[{\"@type\":\"WebPage\",\"@id\":\"https:\/\/lera.lt\/itraukiojo-ugdymo-tinklas\/kontaktai\/\",\"url\":\"https:\/\/lera.lt\/itraukiojo-ugdymo-tinklas\/kontaktai\/\",\"name\":\"Kontaktai - \u012etraukiojo ugdymo tinklas\",\"isPartOf\":{\"@id\":\"https:\/\/lera.lt\/itraukiojo-ugdymo-tinklas\/#website\"},\"primaryImageOfPage\":{\"@id\":\"https:\/\/lera.lt\/itraukiojo-ugdymo-tinklas\/kontaktai\/#primaryimage\"},\"image\":{\"@id\":\"https:\/\/lera.lt\/itraukiojo-ugdymo-tinklas\/kontaktai\/#primaryimage\"},\"thumbnailUrl\":\"https:\/\/lera.lt\/itraukiojo-ugdymo-tinklas\/wp-content\/uploads\/sites\/14\/2025\/09\/Kestutis-Vaisnora_2_320x240.jpeg\",\"datePublished\":\"2025-05-29T14:16:20+00:00\",\"dateModified\":\"2025-09-20T14:25:31+00:00\",\"breadcrumb\":{\"@id\":\"https:\/\/lera.lt\/itraukiojo-ugdymo-tinklas\/kontaktai\/#breadcrumb\"},\"inLanguage\":\"lt-LT\",\"potentialAction\":[{\"@type\":\"ReadAction\",\"target\":[\"https:\/\/lera.lt\/itraukiojo-ugdymo-tinklas\/kontaktai\/\"]}]},{\"@type\":\"ImageObject\",\"inLanguage\":\"lt-LT\",\"@id\":\"https:\/\/lera.lt\/itraukiojo-ugdymo-tinklas\/kontaktai\/#primaryimage\",\"url\":\"https:\/\/lera.lt\/itraukiojo-ugdymo-tinklas\/wp-content\/uploads\/sites\/14\/2025\/09\/Kestutis-Vaisnora_2_320x240.jpeg\",\"contentUrl\":\"https:\/\/lera.lt\/itraukiojo-ugdymo-tinklas\/wp-content\/uploads\/sites\/14\/2025\/09\/Kestutis-Vaisnora_2_320x240.jpeg\",\"width\":320,\"height\":240},{\"@type\":\"BreadcrumbList\",\"@id\":\"https:\/\/lera.lt\/itraukiojo-ugdymo-tinklas\/kontaktai\/#breadcrumb\",\"itemListElement\":[{\"@type\":\"ListItem\",\"position\":1,\"name\":\"Home\",\"item\":\"https:\/\/lera.lt\/itraukiojo-ugdymo-tinklas\/\"},{\"@type\":\"ListItem\",\"position\":2,\"name\":\"Kontaktai\"}]},{\"@type\":\"WebSite\",\"@id\":\"https:\/\/lera.lt\/itraukiojo-ugdymo-tinklas\/#website\",\"url\":\"https:\/\/lera.lt\/itraukiojo-ugdymo-tinklas\/\",\"name\":\"\u012etraukiojo ugdymo tinklas\",\"description\":\"\",\"potentialAction\":[{\"@type\":\"SearchAction\",\"target\":{\"@type\":\"EntryPoint\",\"urlTemplate\":\"https:\/\/lera.lt\/itraukiojo-ugdymo-tinklas\/?s={search_term_string}\"},\"query-input\":{\"@type\":\"PropertyValueSpecification\",\"valueRequired\":true,\"valueName\":\"search_term_string\"}}],\"inLanguage\":\"lt-LT\"}]}<\/script>\n<!-- \/ Yoast SEO plugin. -->","yoast_head_json":{"title":"Kontaktai - \u012etraukiojo ugdymo tinklas","robots":{"index":"index","follow":"follow","max-snippet":"max-snippet:-1","max-image-preview":"max-image-preview:large","max-video-preview":"max-video-preview:-1"},"canonical":"https:\/\/lera.lt\/itraukiojo-ugdymo-tinklas\/kontaktai\/","og_locale":"lt_LT","og_type":"article","og_title":"Kontaktai - \u012etraukiojo ugdymo tinklas","og_description":"Pirmininkas &#8211; dokt. Vai\u0161nora K\u0119stutis\u00a0(Vytauto Did\u017eiojo universitetas). kestutis.vaisnora@gmail.com Tapti \u0161io tinklo nariu Susisiekite su tinklo administracija","og_url":"https:\/\/lera.lt\/itraukiojo-ugdymo-tinklas\/kontaktai\/","og_site_name":"\u012etraukiojo ugdymo tinklas","article_modified_time":"2025-09-20T14:25:31+00:00","og_image":[{"url":"https:\/\/lera.lt\/itraukiojo-ugdymo-tinklas\/wp-content\/uploads\/sites\/14\/2025\/09\/Kestutis-Vaisnora_2_320x240.jpeg","type":"","width":"","height":""}],"twitter_card":"summary_large_image","twitter_misc":{"Est. reading time":"1 minut\u0117"},"schema":{"@context":"https:\/\/schema.org","@graph":[{"@type":"WebPage","@id":"https:\/\/lera.lt\/itraukiojo-ugdymo-tinklas\/kontaktai\/","url":"https:\/\/lera.lt\/itraukiojo-ugdymo-tinklas\/kontaktai\/","name":"Kontaktai - \u012etraukiojo ugdymo tinklas","isPartOf":{"@id":"https:\/\/lera.lt\/itraukiojo-ugdymo-tinklas\/#website"},"primaryImageOfPage":{"@id":"https:\/\/lera.lt\/itraukiojo-ugdymo-tinklas\/kontaktai\/#primaryimage"},"image":{"@id":"https:\/\/lera.lt\/itraukiojo-ugdymo-tinklas\/kontaktai\/#primaryimage"},"thumbnailUrl":"https:\/\/lera.lt\/itraukiojo-ugdymo-tinklas\/wp-content\/uploads\/sites\/14\/2025\/09\/Kestutis-Vaisnora_2_320x240.jpeg","datePublished":"2025-05-29T14:16:20+00:00","dateModified":"2025-09-20T14:25:31+00:00","breadcrumb":{"@id":"https:\/\/lera.lt\/itraukiojo-ugdymo-tinklas\/kontaktai\/#breadcrumb"},"inLanguage":"lt-LT","potentialAction":[{"@type":"ReadAction","target":["https:\/\/lera.lt\/itraukiojo-ugdymo-tinklas\/kontaktai\/"]}]},{"@type":"ImageObject","inLanguage":"lt-LT","@id":"https:\/\/lera.lt\/itraukiojo-ugdymo-tinklas\/kontaktai\/#primaryimage","url":"https:\/\/lera.lt\/itraukiojo-ugdymo-tinklas\/wp-content\/uploads\/sites\/14\/2025\/09\/Kestutis-Vaisnora_2_320x240.jpeg","contentUrl":"https:\/\/lera.lt\/itraukiojo-ugdymo-tinklas\/wp-content\/uploads\/sites\/14\/2025\/09\/Kestutis-Vaisnora_2_320x240.jpeg","width":320,"height":240},{"@type":"BreadcrumbList","@id":"https:\/\/lera.lt\/itraukiojo-ugdymo-tinklas\/kontaktai\/#breadcrumb","itemListElement":[{"@type":"ListItem","position":1,"name":"Home","item":"https:\/\/lera.lt\/itraukiojo-ugdymo-tinklas\/"},{"@type":"ListItem","position":2,"name":"Kontaktai"}]},{"@type":"WebSite","@id":"https:\/\/lera.lt\/itraukiojo-ugdymo-tinklas\/#website","url":"https:\/\/lera.lt\/itraukiojo-ugdymo-tinklas\/","name":"\u012etraukiojo ugdymo tinklas","description":"","potentialAction":[{"@type":"SearchAction","target":{"@type":"EntryPoint","urlTemplate":"https:\/\/lera.lt\/itraukiojo-ugdymo-tinklas\/?s={search_term_string}"},"query-input":{"@type":"PropertyValueSpecification","valueRequired":true,"valueName":"search_term_string"}}],"inLanguage":"lt-LT"}]}},"_links":{"self":[{"href":"https:\/\/lera.lt\/itraukiojo-ugdymo-tinklas\/wp-json\/wp\/v2\/pages\/98","targetHints":{"allow":["GET"]}}],"collection":[{"href":"https:\/\/lera.lt\/itraukiojo-ugdymo-tinklas\/wp-json\/wp\/v2\/pages"}],"about":[{"href":"https:\/\/lera.lt\/itraukiojo-ugdymo-tinklas\/wp-json\/wp\/v2\/types\/page"}],"author":[{"embeddable":true,"href":"https:\/\/lera.lt\/itraukiojo-ugdymo-tinklas\/wp-json\/wp\/v2\/users\/1"}],"replies":[{"embeddable":true,"href":"https:\/\/lera.lt\/itraukiojo-ugdymo-tinklas\/wp-json\/wp\/v2\/comments?post=98"}],"version-history":[{"count":19,"href":"https:\/\/lera.lt\/itraukiojo-ugdymo-tinklas\/wp-json\/wp\/v2\/pages\/98\/revisions"}],"predecessor-version":[{"id":861,"href":"https:\/\/lera.lt\/itraukiojo-ugdymo-tinklas\/wp-json\/wp\/v2\/pages\/98\/revisions\/861"}],"wp:attachment":[{"href":"https:\/\/lera.lt\/itraukiojo-ugdymo-tinklas\/wp-json\/wp\/v2\/media?parent=98"}],"curies":[{"name":"wp","href":"https:\/\/api.w.org\/{rel}","templated":true}]}}