{"id":682,"date":"2025-08-20T13:39:39","date_gmt":"2025-08-20T13:39:39","guid":{"rendered":"https:\/\/lera.lt\/itraukiojo-ugdymo-tinklas\/?page_id=682"},"modified":"2025-09-11T10:06:38","modified_gmt":"2025-09-11T10:06:38","slug":"network-activities","status":"publish","type":"page","link":"https:\/\/lera.lt\/itraukiojo-ugdymo-tinklas\/en\/network-activities\/","title":{"rendered":"Network Activities"},"content":{"rendered":"\n\n\t\t\t\t\t<a href=\"#\"  id=\"fl-accordion--label-0\" tabindex=\"0\" aria-controls=\"fl-accordion--panel-0\">Network Activities 2024<\/a>\n\t\t\t\t\t\t\t\t\t\t\t<a href=\"#\" id=\"fl-accordion--icon-0\"  tabindex=\"0\"><i title=\"Collapse\">Collapse<\/i><\/a>\n\t\t\t\t\t<strong><br \/>\n2024 Network Guidelines:<\/strong><br \/>\n&#8211; Strengthen inter-institutional cooperation on the challenges of inclusive education and share good practices;<br \/>\n&#8211; Organise presentations on inclusive education by scholars\/researchers\/practitioners\/education policy makers to network members (once every three months) and promote discussion\/dialogue;<br \/>\n&#8211; Prepare for the LETA 2024 conference (to achieve accessibility), present papers in the Inclusive Education Network section;<br \/>\n&#8211; To share information on the activities of the network&#8217;s member institutions, to collaborate, to share research\/articles and good practices;\n<strong>On 18 April, the Committee of the Inclusive Education Network met:<\/strong><br \/>\nassociate professor Dr. Laima Tom\u0117nien\u0117 (Vilnius University) was added to the Committee, and Juventa Mud\u0117nien\u0117 (Vilnius College) was elected as the LETA sub-site coordinator. The committee members discussed the activities of the network, current issues, and decided to organise a presentation of the scientific study by Prof. Alvyra Galkien\u0117 (Vytautas Magnus University) and Prof. Ona Monkevi\u010dien\u0117 (Vytautas Magnus University) and a discussion with the members of the network on 22 May.\n<strong>On 22 May, the research study &#8222;Successful Inclusive Education. The presentation of the &#8222;Modelling Sustainable Education Process&#8221; (\u201eS\u0117kmingas \u012ftraukusis ugdymas. Tvaraus ugdymo proceso modeliavimas&#8221;) to the network members. The book was compiled by Alvyra Galkien\u0117 and Ona Monkevi\u010dien\u0117, professors at the Academy of Education of Vytautas Magnus University.<\/strong><br \/>\n<em>The areas of research and pedagogical activity of Prof. Dr. Alvyra Galkien\u0117: inclusive education pedagogy, its history and didactics; universal design for learning approach and its application in educational processes; special educational needs, learning difficulties and their overcoming. She has published individually and with co-authors more than 50 scientific articles, book chapters and methodological materials for teachers. She has led international research teams and co-authored 3 research studies that consistently address the expression and implementation of inclusive education and universal design for learning in different cultural contexts. She is actively involved in the Lithuanian education reform processes in modelling the directions of inclusive system implementation.\u00a0<\/em>\n<em>Prof. Dr. Ona Monkevi\u010dien\u0117&#8217;s main areas of research are: pedagogy and didactics, pedagogical strategies for children&#8217;s education, curriculum, teacher training, mentoring, educational reforms, developmental psychology, and early prevention of emotional and behavioural problems.Individually and with co-authors, she has published more than 70 scientific and more than 40 popular science articles.She is actively involved in the Lithuanian education reform processes in modelling the pre-school education system and promoting the development of inclusive education.<br \/>\n<\/em>The study presents research conducted in Lithuania, Latvia and Estonia.The participants discussed and debated three factors for the sustainability of inclusive education:\n1.\u00a0Creating an emotionally safe educational environment.\n2.\u00a0Successful learning in a collaborative process, eliminating barriers to learning.\n<p>3.\u00a0Modeling e-engagement, creating a barrier-free learning environment.<\/p>\n<p>&nbsp;<\/p>\n<strong>On 19 September, the Committee of the Inclusive Education Network met:<\/strong><br \/>\nCommittee members discussed the organisational arrangements for the LETA conference to be held on 17-18 October (planned presentations and speakers). More detailed information about the 2024 LETA Conference can be found on this website. Ideas for speakers and presentation at the next meeting with the Network members were discussed. Discussions were held on the processes involved in inclusive education, the challenges and the opportunities for overcoming them.\n<strong>17 &#8211; 18 October 2024 VIII Lithuanian Educational Research Association Conference EDUCATIONAL INDEPENDENCE AND COMMUNICATION CHALLENGES: A CONNECTION OF CHALLENGES AND FUTURE<\/strong><br \/>\n18 October. Presentations were given in the Inclusive Education Network section, moderated by LETA Board Member \/ Network Chair \/ Doctoral Student at the Institute of Educational Research, VMU \u0160A K\u0119stutis Vai\u0161nora:\n<ul>\n<li><strong>Ethical Action in the Context of Inclusive Education Research<\/strong><br \/>\nVaiva Ju\u0161kien\u0117 (Vilnius College) &#8211;\u00a0v.juskiene@pdf.viko.lt<br \/>\nViktorija Voidogait\u0117 (Vilnius University) &#8211;\u00a0<a href=\"mailto:bus.grazu@gmail.com\">bus.grazu@gmail.com<\/a><\/li>\n<li><strong>Possibilities of Applying Continuous Improvement Methodology and\u00a0<\/strong><b>Intercultural Education in an Inclusive School: a Case Study of Students With Special Educational Needs<br \/>\n<\/b>\u0160ar\u016bnas Gerulaitis (Mykolas Romeris University) &#8211;\u00a0<a href=\"mailto:sarunas.gerulaitis@gmail.com\">sarunas.gerulaitis@gmail.com<\/a><\/li>\n<li><b>Inclusive Education &#8211; Quality Education for Every Pupil<br \/>\nLaima Tom\u0117nien\u0117 (Vilnius University \u0160iauliai Academy) &#8211;\u00a0<a href=\"mailto:l.tomeniene@gmail.com\">l.tomeniene@gmail.com<\/a><br \/>\n<\/b><b>Daiva Alifanovien\u0117 (Vilnius University \u0160iauliai Academy) &#8211;\u00a0<a href=\"mailto:d.alifanoviene@gmail.com\">d.alifanoviene@gmail.com<\/a><\/b><\/li>\n<li><b>Transformation of Young People&#8217;s Perception of Disability and the Formation of Common Human Bonds in Heterogeneous Activities<br \/>\nJuventa Mud\u0117nien\u0117 (Vilnius College) &#8211;\u00a0<a href=\"mailto:j.mudeniene@pdf.viko.lt\">j.mudeniene@pdf.viko.lt<\/a><\/b><\/li>\n<li><strong>Interactive Child Support Process Management and Communication Solution &#8222;How Are You Doing?&#8221;<br \/>\nR\u016bta Salickait\u0117-\u017dukauskien\u0117 (Kaunas University of Technology) &#8211;\u00a0<a href=\"mailto:ruta.salickaite@ktu.lt\">ruta.salickaite@ktu.lt<\/a><\/strong>Giedrius \u017dukauskas (Lithuanian Engineering College) &#8211;\u00a0<a href=\"mailto:giedrius.zukauskas@lik.tech\">giedrius.zukauskas@lik.tech<\/a><br \/>\nSimona Uleckien\u0117 (MB Quality time solutions) &#8211;\u00a0<a href=\"mailto:simona.uleckiene@gmail.com\">simona.uleckiene@gmail.com<\/a><\/li>\n<li>Poster presentation:\u00a0<strong>Physical Characteristics and Cognitive Functions of Children With Mild Intellectual Disabilities Using Interactive Physical Activities<br \/>\n<\/strong>Vida Ostasevi\u010dien\u0117, Silvija Mi\u0161kauskait\u0117 (Lithuanian Sport University) &#8211;\u00a0<a href=\"mailto:vida.ostaseviciene@lsu.lt\">vida.ostaseviciene@lsu.lt<\/a>\nFor presentations at conferences, seminars, trainings organised by you, please contact us at the e-mail addresses indicated by the speakers.<\/li>\n<\/ul>\n\t\t\t\t\t<a href=\"#\"  id=\"fl-accordion--label-1\" tabindex=\"0\" aria-controls=\"fl-accordion--panel-1\">Network Activities 2023<\/a>\n\t\t\t\t\t\t\t\t\t\t\t<a href=\"#\" id=\"fl-accordion--icon-1\"  tabindex=\"0\"><i title=\"Expand\">Expand<\/i><\/a>\n\t\t\t\t\t<a href=\"#\"  id=\"fl-accordion--label-2\" tabindex=\"0\" aria-controls=\"fl-accordion--panel-2\">Network Activities 2022<\/a>\n\t\t\t\t\t\t\t\t\t\t\t<a href=\"#\" id=\"fl-accordion--icon-2\"  tabindex=\"0\"><i title=\"Expand\">Expand<\/i><\/a>\n\n","protected":false},"excerpt":{"rendered":"<p>Network Activities 2024 Collapse 2024 Network Guidelines: &#8211; Strengthen inter-institutional cooperation on the challenges of inclusive education and share good practices; &#8211; Organise presentations on inclusive education by scholars\/researchers\/practitioners\/education policy makers to network members (once every three months) and promote discussion\/dialogue; &#8211; Prepare for the LETA 2024 conference (to achieve accessibility), present papers in the&hellip;<\/p>\n","protected":false},"author":1,"featured_media":0,"parent":0,"menu_order":0,"comment_status":"closed","ping_status":"closed","template":"","meta":{"footnotes":""},"class_list":["post-682","page","type-page","status-publish","hentry"],"yoast_head":"<!-- This site is optimized with the Yoast SEO plugin v25.7 - https:\/\/yoast.com\/wordpress\/plugins\/seo\/ -->\n<title>Network Activities - \u012etraukiojo ugdymo tinklas<\/title>\n<meta name=\"robots\" content=\"index, follow, max-snippet:-1, max-image-preview:large, max-video-preview:-1\" \/>\n<link rel=\"canonical\" href=\"https:\/\/lera.lt\/itraukiojo-ugdymo-tinklas\/en\/network-activities\/\" \/>\n<meta property=\"og:locale\" content=\"lt_LT\" \/>\n<meta property=\"og:type\" content=\"article\" \/>\n<meta property=\"og:title\" content=\"Network Activities - \u012etraukiojo ugdymo tinklas\" \/>\n<meta property=\"og:description\" content=\"Network Activities 2024 Collapse 2024 Network Guidelines: &#8211; Strengthen inter-institutional cooperation on the challenges of inclusive education and share good practices; &#8211; Organise presentations on inclusive education by scholars\/researchers\/practitioners\/education policy makers to network members (once every three months) and promote discussion\/dialogue; &#8211; Prepare for the LETA 2024 conference (to achieve accessibility), present papers in the&hellip;\" \/>\n<meta property=\"og:url\" content=\"https:\/\/lera.lt\/itraukiojo-ugdymo-tinklas\/en\/network-activities\/\" \/>\n<meta property=\"og:site_name\" content=\"\u012etraukiojo ugdymo tinklas\" \/>\n<meta property=\"article:modified_time\" content=\"2025-09-11T10:06:38+00:00\" \/>\n<meta name=\"twitter:card\" content=\"summary_large_image\" \/>\n<script type=\"application\/ld+json\" class=\"yoast-schema-graph\">{\"@context\":\"https:\/\/schema.org\",\"@graph\":[{\"@type\":\"WebPage\",\"@id\":\"https:\/\/lera.lt\/itraukiojo-ugdymo-tinklas\/en\/network-activities\/\",\"url\":\"https:\/\/lera.lt\/itraukiojo-ugdymo-tinklas\/en\/network-activities\/\",\"name\":\"Network Activities - \u012etraukiojo ugdymo tinklas\",\"isPartOf\":{\"@id\":\"https:\/\/lera.lt\/itraukiojo-ugdymo-tinklas\/#website\"},\"datePublished\":\"2025-08-20T13:39:39+00:00\",\"dateModified\":\"2025-09-11T10:06:38+00:00\",\"breadcrumb\":{\"@id\":\"https:\/\/lera.lt\/itraukiojo-ugdymo-tinklas\/en\/network-activities\/#breadcrumb\"},\"inLanguage\":\"lt-LT\",\"potentialAction\":[{\"@type\":\"ReadAction\",\"target\":[\"https:\/\/lera.lt\/itraukiojo-ugdymo-tinklas\/en\/network-activities\/\"]}]},{\"@type\":\"BreadcrumbList\",\"@id\":\"https:\/\/lera.lt\/itraukiojo-ugdymo-tinklas\/en\/network-activities\/#breadcrumb\",\"itemListElement\":[{\"@type\":\"ListItem\",\"position\":1,\"name\":\"Home\",\"item\":\"https:\/\/lera.lt\/itraukiojo-ugdymo-tinklas\/\"},{\"@type\":\"ListItem\",\"position\":2,\"name\":\"Network Activities\"}]},{\"@type\":\"WebSite\",\"@id\":\"https:\/\/lera.lt\/itraukiojo-ugdymo-tinklas\/#website\",\"url\":\"https:\/\/lera.lt\/itraukiojo-ugdymo-tinklas\/\",\"name\":\"\u012etraukiojo ugdymo tinklas\",\"description\":\"\",\"potentialAction\":[{\"@type\":\"SearchAction\",\"target\":{\"@type\":\"EntryPoint\",\"urlTemplate\":\"https:\/\/lera.lt\/itraukiojo-ugdymo-tinklas\/?s={search_term_string}\"},\"query-input\":{\"@type\":\"PropertyValueSpecification\",\"valueRequired\":true,\"valueName\":\"search_term_string\"}}],\"inLanguage\":\"lt-LT\"}]}<\/script>\n<!-- \/ Yoast SEO plugin. -->","yoast_head_json":{"title":"Network Activities - \u012etraukiojo ugdymo tinklas","robots":{"index":"index","follow":"follow","max-snippet":"max-snippet:-1","max-image-preview":"max-image-preview:large","max-video-preview":"max-video-preview:-1"},"canonical":"https:\/\/lera.lt\/itraukiojo-ugdymo-tinklas\/en\/network-activities\/","og_locale":"lt_LT","og_type":"article","og_title":"Network Activities - \u012etraukiojo ugdymo tinklas","og_description":"Network Activities 2024 Collapse 2024 Network Guidelines: &#8211; Strengthen inter-institutional cooperation on the challenges of inclusive education and share good practices; &#8211; Organise presentations on inclusive education by scholars\/researchers\/practitioners\/education policy makers to network members (once every three months) and promote discussion\/dialogue; &#8211; Prepare for the LETA 2024 conference (to achieve accessibility), present papers in the&hellip;","og_url":"https:\/\/lera.lt\/itraukiojo-ugdymo-tinklas\/en\/network-activities\/","og_site_name":"\u012etraukiojo ugdymo tinklas","article_modified_time":"2025-09-11T10:06:38+00:00","twitter_card":"summary_large_image","schema":{"@context":"https:\/\/schema.org","@graph":[{"@type":"WebPage","@id":"https:\/\/lera.lt\/itraukiojo-ugdymo-tinklas\/en\/network-activities\/","url":"https:\/\/lera.lt\/itraukiojo-ugdymo-tinklas\/en\/network-activities\/","name":"Network Activities - \u012etraukiojo ugdymo tinklas","isPartOf":{"@id":"https:\/\/lera.lt\/itraukiojo-ugdymo-tinklas\/#website"},"datePublished":"2025-08-20T13:39:39+00:00","dateModified":"2025-09-11T10:06:38+00:00","breadcrumb":{"@id":"https:\/\/lera.lt\/itraukiojo-ugdymo-tinklas\/en\/network-activities\/#breadcrumb"},"inLanguage":"lt-LT","potentialAction":[{"@type":"ReadAction","target":["https:\/\/lera.lt\/itraukiojo-ugdymo-tinklas\/en\/network-activities\/"]}]},{"@type":"BreadcrumbList","@id":"https:\/\/lera.lt\/itraukiojo-ugdymo-tinklas\/en\/network-activities\/#breadcrumb","itemListElement":[{"@type":"ListItem","position":1,"name":"Home","item":"https:\/\/lera.lt\/itraukiojo-ugdymo-tinklas\/"},{"@type":"ListItem","position":2,"name":"Network Activities"}]},{"@type":"WebSite","@id":"https:\/\/lera.lt\/itraukiojo-ugdymo-tinklas\/#website","url":"https:\/\/lera.lt\/itraukiojo-ugdymo-tinklas\/","name":"\u012etraukiojo ugdymo tinklas","description":"","potentialAction":[{"@type":"SearchAction","target":{"@type":"EntryPoint","urlTemplate":"https:\/\/lera.lt\/itraukiojo-ugdymo-tinklas\/?s={search_term_string}"},"query-input":{"@type":"PropertyValueSpecification","valueRequired":true,"valueName":"search_term_string"}}],"inLanguage":"lt-LT"}]}},"_links":{"self":[{"href":"https:\/\/lera.lt\/itraukiojo-ugdymo-tinklas\/wp-json\/wp\/v2\/pages\/682","targetHints":{"allow":["GET"]}}],"collection":[{"href":"https:\/\/lera.lt\/itraukiojo-ugdymo-tinklas\/wp-json\/wp\/v2\/pages"}],"about":[{"href":"https:\/\/lera.lt\/itraukiojo-ugdymo-tinklas\/wp-json\/wp\/v2\/types\/page"}],"author":[{"embeddable":true,"href":"https:\/\/lera.lt\/itraukiojo-ugdymo-tinklas\/wp-json\/wp\/v2\/users\/1"}],"replies":[{"embeddable":true,"href":"https:\/\/lera.lt\/itraukiojo-ugdymo-tinklas\/wp-json\/wp\/v2\/comments?post=682"}],"version-history":[{"count":7,"href":"https:\/\/lera.lt\/itraukiojo-ugdymo-tinklas\/wp-json\/wp\/v2\/pages\/682\/revisions"}],"predecessor-version":[{"id":840,"href":"https:\/\/lera.lt\/itraukiojo-ugdymo-tinklas\/wp-json\/wp\/v2\/pages\/682\/revisions\/840"}],"wp:attachment":[{"href":"https:\/\/lera.lt\/itraukiojo-ugdymo-tinklas\/wp-json\/wp\/v2\/media?parent=682"}],"curies":[{"name":"wp","href":"https:\/\/api.w.org\/{rel}","templated":true}]}}