{"id":670,"date":"2025-08-20T11:17:55","date_gmt":"2025-08-20T11:17:55","guid":{"rendered":"https:\/\/lera.lt\/itraukiojo-ugdymo-tinklas\/?page_id=670"},"modified":"2025-09-11T10:08:08","modified_gmt":"2025-09-11T10:08:08","slug":"network-committee","status":"publish","type":"page","link":"https:\/\/lera.lt\/itraukiojo-ugdymo-tinklas\/en\/network-committee\/","title":{"rendered":"Network Committee"},"content":{"rendered":"\n\n\t<h3><strong>Inclusive Education Network Committee<\/strong><\/h3>\n\t\t\t\t<img decoding=\"async\" src=\"https:\/\/lera.lt\/itraukiojo-ugdymo-tinklas\/wp-content\/uploads\/sites\/14\/2025\/09\/Kestutis-Vaisnora_2_320x240.jpeg\" alt=\"Kestutis-Vaisnora_2_320x240\" itemprop=\"image\" height=\"240\" width=\"320\" title=\"Kestutis-Vaisnora_2_320x240\" onerror=\"this.style.display='none'\" loading=\"lazy\" \/>\n\t<p><strong>Chairperson &#8211; PhD student Vai\u0161nora K\u0119stutis\u00a0<\/strong>(Vytautas Magnus University).<\/p>\n\t<h2>\u00a0Members<\/h2>\n<ul>\n<li><strong>assoc. prof.\u00a0 Alifanovien\u0117 Daiva<\/strong> (Vilnius University);<\/li>\n<li><strong>prof. dr. Galkien\u0117 Alvyra<\/strong> (Vytautas Magnus University);<\/li>\n<li><strong>assoc. prof. Lap\u0117nien\u0117 Asta<\/strong> (Vytautas Magnus University);<\/li>\n<li><strong>assoc. prof.\u00a0 Tom\u0117nien\u0117 Laima<\/strong> (Vilnius University);<\/li>\n<li><strong>PhD student Gerulaitis \u0160ar\u016bnas<\/strong> (Mykolas Romeris University);<\/li>\n<li><strong>assoc. prof. Grig\u0117nait\u0117 Julija<\/strong> (Vytautas Magnus University);<\/li>\n<li><strong>Mgs. Mud\u0117nien\u0117 Juventa<\/strong>\u00a0(Vilnius College).<\/li>\n<\/ul>\n\t\t\t<a href=\"https:\/\/lera.lt\/en\/membership\/\" target=\"_self\">\n\t\t\t\t\t\tBecome a member of this network\n\t\t\t\t\t<\/a>\n\n","protected":false},"excerpt":{"rendered":"<p>Inclusive Education Network Committee Chairperson &#8211; PhD student Vai\u0161nora K\u0119stutis\u00a0(Vytautas Magnus University). \u00a0Members assoc. prof.\u00a0 Alifanovien\u0117 Daiva (Vilnius University); prof. dr. Galkien\u0117 Alvyra (Vytautas Magnus University); assoc. prof. Lap\u0117nien\u0117 Asta (Vytautas Magnus University); assoc. prof.\u00a0 Tom\u0117nien\u0117 Laima (Vilnius University); PhD student Gerulaitis \u0160ar\u016bnas (Mykolas Romeris University); assoc. prof. Grig\u0117nait\u0117 Julija (Vytautas Magnus University); Mgs. Mud\u0117nien\u0117&hellip;<\/p>\n","protected":false},"author":1,"featured_media":0,"parent":0,"menu_order":0,"comment_status":"closed","ping_status":"closed","template":"","meta":{"footnotes":""},"class_list":["post-670","page","type-page","status-publish","hentry"],"yoast_head":"<!-- This site is optimized with the Yoast SEO plugin v25.7 - https:\/\/yoast.com\/wordpress\/plugins\/seo\/ -->\n<title>Network Committee - \u012etraukiojo ugdymo tinklas<\/title>\n<meta name=\"robots\" content=\"index, follow, max-snippet:-1, max-image-preview:large, max-video-preview:-1\" \/>\n<link rel=\"canonical\" href=\"https:\/\/lera.lt\/itraukiojo-ugdymo-tinklas\/en\/network-committee\/\" \/>\n<meta property=\"og:locale\" content=\"lt_LT\" \/>\n<meta property=\"og:type\" content=\"article\" \/>\n<meta property=\"og:title\" content=\"Network Committee - \u012etraukiojo ugdymo tinklas\" \/>\n<meta property=\"og:description\" content=\"Inclusive Education Network Committee Chairperson &#8211; PhD student Vai\u0161nora K\u0119stutis\u00a0(Vytautas Magnus University). \u00a0Members assoc. prof.\u00a0 Alifanovien\u0117 Daiva (Vilnius University); prof. dr. Galkien\u0117 Alvyra (Vytautas Magnus University); assoc. prof. Lap\u0117nien\u0117 Asta (Vytautas Magnus University); assoc. prof.\u00a0 Tom\u0117nien\u0117 Laima (Vilnius University); PhD student Gerulaitis \u0160ar\u016bnas (Mykolas Romeris University); assoc. prof. Grig\u0117nait\u0117 Julija (Vytautas Magnus University); Mgs. Mud\u0117nien\u0117&hellip;\" \/>\n<meta property=\"og:url\" content=\"https:\/\/lera.lt\/itraukiojo-ugdymo-tinklas\/en\/network-committee\/\" \/>\n<meta property=\"og:site_name\" content=\"\u012etraukiojo ugdymo tinklas\" \/>\n<meta property=\"article:modified_time\" content=\"2025-09-11T10:08:08+00:00\" \/>\n<meta property=\"og:image\" content=\"https:\/\/lera.lt\/itraukiojo-ugdymo-tinklas\/wp-content\/uploads\/sites\/14\/2025\/09\/Kestutis-Vaisnora_2_320x240.jpeg\" \/>\n<meta name=\"twitter:card\" content=\"summary_large_image\" \/>\n<script type=\"application\/ld+json\" class=\"yoast-schema-graph\">{\"@context\":\"https:\/\/schema.org\",\"@graph\":[{\"@type\":\"WebPage\",\"@id\":\"https:\/\/lera.lt\/itraukiojo-ugdymo-tinklas\/en\/network-committee\/\",\"url\":\"https:\/\/lera.lt\/itraukiojo-ugdymo-tinklas\/en\/network-committee\/\",\"name\":\"Network Committee - \u012etraukiojo ugdymo tinklas\",\"isPartOf\":{\"@id\":\"https:\/\/lera.lt\/itraukiojo-ugdymo-tinklas\/#website\"},\"primaryImageOfPage\":{\"@id\":\"https:\/\/lera.lt\/itraukiojo-ugdymo-tinklas\/en\/network-committee\/#primaryimage\"},\"image\":{\"@id\":\"https:\/\/lera.lt\/itraukiojo-ugdymo-tinklas\/en\/network-committee\/#primaryimage\"},\"thumbnailUrl\":\"https:\/\/lera.lt\/itraukiojo-ugdymo-tinklas\/wp-content\/uploads\/sites\/14\/2025\/09\/Kestutis-Vaisnora_2_320x240.jpeg\",\"datePublished\":\"2025-08-20T11:17:55+00:00\",\"dateModified\":\"2025-09-11T10:08:08+00:00\",\"breadcrumb\":{\"@id\":\"https:\/\/lera.lt\/itraukiojo-ugdymo-tinklas\/en\/network-committee\/#breadcrumb\"},\"inLanguage\":\"lt-LT\",\"potentialAction\":[{\"@type\":\"ReadAction\",\"target\":[\"https:\/\/lera.lt\/itraukiojo-ugdymo-tinklas\/en\/network-committee\/\"]}]},{\"@type\":\"ImageObject\",\"inLanguage\":\"lt-LT\",\"@id\":\"https:\/\/lera.lt\/itraukiojo-ugdymo-tinklas\/en\/network-committee\/#primaryimage\",\"url\":\"https:\/\/lera.lt\/itraukiojo-ugdymo-tinklas\/wp-content\/uploads\/sites\/14\/2025\/09\/Kestutis-Vaisnora_2_320x240.jpeg\",\"contentUrl\":\"https:\/\/lera.lt\/itraukiojo-ugdymo-tinklas\/wp-content\/uploads\/sites\/14\/2025\/09\/Kestutis-Vaisnora_2_320x240.jpeg\",\"width\":320,\"height\":240},{\"@type\":\"BreadcrumbList\",\"@id\":\"https:\/\/lera.lt\/itraukiojo-ugdymo-tinklas\/en\/network-committee\/#breadcrumb\",\"itemListElement\":[{\"@type\":\"ListItem\",\"position\":1,\"name\":\"Home\",\"item\":\"https:\/\/lera.lt\/itraukiojo-ugdymo-tinklas\/\"},{\"@type\":\"ListItem\",\"position\":2,\"name\":\"Network Committee\"}]},{\"@type\":\"WebSite\",\"@id\":\"https:\/\/lera.lt\/itraukiojo-ugdymo-tinklas\/#website\",\"url\":\"https:\/\/lera.lt\/itraukiojo-ugdymo-tinklas\/\",\"name\":\"\u012etraukiojo ugdymo tinklas\",\"description\":\"\",\"potentialAction\":[{\"@type\":\"SearchAction\",\"target\":{\"@type\":\"EntryPoint\",\"urlTemplate\":\"https:\/\/lera.lt\/itraukiojo-ugdymo-tinklas\/?s={search_term_string}\"},\"query-input\":{\"@type\":\"PropertyValueSpecification\",\"valueRequired\":true,\"valueName\":\"search_term_string\"}}],\"inLanguage\":\"lt-LT\"}]}<\/script>\n<!-- \/ Yoast SEO plugin. -->","yoast_head_json":{"title":"Network Committee - \u012etraukiojo ugdymo tinklas","robots":{"index":"index","follow":"follow","max-snippet":"max-snippet:-1","max-image-preview":"max-image-preview:large","max-video-preview":"max-video-preview:-1"},"canonical":"https:\/\/lera.lt\/itraukiojo-ugdymo-tinklas\/en\/network-committee\/","og_locale":"lt_LT","og_type":"article","og_title":"Network Committee - \u012etraukiojo ugdymo tinklas","og_description":"Inclusive Education Network Committee Chairperson &#8211; PhD student Vai\u0161nora K\u0119stutis\u00a0(Vytautas Magnus University). \u00a0Members assoc. prof.\u00a0 Alifanovien\u0117 Daiva (Vilnius University); prof. dr. Galkien\u0117 Alvyra (Vytautas Magnus University); assoc. prof. Lap\u0117nien\u0117 Asta (Vytautas Magnus University); assoc. prof.\u00a0 Tom\u0117nien\u0117 Laima (Vilnius University); PhD student Gerulaitis \u0160ar\u016bnas (Mykolas Romeris University); assoc. prof. Grig\u0117nait\u0117 Julija (Vytautas Magnus University); Mgs. Mud\u0117nien\u0117&hellip;","og_url":"https:\/\/lera.lt\/itraukiojo-ugdymo-tinklas\/en\/network-committee\/","og_site_name":"\u012etraukiojo ugdymo tinklas","article_modified_time":"2025-09-11T10:08:08+00:00","og_image":[{"url":"https:\/\/lera.lt\/itraukiojo-ugdymo-tinklas\/wp-content\/uploads\/sites\/14\/2025\/09\/Kestutis-Vaisnora_2_320x240.jpeg","type":"","width":"","height":""}],"twitter_card":"summary_large_image","schema":{"@context":"https:\/\/schema.org","@graph":[{"@type":"WebPage","@id":"https:\/\/lera.lt\/itraukiojo-ugdymo-tinklas\/en\/network-committee\/","url":"https:\/\/lera.lt\/itraukiojo-ugdymo-tinklas\/en\/network-committee\/","name":"Network Committee - \u012etraukiojo ugdymo tinklas","isPartOf":{"@id":"https:\/\/lera.lt\/itraukiojo-ugdymo-tinklas\/#website"},"primaryImageOfPage":{"@id":"https:\/\/lera.lt\/itraukiojo-ugdymo-tinklas\/en\/network-committee\/#primaryimage"},"image":{"@id":"https:\/\/lera.lt\/itraukiojo-ugdymo-tinklas\/en\/network-committee\/#primaryimage"},"thumbnailUrl":"https:\/\/lera.lt\/itraukiojo-ugdymo-tinklas\/wp-content\/uploads\/sites\/14\/2025\/09\/Kestutis-Vaisnora_2_320x240.jpeg","datePublished":"2025-08-20T11:17:55+00:00","dateModified":"2025-09-11T10:08:08+00:00","breadcrumb":{"@id":"https:\/\/lera.lt\/itraukiojo-ugdymo-tinklas\/en\/network-committee\/#breadcrumb"},"inLanguage":"lt-LT","potentialAction":[{"@type":"ReadAction","target":["https:\/\/lera.lt\/itraukiojo-ugdymo-tinklas\/en\/network-committee\/"]}]},{"@type":"ImageObject","inLanguage":"lt-LT","@id":"https:\/\/lera.lt\/itraukiojo-ugdymo-tinklas\/en\/network-committee\/#primaryimage","url":"https:\/\/lera.lt\/itraukiojo-ugdymo-tinklas\/wp-content\/uploads\/sites\/14\/2025\/09\/Kestutis-Vaisnora_2_320x240.jpeg","contentUrl":"https:\/\/lera.lt\/itraukiojo-ugdymo-tinklas\/wp-content\/uploads\/sites\/14\/2025\/09\/Kestutis-Vaisnora_2_320x240.jpeg","width":320,"height":240},{"@type":"BreadcrumbList","@id":"https:\/\/lera.lt\/itraukiojo-ugdymo-tinklas\/en\/network-committee\/#breadcrumb","itemListElement":[{"@type":"ListItem","position":1,"name":"Home","item":"https:\/\/lera.lt\/itraukiojo-ugdymo-tinklas\/"},{"@type":"ListItem","position":2,"name":"Network Committee"}]},{"@type":"WebSite","@id":"https:\/\/lera.lt\/itraukiojo-ugdymo-tinklas\/#website","url":"https:\/\/lera.lt\/itraukiojo-ugdymo-tinklas\/","name":"\u012etraukiojo ugdymo tinklas","description":"","potentialAction":[{"@type":"SearchAction","target":{"@type":"EntryPoint","urlTemplate":"https:\/\/lera.lt\/itraukiojo-ugdymo-tinklas\/?s={search_term_string}"},"query-input":{"@type":"PropertyValueSpecification","valueRequired":true,"valueName":"search_term_string"}}],"inLanguage":"lt-LT"}]}},"_links":{"self":[{"href":"https:\/\/lera.lt\/itraukiojo-ugdymo-tinklas\/wp-json\/wp\/v2\/pages\/670","targetHints":{"allow":["GET"]}}],"collection":[{"href":"https:\/\/lera.lt\/itraukiojo-ugdymo-tinklas\/wp-json\/wp\/v2\/pages"}],"about":[{"href":"https:\/\/lera.lt\/itraukiojo-ugdymo-tinklas\/wp-json\/wp\/v2\/types\/page"}],"author":[{"embeddable":true,"href":"https:\/\/lera.lt\/itraukiojo-ugdymo-tinklas\/wp-json\/wp\/v2\/users\/1"}],"replies":[{"embeddable":true,"href":"https:\/\/lera.lt\/itraukiojo-ugdymo-tinklas\/wp-json\/wp\/v2\/comments?post=670"}],"version-history":[{"count":4,"href":"https:\/\/lera.lt\/itraukiojo-ugdymo-tinklas\/wp-json\/wp\/v2\/pages\/670\/revisions"}],"predecessor-version":[{"id":842,"href":"https:\/\/lera.lt\/itraukiojo-ugdymo-tinklas\/wp-json\/wp\/v2\/pages\/670\/revisions\/842"}],"wp:attachment":[{"href":"https:\/\/lera.lt\/itraukiojo-ugdymo-tinklas\/wp-json\/wp\/v2\/media?parent=670"}],"curies":[{"name":"wp","href":"https:\/\/api.w.org\/{rel}","templated":true}]}}