{"id":591,"date":"2025-08-19T18:12:31","date_gmt":"2025-08-19T18:12:31","guid":{"rendered":"https:\/\/lera.lt\/itraukiojo-ugdymo-tinklas\/?page_id=591"},"modified":"2025-09-11T10:03:33","modified_gmt":"2025-09-11T10:03:33","slug":"tinklo-veiklos","status":"publish","type":"page","link":"https:\/\/lera.lt\/itraukiojo-ugdymo-tinklas\/tinklo-veiklos\/","title":{"rendered":"Tinklo veiklos"},"content":{"rendered":"\n\n\t\t\t\t\t<a href=\"#\"  id=\"fl-accordion--label-0\" tabindex=\"0\" aria-controls=\"fl-accordion--panel-0\">Tinklo veiklos 2024<\/a>\n\t\t\t\t\t\t\t\t\t\t\t<a href=\"#\" id=\"fl-accordion--icon-0\"  tabindex=\"0\"><i title=\"Collapse\">Collapse<\/i><\/a>\n\t\t\t\t\t<strong>2024 met\u0173 tinklo gair\u0117s:<\/strong><br \/>\n&#8211; stiprinti tarpinstitucin\u012f bendradarbiavim\u0105 sprend\u017eiant \u012ftraukaus ugdymo i\u0161\u0161\u016bkius ir dalintis gerosiomis praktikomis;<br \/>\n&#8211; suorganizuoti tinklo nariams (kart\u0105 per tris m\u0117nesius) mokslinink\u0173 \/ tyr\u0117j\u0173 \/ praktik\u0173 \/ \u0161vietimo politikos formuotoj\u0173 \/ pristatymus \u012ftraukaus ugdymo tematika ir skatinti diskusijas \/ dialog\u0105;<br \/>\n&#8211; pasirengti LETA 2024 m. konferencijai (siekti prieinamumo), \u012ftraukaus ugdymo tinklo sekcijoje pristatyti prane\u0161imus;<br \/>\n&#8211; dalintis informacija apie tinklo nari\u0173 institucij\u0173 veiklas, bendradarbiauti, dalintis moksliniais tyrimais \/ straipsniais ir gerosiomis praktikomis;\n<strong>Baland\u017eio 18 d. \u012fvyko \u012etraukaus ugdymo tinklo komiteto susitikimas:<br \/>\n<\/strong>\u012f komiteto sud\u0117t\u012f \u012ftaukta doc. dr. Laima Tom\u0117nien\u0117 (Vilniaus universitetas), LETA svetain\u0117s subsaito koordinatore i\u0161rinkta &#8211; Juventa Mud\u0117nien\u0117 (Vilniaus kolegija). Komiteto nariai aptar\u0117 tinklo veikl\u0105, einamuosius klausimus, nusprend\u0117 organizuoti tinklo nariams prof. Alvyros Galkien\u0117s (Vytauto Did\u017eiojo universitetas) ir prof. Onos Monkevi\u010dien\u0117s (Vytauto Did\u017eiojo universitetas) mokslin\u0117s studijos pristatym\u0105 bei diskusij\u0105 su tinklo nariais (gegu\u017e\u0117s 22 d.).\n<p><strong>Gegu\u017e\u0117s 22 dien\u0105 \u012fvyko mokslo studijos \u201eS\u0117kmingas \u012ftraukusis ugdymas. Tvaraus ugdymo proceso modeliavimas&#8221; pristatymas tinklo nariams. Knygos sudarytojos &#8211; Vytauto did\u017eiojo universiteto \u0160vietimo akademijos profesor\u0117s: Alvyra Galkien\u0117 ir Ona Monkevi\u010dien\u0117.<\/strong><\/p>\n<em>Prof. dr. Alvyros Galkien\u0117s mokslini\u0173 tyrin\u0117jim\u0173 ir pedagogin\u0117s veiklos kryptys: \u012ftraukiojo ugdymo pedagogika, jos istorija ir didaktika; universalaus dizaino mokymuisi prieiga ir jos taikymas ugdymo procesuose; specialieji ugdymosi poreikiai, mokymosi sunkumai ir j\u0173 \u012fveika. Profesor\u0117 individualiai ir su bendraautoriais publikavo per 50 mokslo straipsni\u0173, \u00a0knyg\u0173 skyri\u0173, metodin\u0117s med\u017eiagos mokytojams. Vadovaudama tarptautin\u0117ms mokslinink\u0173 grup\u0117ms, kartu su bendraautoriais paskelb\u0117 3 mokslo studijas, kuriose nuosekliai nagrin\u0117jami \u012ftraukiojo ugdymo ir universalaus dizaino mokymuisi rai\u0161kos ir \u012fgyvendinimo skirtinguose kult\u016briniuose kontekstuose klausimai. Profesor\u0117 aktyviai dalyvauja Lietuvos \u0161vietimo reformos procesuose modeliuojant \u012ftraukiojo sistemos \u012fgyvendinimo kryptis.\u00a0<\/em>\n<em>Prof. dr. Onos Monkevi\u010dien\u0117s pagrindin\u0117s mokslini\u0173 tyrin\u0117jim\u0173 sritys: pedagogika ir didaktika, vaik\u0173 ugdymo pedagogin\u0117s strategijos, curriculum (ugdymo ir studij\u0173 turinys), pedagog\u0173 rengimas, mentoryst\u0117, \u0161vietimo reformos, raidos psichologija, emocini\u0173 ir elgesio problem\u0173 ankstyvoji prevencija. Individualiai ir kartu su bendraautoriais ji paskelb\u0117 daugiau kaip 70 mokslini\u0173 ir daugiau kaip 40 mokslo populiarinam\u0173j\u0173 straipsni\u0173. Profesor\u0117 aktyviai dalyvauja Lietuvos \u0161vietimo reformos procesuose modeliuojant ikimokyklinio ugdymo sistem\u0105 ir skatinant \u012ftraukiojo ugdymo vystym\u0105.\u00a0<\/em>\nStudijoje pristatomas Lietuvoje, Latvijoje ir Estijoje atliktas tyrimas. Susitikimo dalyviai aptar\u0117 ir diskutavo apie tris \u012ftraukiojo ugdymo tvarumo veiksnius:\n1.\u00a0Emoci\u0161kai saugios ugdymo aplinkos k\u016brim\u0105.\n2.\u00a0S\u0117kming\u0105 mokym\u0105si bendrame procese, eliminuojant mokymosi barjerus.\n3.\u00a0E-\u012ftraukties modeliavim\u0105, kuriant ugdymo aplink\u0105 be barjer\u0173.\n<strong><br \/>\nRugs\u0117jo 19 dien\u0105 \u012fvyko \u012ftraukiojo ugdymo tinklo komiteto susitikimas:<br \/>\n<\/strong>\n<p>Komiteto nariai aptar\u0117 organizacinius klausimus d\u0117l organizuojamos LETA konferencijos spalio 17-18 dienomis (planuojami prane\u0161imai ir prane\u0161\u0117jai). Detalesn\u0119 informacij\u0105 apie 2024 met\u0173 LETA konferencij\u0105 galima rasti \u0161ioje svetain\u0117je. Aptartos id\u0117jos d\u0117l prane\u0161\u0117j\u0173 ir prane\u0161imo sekan\u010diame susitikime su Tinklo nariais. Diskutuota apie \u012ftraukiojo ugdymo procese vykstan\u010dius procesus, kylan\u010dius i\u0161\u0161\u016bkius ir \u012fveikos galimybes.<\/p>\n<p>&nbsp;<\/p>\n<p><strong>2024 m. spalio 17 &#8211; 18 d. \u012fvyko VIII Lietuvos edukacini\u0173 tyrim\u0173 asociacijos konferencija<\/strong>\u00a0<strong>\u0160VIETIMO NEAPIBR\u0116\u017dTUMAS IR KOMUNIKACIJOS I\u0160\u0160\u016aKIAI: PRAEITIES IR ATEITIES SANKIRTA<\/strong><\/p>\n<p>Spalio 18 d. \u012etraukiojo ugdymo tinklo sekcijoje, kuri\u0105 moderavo LETA Valdybos narys \/ tinklo pirmininkas \/ VDU \u0160A Edukologijos tyrim\u0173 instituto doktroantas K\u0119stutis Vai\u0161nora, pristatyti prane\u0161imai:<\/p>\n<ul>\n<li><strong>Eti\u0161kas veiksmas \u012ftraukaus ugdymo tyrim\u0173 kontekste<\/strong><br \/>\nVaiva Ju\u0161kien\u0117 (Vilniaus kolegija) &#8211;\u00a0<a href=\"mailto:v.juskiene@pdf.viko.lt\">v.juskiene@pdf.viko.lt<\/a><br \/>\nViktorija Voidogait\u0117 (Vilniaus universitetas) &#8211;\u00a0<a href=\"mailto:bus.grazu@gmail.com\">bus.grazu@gmail.com<\/a><\/li>\n<\/ul>\n<ul>\n<li><strong>Nuolatinio tobul\u0117jimo metodikos ir tarpkult\u016brinio ugdymo taikymo galimyb\u0117s \u012ftraukiojoje mokykloje: speciali\u0173j\u0173 ugdymosi poreiki\u0173 turin\u010di\u0173 mokini\u0173 atvejo tyrima<\/strong>s<br \/>\n\u0160ar\u016bnas Gerulaitis (Mykolo Romerio universitetas) &#8211;\u00a0<a href=\"mailto:sarunas.gerulaitis@gmail.com\">sarunas.gerulaitis@gmail.com<\/a><\/li>\n<\/ul>\n<ul>\n<li><strong>\u012etraukusis ugdymas &#8211; kokybi\u0161kas ugdymas kiekvienam ugdytiniui<\/strong><br \/>\nLaima Tom\u0117nien\u0117 (Vilniaus universiteto \u0160iauli\u0173 akademija) &#8211;<a href=\"mailto:l.tomeniene@gmail.com\">\u00a0l.tomeniene@gmail.com<\/a><br \/>\nDaiva Alifanovien\u0117 (Vilniaus universiteto \u0160iauli\u0173 akademija) &#8211;\u00a0<a href=\"mailto:d.alifanoviene@gmail.com\">d.alifanoviene@gmail.com<\/a><\/li>\n<\/ul>\n<ul>\n<li><strong>Jaunuoli\u0173 negalios suvokimo transformacijos ir bendra\u017emogi\u0161k\u0173j\u0173 jung\u010di\u0173 formavimasis heterogenin\u0117je aplinkoje vykstan\u010diose veiklose<\/strong><br \/>\nJuventa Mud\u0117nien\u0117 (Vilniaus kolegija) &#8211;<a href=\"mailto:j.mudeniene@pdf.viko.lt\">\u00a0j.mudeniene@pdf.viko.lt<\/a><\/li>\n<\/ul>\n<ul>\n<li><strong>Interaktyvus pagalbos vaikui proceso valdymo ir komunikacijos sprendimas\u00a0\u201eKaip sekasi?&#8221;<\/strong><br \/>\nR\u016bta Salickait\u0117-\u017dukauskien\u0117 (Kauno technologijos universitetas) &#8211;\u00a0<a href=\"mailto:ruta.salickaite@ktu.lt\">ruta.salickaite@ktu.lt<\/a><br \/>\nGiedrius \u017dukauskas (Lietuvos in\u017einerijos kolegija) &#8211;\u00a0<a href=\"mailto:giedrius.zukauskas@lik.tech\">giedrius.zukauskas@lik.tech<\/a><br \/>\nSimona Uleckien\u0117 (MB Quality time solutions) &#8211;\u00a0<a href=\"mailto:simona.uleckiene@gmail.com\">simona.uleckiene@gmail.com<\/a><\/li>\n<\/ul>\n<ul>\n<li>Stendinis prane\u0161imas:\u00a0<strong>Vaik\u0173, turin\u010di\u0173 ne\u017eym\u0173 intelekto sutrikim\u0105, fizini\u0173 ypatybi\u0173 ir kognityvini\u0173 funkcij\u0173 lavinimas taikant interaktyvi\u0105 fizin\u0119 veikl\u0105<\/strong><br \/>\nVida Ostasevi\u010dien\u0117, Silvija Mi\u0161kauskait\u0117 (Lietuvos sporto universitetas) &#8211;\u00a0<a href=\"mailto:vida.ostaseviciene@lsu.lt\">vida.ostaseviciene@lsu.lt<\/a><\/li>\n<\/ul>\n<p>Kvie\u010diame d\u0117l prane\u0161im\u0173 J\u016bs\u0173 organizuojamose konferencijose, seminaruose, mokymuose, kreiptis prane\u0161\u0117j\u0173 nurodytais el.pa\u0161to adresais.<\/p>\n\t\t\t\t\t<a href=\"#\"  id=\"fl-accordion--label-1\" tabindex=\"0\" aria-controls=\"fl-accordion--panel-1\">Tinklo veiklos 2023<\/a>\n\t\t\t\t\t\t\t\t\t\t\t<a href=\"#\" id=\"fl-accordion--icon-1\"  tabindex=\"0\"><i title=\"Expand\">Expand<\/i><\/a>\n\t\t\t\t\t1. Mokslo ir praktikos dialogas:<br \/>\nRenginys skirtas tinklo nari\u0173 ir mokytoj\u0173 bendruomenei: &#8222;Pozityvaus elgesio palaikymo ir intervencij\u0173 sistemos \u012fgyvendinimas Lietuvos mokyklose: praktiniai aspektai&#8221;<br \/>\nRengin\u012f veda dr. Vida Ostasevi\u010dien\u0117 (LSU), doc. dr. Renata Gele\u017einien\u0117 (VU \u0160iauli\u0173 akademija) Gintar\u0117 \u0160at\u0117, Renata Greimait\u0117 (Lietuvos akl\u0173j\u0173 ir silpnaregi\u0173 ugdymo centro Sutrikusios raidos vaik\u0173 konsultavimo skyriaus specialiosios pedagog\u0117s)<br \/>\n2. Mokslini\u0173 tyrim\u0173 rezultat\u0173 sklaida:<br \/>\n&#8211; Europos edukacini\u0173 tyrim\u0173 asociacijos (ECER) konferencijoje 2023.08. 22-25, Glasgow.<br \/>\n&#8211; LETA metin\u0117je konferencijoje 2023 spalio m\u0117n.<br \/>\n&#8211; LETA tinklalapio skiltyje \u201eTyrim\u0173 blykst\u0117s&#8221;.<br \/>\n3. Mokslo id\u0117j\u0173 kavin\u0117 \u201eAtviri \u012ftraukties klausimai ir galim\u0173 sprendim\u0173 kryptys&#8221; (tinklo nari\u0173 dalinimasis atlikt\u0173 tyrim\u0173 rezultatais ir \u012f\u017evalgomis).<br \/>\n4. Mokslo partneryst\u0117 kvie\u010diant tinklo narius dalyvauti auk\u0161t\u0173j\u0173 mokykl\u0173 organizuojamose mokslo renginiuose: konferencijose, seminaruose, diskusijose ir kt.\n\t\t\t\t\t<a href=\"#\"  id=\"fl-accordion--label-2\" tabindex=\"0\" aria-controls=\"fl-accordion--panel-2\">Tinklo veiklos 2022<\/a>\n\t\t\t\t\t\t\t\t\t\t\t<a href=\"#\" id=\"fl-accordion--icon-2\"  tabindex=\"0\"><i title=\"Expand\">Expand<\/i><\/a>\n\t\t\t\t\t1. Mokslini\u0173 tyrim\u0173, kuriuos 2022 m. vykd\u0117 ir rezultatus publikavo tinklo nariai, tematika:<br \/>\n&#8211; mokini\u0173 emocini\u0173 ir edukacini\u0173 sunkum\u0173 prie\u017eas\u010di\u0173 vertinimo ir \u012fveikos mechanizm\u0173 modeliavimas;<br \/>\n&#8211; \u012etraukaus ugdymo kokyb\u0117s mokyklose analiz\u0117;<br \/>\n&#8211; nauj\u0173 \u012ftraukiojo ugdymo prieig\u0173 diegimo mokyklose tyrimai;<br \/>\n&#8211; negali\u0105 turin\u010di\u0173 vaik\u0173 \u012ftraukties \u012f fizin\u0161 aktyvum\u0105 skatinan\u010dias veiklas tyrimai.<br \/>\n2. Mokslin\u0117s diskusijos tematika LETA metin\u0117je konferencijoje tematika:<br \/>\n&#8211; \u0160vietimo prieinamumas Baltijos \u0161alyse;<br \/>\n&#8211; S\u0117kmingas vis\u0173 mokini\u0173 dalyvavimas \u0161vietimo transformacij\u0173 kontekstuose;<br \/>\n&#8211; \u012etrauktis au\u0161tajame moksle;<br \/>\n&#8211; Mokykl\u0173 ir mokytoj\u0173 pasirengimas \u012ftraukiojo ugdymo \u012fgyvendinimui;<br \/>\n&#8211; Mokyklos ir t\u0117v\u0173 santykis \u012ftraukties procesuose;<br \/>\n&#8211; Vaik\u0173 balsas s\u0117kmingo mokymosi siekiuose;<br \/>\n&#8211; \u012etrauktis \u012fvairi\u0173 negali\u0173 turin\u010di\u0173 vaik\u0173 patirtyje.<br \/>\n&#8211; Kiti aktual\u016bs nagrin\u0117jamos tematikos klausimai.<br \/>\n3. \u0160vietimo dalyvi\u0173 ir mokslo dialogas:<br \/>\n&#8211; Mokslini\u0173 tyrim\u0173 rezultat\u0173 sklaida Lietuvos \u0161vietimo \u012fstaig\u0173 vadovams. Vie\u0161oji konsultacija kartu su N\u0160A specialistais \u201e\u012etraukios mokyklos \u017eingsniai vis\u0173 mokini\u0173 s\u0117kmei&#8221;.<br \/>\n&#8211; Diskusija su \u0160MSM specialistais tyrimo \u201eMokini\u0173 patiriami emociniai bei edukaciniai sunkumai ir j\u0173 \u012fveika \u012ftraukiojo ugdymo s\u0105lygomis&#8221; rezultat\u0173 ir rekomendacij\u0173 pritaikomumo klausimais.\n\n","protected":false},"excerpt":{"rendered":"<p>Tinklo veiklos 2024 Collapse 2024 met\u0173 tinklo gair\u0117s: &#8211; stiprinti tarpinstitucin\u012f bendradarbiavim\u0105 sprend\u017eiant \u012ftraukaus ugdymo i\u0161\u0161\u016bkius ir dalintis gerosiomis praktikomis; &#8211; suorganizuoti tinklo nariams (kart\u0105 per tris m\u0117nesius) mokslinink\u0173 \/ tyr\u0117j\u0173 \/ praktik\u0173 \/ \u0161vietimo politikos formuotoj\u0173 \/ pristatymus \u012ftraukaus ugdymo tematika ir skatinti diskusijas \/ dialog\u0105; &#8211; pasirengti LETA 2024 m. konferencijai (siekti prieinamumo),&hellip;<\/p>\n","protected":false},"author":1,"featured_media":0,"parent":0,"menu_order":0,"comment_status":"closed","ping_status":"closed","template":"","meta":{"footnotes":""},"class_list":["post-591","page","type-page","status-publish","hentry"],"yoast_head":"<!-- This site is optimized with the Yoast SEO plugin v25.7 - https:\/\/yoast.com\/wordpress\/plugins\/seo\/ -->\n<title>Tinklo veiklos - \u012etraukiojo ugdymo tinklas<\/title>\n<meta name=\"robots\" content=\"index, follow, max-snippet:-1, max-image-preview:large, max-video-preview:-1\" \/>\n<link rel=\"canonical\" href=\"https:\/\/lera.lt\/itraukiojo-ugdymo-tinklas\/tinklo-veiklos\/\" \/>\n<meta property=\"og:locale\" content=\"lt_LT\" \/>\n<meta property=\"og:type\" content=\"article\" \/>\n<meta property=\"og:title\" content=\"Tinklo veiklos - \u012etraukiojo ugdymo tinklas\" \/>\n<meta property=\"og:description\" content=\"Tinklo veiklos 2024 Collapse 2024 met\u0173 tinklo gair\u0117s: &#8211; stiprinti tarpinstitucin\u012f bendradarbiavim\u0105 sprend\u017eiant \u012ftraukaus ugdymo i\u0161\u0161\u016bkius ir dalintis gerosiomis praktikomis; &#8211; suorganizuoti tinklo nariams (kart\u0105 per tris m\u0117nesius) mokslinink\u0173 \/ tyr\u0117j\u0173 \/ praktik\u0173 \/ \u0161vietimo politikos formuotoj\u0173 \/ pristatymus \u012ftraukaus ugdymo tematika ir skatinti diskusijas \/ dialog\u0105; &#8211; pasirengti LETA 2024 m. konferencijai (siekti prieinamumo),&hellip;\" \/>\n<meta property=\"og:url\" content=\"https:\/\/lera.lt\/itraukiojo-ugdymo-tinklas\/tinklo-veiklos\/\" \/>\n<meta property=\"og:site_name\" content=\"\u012etraukiojo ugdymo tinklas\" \/>\n<meta property=\"article:modified_time\" content=\"2025-09-11T10:03:33+00:00\" \/>\n<meta name=\"twitter:card\" content=\"summary_large_image\" \/>\n<script type=\"application\/ld+json\" class=\"yoast-schema-graph\">{\"@context\":\"https:\/\/schema.org\",\"@graph\":[{\"@type\":\"WebPage\",\"@id\":\"https:\/\/lera.lt\/itraukiojo-ugdymo-tinklas\/tinklo-veiklos\/\",\"url\":\"https:\/\/lera.lt\/itraukiojo-ugdymo-tinklas\/tinklo-veiklos\/\",\"name\":\"Tinklo veiklos - \u012etraukiojo ugdymo tinklas\",\"isPartOf\":{\"@id\":\"https:\/\/lera.lt\/itraukiojo-ugdymo-tinklas\/#website\"},\"datePublished\":\"2025-08-19T18:12:31+00:00\",\"dateModified\":\"2025-09-11T10:03:33+00:00\",\"breadcrumb\":{\"@id\":\"https:\/\/lera.lt\/itraukiojo-ugdymo-tinklas\/tinklo-veiklos\/#breadcrumb\"},\"inLanguage\":\"lt-LT\",\"potentialAction\":[{\"@type\":\"ReadAction\",\"target\":[\"https:\/\/lera.lt\/itraukiojo-ugdymo-tinklas\/tinklo-veiklos\/\"]}]},{\"@type\":\"BreadcrumbList\",\"@id\":\"https:\/\/lera.lt\/itraukiojo-ugdymo-tinklas\/tinklo-veiklos\/#breadcrumb\",\"itemListElement\":[{\"@type\":\"ListItem\",\"position\":1,\"name\":\"Home\",\"item\":\"https:\/\/lera.lt\/itraukiojo-ugdymo-tinklas\/\"},{\"@type\":\"ListItem\",\"position\":2,\"name\":\"Tinklo veiklos\"}]},{\"@type\":\"WebSite\",\"@id\":\"https:\/\/lera.lt\/itraukiojo-ugdymo-tinklas\/#website\",\"url\":\"https:\/\/lera.lt\/itraukiojo-ugdymo-tinklas\/\",\"name\":\"\u012etraukiojo ugdymo tinklas\",\"description\":\"\",\"potentialAction\":[{\"@type\":\"SearchAction\",\"target\":{\"@type\":\"EntryPoint\",\"urlTemplate\":\"https:\/\/lera.lt\/itraukiojo-ugdymo-tinklas\/?s={search_term_string}\"},\"query-input\":{\"@type\":\"PropertyValueSpecification\",\"valueRequired\":true,\"valueName\":\"search_term_string\"}}],\"inLanguage\":\"lt-LT\"}]}<\/script>\n<!-- \/ Yoast SEO plugin. -->","yoast_head_json":{"title":"Tinklo veiklos - \u012etraukiojo ugdymo tinklas","robots":{"index":"index","follow":"follow","max-snippet":"max-snippet:-1","max-image-preview":"max-image-preview:large","max-video-preview":"max-video-preview:-1"},"canonical":"https:\/\/lera.lt\/itraukiojo-ugdymo-tinklas\/tinklo-veiklos\/","og_locale":"lt_LT","og_type":"article","og_title":"Tinklo veiklos - \u012etraukiojo ugdymo tinklas","og_description":"Tinklo veiklos 2024 Collapse 2024 met\u0173 tinklo gair\u0117s: &#8211; stiprinti tarpinstitucin\u012f bendradarbiavim\u0105 sprend\u017eiant \u012ftraukaus ugdymo i\u0161\u0161\u016bkius ir dalintis gerosiomis praktikomis; &#8211; suorganizuoti tinklo nariams (kart\u0105 per tris m\u0117nesius) mokslinink\u0173 \/ tyr\u0117j\u0173 \/ praktik\u0173 \/ \u0161vietimo politikos formuotoj\u0173 \/ pristatymus \u012ftraukaus ugdymo tematika ir skatinti diskusijas \/ dialog\u0105; &#8211; pasirengti LETA 2024 m. konferencijai (siekti prieinamumo),&hellip;","og_url":"https:\/\/lera.lt\/itraukiojo-ugdymo-tinklas\/tinklo-veiklos\/","og_site_name":"\u012etraukiojo ugdymo tinklas","article_modified_time":"2025-09-11T10:03:33+00:00","twitter_card":"summary_large_image","schema":{"@context":"https:\/\/schema.org","@graph":[{"@type":"WebPage","@id":"https:\/\/lera.lt\/itraukiojo-ugdymo-tinklas\/tinklo-veiklos\/","url":"https:\/\/lera.lt\/itraukiojo-ugdymo-tinklas\/tinklo-veiklos\/","name":"Tinklo veiklos - \u012etraukiojo ugdymo tinklas","isPartOf":{"@id":"https:\/\/lera.lt\/itraukiojo-ugdymo-tinklas\/#website"},"datePublished":"2025-08-19T18:12:31+00:00","dateModified":"2025-09-11T10:03:33+00:00","breadcrumb":{"@id":"https:\/\/lera.lt\/itraukiojo-ugdymo-tinklas\/tinklo-veiklos\/#breadcrumb"},"inLanguage":"lt-LT","potentialAction":[{"@type":"ReadAction","target":["https:\/\/lera.lt\/itraukiojo-ugdymo-tinklas\/tinklo-veiklos\/"]}]},{"@type":"BreadcrumbList","@id":"https:\/\/lera.lt\/itraukiojo-ugdymo-tinklas\/tinklo-veiklos\/#breadcrumb","itemListElement":[{"@type":"ListItem","position":1,"name":"Home","item":"https:\/\/lera.lt\/itraukiojo-ugdymo-tinklas\/"},{"@type":"ListItem","position":2,"name":"Tinklo veiklos"}]},{"@type":"WebSite","@id":"https:\/\/lera.lt\/itraukiojo-ugdymo-tinklas\/#website","url":"https:\/\/lera.lt\/itraukiojo-ugdymo-tinklas\/","name":"\u012etraukiojo ugdymo tinklas","description":"","potentialAction":[{"@type":"SearchAction","target":{"@type":"EntryPoint","urlTemplate":"https:\/\/lera.lt\/itraukiojo-ugdymo-tinklas\/?s={search_term_string}"},"query-input":{"@type":"PropertyValueSpecification","valueRequired":true,"valueName":"search_term_string"}}],"inLanguage":"lt-LT"}]}},"_links":{"self":[{"href":"https:\/\/lera.lt\/itraukiojo-ugdymo-tinklas\/wp-json\/wp\/v2\/pages\/591","targetHints":{"allow":["GET"]}}],"collection":[{"href":"https:\/\/lera.lt\/itraukiojo-ugdymo-tinklas\/wp-json\/wp\/v2\/pages"}],"about":[{"href":"https:\/\/lera.lt\/itraukiojo-ugdymo-tinklas\/wp-json\/wp\/v2\/types\/page"}],"author":[{"embeddable":true,"href":"https:\/\/lera.lt\/itraukiojo-ugdymo-tinklas\/wp-json\/wp\/v2\/users\/1"}],"replies":[{"embeddable":true,"href":"https:\/\/lera.lt\/itraukiojo-ugdymo-tinklas\/wp-json\/wp\/v2\/comments?post=591"}],"version-history":[{"count":20,"href":"https:\/\/lera.lt\/itraukiojo-ugdymo-tinklas\/wp-json\/wp\/v2\/pages\/591\/revisions"}],"predecessor-version":[{"id":839,"href":"https:\/\/lera.lt\/itraukiojo-ugdymo-tinklas\/wp-json\/wp\/v2\/pages\/591\/revisions\/839"}],"wp:attachment":[{"href":"https:\/\/lera.lt\/itraukiojo-ugdymo-tinklas\/wp-json\/wp\/v2\/media?parent=591"}],"curies":[{"name":"wp","href":"https:\/\/api.w.org\/{rel}","templated":true}]}}