{"id":584,"date":"2025-08-19T18:11:38","date_gmt":"2025-08-19T18:11:38","guid":{"rendered":"https:\/\/lera.lt\/itraukiojo-ugdymo-tinklas\/?page_id=584"},"modified":"2025-09-11T10:01:56","modified_gmt":"2025-09-11T10:01:56","slug":"tinklo-siekiai","status":"publish","type":"page","link":"https:\/\/lera.lt\/itraukiojo-ugdymo-tinklas\/tinklo-siekiai\/","title":{"rendered":"Tinklo siekiai"},"content":{"rendered":"\n\n\t<p>Telkti mokslinink\u0173 pastangas \u012ftraukties \u0161vietime konceptualioms id\u0117joms ir praktikai analizuoti nacionaliniame bei tarptautiniame kontekstuose, skatinant \u012ftraukties diskurs\u0173 vienov\u0119, \u0161vietimo politikos ir praktikos s\u0105veikas bei edukacini\u0173 proces\u0173 transformacijas, ma\u017einant segregacines patirtis ir didinant efektyvios socioedukacin\u0117s savirealizacijos galimybes kiekvienam besimokan\u010diajam.<\/p>\n\n","protected":false},"excerpt":{"rendered":"<p>Telkti mokslinink\u0173 pastangas \u012ftraukties \u0161vietime konceptualioms id\u0117joms ir praktikai analizuoti nacionaliniame bei tarptautiniame kontekstuose, skatinant \u012ftraukties diskurs\u0173 vienov\u0119, \u0161vietimo politikos ir praktikos s\u0105veikas bei edukacini\u0173 proces\u0173 transformacijas, ma\u017einant segregacines patirtis ir didinant efektyvios socioedukacin\u0117s savirealizacijos galimybes kiekvienam besimokan\u010diajam.<\/p>\n","protected":false},"author":1,"featured_media":0,"parent":0,"menu_order":0,"comment_status":"closed","ping_status":"closed","template":"","meta":{"footnotes":""},"class_list":["post-584","page","type-page","status-publish","hentry"],"yoast_head":"<!-- This site is optimized with the Yoast SEO plugin v25.7 - https:\/\/yoast.com\/wordpress\/plugins\/seo\/ -->\n<title>Tinklo siekiai - \u012etraukiojo ugdymo tinklas<\/title>\n<meta name=\"robots\" content=\"index, follow, max-snippet:-1, max-image-preview:large, max-video-preview:-1\" \/>\n<link rel=\"canonical\" href=\"https:\/\/lera.lt\/itraukiojo-ugdymo-tinklas\/tinklo-siekiai\/\" \/>\n<meta property=\"og:locale\" content=\"lt_LT\" \/>\n<meta property=\"og:type\" content=\"article\" \/>\n<meta property=\"og:title\" content=\"Tinklo siekiai - \u012etraukiojo ugdymo tinklas\" \/>\n<meta property=\"og:description\" content=\"Telkti mokslinink\u0173 pastangas \u012ftraukties \u0161vietime konceptualioms id\u0117joms ir praktikai analizuoti nacionaliniame bei tarptautiniame kontekstuose, skatinant \u012ftraukties diskurs\u0173 vienov\u0119, \u0161vietimo politikos ir praktikos s\u0105veikas bei edukacini\u0173 proces\u0173 transformacijas, ma\u017einant segregacines patirtis ir didinant efektyvios socioedukacin\u0117s savirealizacijos galimybes kiekvienam besimokan\u010diajam.\" \/>\n<meta property=\"og:url\" content=\"https:\/\/lera.lt\/itraukiojo-ugdymo-tinklas\/tinklo-siekiai\/\" \/>\n<meta property=\"og:site_name\" content=\"\u012etraukiojo ugdymo tinklas\" \/>\n<meta property=\"article:modified_time\" content=\"2025-09-11T10:01:56+00:00\" \/>\n<meta name=\"twitter:card\" content=\"summary_large_image\" \/>\n<script type=\"application\/ld+json\" class=\"yoast-schema-graph\">{\"@context\":\"https:\/\/schema.org\",\"@graph\":[{\"@type\":\"WebPage\",\"@id\":\"https:\/\/lera.lt\/itraukiojo-ugdymo-tinklas\/tinklo-siekiai\/\",\"url\":\"https:\/\/lera.lt\/itraukiojo-ugdymo-tinklas\/tinklo-siekiai\/\",\"name\":\"Tinklo siekiai - \u012etraukiojo ugdymo tinklas\",\"isPartOf\":{\"@id\":\"https:\/\/lera.lt\/itraukiojo-ugdymo-tinklas\/#website\"},\"datePublished\":\"2025-08-19T18:11:38+00:00\",\"dateModified\":\"2025-09-11T10:01:56+00:00\",\"breadcrumb\":{\"@id\":\"https:\/\/lera.lt\/itraukiojo-ugdymo-tinklas\/tinklo-siekiai\/#breadcrumb\"},\"inLanguage\":\"lt-LT\",\"potentialAction\":[{\"@type\":\"ReadAction\",\"target\":[\"https:\/\/lera.lt\/itraukiojo-ugdymo-tinklas\/tinklo-siekiai\/\"]}]},{\"@type\":\"BreadcrumbList\",\"@id\":\"https:\/\/lera.lt\/itraukiojo-ugdymo-tinklas\/tinklo-siekiai\/#breadcrumb\",\"itemListElement\":[{\"@type\":\"ListItem\",\"position\":1,\"name\":\"Home\",\"item\":\"https:\/\/lera.lt\/itraukiojo-ugdymo-tinklas\/\"},{\"@type\":\"ListItem\",\"position\":2,\"name\":\"Tinklo siekiai\"}]},{\"@type\":\"WebSite\",\"@id\":\"https:\/\/lera.lt\/itraukiojo-ugdymo-tinklas\/#website\",\"url\":\"https:\/\/lera.lt\/itraukiojo-ugdymo-tinklas\/\",\"name\":\"\u012etraukiojo ugdymo tinklas\",\"description\":\"\",\"potentialAction\":[{\"@type\":\"SearchAction\",\"target\":{\"@type\":\"EntryPoint\",\"urlTemplate\":\"https:\/\/lera.lt\/itraukiojo-ugdymo-tinklas\/?s={search_term_string}\"},\"query-input\":{\"@type\":\"PropertyValueSpecification\",\"valueRequired\":true,\"valueName\":\"search_term_string\"}}],\"inLanguage\":\"lt-LT\"}]}<\/script>\n<!-- \/ Yoast SEO plugin. -->","yoast_head_json":{"title":"Tinklo siekiai - \u012etraukiojo ugdymo tinklas","robots":{"index":"index","follow":"follow","max-snippet":"max-snippet:-1","max-image-preview":"max-image-preview:large","max-video-preview":"max-video-preview:-1"},"canonical":"https:\/\/lera.lt\/itraukiojo-ugdymo-tinklas\/tinklo-siekiai\/","og_locale":"lt_LT","og_type":"article","og_title":"Tinklo siekiai - \u012etraukiojo ugdymo tinklas","og_description":"Telkti mokslinink\u0173 pastangas \u012ftraukties \u0161vietime konceptualioms id\u0117joms ir praktikai analizuoti nacionaliniame bei tarptautiniame kontekstuose, skatinant \u012ftraukties diskurs\u0173 vienov\u0119, \u0161vietimo politikos ir praktikos s\u0105veikas bei edukacini\u0173 proces\u0173 transformacijas, ma\u017einant segregacines patirtis ir didinant efektyvios socioedukacin\u0117s savirealizacijos galimybes kiekvienam besimokan\u010diajam.","og_url":"https:\/\/lera.lt\/itraukiojo-ugdymo-tinklas\/tinklo-siekiai\/","og_site_name":"\u012etraukiojo ugdymo tinklas","article_modified_time":"2025-09-11T10:01:56+00:00","twitter_card":"summary_large_image","schema":{"@context":"https:\/\/schema.org","@graph":[{"@type":"WebPage","@id":"https:\/\/lera.lt\/itraukiojo-ugdymo-tinklas\/tinklo-siekiai\/","url":"https:\/\/lera.lt\/itraukiojo-ugdymo-tinklas\/tinklo-siekiai\/","name":"Tinklo siekiai - \u012etraukiojo ugdymo tinklas","isPartOf":{"@id":"https:\/\/lera.lt\/itraukiojo-ugdymo-tinklas\/#website"},"datePublished":"2025-08-19T18:11:38+00:00","dateModified":"2025-09-11T10:01:56+00:00","breadcrumb":{"@id":"https:\/\/lera.lt\/itraukiojo-ugdymo-tinklas\/tinklo-siekiai\/#breadcrumb"},"inLanguage":"lt-LT","potentialAction":[{"@type":"ReadAction","target":["https:\/\/lera.lt\/itraukiojo-ugdymo-tinklas\/tinklo-siekiai\/"]}]},{"@type":"BreadcrumbList","@id":"https:\/\/lera.lt\/itraukiojo-ugdymo-tinklas\/tinklo-siekiai\/#breadcrumb","itemListElement":[{"@type":"ListItem","position":1,"name":"Home","item":"https:\/\/lera.lt\/itraukiojo-ugdymo-tinklas\/"},{"@type":"ListItem","position":2,"name":"Tinklo siekiai"}]},{"@type":"WebSite","@id":"https:\/\/lera.lt\/itraukiojo-ugdymo-tinklas\/#website","url":"https:\/\/lera.lt\/itraukiojo-ugdymo-tinklas\/","name":"\u012etraukiojo ugdymo tinklas","description":"","potentialAction":[{"@type":"SearchAction","target":{"@type":"EntryPoint","urlTemplate":"https:\/\/lera.lt\/itraukiojo-ugdymo-tinklas\/?s={search_term_string}"},"query-input":{"@type":"PropertyValueSpecification","valueRequired":true,"valueName":"search_term_string"}}],"inLanguage":"lt-LT"}]}},"_links":{"self":[{"href":"https:\/\/lera.lt\/itraukiojo-ugdymo-tinklas\/wp-json\/wp\/v2\/pages\/584","targetHints":{"allow":["GET"]}}],"collection":[{"href":"https:\/\/lera.lt\/itraukiojo-ugdymo-tinklas\/wp-json\/wp\/v2\/pages"}],"about":[{"href":"https:\/\/lera.lt\/itraukiojo-ugdymo-tinklas\/wp-json\/wp\/v2\/types\/page"}],"author":[{"embeddable":true,"href":"https:\/\/lera.lt\/itraukiojo-ugdymo-tinklas\/wp-json\/wp\/v2\/users\/1"}],"replies":[{"embeddable":true,"href":"https:\/\/lera.lt\/itraukiojo-ugdymo-tinklas\/wp-json\/wp\/v2\/comments?post=584"}],"version-history":[{"count":8,"href":"https:\/\/lera.lt\/itraukiojo-ugdymo-tinklas\/wp-json\/wp\/v2\/pages\/584\/revisions"}],"predecessor-version":[{"id":838,"href":"https:\/\/lera.lt\/itraukiojo-ugdymo-tinklas\/wp-json\/wp\/v2\/pages\/584\/revisions\/838"}],"wp:attachment":[{"href":"https:\/\/lera.lt\/itraukiojo-ugdymo-tinklas\/wp-json\/wp\/v2\/media?parent=584"}],"curies":[{"name":"wp","href":"https:\/\/api.w.org\/{rel}","templated":true}]}}