{"id":682,"date":"2025-08-20T13:39:39","date_gmt":"2025-08-20T13:39:39","guid":{"rendered":"https:\/\/lera.lt\/ikt-ir-edukacijos-tinklas\/?page_id=682"},"modified":"2025-09-11T13:32:12","modified_gmt":"2025-09-11T13:32:12","slug":"network-activities","status":"publish","type":"page","link":"https:\/\/lera.lt\/ikt-ir-edukacijos-tinklas\/en\/network-activities\/","title":{"rendered":"Network Activities"},"content":{"rendered":"\n\n\t\t\t\t\t<a href=\"#\"  id=\"fl-accordion--label-0\" tabindex=\"0\" aria-controls=\"fl-accordion--panel-0\">Network Activities 2024<\/a>\n\t\t\t\t\t\t\t\t\t\t\t<a href=\"#\" id=\"fl-accordion--icon-0\"  tabindex=\"0\"><i title=\"Collapse\">Collapse<\/i><\/a>\n<p><b>USEFUL PUBLICATIONS:<\/b><\/p>\n<p><b>Jaleniauskiene, E., &amp; Kasperiuniene, J.<\/b> (2024). Integration of infographics in higher education: challenges faced by novice creators.\u00a0<i>Journal of Visual Literacy<\/i>,\u00a0<i>43<\/i>(2), 95-123. <a href=\"https:\/\/doi.org\/10.1080\/1051144X.2024.2349382\">https:\/\/doi.org\/10.1080\/1051144X.2024.2349382<\/a><\/p>\n<p><b>Ignatova, N.,<\/b> Kubilinskien\u0117, S., Augustinien\u0117, A., Klizien\u0117, I., &amp; Simonaitien\u0117, B. (2024). The Unified Learning Cycle: An Educational Technology for Student-Driven Learning Personalization. In A. Munna, H. Alharahsheh, A. Ferrazza, &amp; A. Pius (Eds.),\u00a0<i>Transforming Education for Personalized Learning<\/i>\u00a0(pp. 100-113). IGI Global. <a href=\"https:\/\/doi.org\/10.4018\/979-8-3693-0868-4.ch006\">https:\/\/doi.org\/10.4018\/979-8-3693-0868-4.ch006<\/a><\/p>\n\t\t\t\t\t<a href=\"#\"  id=\"fl-accordion--label-1\" tabindex=\"0\" aria-controls=\"fl-accordion--panel-1\">Network Activities 2023<\/a>\n\t\t\t\t\t\t\t\t\t\t\t<a href=\"#\" id=\"fl-accordion--icon-1\"  tabindex=\"0\"><i title=\"Expand\">Expand<\/i><\/a>\n<strong>The 7th Lithuanian Educational Research Association Conference<\/strong><br \/>\n<strong>&#8222;EDUCATION AND TRAINING: THE VALUE DIVERSITY&#8221;<\/strong>\nOctober 12th-13th, 2023<br \/>\nThe ICT and Education Network presentations<br \/>\nModerator Robert Le\u0161\u010dinskij\nDID THE EMERGENCY TRIGGER A CHANGE IN LEARNING? Edita Butrim\u0117, Dalija Gudaityt\u0117, Lithuanian<br \/>\nUniversity of Health Sciences<br \/>\nBARRIERS TO DIGITAL INCLUSION AND OVERCOMING THEM USING THE LATEST EDUCATIONAL<br \/>\nTECHNOLOGIES. Natalija Ignatova, Kaunas University of Technology, Judita Kasperi\u016bnien\u0117, Vytautas<br \/>\nMagnus University<br \/>\nDATA-DRIVEN ADVISORY SYSTEM FOR SELECTING STUDY PROGRAMMES. Robert Leshchinskij, Vilnius<br \/>\nTech<br \/>\n<strong>KEY PUBLICATIONS<\/strong>:<br \/>\nA. Rjiba, L. C. Belcadhi and J. Kasperiuniene, &amp;quot;Instructional Design of Assessment in Collaborative<br \/>\nEnvironment Based on Serious Game,&amp;quot;\u00a02023 IEEE Afro-Mediterranean Conference on Artificial<br \/>\nIntelligence (AMCAI), Hammamet, Tunisia, 2023, pp. 1-8, doi: 10.1109\/AMCAI59331.2023.10431530.<br \/>\nkeywords: {Federated learning; Games; Ontologies; Teamwork; Serious games; Problem-solving;<br \/>\nTesting; Serious games; Instructional Design; Assessment; Collaborative learning; Collaborative<br \/>\nassessment}. <a href=\"https:\/\/ieeexplore.ieee.org\/document\/10431530\">https:\/\/ieeexplore.ieee.org\/document\/10431530<\/a><br \/>\nJudita Kasperiuniene, Natalija Ignatova<br \/>\n3.3 Tre\u010diasis \u012ftrukiojo ugdymo tvarumo veiksnys. &#8222;E. \u012ftraukties modeliavimas, kuriant ugdymo<br \/>\naplink\u0105 be barjer\u0173&#8221;, 2023, knygoje: S\u0117kmingas \u012ftraukusis ugdymas. Vytauto Did\u017eiojo universitetas.<br \/>\n<a href=\"https:\/\/researchgate.net\/publication\/376315178_33_Treciasis_itrukiojo_ugdymo_tvarumo_veiksnys _E_itraukties_modeliavimas_kuriant_ugdymo_aplinka_be_barjeru#fullTextFileContent\">https:\/\/researchgate.net\/publication\/376315178_33_Treciasis_itrukiojo_ugdymo_tvarumo_veiksnys<\/a><br \/>\n_E_itraukties_modeliavimas_kuriant_ugdymo_aplinka_be_barjeru#fullTextFileContent<br \/>\nKasperiuniene, J., Faiella, F. (2023). \u201eBibliometric Analysis of Virtual Reality in School and University<br \/>\nContexts.&#8221; In: Costa, A.P., Moreira, A., Freitas, F., Costa, K., Bryda, G. (eds) Computer Supported<br \/>\nQualitative Research. WCQR 2023. Lecture Notes in Networks and Systems, vol 688. Springer, Cham.<br \/>\n<a href=\"https:\/\/doi.org\/10.1007\/978-3-031-31346-2_5\">https:\/\/doi.org\/10.1007\/978-3-031-31346-2_5<\/a><br \/>\nNatalija Mazeikiene, Judita Kasperiuniene, Lina Kaminskiene, Kristina Juraite<br \/>\nDiscovering the new place of learning, February 2023. Publisher: Peter Lang<br \/>\n<a href=\"https:\/\/www.researchgate.net\/publication\/370030332_Discovering_the_new_place_of_learning#ful lTextFileContent\">https:\/\/www.researchgate.net\/publication\/370030332_Discovering_the_new_place_of_learning#ful<\/a><br \/>\nlTextFileContent\n\n","protected":false},"excerpt":{"rendered":"<p>Network Activities 2024 Collapse USEFUL PUBLICATIONS: Jaleniauskiene, E., &amp; Kasperiuniene, J. (2024). Integration of infographics in higher education: challenges faced by novice creators.\u00a0Journal of Visual Literacy,\u00a043(2), 95-123. https:\/\/doi.org\/10.1080\/1051144X.2024.2349382 Ignatova, N., Kubilinskien\u0117, S., Augustinien\u0117, A., Klizien\u0117, I., &amp; Simonaitien\u0117, B. (2024). The Unified Learning Cycle: An Educational Technology for Student-Driven Learning Personalization. In A. Munna, H.&hellip;<\/p>\n","protected":false},"author":1,"featured_media":0,"parent":0,"menu_order":0,"comment_status":"closed","ping_status":"closed","template":"","meta":{"footnotes":""},"class_list":["post-682","page","type-page","status-publish","hentry"],"yoast_head":"<!-- This site is optimized with the Yoast SEO plugin v25.7 - https:\/\/yoast.com\/wordpress\/plugins\/seo\/ -->\n<title>Network Activities - IKT ir Edukacijos tinklas<\/title>\n<meta name=\"robots\" content=\"index, follow, max-snippet:-1, max-image-preview:large, max-video-preview:-1\" \/>\n<link rel=\"canonical\" href=\"https:\/\/lera.lt\/ikt-ir-edukacijos-tinklas\/en\/network-activities\/\" \/>\n<meta property=\"og:locale\" content=\"lt_LT\" \/>\n<meta property=\"og:type\" content=\"article\" \/>\n<meta property=\"og:title\" content=\"Network Activities - IKT ir Edukacijos tinklas\" \/>\n<meta property=\"og:description\" content=\"Network Activities 2024 Collapse USEFUL PUBLICATIONS: Jaleniauskiene, E., &amp; Kasperiuniene, J. (2024). Integration of infographics in higher education: challenges faced by novice creators.\u00a0Journal of Visual Literacy,\u00a043(2), 95-123. https:\/\/doi.org\/10.1080\/1051144X.2024.2349382 Ignatova, N., Kubilinskien\u0117, S., Augustinien\u0117, A., Klizien\u0117, I., &amp; Simonaitien\u0117, B. (2024). The Unified Learning Cycle: An Educational Technology for Student-Driven Learning Personalization. In A. Munna, H.&hellip;\" \/>\n<meta property=\"og:url\" content=\"https:\/\/lera.lt\/ikt-ir-edukacijos-tinklas\/en\/network-activities\/\" \/>\n<meta property=\"og:site_name\" content=\"IKT ir Edukacijos tinklas\" \/>\n<meta property=\"article:modified_time\" content=\"2025-09-11T13:32:12+00:00\" \/>\n<meta name=\"twitter:card\" content=\"summary_large_image\" \/>\n<script type=\"application\/ld+json\" class=\"yoast-schema-graph\">{\"@context\":\"https:\/\/schema.org\",\"@graph\":[{\"@type\":\"WebPage\",\"@id\":\"https:\/\/lera.lt\/ikt-ir-edukacijos-tinklas\/en\/network-activities\/\",\"url\":\"https:\/\/lera.lt\/ikt-ir-edukacijos-tinklas\/en\/network-activities\/\",\"name\":\"Network Activities - IKT ir Edukacijos tinklas\",\"isPartOf\":{\"@id\":\"https:\/\/lera.lt\/ikt-ir-edukacijos-tinklas\/#website\"},\"datePublished\":\"2025-08-20T13:39:39+00:00\",\"dateModified\":\"2025-09-11T13:32:12+00:00\",\"breadcrumb\":{\"@id\":\"https:\/\/lera.lt\/ikt-ir-edukacijos-tinklas\/en\/network-activities\/#breadcrumb\"},\"inLanguage\":\"lt-LT\",\"potentialAction\":[{\"@type\":\"ReadAction\",\"target\":[\"https:\/\/lera.lt\/ikt-ir-edukacijos-tinklas\/en\/network-activities\/\"]}]},{\"@type\":\"BreadcrumbList\",\"@id\":\"https:\/\/lera.lt\/ikt-ir-edukacijos-tinklas\/en\/network-activities\/#breadcrumb\",\"itemListElement\":[{\"@type\":\"ListItem\",\"position\":1,\"name\":\"Home\",\"item\":\"https:\/\/lera.lt\/ikt-ir-edukacijos-tinklas\/\"},{\"@type\":\"ListItem\",\"position\":2,\"name\":\"Network Activities\"}]},{\"@type\":\"WebSite\",\"@id\":\"https:\/\/lera.lt\/ikt-ir-edukacijos-tinklas\/#website\",\"url\":\"https:\/\/lera.lt\/ikt-ir-edukacijos-tinklas\/\",\"name\":\"IKT ir Edukacijos tinklas\",\"description\":\"\",\"potentialAction\":[{\"@type\":\"SearchAction\",\"target\":{\"@type\":\"EntryPoint\",\"urlTemplate\":\"https:\/\/lera.lt\/ikt-ir-edukacijos-tinklas\/?s={search_term_string}\"},\"query-input\":{\"@type\":\"PropertyValueSpecification\",\"valueRequired\":true,\"valueName\":\"search_term_string\"}}],\"inLanguage\":\"lt-LT\"}]}<\/script>\n<!-- \/ Yoast SEO plugin. -->","yoast_head_json":{"title":"Network Activities - IKT ir Edukacijos tinklas","robots":{"index":"index","follow":"follow","max-snippet":"max-snippet:-1","max-image-preview":"max-image-preview:large","max-video-preview":"max-video-preview:-1"},"canonical":"https:\/\/lera.lt\/ikt-ir-edukacijos-tinklas\/en\/network-activities\/","og_locale":"lt_LT","og_type":"article","og_title":"Network Activities - IKT ir Edukacijos tinklas","og_description":"Network Activities 2024 Collapse USEFUL PUBLICATIONS: Jaleniauskiene, E., &amp; Kasperiuniene, J. (2024). Integration of infographics in higher education: challenges faced by novice creators.\u00a0Journal of Visual Literacy,\u00a043(2), 95-123. https:\/\/doi.org\/10.1080\/1051144X.2024.2349382 Ignatova, N., Kubilinskien\u0117, S., Augustinien\u0117, A., Klizien\u0117, I., &amp; Simonaitien\u0117, B. (2024). The Unified Learning Cycle: An Educational Technology for Student-Driven Learning Personalization. In A. Munna, H.&hellip;","og_url":"https:\/\/lera.lt\/ikt-ir-edukacijos-tinklas\/en\/network-activities\/","og_site_name":"IKT ir Edukacijos tinklas","article_modified_time":"2025-09-11T13:32:12+00:00","twitter_card":"summary_large_image","schema":{"@context":"https:\/\/schema.org","@graph":[{"@type":"WebPage","@id":"https:\/\/lera.lt\/ikt-ir-edukacijos-tinklas\/en\/network-activities\/","url":"https:\/\/lera.lt\/ikt-ir-edukacijos-tinklas\/en\/network-activities\/","name":"Network Activities - IKT ir Edukacijos tinklas","isPartOf":{"@id":"https:\/\/lera.lt\/ikt-ir-edukacijos-tinklas\/#website"},"datePublished":"2025-08-20T13:39:39+00:00","dateModified":"2025-09-11T13:32:12+00:00","breadcrumb":{"@id":"https:\/\/lera.lt\/ikt-ir-edukacijos-tinklas\/en\/network-activities\/#breadcrumb"},"inLanguage":"lt-LT","potentialAction":[{"@type":"ReadAction","target":["https:\/\/lera.lt\/ikt-ir-edukacijos-tinklas\/en\/network-activities\/"]}]},{"@type":"BreadcrumbList","@id":"https:\/\/lera.lt\/ikt-ir-edukacijos-tinklas\/en\/network-activities\/#breadcrumb","itemListElement":[{"@type":"ListItem","position":1,"name":"Home","item":"https:\/\/lera.lt\/ikt-ir-edukacijos-tinklas\/"},{"@type":"ListItem","position":2,"name":"Network Activities"}]},{"@type":"WebSite","@id":"https:\/\/lera.lt\/ikt-ir-edukacijos-tinklas\/#website","url":"https:\/\/lera.lt\/ikt-ir-edukacijos-tinklas\/","name":"IKT ir Edukacijos tinklas","description":"","potentialAction":[{"@type":"SearchAction","target":{"@type":"EntryPoint","urlTemplate":"https:\/\/lera.lt\/ikt-ir-edukacijos-tinklas\/?s={search_term_string}"},"query-input":{"@type":"PropertyValueSpecification","valueRequired":true,"valueName":"search_term_string"}}],"inLanguage":"lt-LT"}]}},"_links":{"self":[{"href":"https:\/\/lera.lt\/ikt-ir-edukacijos-tinklas\/wp-json\/wp\/v2\/pages\/682","targetHints":{"allow":["GET"]}}],"collection":[{"href":"https:\/\/lera.lt\/ikt-ir-edukacijos-tinklas\/wp-json\/wp\/v2\/pages"}],"about":[{"href":"https:\/\/lera.lt\/ikt-ir-edukacijos-tinklas\/wp-json\/wp\/v2\/types\/page"}],"author":[{"embeddable":true,"href":"https:\/\/lera.lt\/ikt-ir-edukacijos-tinklas\/wp-json\/wp\/v2\/users\/1"}],"replies":[{"embeddable":true,"href":"https:\/\/lera.lt\/ikt-ir-edukacijos-tinklas\/wp-json\/wp\/v2\/comments?post=682"}],"version-history":[{"count":7,"href":"https:\/\/lera.lt\/ikt-ir-edukacijos-tinklas\/wp-json\/wp\/v2\/pages\/682\/revisions"}],"predecessor-version":[{"id":843,"href":"https:\/\/lera.lt\/ikt-ir-edukacijos-tinklas\/wp-json\/wp\/v2\/pages\/682\/revisions\/843"}],"wp:attachment":[{"href":"https:\/\/lera.lt\/ikt-ir-edukacijos-tinklas\/wp-json\/wp\/v2\/media?parent=682"}],"curies":[{"name":"wp","href":"https:\/\/api.w.org\/{rel}","templated":true}]}}