{"id":591,"date":"2025-08-19T18:12:31","date_gmt":"2025-08-19T18:12:31","guid":{"rendered":"https:\/\/lera.lt\/ikt-ir-edukacijos-tinklas\/?page_id=591"},"modified":"2025-09-11T13:29:08","modified_gmt":"2025-09-11T13:29:08","slug":"tinklo-veiklos","status":"publish","type":"page","link":"https:\/\/lera.lt\/ikt-ir-edukacijos-tinklas\/tinklo-veiklos\/","title":{"rendered":"Tinklo veiklos"},"content":{"rendered":"\n\n\t\t\t\t\t<a href=\"#\"  id=\"fl-accordion--label-0\" tabindex=\"0\" aria-controls=\"fl-accordion--panel-0\">Tinklo veiklos 2024<\/a>\n\t\t\t\t\t\t\t\t\t\t\t<a href=\"#\" id=\"fl-accordion--icon-0\"  tabindex=\"0\"><i title=\"Collapse\">Collapse<\/i><\/a>\n<p><b>NAUDINGOS PUBLIKACIJOS:<\/b><\/p>\n<p><b>Jaleniauskiene, E., &amp; Kasperiuniene, J.<\/b> (2024). Integration of infographics in higher education: challenges faced by novice creators.\u00a0<i>Journal of Visual Literacy<\/i>,\u00a0<i>43<\/i>(2), 95-123. <a href=\"https:\/\/doi.org\/10.1080\/1051144X.2024.2349382\">https:\/\/doi.org\/10.1080\/1051144X.2024.2349382<\/a><\/p>\n<p><b>Ignatova, N.,<\/b> Kubilinskien\u0117, S., Augustinien\u0117, A., Klizien\u0117, I., &amp; Simonaitien\u0117, B. (2024). The Unified Learning Cycle: An Educational Technology for Student-Driven Learning Personalization. In A. Munna, H. Alharahsheh, A. Ferrazza, &amp; A. Pius (Eds.),\u00a0<i>Transforming Education for Personalized Learning<\/i>\u00a0(pp. 100-113). IGI Global. <a href=\"https:\/\/doi.org\/10.4018\/979-8-3693-0868-4.ch006\">https:\/\/doi.org\/10.4018\/979-8-3693-0868-4.ch00<\/a><\/p>\n\t\t\t\t\t<a href=\"#\"  id=\"fl-accordion--label-1\" tabindex=\"0\" aria-controls=\"fl-accordion--panel-1\">Tinklo veiklos 2023<\/a>\n\t\t\t\t\t\t\t\t\t\t\t<a href=\"#\" id=\"fl-accordion--icon-1\"  tabindex=\"0\"><i title=\"Expand\">Expand<\/i><\/a>\n<p><b>VII Lietuvos edukacini\u0173 tyrim\u0173 asociacijos konferencija<\/b><\/p>\n<p><a href=\"https:\/\/lera.lt\/blog\/2023\/11\/13\/ivyko-leta-2023-konferencija-ugdymas-ir-svietimas-ivairoves-verte\/\"><b>UGDYMAS IR \u0160VIETIMAS: \u012eVAIROV\u0116S VERT\u0116<\/b><\/a><\/p>\n<p>spalio 12-13 d., 2023 m.<\/p>\n<p><b>IKT IR EDUKACIJOS tinklo<\/b> prane\u0161imai<\/p>\n<p>Moderatorius <b>Robert Le\u0161\u010dinskij<\/b><\/p>\n<p><i>AR EKSTREMALI SITUACIJA I\u0160\u0160AUK\u0116 MOKYMOSI POKYT\u012e? <\/i><b>Edita Butrim\u0117, Dalija Gudaityt\u0117<\/b>, Lietuvos sveikatos moksl\u0173 universitetas<\/p>\n<p><i>SKAITMENIN\u0116S \u012eTRAUKTIES BARJERAI IR J\u0172 \u012eVEIKA PASITELKIANT NAUJAUSIAS UGDYMO TECHNOLOGIJAS. <\/i><b>Natalija Ignatova<\/b>, Kauno technologijos universitetas, <b>Judita Kasperi\u016bnien\u0117<\/b>, Vytauto Did\u017eiojo universitetas<\/p>\n<i>DUOMENIMIS GR\u012eSTOS STUDIJ\u0172 PROGRAM\u0172 PASIRINKIMO PATARIAMOJI SISTEMA. <\/i><b>Robert Le\u0161\u010dinskij<\/b>, Vilnius Tech<strong><br \/>\n<\/strong>\n<p><b>NAUDINGOS PUBLIKACIJOS:<\/b><\/p>\n<p>Rjiba, L. C. Belcadhi and <b>J. Kasperiuniene<\/b>, \u201eInstructional Design of Assessment in Collaborative Environment Based on Serious Game,&#8221;\u00a0<i>2023 IEEE Afro-Mediterranean Conference on Artificial Intelligence (AMCAI)<\/i>, Hammamet, Tunisia, 2023, pp. 1-8, doi: 10.1109\/AMCAI59331.2023.10431530. keywords: {Federated learning; Games; Ontologies; Teamwork; Serious games; Problem-solving; Testing; Serious games; Instructional Design; Assessment; Collaborative learning; Collaborative assessment}. <a href=\"https:\/\/ieeexplore.ieee.org\/document\/10431530\">https:\/\/ieeexplore.ieee.org\/document\/10431530<\/a><\/p>\n<p><b>Judita Kasperiuniene, Natalija Ignatova<\/b><\/p>\n<p>3.3 Tre\u010diasis \u012ftrukiojo ugdymo tvarumo veiksnys. &#8222;E. \u012ftraukties modeliavimas, kuriant ugdymo aplink\u0105 be barjer\u0173&#8221;, 2023, knygoje: <i>S\u0117kmingas \u012ftraukusis ugdymas<\/i>. Vytauto Did\u017eiojo universitetas. <a href=\"https:\/\/researchgate.net\/publication\/376315178_33_Treciasis_itrukiojo_ugdymo_tvarumo_veiksnys_E_itraukties_modeliavimas_kuriant_ugdymo_aplinka_be_barjeru#fullTextFileContent\">https:\/\/researchgate.net\/publication\/376315178_33_Treciasis_itrukiojo_ugdymo_tvarumo_veiksnys_E_itraukties_modeliavimas_kuriant_ugdymo_aplinka_be_barjeru#fullTextFileContent<\/a><\/p>\n<p><b>Kasperiuniene, J<\/b>., Faiella, F. (2023). \u201eBibliometric Analysis of Virtual Reality in School and University Contexts.&#8221; In: Costa, A.P., Moreira, A., Freitas, F., Costa, K., Bryda, G. (eds) <i>Computer Supported Qualitative Research<\/i>. WCQR 2023. Lecture Notes in Networks and Systems, vol 688. Springer, Cham. <a href=\"https:\/\/doi.org\/10.1007\/978-3-031-31346-2_5\">https:\/\/doi.org\/10.1007\/978-3-031-31346-2_5<\/a><\/p>\n<p>Natalija Mazeikiene, <b>Judita Kasperiuniene<\/b>, Lina Kaminskiene, Kristina Juraite<\/p>\n<p><i>Discovering the new place of learning, <\/i>February 2023<i>. <\/i>Publisher: Peter Lang<\/p>\n<p><a href=\"https:\/\/www.researchgate.net\/publication\/370030332_Discovering_the_new_place_of_learning#fullTextFileContent\">https:\/\/www.researchgate.net\/publication\/370030332_Discovering_the_new_place_of_learning#fullTextFileContent<\/a><\/p>\n\n","protected":false},"excerpt":{"rendered":"<p>Tinklo veiklos 2024 Collapse NAUDINGOS PUBLIKACIJOS: Jaleniauskiene, E., &amp; Kasperiuniene, J. (2024). Integration of infographics in higher education: challenges faced by novice creators.\u00a0Journal of Visual Literacy,\u00a043(2), 95-123. https:\/\/doi.org\/10.1080\/1051144X.2024.2349382 Ignatova, N., Kubilinskien\u0117, S., Augustinien\u0117, A., Klizien\u0117, I., &amp; Simonaitien\u0117, B. (2024). The Unified Learning Cycle: An Educational Technology for Student-Driven Learning Personalization. In A. Munna, H.&hellip;<\/p>\n","protected":false},"author":1,"featured_media":0,"parent":0,"menu_order":0,"comment_status":"closed","ping_status":"closed","template":"","meta":{"footnotes":""},"class_list":["post-591","page","type-page","status-publish","hentry"],"yoast_head":"<!-- This site is optimized with the Yoast SEO plugin v25.7 - https:\/\/yoast.com\/wordpress\/plugins\/seo\/ -->\n<title>Tinklo veiklos - IKT ir Edukacijos tinklas<\/title>\n<meta name=\"robots\" content=\"index, follow, max-snippet:-1, max-image-preview:large, max-video-preview:-1\" \/>\n<link rel=\"canonical\" href=\"https:\/\/lera.lt\/ikt-ir-edukacijos-tinklas\/tinklo-veiklos\/\" \/>\n<meta property=\"og:locale\" content=\"lt_LT\" \/>\n<meta property=\"og:type\" content=\"article\" \/>\n<meta property=\"og:title\" content=\"Tinklo veiklos - IKT ir Edukacijos tinklas\" \/>\n<meta property=\"og:description\" content=\"Tinklo veiklos 2024 Collapse NAUDINGOS PUBLIKACIJOS: Jaleniauskiene, E., &amp; Kasperiuniene, J. (2024). Integration of infographics in higher education: challenges faced by novice creators.\u00a0Journal of Visual Literacy,\u00a043(2), 95-123. https:\/\/doi.org\/10.1080\/1051144X.2024.2349382 Ignatova, N., Kubilinskien\u0117, S., Augustinien\u0117, A., Klizien\u0117, I., &amp; Simonaitien\u0117, B. (2024). The Unified Learning Cycle: An Educational Technology for Student-Driven Learning Personalization. In A. Munna, H.&hellip;\" \/>\n<meta property=\"og:url\" content=\"https:\/\/lera.lt\/ikt-ir-edukacijos-tinklas\/tinklo-veiklos\/\" \/>\n<meta property=\"og:site_name\" content=\"IKT ir Edukacijos tinklas\" \/>\n<meta property=\"article:modified_time\" content=\"2025-09-11T13:29:08+00:00\" \/>\n<meta name=\"twitter:card\" content=\"summary_large_image\" \/>\n<script type=\"application\/ld+json\" class=\"yoast-schema-graph\">{\"@context\":\"https:\/\/schema.org\",\"@graph\":[{\"@type\":\"WebPage\",\"@id\":\"https:\/\/lera.lt\/ikt-ir-edukacijos-tinklas\/tinklo-veiklos\/\",\"url\":\"https:\/\/lera.lt\/ikt-ir-edukacijos-tinklas\/tinklo-veiklos\/\",\"name\":\"Tinklo veiklos - IKT ir Edukacijos tinklas\",\"isPartOf\":{\"@id\":\"https:\/\/lera.lt\/ikt-ir-edukacijos-tinklas\/#website\"},\"datePublished\":\"2025-08-19T18:12:31+00:00\",\"dateModified\":\"2025-09-11T13:29:08+00:00\",\"breadcrumb\":{\"@id\":\"https:\/\/lera.lt\/ikt-ir-edukacijos-tinklas\/tinklo-veiklos\/#breadcrumb\"},\"inLanguage\":\"lt-LT\",\"potentialAction\":[{\"@type\":\"ReadAction\",\"target\":[\"https:\/\/lera.lt\/ikt-ir-edukacijos-tinklas\/tinklo-veiklos\/\"]}]},{\"@type\":\"BreadcrumbList\",\"@id\":\"https:\/\/lera.lt\/ikt-ir-edukacijos-tinklas\/tinklo-veiklos\/#breadcrumb\",\"itemListElement\":[{\"@type\":\"ListItem\",\"position\":1,\"name\":\"Home\",\"item\":\"https:\/\/lera.lt\/ikt-ir-edukacijos-tinklas\/\"},{\"@type\":\"ListItem\",\"position\":2,\"name\":\"Tinklo veiklos\"}]},{\"@type\":\"WebSite\",\"@id\":\"https:\/\/lera.lt\/ikt-ir-edukacijos-tinklas\/#website\",\"url\":\"https:\/\/lera.lt\/ikt-ir-edukacijos-tinklas\/\",\"name\":\"IKT ir Edukacijos tinklas\",\"description\":\"\",\"potentialAction\":[{\"@type\":\"SearchAction\",\"target\":{\"@type\":\"EntryPoint\",\"urlTemplate\":\"https:\/\/lera.lt\/ikt-ir-edukacijos-tinklas\/?s={search_term_string}\"},\"query-input\":{\"@type\":\"PropertyValueSpecification\",\"valueRequired\":true,\"valueName\":\"search_term_string\"}}],\"inLanguage\":\"lt-LT\"}]}<\/script>\n<!-- \/ Yoast SEO plugin. -->","yoast_head_json":{"title":"Tinklo veiklos - IKT ir Edukacijos tinklas","robots":{"index":"index","follow":"follow","max-snippet":"max-snippet:-1","max-image-preview":"max-image-preview:large","max-video-preview":"max-video-preview:-1"},"canonical":"https:\/\/lera.lt\/ikt-ir-edukacijos-tinklas\/tinklo-veiklos\/","og_locale":"lt_LT","og_type":"article","og_title":"Tinklo veiklos - IKT ir Edukacijos tinklas","og_description":"Tinklo veiklos 2024 Collapse NAUDINGOS PUBLIKACIJOS: Jaleniauskiene, E., &amp; Kasperiuniene, J. (2024). Integration of infographics in higher education: challenges faced by novice creators.\u00a0Journal of Visual Literacy,\u00a043(2), 95-123. https:\/\/doi.org\/10.1080\/1051144X.2024.2349382 Ignatova, N., Kubilinskien\u0117, S., Augustinien\u0117, A., Klizien\u0117, I., &amp; Simonaitien\u0117, B. (2024). The Unified Learning Cycle: An Educational Technology for Student-Driven Learning Personalization. In A. Munna, H.&hellip;","og_url":"https:\/\/lera.lt\/ikt-ir-edukacijos-tinklas\/tinklo-veiklos\/","og_site_name":"IKT ir Edukacijos tinklas","article_modified_time":"2025-09-11T13:29:08+00:00","twitter_card":"summary_large_image","schema":{"@context":"https:\/\/schema.org","@graph":[{"@type":"WebPage","@id":"https:\/\/lera.lt\/ikt-ir-edukacijos-tinklas\/tinklo-veiklos\/","url":"https:\/\/lera.lt\/ikt-ir-edukacijos-tinklas\/tinklo-veiklos\/","name":"Tinklo veiklos - IKT ir Edukacijos tinklas","isPartOf":{"@id":"https:\/\/lera.lt\/ikt-ir-edukacijos-tinklas\/#website"},"datePublished":"2025-08-19T18:12:31+00:00","dateModified":"2025-09-11T13:29:08+00:00","breadcrumb":{"@id":"https:\/\/lera.lt\/ikt-ir-edukacijos-tinklas\/tinklo-veiklos\/#breadcrumb"},"inLanguage":"lt-LT","potentialAction":[{"@type":"ReadAction","target":["https:\/\/lera.lt\/ikt-ir-edukacijos-tinklas\/tinklo-veiklos\/"]}]},{"@type":"BreadcrumbList","@id":"https:\/\/lera.lt\/ikt-ir-edukacijos-tinklas\/tinklo-veiklos\/#breadcrumb","itemListElement":[{"@type":"ListItem","position":1,"name":"Home","item":"https:\/\/lera.lt\/ikt-ir-edukacijos-tinklas\/"},{"@type":"ListItem","position":2,"name":"Tinklo veiklos"}]},{"@type":"WebSite","@id":"https:\/\/lera.lt\/ikt-ir-edukacijos-tinklas\/#website","url":"https:\/\/lera.lt\/ikt-ir-edukacijos-tinklas\/","name":"IKT ir Edukacijos tinklas","description":"","potentialAction":[{"@type":"SearchAction","target":{"@type":"EntryPoint","urlTemplate":"https:\/\/lera.lt\/ikt-ir-edukacijos-tinklas\/?s={search_term_string}"},"query-input":{"@type":"PropertyValueSpecification","valueRequired":true,"valueName":"search_term_string"}}],"inLanguage":"lt-LT"}]}},"_links":{"self":[{"href":"https:\/\/lera.lt\/ikt-ir-edukacijos-tinklas\/wp-json\/wp\/v2\/pages\/591","targetHints":{"allow":["GET"]}}],"collection":[{"href":"https:\/\/lera.lt\/ikt-ir-edukacijos-tinklas\/wp-json\/wp\/v2\/pages"}],"about":[{"href":"https:\/\/lera.lt\/ikt-ir-edukacijos-tinklas\/wp-json\/wp\/v2\/types\/page"}],"author":[{"embeddable":true,"href":"https:\/\/lera.lt\/ikt-ir-edukacijos-tinklas\/wp-json\/wp\/v2\/users\/1"}],"replies":[{"embeddable":true,"href":"https:\/\/lera.lt\/ikt-ir-edukacijos-tinklas\/wp-json\/wp\/v2\/comments?post=591"}],"version-history":[{"count":20,"href":"https:\/\/lera.lt\/ikt-ir-edukacijos-tinklas\/wp-json\/wp\/v2\/pages\/591\/revisions"}],"predecessor-version":[{"id":842,"href":"https:\/\/lera.lt\/ikt-ir-edukacijos-tinklas\/wp-json\/wp\/v2\/pages\/591\/revisions\/842"}],"wp:attachment":[{"href":"https:\/\/lera.lt\/ikt-ir-edukacijos-tinklas\/wp-json\/wp\/v2\/media?parent=591"}],"curies":[{"name":"wp","href":"https:\/\/api.w.org\/{rel}","templated":true}]}}