{"id":584,"date":"2025-08-19T18:11:38","date_gmt":"2025-08-19T18:11:38","guid":{"rendered":"https:\/\/lera.lt\/ikt-ir-edukacijos-tinklas\/?page_id=584"},"modified":"2025-09-11T13:25:48","modified_gmt":"2025-09-11T13:25:48","slug":"tinklo-siekiai","status":"publish","type":"page","link":"https:\/\/lera.lt\/ikt-ir-edukacijos-tinklas\/tinklo-siekiai\/","title":{"rendered":"Tinklo siekiai"},"content":{"rendered":"\n\n\t<ol start=\"1\" type=\"1\">\n<li>Prisid\u0117ti prie tinklo ir\u00a0visos LETA nari\u0173, mokytoj\u0173 ir d\u0117stytoj\u0173 geb\u0117jim\u0173 integruoti EdTech sprendimus \u012f ugdymo proces\u0105 tobulinimo ir pl\u0117tojimo.<\/li>\n<li>Dalyvauti rengiant dirbtinio intelekto panaudojimo doriems bei eti\u0161kiems tikslams\u00a0\u0161vietimo sektoriuje gaires bei rekomendacijas.<\/li>\n<li>Prisid\u0117ti prie LETA strategini\u0173 tiksl\u0173 \u012fgyvendinimo.<\/li>\n<\/ol>\n\n","protected":false},"excerpt":{"rendered":"<p>Prisid\u0117ti prie tinklo ir\u00a0visos LETA nari\u0173, mokytoj\u0173 ir d\u0117stytoj\u0173 geb\u0117jim\u0173 integruoti EdTech sprendimus \u012f ugdymo proces\u0105 tobulinimo ir pl\u0117tojimo. Dalyvauti rengiant dirbtinio intelekto panaudojimo doriems bei eti\u0161kiems tikslams\u00a0\u0161vietimo sektoriuje gaires bei rekomendacijas. Prisid\u0117ti prie LETA strategini\u0173 tiksl\u0173 \u012fgyvendinimo.<\/p>\n","protected":false},"author":1,"featured_media":0,"parent":0,"menu_order":0,"comment_status":"closed","ping_status":"closed","template":"","meta":{"footnotes":""},"class_list":["post-584","page","type-page","status-publish","hentry"],"yoast_head":"<!-- This site is optimized with the Yoast SEO plugin v25.7 - https:\/\/yoast.com\/wordpress\/plugins\/seo\/ -->\n<title>Tinklo siekiai - IKT ir Edukacijos tinklas<\/title>\n<meta name=\"robots\" content=\"index, follow, max-snippet:-1, max-image-preview:large, max-video-preview:-1\" \/>\n<link rel=\"canonical\" href=\"https:\/\/lera.lt\/ikt-ir-edukacijos-tinklas\/tinklo-siekiai\/\" \/>\n<meta property=\"og:locale\" content=\"lt_LT\" \/>\n<meta property=\"og:type\" content=\"article\" \/>\n<meta property=\"og:title\" content=\"Tinklo siekiai - IKT ir Edukacijos tinklas\" \/>\n<meta property=\"og:description\" content=\"Prisid\u0117ti prie tinklo ir\u00a0visos LETA nari\u0173, mokytoj\u0173 ir d\u0117stytoj\u0173 geb\u0117jim\u0173 integruoti EdTech sprendimus \u012f ugdymo proces\u0105 tobulinimo ir pl\u0117tojimo. Dalyvauti rengiant dirbtinio intelekto panaudojimo doriems bei eti\u0161kiems tikslams\u00a0\u0161vietimo sektoriuje gaires bei rekomendacijas. Prisid\u0117ti prie LETA strategini\u0173 tiksl\u0173 \u012fgyvendinimo.\" \/>\n<meta property=\"og:url\" content=\"https:\/\/lera.lt\/ikt-ir-edukacijos-tinklas\/tinklo-siekiai\/\" \/>\n<meta property=\"og:site_name\" content=\"IKT ir Edukacijos tinklas\" \/>\n<meta property=\"article:modified_time\" content=\"2025-09-11T13:25:48+00:00\" \/>\n<meta name=\"twitter:card\" content=\"summary_large_image\" \/>\n<script type=\"application\/ld+json\" class=\"yoast-schema-graph\">{\"@context\":\"https:\/\/schema.org\",\"@graph\":[{\"@type\":\"WebPage\",\"@id\":\"https:\/\/lera.lt\/ikt-ir-edukacijos-tinklas\/tinklo-siekiai\/\",\"url\":\"https:\/\/lera.lt\/ikt-ir-edukacijos-tinklas\/tinklo-siekiai\/\",\"name\":\"Tinklo siekiai - IKT ir Edukacijos tinklas\",\"isPartOf\":{\"@id\":\"https:\/\/lera.lt\/ikt-ir-edukacijos-tinklas\/#website\"},\"datePublished\":\"2025-08-19T18:11:38+00:00\",\"dateModified\":\"2025-09-11T13:25:48+00:00\",\"breadcrumb\":{\"@id\":\"https:\/\/lera.lt\/ikt-ir-edukacijos-tinklas\/tinklo-siekiai\/#breadcrumb\"},\"inLanguage\":\"lt-LT\",\"potentialAction\":[{\"@type\":\"ReadAction\",\"target\":[\"https:\/\/lera.lt\/ikt-ir-edukacijos-tinklas\/tinklo-siekiai\/\"]}]},{\"@type\":\"BreadcrumbList\",\"@id\":\"https:\/\/lera.lt\/ikt-ir-edukacijos-tinklas\/tinklo-siekiai\/#breadcrumb\",\"itemListElement\":[{\"@type\":\"ListItem\",\"position\":1,\"name\":\"Home\",\"item\":\"https:\/\/lera.lt\/ikt-ir-edukacijos-tinklas\/\"},{\"@type\":\"ListItem\",\"position\":2,\"name\":\"Tinklo siekiai\"}]},{\"@type\":\"WebSite\",\"@id\":\"https:\/\/lera.lt\/ikt-ir-edukacijos-tinklas\/#website\",\"url\":\"https:\/\/lera.lt\/ikt-ir-edukacijos-tinklas\/\",\"name\":\"IKT ir Edukacijos tinklas\",\"description\":\"\",\"potentialAction\":[{\"@type\":\"SearchAction\",\"target\":{\"@type\":\"EntryPoint\",\"urlTemplate\":\"https:\/\/lera.lt\/ikt-ir-edukacijos-tinklas\/?s={search_term_string}\"},\"query-input\":{\"@type\":\"PropertyValueSpecification\",\"valueRequired\":true,\"valueName\":\"search_term_string\"}}],\"inLanguage\":\"lt-LT\"}]}<\/script>\n<!-- \/ Yoast SEO plugin. -->","yoast_head_json":{"title":"Tinklo siekiai - IKT ir Edukacijos tinklas","robots":{"index":"index","follow":"follow","max-snippet":"max-snippet:-1","max-image-preview":"max-image-preview:large","max-video-preview":"max-video-preview:-1"},"canonical":"https:\/\/lera.lt\/ikt-ir-edukacijos-tinklas\/tinklo-siekiai\/","og_locale":"lt_LT","og_type":"article","og_title":"Tinklo siekiai - IKT ir Edukacijos tinklas","og_description":"Prisid\u0117ti prie tinklo ir\u00a0visos LETA nari\u0173, mokytoj\u0173 ir d\u0117stytoj\u0173 geb\u0117jim\u0173 integruoti EdTech sprendimus \u012f ugdymo proces\u0105 tobulinimo ir pl\u0117tojimo. Dalyvauti rengiant dirbtinio intelekto panaudojimo doriems bei eti\u0161kiems tikslams\u00a0\u0161vietimo sektoriuje gaires bei rekomendacijas. Prisid\u0117ti prie LETA strategini\u0173 tiksl\u0173 \u012fgyvendinimo.","og_url":"https:\/\/lera.lt\/ikt-ir-edukacijos-tinklas\/tinklo-siekiai\/","og_site_name":"IKT ir Edukacijos tinklas","article_modified_time":"2025-09-11T13:25:48+00:00","twitter_card":"summary_large_image","schema":{"@context":"https:\/\/schema.org","@graph":[{"@type":"WebPage","@id":"https:\/\/lera.lt\/ikt-ir-edukacijos-tinklas\/tinklo-siekiai\/","url":"https:\/\/lera.lt\/ikt-ir-edukacijos-tinklas\/tinklo-siekiai\/","name":"Tinklo siekiai - IKT ir Edukacijos tinklas","isPartOf":{"@id":"https:\/\/lera.lt\/ikt-ir-edukacijos-tinklas\/#website"},"datePublished":"2025-08-19T18:11:38+00:00","dateModified":"2025-09-11T13:25:48+00:00","breadcrumb":{"@id":"https:\/\/lera.lt\/ikt-ir-edukacijos-tinklas\/tinklo-siekiai\/#breadcrumb"},"inLanguage":"lt-LT","potentialAction":[{"@type":"ReadAction","target":["https:\/\/lera.lt\/ikt-ir-edukacijos-tinklas\/tinklo-siekiai\/"]}]},{"@type":"BreadcrumbList","@id":"https:\/\/lera.lt\/ikt-ir-edukacijos-tinklas\/tinklo-siekiai\/#breadcrumb","itemListElement":[{"@type":"ListItem","position":1,"name":"Home","item":"https:\/\/lera.lt\/ikt-ir-edukacijos-tinklas\/"},{"@type":"ListItem","position":2,"name":"Tinklo siekiai"}]},{"@type":"WebSite","@id":"https:\/\/lera.lt\/ikt-ir-edukacijos-tinklas\/#website","url":"https:\/\/lera.lt\/ikt-ir-edukacijos-tinklas\/","name":"IKT ir Edukacijos tinklas","description":"","potentialAction":[{"@type":"SearchAction","target":{"@type":"EntryPoint","urlTemplate":"https:\/\/lera.lt\/ikt-ir-edukacijos-tinklas\/?s={search_term_string}"},"query-input":{"@type":"PropertyValueSpecification","valueRequired":true,"valueName":"search_term_string"}}],"inLanguage":"lt-LT"}]}},"_links":{"self":[{"href":"https:\/\/lera.lt\/ikt-ir-edukacijos-tinklas\/wp-json\/wp\/v2\/pages\/584","targetHints":{"allow":["GET"]}}],"collection":[{"href":"https:\/\/lera.lt\/ikt-ir-edukacijos-tinklas\/wp-json\/wp\/v2\/pages"}],"about":[{"href":"https:\/\/lera.lt\/ikt-ir-edukacijos-tinklas\/wp-json\/wp\/v2\/types\/page"}],"author":[{"embeddable":true,"href":"https:\/\/lera.lt\/ikt-ir-edukacijos-tinklas\/wp-json\/wp\/v2\/users\/1"}],"replies":[{"embeddable":true,"href":"https:\/\/lera.lt\/ikt-ir-edukacijos-tinklas\/wp-json\/wp\/v2\/comments?post=584"}],"version-history":[{"count":8,"href":"https:\/\/lera.lt\/ikt-ir-edukacijos-tinklas\/wp-json\/wp\/v2\/pages\/584\/revisions"}],"predecessor-version":[{"id":840,"href":"https:\/\/lera.lt\/ikt-ir-edukacijos-tinklas\/wp-json\/wp\/v2\/pages\/584\/revisions\/840"}],"wp:attachment":[{"href":"https:\/\/lera.lt\/ikt-ir-edukacijos-tinklas\/wp-json\/wp\/v2\/media?parent=584"}],"curies":[{"name":"wp","href":"https:\/\/api.w.org\/{rel}","templated":true}]}}