{"id":876,"date":"2025-09-11T08:52:03","date_gmt":"2025-09-11T08:52:03","guid":{"rendered":"https:\/\/lera.lt\/ikimokyklinio-ir-priesmokyklinio-ugdymo-tinklas\/?page_id=876"},"modified":"2025-09-11T08:52:03","modified_gmt":"2025-09-11T08:52:03","slug":"network-members","status":"publish","type":"page","link":"https:\/\/lera.lt\/ikimokyklinio-ir-priesmokyklinio-ugdymo-tinklas\/en\/network-members\/","title":{"rendered":"Network Members"},"content":{"rendered":"\n\n\t<h3>Network Members 2024<\/h3>\n<ol>\n<li>Autukevi\u010dien\u0117 Birut\u0117<\/li>\n<li>Bagdonait\u0117 Jurgita<\/li>\n<li>Bartkevi\u010dius Ri\u010dardas<\/li>\n<li>Braslauskien\u0117 Rasa<\/li>\n<li>Gau\u010dait\u0117 Ramut\u0117<\/li>\n<li>Grabauskien\u0117 Vaiva<\/li>\n<li>Jucevi\u010di\u016bt\u0117-Bartkevi\u010dien\u0117 Vaiva<\/li>\n<li>Kazlauskien\u0117 Au\u0161ra<\/li>\n<li>Kudinovien\u0117 Jolita<\/li>\n<li>Kulevi\u010dien\u0117 Rasa<\/li>\n<li>Liaudansk\u0117 Vilma<\/li>\n<li>Ma\u010derauskas Eugenijus<\/li>\n<li>Makarskait\u0117-Petkevi\u010dien\u0117 Rita<\/li>\n<li>Malinauskien\u0117 Daiva<\/li>\n<li>Mauragien\u0117 Vijol\u0117<\/li>\n<li>Mazolevskien\u0117 Aldona<\/li>\n<li>Monkevi\u010dien\u0117 Ona<\/li>\n<li>Neifachas Sergejus<\/li>\n<li>Padgurskyt\u0117 Vaida<\/li>\n<li>Pa\u017eusien\u0117 Ieva<\/li>\n<li>Ramanauskien\u0117 Sada<\/li>\n<li>Schoro\u0161kien\u0117 Vaiva<\/li>\n<li>Sidabrien\u0117 Jurga<\/li>\n<li>Stonkuvien\u0117 Goda<\/li>\n<li>Strazdien\u0117 Neringa<\/li>\n<li>Sujetait\u0117-Volungevi\u010dien\u0117 Giedr\u0117<\/li>\n<li>\u0160iriakovien\u0117 Asta<\/li>\n<li>Tamo\u0161i\u016bnait\u0117 Edita<\/li>\n<li>Turauskien\u0117 Erika<\/li>\n<li>Ustilait\u0117 Stas\u0117<\/li>\n<li>Venskuvien\u0117 Nadia<\/li>\n<li>Vild\u017ei\u016bnien\u0117 Jelena<\/li>\n<li>Vizbarien\u0117 Audron\u0117<\/li>\n<li>\u017demgulien\u0117 Au\u0161ra<\/li>\n<\/ol>\n\n","protected":false},"excerpt":{"rendered":"<p>Network Members 2024 Autukevi\u010dien\u0117 Birut\u0117 Bagdonait\u0117 Jurgita Bartkevi\u010dius Ri\u010dardas Braslauskien\u0117 Rasa Gau\u010dait\u0117 Ramut\u0117 Grabauskien\u0117 Vaiva Jucevi\u010di\u016bt\u0117-Bartkevi\u010dien\u0117 Vaiva Kazlauskien\u0117 Au\u0161ra Kudinovien\u0117 Jolita Kulevi\u010dien\u0117 Rasa Liaudansk\u0117 Vilma Ma\u010derauskas Eugenijus Makarskait\u0117-Petkevi\u010dien\u0117 Rita Malinauskien\u0117 Daiva Mauragien\u0117 Vijol\u0117 Mazolevskien\u0117 Aldona Monkevi\u010dien\u0117 Ona Neifachas Sergejus Padgurskyt\u0117 Vaida Pa\u017eusien\u0117 Ieva Ramanauskien\u0117 Sada Schoro\u0161kien\u0117 Vaiva Sidabrien\u0117 Jurga Stonkuvien\u0117 Goda Strazdien\u0117 Neringa Sujetait\u0117-Volungevi\u010dien\u0117 Giedr\u0117&hellip;<\/p>\n","protected":false},"author":1,"featured_media":0,"parent":0,"menu_order":0,"comment_status":"closed","ping_status":"closed","template":"","meta":{"footnotes":""},"class_list":["post-876","page","type-page","status-publish","hentry"],"yoast_head":"<!-- This site is optimized with the Yoast SEO plugin v25.7 - https:\/\/yoast.com\/wordpress\/plugins\/seo\/ -->\n<title>Network Members - Ikimokyklinio ir prie\u0161mokyklinio ugdymo tinklas<\/title>\n<meta name=\"robots\" content=\"index, follow, max-snippet:-1, max-image-preview:large, max-video-preview:-1\" \/>\n<link rel=\"canonical\" href=\"https:\/\/lera.lt\/ikimokyklinio-ir-priesmokyklinio-ugdymo-tinklas\/en\/network-members\/\" \/>\n<meta property=\"og:locale\" content=\"lt_LT\" \/>\n<meta property=\"og:type\" content=\"article\" \/>\n<meta property=\"og:title\" content=\"Network Members - Ikimokyklinio ir prie\u0161mokyklinio ugdymo tinklas\" \/>\n<meta property=\"og:description\" content=\"Network Members 2024 Autukevi\u010dien\u0117 Birut\u0117 Bagdonait\u0117 Jurgita Bartkevi\u010dius Ri\u010dardas Braslauskien\u0117 Rasa Gau\u010dait\u0117 Ramut\u0117 Grabauskien\u0117 Vaiva Jucevi\u010di\u016bt\u0117-Bartkevi\u010dien\u0117 Vaiva Kazlauskien\u0117 Au\u0161ra Kudinovien\u0117 Jolita Kulevi\u010dien\u0117 Rasa Liaudansk\u0117 Vilma Ma\u010derauskas Eugenijus Makarskait\u0117-Petkevi\u010dien\u0117 Rita Malinauskien\u0117 Daiva Mauragien\u0117 Vijol\u0117 Mazolevskien\u0117 Aldona Monkevi\u010dien\u0117 Ona Neifachas Sergejus Padgurskyt\u0117 Vaida Pa\u017eusien\u0117 Ieva Ramanauskien\u0117 Sada Schoro\u0161kien\u0117 Vaiva Sidabrien\u0117 Jurga Stonkuvien\u0117 Goda Strazdien\u0117 Neringa Sujetait\u0117-Volungevi\u010dien\u0117 Giedr\u0117&hellip;\" \/>\n<meta property=\"og:url\" content=\"https:\/\/lera.lt\/ikimokyklinio-ir-priesmokyklinio-ugdymo-tinklas\/en\/network-members\/\" \/>\n<meta property=\"og:site_name\" content=\"Ikimokyklinio ir prie\u0161mokyklinio ugdymo tinklas\" \/>\n<meta name=\"twitter:card\" content=\"summary_large_image\" \/>\n<script type=\"application\/ld+json\" class=\"yoast-schema-graph\">{\"@context\":\"https:\/\/schema.org\",\"@graph\":[{\"@type\":\"WebPage\",\"@id\":\"https:\/\/lera.lt\/ikimokyklinio-ir-priesmokyklinio-ugdymo-tinklas\/en\/network-members\/\",\"url\":\"https:\/\/lera.lt\/ikimokyklinio-ir-priesmokyklinio-ugdymo-tinklas\/en\/network-members\/\",\"name\":\"Network Members - Ikimokyklinio ir prie\u0161mokyklinio ugdymo tinklas\",\"isPartOf\":{\"@id\":\"https:\/\/lera.lt\/ikimokyklinio-ir-priesmokyklinio-ugdymo-tinklas\/#website\"},\"datePublished\":\"2025-09-11T08:52:03+00:00\",\"breadcrumb\":{\"@id\":\"https:\/\/lera.lt\/ikimokyklinio-ir-priesmokyklinio-ugdymo-tinklas\/en\/network-members\/#breadcrumb\"},\"inLanguage\":\"lt-LT\",\"potentialAction\":[{\"@type\":\"ReadAction\",\"target\":[\"https:\/\/lera.lt\/ikimokyklinio-ir-priesmokyklinio-ugdymo-tinklas\/en\/network-members\/\"]}]},{\"@type\":\"BreadcrumbList\",\"@id\":\"https:\/\/lera.lt\/ikimokyklinio-ir-priesmokyklinio-ugdymo-tinklas\/en\/network-members\/#breadcrumb\",\"itemListElement\":[{\"@type\":\"ListItem\",\"position\":1,\"name\":\"Home\",\"item\":\"https:\/\/lera.lt\/ikimokyklinio-ir-priesmokyklinio-ugdymo-tinklas\/\"},{\"@type\":\"ListItem\",\"position\":2,\"name\":\"Network Members\"}]},{\"@type\":\"WebSite\",\"@id\":\"https:\/\/lera.lt\/ikimokyklinio-ir-priesmokyklinio-ugdymo-tinklas\/#website\",\"url\":\"https:\/\/lera.lt\/ikimokyklinio-ir-priesmokyklinio-ugdymo-tinklas\/\",\"name\":\"Ikimokyklinio ir prie\u0161mokyklinio ugdymo tinklas\",\"description\":\"\",\"potentialAction\":[{\"@type\":\"SearchAction\",\"target\":{\"@type\":\"EntryPoint\",\"urlTemplate\":\"https:\/\/lera.lt\/ikimokyklinio-ir-priesmokyklinio-ugdymo-tinklas\/?s={search_term_string}\"},\"query-input\":{\"@type\":\"PropertyValueSpecification\",\"valueRequired\":true,\"valueName\":\"search_term_string\"}}],\"inLanguage\":\"lt-LT\"}]}<\/script>\n<!-- \/ Yoast SEO plugin. -->","yoast_head_json":{"title":"Network Members - Ikimokyklinio ir prie\u0161mokyklinio ugdymo tinklas","robots":{"index":"index","follow":"follow","max-snippet":"max-snippet:-1","max-image-preview":"max-image-preview:large","max-video-preview":"max-video-preview:-1"},"canonical":"https:\/\/lera.lt\/ikimokyklinio-ir-priesmokyklinio-ugdymo-tinklas\/en\/network-members\/","og_locale":"lt_LT","og_type":"article","og_title":"Network Members - Ikimokyklinio ir prie\u0161mokyklinio ugdymo tinklas","og_description":"Network Members 2024 Autukevi\u010dien\u0117 Birut\u0117 Bagdonait\u0117 Jurgita Bartkevi\u010dius Ri\u010dardas Braslauskien\u0117 Rasa Gau\u010dait\u0117 Ramut\u0117 Grabauskien\u0117 Vaiva Jucevi\u010di\u016bt\u0117-Bartkevi\u010dien\u0117 Vaiva Kazlauskien\u0117 Au\u0161ra Kudinovien\u0117 Jolita Kulevi\u010dien\u0117 Rasa Liaudansk\u0117 Vilma Ma\u010derauskas Eugenijus Makarskait\u0117-Petkevi\u010dien\u0117 Rita Malinauskien\u0117 Daiva Mauragien\u0117 Vijol\u0117 Mazolevskien\u0117 Aldona Monkevi\u010dien\u0117 Ona Neifachas Sergejus Padgurskyt\u0117 Vaida Pa\u017eusien\u0117 Ieva Ramanauskien\u0117 Sada Schoro\u0161kien\u0117 Vaiva Sidabrien\u0117 Jurga Stonkuvien\u0117 Goda Strazdien\u0117 Neringa Sujetait\u0117-Volungevi\u010dien\u0117 Giedr\u0117&hellip;","og_url":"https:\/\/lera.lt\/ikimokyklinio-ir-priesmokyklinio-ugdymo-tinklas\/en\/network-members\/","og_site_name":"Ikimokyklinio ir prie\u0161mokyklinio ugdymo tinklas","twitter_card":"summary_large_image","schema":{"@context":"https:\/\/schema.org","@graph":[{"@type":"WebPage","@id":"https:\/\/lera.lt\/ikimokyklinio-ir-priesmokyklinio-ugdymo-tinklas\/en\/network-members\/","url":"https:\/\/lera.lt\/ikimokyklinio-ir-priesmokyklinio-ugdymo-tinklas\/en\/network-members\/","name":"Network Members - Ikimokyklinio ir prie\u0161mokyklinio ugdymo tinklas","isPartOf":{"@id":"https:\/\/lera.lt\/ikimokyklinio-ir-priesmokyklinio-ugdymo-tinklas\/#website"},"datePublished":"2025-09-11T08:52:03+00:00","breadcrumb":{"@id":"https:\/\/lera.lt\/ikimokyklinio-ir-priesmokyklinio-ugdymo-tinklas\/en\/network-members\/#breadcrumb"},"inLanguage":"lt-LT","potentialAction":[{"@type":"ReadAction","target":["https:\/\/lera.lt\/ikimokyklinio-ir-priesmokyklinio-ugdymo-tinklas\/en\/network-members\/"]}]},{"@type":"BreadcrumbList","@id":"https:\/\/lera.lt\/ikimokyklinio-ir-priesmokyklinio-ugdymo-tinklas\/en\/network-members\/#breadcrumb","itemListElement":[{"@type":"ListItem","position":1,"name":"Home","item":"https:\/\/lera.lt\/ikimokyklinio-ir-priesmokyklinio-ugdymo-tinklas\/"},{"@type":"ListItem","position":2,"name":"Network Members"}]},{"@type":"WebSite","@id":"https:\/\/lera.lt\/ikimokyklinio-ir-priesmokyklinio-ugdymo-tinklas\/#website","url":"https:\/\/lera.lt\/ikimokyklinio-ir-priesmokyklinio-ugdymo-tinklas\/","name":"Ikimokyklinio ir prie\u0161mokyklinio ugdymo tinklas","description":"","potentialAction":[{"@type":"SearchAction","target":{"@type":"EntryPoint","urlTemplate":"https:\/\/lera.lt\/ikimokyklinio-ir-priesmokyklinio-ugdymo-tinklas\/?s={search_term_string}"},"query-input":{"@type":"PropertyValueSpecification","valueRequired":true,"valueName":"search_term_string"}}],"inLanguage":"lt-LT"}]}},"_links":{"self":[{"href":"https:\/\/lera.lt\/ikimokyklinio-ir-priesmokyklinio-ugdymo-tinklas\/wp-json\/wp\/v2\/pages\/876","targetHints":{"allow":["GET"]}}],"collection":[{"href":"https:\/\/lera.lt\/ikimokyklinio-ir-priesmokyklinio-ugdymo-tinklas\/wp-json\/wp\/v2\/pages"}],"about":[{"href":"https:\/\/lera.lt\/ikimokyklinio-ir-priesmokyklinio-ugdymo-tinklas\/wp-json\/wp\/v2\/types\/page"}],"author":[{"embeddable":true,"href":"https:\/\/lera.lt\/ikimokyklinio-ir-priesmokyklinio-ugdymo-tinklas\/wp-json\/wp\/v2\/users\/1"}],"replies":[{"embeddable":true,"href":"https:\/\/lera.lt\/ikimokyklinio-ir-priesmokyklinio-ugdymo-tinklas\/wp-json\/wp\/v2\/comments?post=876"}],"version-history":[{"count":2,"href":"https:\/\/lera.lt\/ikimokyklinio-ir-priesmokyklinio-ugdymo-tinklas\/wp-json\/wp\/v2\/pages\/876\/revisions"}],"predecessor-version":[{"id":880,"href":"https:\/\/lera.lt\/ikimokyklinio-ir-priesmokyklinio-ugdymo-tinklas\/wp-json\/wp\/v2\/pages\/876\/revisions\/880"}],"wp:attachment":[{"href":"https:\/\/lera.lt\/ikimokyklinio-ir-priesmokyklinio-ugdymo-tinklas\/wp-json\/wp\/v2\/media?parent=876"}],"curies":[{"name":"wp","href":"https:\/\/api.w.org\/{rel}","templated":true}]}}