{"id":847,"date":"2025-09-11T08:29:59","date_gmt":"2025-09-11T08:29:59","guid":{"rendered":"https:\/\/lera.lt\/ikimokyklinio-ir-priesmokyklinio-ugdymo-tinklas\/?page_id=847"},"modified":"2025-09-11T08:29:59","modified_gmt":"2025-09-11T08:29:59","slug":"ikimokyklinis-ugdymas-svetur","status":"publish","type":"page","link":"https:\/\/lera.lt\/ikimokyklinio-ir-priesmokyklinio-ugdymo-tinklas\/ikimokyklinis-ugdymas-svetur\/","title":{"rendered":"Ikimokyklinis ugdymas svetur\u00a0"},"content":{"rendered":"\n\n\t<h3><strong>Ikimokyklinis ugdymas svetur: Olandijos ir Airijos patirtys<\/strong><\/h3>\n<p>Ikimokyklinio ir prie\u0161mokyklinio tinklo atstovai\u00a0\u00a0<strong>doc. dr. Sergejus Neifachas<\/strong>\u00a0ir\u00a0\u00a0<strong>lekt. Nadia Venskuvien\u0117<\/strong>\u00a0 dalyvavo sta\u017euot\u0117se u\u017esienyje. Doc. dr. Sergejus Neifachas\u00a0 atliko sta\u017euot\u0119 Dublino universitete, Airijoje, o lekt. Nadia Vensk\u016bnien\u0117 Ultrecto universitete, Olandijoje. Abu sta\u017euotojai dalinasi savo \u012f\u017evalgomis apie ugdymo praktik\u0105 u\u017esienio \u0161alyse, ikimokyklinio ugdymo mokytoj\u0173 rengimo ypatumus, ikimokyklinio ugdymo specifik\u0105 bei\u00a0 galimyb\u0117mis\u00a0 \u012fgytas patirtis pritaikyti Lietuvos kontekste.<\/p>\n\t\t<iframe loading=\"lazy\" width=\"560\" height=\"315\" src=\"https:\/\/www.youtube.com\/embed\/WNLGyCvqbGk?si=MAjBDFa7AlMEFo6f\" title=\"YouTube video player\" frameborder=\"0\" allow=\"accelerometer; autoplay; clipboard-write; encrypted-media; gyroscope; picture-in-picture; web-share\" referrerpolicy=\"strict-origin-when-cross-origin\" allowfullscreen><\/iframe>\t\n\n","protected":false},"excerpt":{"rendered":"<p>Ikimokyklinis ugdymas svetur: Olandijos ir Airijos patirtys Ikimokyklinio ir prie\u0161mokyklinio tinklo atstovai\u00a0\u00a0doc. dr. Sergejus Neifachas\u00a0ir\u00a0\u00a0lekt. Nadia Venskuvien\u0117\u00a0 dalyvavo sta\u017euot\u0117se u\u017esienyje. Doc. dr. Sergejus Neifachas\u00a0 atliko sta\u017euot\u0119 Dublino universitete, Airijoje, o lekt. Nadia Vensk\u016bnien\u0117 Ultrecto universitete, Olandijoje. Abu sta\u017euotojai dalinasi savo \u012f\u017evalgomis apie ugdymo praktik\u0105 u\u017esienio \u0161alyse, ikimokyklinio ugdymo mokytoj\u0173 rengimo ypatumus, ikimokyklinio ugdymo specifik\u0105 bei\u00a0&hellip;<\/p>\n","protected":false},"author":1,"featured_media":0,"parent":0,"menu_order":0,"comment_status":"closed","ping_status":"closed","template":"","meta":{"footnotes":""},"class_list":["post-847","page","type-page","status-publish","hentry"],"yoast_head":"<!-- This site is optimized with the Yoast SEO plugin v25.7 - https:\/\/yoast.com\/wordpress\/plugins\/seo\/ -->\n<title>Ikimokyklinis ugdymas svetur\u00a0 - Ikimokyklinio ir prie\u0161mokyklinio ugdymo tinklas<\/title>\n<meta name=\"robots\" content=\"index, follow, max-snippet:-1, max-image-preview:large, max-video-preview:-1\" \/>\n<link rel=\"canonical\" href=\"https:\/\/lera.lt\/ikimokyklinio-ir-priesmokyklinio-ugdymo-tinklas\/ikimokyklinis-ugdymas-svetur\/\" \/>\n<meta property=\"og:locale\" content=\"lt_LT\" \/>\n<meta property=\"og:type\" content=\"article\" \/>\n<meta property=\"og:title\" content=\"Ikimokyklinis ugdymas svetur\u00a0 - Ikimokyklinio ir prie\u0161mokyklinio ugdymo tinklas\" \/>\n<meta property=\"og:description\" content=\"Ikimokyklinis ugdymas svetur: Olandijos ir Airijos patirtys Ikimokyklinio ir prie\u0161mokyklinio tinklo atstovai\u00a0\u00a0doc. dr. Sergejus Neifachas\u00a0ir\u00a0\u00a0lekt. Nadia Venskuvien\u0117\u00a0 dalyvavo sta\u017euot\u0117se u\u017esienyje. Doc. dr. Sergejus Neifachas\u00a0 atliko sta\u017euot\u0119 Dublino universitete, Airijoje, o lekt. Nadia Vensk\u016bnien\u0117 Ultrecto universitete, Olandijoje. Abu sta\u017euotojai dalinasi savo \u012f\u017evalgomis apie ugdymo praktik\u0105 u\u017esienio \u0161alyse, ikimokyklinio ugdymo mokytoj\u0173 rengimo ypatumus, ikimokyklinio ugdymo specifik\u0105 bei\u00a0&hellip;\" \/>\n<meta property=\"og:url\" content=\"https:\/\/lera.lt\/ikimokyklinio-ir-priesmokyklinio-ugdymo-tinklas\/ikimokyklinis-ugdymas-svetur\/\" \/>\n<meta property=\"og:site_name\" content=\"Ikimokyklinio ir prie\u0161mokyklinio ugdymo tinklas\" \/>\n<meta name=\"twitter:card\" content=\"summary_large_image\" \/>\n<script type=\"application\/ld+json\" class=\"yoast-schema-graph\">{\"@context\":\"https:\/\/schema.org\",\"@graph\":[{\"@type\":\"WebPage\",\"@id\":\"https:\/\/lera.lt\/ikimokyklinio-ir-priesmokyklinio-ugdymo-tinklas\/ikimokyklinis-ugdymas-svetur\/\",\"url\":\"https:\/\/lera.lt\/ikimokyklinio-ir-priesmokyklinio-ugdymo-tinklas\/ikimokyklinis-ugdymas-svetur\/\",\"name\":\"Ikimokyklinis ugdymas svetur\u00a0 - Ikimokyklinio ir prie\u0161mokyklinio ugdymo tinklas\",\"isPartOf\":{\"@id\":\"https:\/\/lera.lt\/ikimokyklinio-ir-priesmokyklinio-ugdymo-tinklas\/#website\"},\"datePublished\":\"2025-09-11T08:29:59+00:00\",\"breadcrumb\":{\"@id\":\"https:\/\/lera.lt\/ikimokyklinio-ir-priesmokyklinio-ugdymo-tinklas\/ikimokyklinis-ugdymas-svetur\/#breadcrumb\"},\"inLanguage\":\"lt-LT\",\"potentialAction\":[{\"@type\":\"ReadAction\",\"target\":[\"https:\/\/lera.lt\/ikimokyklinio-ir-priesmokyklinio-ugdymo-tinklas\/ikimokyklinis-ugdymas-svetur\/\"]}]},{\"@type\":\"BreadcrumbList\",\"@id\":\"https:\/\/lera.lt\/ikimokyklinio-ir-priesmokyklinio-ugdymo-tinklas\/ikimokyklinis-ugdymas-svetur\/#breadcrumb\",\"itemListElement\":[{\"@type\":\"ListItem\",\"position\":1,\"name\":\"Home\",\"item\":\"https:\/\/lera.lt\/ikimokyklinio-ir-priesmokyklinio-ugdymo-tinklas\/\"},{\"@type\":\"ListItem\",\"position\":2,\"name\":\"Ikimokyklinis ugdymas svetur\u00a0\"}]},{\"@type\":\"WebSite\",\"@id\":\"https:\/\/lera.lt\/ikimokyklinio-ir-priesmokyklinio-ugdymo-tinklas\/#website\",\"url\":\"https:\/\/lera.lt\/ikimokyklinio-ir-priesmokyklinio-ugdymo-tinklas\/\",\"name\":\"Ikimokyklinio ir prie\u0161mokyklinio ugdymo tinklas\",\"description\":\"\",\"potentialAction\":[{\"@type\":\"SearchAction\",\"target\":{\"@type\":\"EntryPoint\",\"urlTemplate\":\"https:\/\/lera.lt\/ikimokyklinio-ir-priesmokyklinio-ugdymo-tinklas\/?s={search_term_string}\"},\"query-input\":{\"@type\":\"PropertyValueSpecification\",\"valueRequired\":true,\"valueName\":\"search_term_string\"}}],\"inLanguage\":\"lt-LT\"}]}<\/script>\n<!-- \/ Yoast SEO plugin. -->","yoast_head_json":{"title":"Ikimokyklinis ugdymas svetur\u00a0 - Ikimokyklinio ir prie\u0161mokyklinio ugdymo tinklas","robots":{"index":"index","follow":"follow","max-snippet":"max-snippet:-1","max-image-preview":"max-image-preview:large","max-video-preview":"max-video-preview:-1"},"canonical":"https:\/\/lera.lt\/ikimokyklinio-ir-priesmokyklinio-ugdymo-tinklas\/ikimokyklinis-ugdymas-svetur\/","og_locale":"lt_LT","og_type":"article","og_title":"Ikimokyklinis ugdymas svetur\u00a0 - Ikimokyklinio ir prie\u0161mokyklinio ugdymo tinklas","og_description":"Ikimokyklinis ugdymas svetur: Olandijos ir Airijos patirtys Ikimokyklinio ir prie\u0161mokyklinio tinklo atstovai\u00a0\u00a0doc. dr. Sergejus Neifachas\u00a0ir\u00a0\u00a0lekt. Nadia Venskuvien\u0117\u00a0 dalyvavo sta\u017euot\u0117se u\u017esienyje. Doc. dr. Sergejus Neifachas\u00a0 atliko sta\u017euot\u0119 Dublino universitete, Airijoje, o lekt. Nadia Vensk\u016bnien\u0117 Ultrecto universitete, Olandijoje. Abu sta\u017euotojai dalinasi savo \u012f\u017evalgomis apie ugdymo praktik\u0105 u\u017esienio \u0161alyse, ikimokyklinio ugdymo mokytoj\u0173 rengimo ypatumus, ikimokyklinio ugdymo specifik\u0105 bei\u00a0&hellip;","og_url":"https:\/\/lera.lt\/ikimokyklinio-ir-priesmokyklinio-ugdymo-tinklas\/ikimokyklinis-ugdymas-svetur\/","og_site_name":"Ikimokyklinio ir prie\u0161mokyklinio ugdymo tinklas","twitter_card":"summary_large_image","schema":{"@context":"https:\/\/schema.org","@graph":[{"@type":"WebPage","@id":"https:\/\/lera.lt\/ikimokyklinio-ir-priesmokyklinio-ugdymo-tinklas\/ikimokyklinis-ugdymas-svetur\/","url":"https:\/\/lera.lt\/ikimokyklinio-ir-priesmokyklinio-ugdymo-tinklas\/ikimokyklinis-ugdymas-svetur\/","name":"Ikimokyklinis ugdymas svetur\u00a0 - Ikimokyklinio ir prie\u0161mokyklinio ugdymo tinklas","isPartOf":{"@id":"https:\/\/lera.lt\/ikimokyklinio-ir-priesmokyklinio-ugdymo-tinklas\/#website"},"datePublished":"2025-09-11T08:29:59+00:00","breadcrumb":{"@id":"https:\/\/lera.lt\/ikimokyklinio-ir-priesmokyklinio-ugdymo-tinklas\/ikimokyklinis-ugdymas-svetur\/#breadcrumb"},"inLanguage":"lt-LT","potentialAction":[{"@type":"ReadAction","target":["https:\/\/lera.lt\/ikimokyklinio-ir-priesmokyklinio-ugdymo-tinklas\/ikimokyklinis-ugdymas-svetur\/"]}]},{"@type":"BreadcrumbList","@id":"https:\/\/lera.lt\/ikimokyklinio-ir-priesmokyklinio-ugdymo-tinklas\/ikimokyklinis-ugdymas-svetur\/#breadcrumb","itemListElement":[{"@type":"ListItem","position":1,"name":"Home","item":"https:\/\/lera.lt\/ikimokyklinio-ir-priesmokyklinio-ugdymo-tinklas\/"},{"@type":"ListItem","position":2,"name":"Ikimokyklinis ugdymas svetur\u00a0"}]},{"@type":"WebSite","@id":"https:\/\/lera.lt\/ikimokyklinio-ir-priesmokyklinio-ugdymo-tinklas\/#website","url":"https:\/\/lera.lt\/ikimokyklinio-ir-priesmokyklinio-ugdymo-tinklas\/","name":"Ikimokyklinio ir prie\u0161mokyklinio ugdymo tinklas","description":"","potentialAction":[{"@type":"SearchAction","target":{"@type":"EntryPoint","urlTemplate":"https:\/\/lera.lt\/ikimokyklinio-ir-priesmokyklinio-ugdymo-tinklas\/?s={search_term_string}"},"query-input":{"@type":"PropertyValueSpecification","valueRequired":true,"valueName":"search_term_string"}}],"inLanguage":"lt-LT"}]}},"_links":{"self":[{"href":"https:\/\/lera.lt\/ikimokyklinio-ir-priesmokyklinio-ugdymo-tinklas\/wp-json\/wp\/v2\/pages\/847","targetHints":{"allow":["GET"]}}],"collection":[{"href":"https:\/\/lera.lt\/ikimokyklinio-ir-priesmokyklinio-ugdymo-tinklas\/wp-json\/wp\/v2\/pages"}],"about":[{"href":"https:\/\/lera.lt\/ikimokyklinio-ir-priesmokyklinio-ugdymo-tinklas\/wp-json\/wp\/v2\/types\/page"}],"author":[{"embeddable":true,"href":"https:\/\/lera.lt\/ikimokyklinio-ir-priesmokyklinio-ugdymo-tinklas\/wp-json\/wp\/v2\/users\/1"}],"replies":[{"embeddable":true,"href":"https:\/\/lera.lt\/ikimokyklinio-ir-priesmokyklinio-ugdymo-tinklas\/wp-json\/wp\/v2\/comments?post=847"}],"version-history":[{"count":2,"href":"https:\/\/lera.lt\/ikimokyklinio-ir-priesmokyklinio-ugdymo-tinklas\/wp-json\/wp\/v2\/pages\/847\/revisions"}],"predecessor-version":[{"id":851,"href":"https:\/\/lera.lt\/ikimokyklinio-ir-priesmokyklinio-ugdymo-tinklas\/wp-json\/wp\/v2\/pages\/847\/revisions\/851"}],"wp:attachment":[{"href":"https:\/\/lera.lt\/ikimokyklinio-ir-priesmokyklinio-ugdymo-tinklas\/wp-json\/wp\/v2\/media?parent=847"}],"curies":[{"name":"wp","href":"https:\/\/api.w.org\/{rel}","templated":true}]}}