{"id":682,"date":"2025-08-20T13:39:39","date_gmt":"2025-08-20T13:39:39","guid":{"rendered":"https:\/\/lera.lt\/ikimokyklinio-ir-priesmokyklinio-ugdymo-tinklas\/?page_id=682"},"modified":"2025-09-11T09:55:46","modified_gmt":"2025-09-11T09:55:46","slug":"network-activities","status":"publish","type":"page","link":"https:\/\/lera.lt\/ikimokyklinio-ir-priesmokyklinio-ugdymo-tinklas\/en\/network-activities\/","title":{"rendered":"Network Activities"},"content":{"rendered":"\n\n\t\t\t\t\t<a href=\"#\"  id=\"fl-accordion--label-0\" tabindex=\"0\" aria-controls=\"fl-accordion--panel-0\">Network Activities 2024<\/a>\n\t\t\t\t\t\t\t\t\t\t\t<a href=\"#\" id=\"fl-accordion--icon-0\"  tabindex=\"0\"><i title=\"Collapse\">Collapse<\/i><\/a>\n\t\t\t\t\t1. Network members Rita Makarskait\u0117-Petkevi\u010dien\u0117, Sergejus Neifachas, together with experts from the higher education, formal and non-formal education sectors, representatives of the MoEYS and municipal authorities, took part in the presentation of the LINESA strategy and the public debate (29 February 2024).<br \/>\n2. Network members Ona Monkevi\u010dien\u0117, Birut\u0117 Autukevi\u010dien\u0117, Birut\u0117 Vityt\u0117, Jolita Kudinovien\u0117 took part in the organisation of the VMU international scientific conference &#8222;Teachers Heroes: What helps a teacher to grow?&#8221; for pre-school and primary education teachers, and led experiential activities for teachers (14 March 2024 in Vilnius, 15 March in Kaunas).<br \/>\n3. 11 presentations were given at the section &#8222;Issues of Science Education in Pre-school and Primary School&#8221; at the 30th National Scientific-Practical Conference &#8222;Science Education in General Education School-2024&#8221;, held in Plung\u0117 on 25-26 April 2024. 6 of them dealt with pre-school\u00a0 education issues, 2 of them presented best practices of pre-school education in South Africa. (Rita Makarskait\u0117-Petkevi\u010dien\u0117 &#8211; organiser, moderator, speaker).\n\t\t\t\t\t<a href=\"#\"  id=\"fl-accordion--label-1\" tabindex=\"0\" aria-controls=\"fl-accordion--panel-1\">Network Activities 2023<\/a>\n\t\t\t\t\t\t\t\t\t\t\t<a href=\"#\" id=\"fl-accordion--icon-1\"  tabindex=\"0\"><i title=\"Expand\">Expand<\/i><\/a>\n\t\t\t\t\t<a href=\"#\"  id=\"fl-accordion--label-2\" tabindex=\"0\" aria-controls=\"fl-accordion--panel-2\">Network Activities 2022<\/a>\n\t\t\t\t\t\t\t\t\t\t\t<a href=\"#\" id=\"fl-accordion--icon-2\"  tabindex=\"0\"><i title=\"Expand\">Expand<\/i><\/a>\n\n","protected":false},"excerpt":{"rendered":"<p>Network Activities 2024 Collapse 1. Network members Rita Makarskait\u0117-Petkevi\u010dien\u0117, Sergejus Neifachas, together with experts from the higher education, formal and non-formal education sectors, representatives of the MoEYS and municipal authorities, took part in the presentation of the LINESA strategy and the public debate (29 February 2024). 2. Network members Ona Monkevi\u010dien\u0117, Birut\u0117 Autukevi\u010dien\u0117, Birut\u0117 Vityt\u0117,&hellip;<\/p>\n","protected":false},"author":1,"featured_media":0,"parent":0,"menu_order":0,"comment_status":"closed","ping_status":"closed","template":"","meta":{"footnotes":""},"class_list":["post-682","page","type-page","status-publish","hentry"],"yoast_head":"<!-- This site is optimized with the Yoast SEO plugin v25.7 - https:\/\/yoast.com\/wordpress\/plugins\/seo\/ -->\n<title>Network Activities - Ikimokyklinio ir prie\u0161mokyklinio ugdymo tinklas<\/title>\n<meta name=\"robots\" content=\"index, follow, max-snippet:-1, max-image-preview:large, max-video-preview:-1\" \/>\n<link rel=\"canonical\" href=\"https:\/\/lera.lt\/ikimokyklinio-ir-priesmokyklinio-ugdymo-tinklas\/en\/network-activities\/\" \/>\n<meta property=\"og:locale\" content=\"lt_LT\" \/>\n<meta property=\"og:type\" content=\"article\" \/>\n<meta property=\"og:title\" content=\"Network Activities - Ikimokyklinio ir prie\u0161mokyklinio ugdymo tinklas\" \/>\n<meta property=\"og:description\" content=\"Network Activities 2024 Collapse 1. Network members Rita Makarskait\u0117-Petkevi\u010dien\u0117, Sergejus Neifachas, together with experts from the higher education, formal and non-formal education sectors, representatives of the MoEYS and municipal authorities, took part in the presentation of the LINESA strategy and the public debate (29 February 2024). 2. Network members Ona Monkevi\u010dien\u0117, Birut\u0117 Autukevi\u010dien\u0117, Birut\u0117 Vityt\u0117,&hellip;\" \/>\n<meta property=\"og:url\" content=\"https:\/\/lera.lt\/ikimokyklinio-ir-priesmokyklinio-ugdymo-tinklas\/en\/network-activities\/\" \/>\n<meta property=\"og:site_name\" content=\"Ikimokyklinio ir prie\u0161mokyklinio ugdymo tinklas\" \/>\n<meta property=\"article:modified_time\" content=\"2025-09-11T09:55:46+00:00\" \/>\n<meta name=\"twitter:card\" content=\"summary_large_image\" \/>\n<script type=\"application\/ld+json\" class=\"yoast-schema-graph\">{\"@context\":\"https:\/\/schema.org\",\"@graph\":[{\"@type\":\"WebPage\",\"@id\":\"https:\/\/lera.lt\/ikimokyklinio-ir-priesmokyklinio-ugdymo-tinklas\/en\/network-activities\/\",\"url\":\"https:\/\/lera.lt\/ikimokyklinio-ir-priesmokyklinio-ugdymo-tinklas\/en\/network-activities\/\",\"name\":\"Network Activities - Ikimokyklinio ir prie\u0161mokyklinio ugdymo tinklas\",\"isPartOf\":{\"@id\":\"https:\/\/lera.lt\/ikimokyklinio-ir-priesmokyklinio-ugdymo-tinklas\/#website\"},\"datePublished\":\"2025-08-20T13:39:39+00:00\",\"dateModified\":\"2025-09-11T09:55:46+00:00\",\"breadcrumb\":{\"@id\":\"https:\/\/lera.lt\/ikimokyklinio-ir-priesmokyklinio-ugdymo-tinklas\/en\/network-activities\/#breadcrumb\"},\"inLanguage\":\"lt-LT\",\"potentialAction\":[{\"@type\":\"ReadAction\",\"target\":[\"https:\/\/lera.lt\/ikimokyklinio-ir-priesmokyklinio-ugdymo-tinklas\/en\/network-activities\/\"]}]},{\"@type\":\"BreadcrumbList\",\"@id\":\"https:\/\/lera.lt\/ikimokyklinio-ir-priesmokyklinio-ugdymo-tinklas\/en\/network-activities\/#breadcrumb\",\"itemListElement\":[{\"@type\":\"ListItem\",\"position\":1,\"name\":\"Home\",\"item\":\"https:\/\/lera.lt\/ikimokyklinio-ir-priesmokyklinio-ugdymo-tinklas\/\"},{\"@type\":\"ListItem\",\"position\":2,\"name\":\"Network Activities\"}]},{\"@type\":\"WebSite\",\"@id\":\"https:\/\/lera.lt\/ikimokyklinio-ir-priesmokyklinio-ugdymo-tinklas\/#website\",\"url\":\"https:\/\/lera.lt\/ikimokyklinio-ir-priesmokyklinio-ugdymo-tinklas\/\",\"name\":\"Ikimokyklinio ir prie\u0161mokyklinio ugdymo tinklas\",\"description\":\"\",\"potentialAction\":[{\"@type\":\"SearchAction\",\"target\":{\"@type\":\"EntryPoint\",\"urlTemplate\":\"https:\/\/lera.lt\/ikimokyklinio-ir-priesmokyklinio-ugdymo-tinklas\/?s={search_term_string}\"},\"query-input\":{\"@type\":\"PropertyValueSpecification\",\"valueRequired\":true,\"valueName\":\"search_term_string\"}}],\"inLanguage\":\"lt-LT\"}]}<\/script>\n<!-- \/ Yoast SEO plugin. -->","yoast_head_json":{"title":"Network Activities - Ikimokyklinio ir prie\u0161mokyklinio ugdymo tinklas","robots":{"index":"index","follow":"follow","max-snippet":"max-snippet:-1","max-image-preview":"max-image-preview:large","max-video-preview":"max-video-preview:-1"},"canonical":"https:\/\/lera.lt\/ikimokyklinio-ir-priesmokyklinio-ugdymo-tinklas\/en\/network-activities\/","og_locale":"lt_LT","og_type":"article","og_title":"Network Activities - Ikimokyklinio ir prie\u0161mokyklinio ugdymo tinklas","og_description":"Network Activities 2024 Collapse 1. Network members Rita Makarskait\u0117-Petkevi\u010dien\u0117, Sergejus Neifachas, together with experts from the higher education, formal and non-formal education sectors, representatives of the MoEYS and municipal authorities, took part in the presentation of the LINESA strategy and the public debate (29 February 2024). 2. Network members Ona Monkevi\u010dien\u0117, Birut\u0117 Autukevi\u010dien\u0117, Birut\u0117 Vityt\u0117,&hellip;","og_url":"https:\/\/lera.lt\/ikimokyklinio-ir-priesmokyklinio-ugdymo-tinklas\/en\/network-activities\/","og_site_name":"Ikimokyklinio ir prie\u0161mokyklinio ugdymo tinklas","article_modified_time":"2025-09-11T09:55:46+00:00","twitter_card":"summary_large_image","schema":{"@context":"https:\/\/schema.org","@graph":[{"@type":"WebPage","@id":"https:\/\/lera.lt\/ikimokyklinio-ir-priesmokyklinio-ugdymo-tinklas\/en\/network-activities\/","url":"https:\/\/lera.lt\/ikimokyklinio-ir-priesmokyklinio-ugdymo-tinklas\/en\/network-activities\/","name":"Network Activities - Ikimokyklinio ir prie\u0161mokyklinio ugdymo tinklas","isPartOf":{"@id":"https:\/\/lera.lt\/ikimokyklinio-ir-priesmokyklinio-ugdymo-tinklas\/#website"},"datePublished":"2025-08-20T13:39:39+00:00","dateModified":"2025-09-11T09:55:46+00:00","breadcrumb":{"@id":"https:\/\/lera.lt\/ikimokyklinio-ir-priesmokyklinio-ugdymo-tinklas\/en\/network-activities\/#breadcrumb"},"inLanguage":"lt-LT","potentialAction":[{"@type":"ReadAction","target":["https:\/\/lera.lt\/ikimokyklinio-ir-priesmokyklinio-ugdymo-tinklas\/en\/network-activities\/"]}]},{"@type":"BreadcrumbList","@id":"https:\/\/lera.lt\/ikimokyklinio-ir-priesmokyklinio-ugdymo-tinklas\/en\/network-activities\/#breadcrumb","itemListElement":[{"@type":"ListItem","position":1,"name":"Home","item":"https:\/\/lera.lt\/ikimokyklinio-ir-priesmokyklinio-ugdymo-tinklas\/"},{"@type":"ListItem","position":2,"name":"Network Activities"}]},{"@type":"WebSite","@id":"https:\/\/lera.lt\/ikimokyklinio-ir-priesmokyklinio-ugdymo-tinklas\/#website","url":"https:\/\/lera.lt\/ikimokyklinio-ir-priesmokyklinio-ugdymo-tinklas\/","name":"Ikimokyklinio ir prie\u0161mokyklinio ugdymo tinklas","description":"","potentialAction":[{"@type":"SearchAction","target":{"@type":"EntryPoint","urlTemplate":"https:\/\/lera.lt\/ikimokyklinio-ir-priesmokyklinio-ugdymo-tinklas\/?s={search_term_string}"},"query-input":{"@type":"PropertyValueSpecification","valueRequired":true,"valueName":"search_term_string"}}],"inLanguage":"lt-LT"}]}},"_links":{"self":[{"href":"https:\/\/lera.lt\/ikimokyklinio-ir-priesmokyklinio-ugdymo-tinklas\/wp-json\/wp\/v2\/pages\/682","targetHints":{"allow":["GET"]}}],"collection":[{"href":"https:\/\/lera.lt\/ikimokyklinio-ir-priesmokyklinio-ugdymo-tinklas\/wp-json\/wp\/v2\/pages"}],"about":[{"href":"https:\/\/lera.lt\/ikimokyklinio-ir-priesmokyklinio-ugdymo-tinklas\/wp-json\/wp\/v2\/types\/page"}],"author":[{"embeddable":true,"href":"https:\/\/lera.lt\/ikimokyklinio-ir-priesmokyklinio-ugdymo-tinklas\/wp-json\/wp\/v2\/users\/1"}],"replies":[{"embeddable":true,"href":"https:\/\/lera.lt\/ikimokyklinio-ir-priesmokyklinio-ugdymo-tinklas\/wp-json\/wp\/v2\/comments?post=682"}],"version-history":[{"count":7,"href":"https:\/\/lera.lt\/ikimokyklinio-ir-priesmokyklinio-ugdymo-tinklas\/wp-json\/wp\/v2\/pages\/682\/revisions"}],"predecessor-version":[{"id":894,"href":"https:\/\/lera.lt\/ikimokyklinio-ir-priesmokyklinio-ugdymo-tinklas\/wp-json\/wp\/v2\/pages\/682\/revisions\/894"}],"wp:attachment":[{"href":"https:\/\/lera.lt\/ikimokyklinio-ir-priesmokyklinio-ugdymo-tinklas\/wp-json\/wp\/v2\/media?parent=682"}],"curies":[{"name":"wp","href":"https:\/\/api.w.org\/{rel}","templated":true}]}}