{"id":591,"date":"2025-08-19T18:12:31","date_gmt":"2025-08-19T18:12:31","guid":{"rendered":"https:\/\/lera.lt\/ikimokyklinio-ir-priesmokyklinio-ugdymo-tinklas\/?page_id=591"},"modified":"2025-09-11T08:43:53","modified_gmt":"2025-09-11T08:43:53","slug":"tinklo-veiklos","status":"publish","type":"page","link":"https:\/\/lera.lt\/ikimokyklinio-ir-priesmokyklinio-ugdymo-tinklas\/tinklo-veiklos\/","title":{"rendered":"Tinklo veiklos"},"content":{"rendered":"\n\n\t\t\t\t\t<a href=\"#\"  id=\"fl-accordion--label-0\" tabindex=\"0\" aria-controls=\"fl-accordion--panel-0\">Tinklo veiklos 2024<\/a>\n\t\t\t\t\t\t\t\t\t\t\t<a href=\"#\" id=\"fl-accordion--icon-0\"  tabindex=\"0\"><i title=\"Collapse\">Collapse<\/i><\/a>\n\t\t\t\t\t<ol>\n<li>Tinklo nariai Rita Makarskait\u0117-Petkevi\u010dien\u0117, Sergejus Neifachas kartu su auk\u0161tojo mokslo, formaliojo ir neformaliojo \u0161vietimo sektori\u0173 ekspertais, \u0160MSM ir savivaldos institucij\u0173 atstovais dalyvavo LINE\u0160A strategijos pristatyme ir vie\u0161ojoje diskusijoje (2024 m. vasario 29 d.).<\/li>\n<li>Tinklo nar\u0117s Ona Monkevi\u010dien\u0117, Birut\u0117 Autukevi\u010dien\u0117, Birut\u0117 Vityt\u0117, Jolita Kudinovien\u0117 dalyvavo organizuojant VDU tarptautin\u0119-mokslin\u0119 konferencij\u0105 \u201eMokytojai herojai: kas padeda pedagogui augti?&#8221;, skirt\u0105 ikimokyklinio ir pradinio ugdymo pedagogams, ved\u0117 patyrimines veiklas mokytojams (2024 m. kovo 14 d. Vilnius; kovo 15 d. Kaunas).<\/li>\n<li>30-oje nacionalin\u0117je mokslin\u0117je-praktin\u0117je konferencijoje \u201eGamtamokslinis ugdymas bendrojo ugdymo mokykloje-2024&#8243;, vykusioje 2024 m. baland\u017eio 25-26 d., Plung\u0117je organizuota sekcija \u201eGamtamokslinio ugdymo problematika ikimokyklin\u0117je ugdymo \u012fstaiga ir pradin\u0117je mokykloje&#8221; perskaityta 11 prane\u0161im\u0173. I\u0161 j\u0173 6 prane\u0161imai nagrin\u0117jo ikimokyklinio ir prie\u0161mokyklinio ugdymo klausimus, 2 i\u0161 j\u0173 supa\u017eindino su gerosiomis ikimokyklinio ugdymo praktikomis Piet\u0173 Afrikoje. (Rita Makarskait\u0117-Petkevi\u010dien\u0117 &#8211; organizator\u0117, moderator\u0117, prane\u0161\u0117ja).<\/li>\n<\/ol>\n<p>&nbsp;<\/p>\n\t\t\t\t\t<a href=\"#\"  id=\"fl-accordion--label-1\" tabindex=\"0\" aria-controls=\"fl-accordion--panel-1\">Tinklo veiklos 2023<\/a>\n\t\t\t\t\t\t\t\t\t\t\t<a href=\"#\" id=\"fl-accordion--icon-1\"  tabindex=\"0\"><i title=\"Expand\">Expand<\/i><\/a>\n\t\t\t\t\t<ol>\n<li>Tinklo nariai Ona Monkevi\u010dien\u0117, Sergejus Neifachas, Giedr\u0117 Sujedait\u0117-Volungevi\u010dien\u0117, Birut\u0117 Autukevi\u010dien\u0117, Monika Kelp\u0161ien\u0117, Ieva Pa\u017eusien\u0117, Birut\u0117 Vityt\u0117, Daiva \u017ditkevi\u010dien\u0117, Jolita Kudinovien\u0117, Aldona Mazolevskien\u0117 dalyvavo organizuojant VDU mokslin\u0119-praktin\u0119 konferencij\u0105 \u201eTyrimais grind\u017eiamos inovatyvios ikimokyklinio ir prie\u0161mokyklinio ugdymo praktikos&#8221;, skait\u0117 prane\u0161imus, ved\u0117 praktinius u\u017esi\u0117mimus (2023 m. vasario 23 d., Kaunas; 2023 m. kovo 16 d. Vilnius).<\/li>\n<li>Tinklo narys Sergejus Neifachas sta\u017eavosi DCU Institute of Education (Dublinas, Airija). Susipa\u017eino su Ankstyvojo vaik\u0173 ugdymo centro (ECE) tyrim\u0173 kryptimis, vaik\u0173 ugdymo politika, ugdymo strategijomis, ugdymosi aplinka ir praktika (2023 m. kovo 19-23 d.)<\/li>\n<li>Tinklo nariai dalyvavo tarptautin\u0117je mokslin\u0117je-praktin\u0117je konferencijoje \u201eKelion\u0117 \u012f vaiko smalsum\u0105 ir k\u016brybi\u0161kum\u0105: dialogas su Reggio Emilia po\u017ei\u016briu&#8221; (2023 m. baland\u017eio 21 d.)<\/li>\n<li>29-oje nacionalin\u0117je mokslin\u0117je-praktin\u0117je konferencijoje \u201eGamtamokslinis ugdymas bendrojo ugdymo mokykloje-2023&#8243;, vykusioje 2023 baland\u017eio 28-29 d., Trakuose, organizuota sekcija \u201eGamtamokslinio ugdymo problematika ikimokyklin\u0117je ugdymo \u012fstaiga ir pradin\u0117je mokykloje&#8221; perskaityti 9 prane\u0161im\u0173. I\u0161 j\u0173 6 prane\u0161imai nagrin\u0117jo ikimokyklinio ir prie\u0161mokyklinio ugdymo klausimus. (Rita Makarskait\u0117-Petkevi\u010dien\u0117 &#8211; organizator\u0117, moderator\u0117, prane\u0161\u0117ja).<\/li>\n<li>Organizuotas sekcijos \u201eEducation and creation of innovation in childhood&#8221; darbas, skaityti prane\u0161imai KU tarptautin\u0117je konferencijoje (2023 m. baland\u017eio 27-28 d.). (Tinklo nar\u0117s Rasa Braslauskien\u0117, Reda Jacyn\u0117, Erika Turauskien\u0117).<\/li>\n<li>Suorganizuotas 4-sis tarptautinis forumas \u201eTeis\u0117 b\u016bti sveikam ir laimingam&#8221;, (KU, 2023, gegu\u017e\u0117s 26 d.) ir prane\u0161im\u0173 pagrindu i\u0161leistas leidinys. (Organizator\u0117s ir sudarytojos Tinklo nar\u0117s Rasa Braslauskien\u0117 ir Reda Jacyn\u0117).<\/li>\n<li>Tinklo nar\u0117s Ona Monkevi\u010dien\u0117, Birut\u0117 Vityt\u0117, Birut\u0117 Autukevi\u010dien\u0117 dalyvavo tarptautin\u0117je mokslin\u0117je konferencijoje (END 2023) Lisabonoje (Portugalija) ir skait\u0117 prane\u0161im\u0105 (2023 m. liepos 23-27 d.)<\/li>\n<li>Tinklo nar\u0117s Ona Monkevi\u010dien\u0117 ir Birut\u0117 Vityt\u0117 dalyvavo Europos\u00a0 tarptautini\u0173 tyrim\u0173 (EERA) konferencijoje, vykusioje 2023 m.\u00a0 rugpj\u016b\u010dio\u00a022-25 d., Glasgove.<\/li>\n<li>Dalyvauta VII-oje Lietuvos edukacini\u0173 tyrim\u0173 asociacijos (LETA) mokslin\u0117je konferencijoje \u201eUgdymas ir \u0161vietimas: \u012fvairov\u0117s vert\u0117&#8221;, vykusioje 2023 m. spalio 12-13 d., KTU. Ikimokyklinio ir prie\u0161mokyklinio ugdymo tinklo sekcijoje perskaityta 13 prane\u0161im\u0173 (VDU &#8211; 7, VU &#8211; 2, KU &#8211; 1, VIKO &#8211; 1, MRU &#8211; 1, praktikai &#8211; 1). Prane\u0161\u0117jai Tinklo nariai: Giedr\u0117 Sujetait\u0117-Volungevi\u010dien\u0117, Jelena Vild\u017ei\u016bnien\u0117, Ona Monkevi\u010dien\u0117, Monika Kelp\u0161ien\u0117, Aldona Mazolevskien\u0117, Vaida \u017deg\u016bnien\u0117, Rita Makarskait\u0117-Petkevi\u010dien\u0117, Vaida Padgurskyt\u0117, Agn\u0117 Brandi\u0161auskien\u0117, Milda Bredikyt\u0117.<\/li>\n<li>Moderuota edukaciniams forumams: \u201eLietuvos pradini\u0173 klasi\u0173 mokini\u0173 s\u0117km\u0117 tarptautiniuose skaitymo tyrimuose: kaip u\u017etikrinti tvarum\u0105?&#8221;, 2023 m. rugs\u0117jis (Moderator\u0117 Jolita Kudinovien\u0117); \u201eKaip rengiame mokytojus neapibr\u0117\u017etai atei\u010diai<em>?&#8221;,\u00a0<\/em>2023 m. lapkritis. (Moderator\u0117 Aida Norvilien\u0117).<\/li>\n<li>N\u0160A projekte \u201eIkimokyklinio ugdymo turinio kaita&#8221; dirbantys Tinklo nariai: Ona Monkevi\u010dien\u0117, Rita Makarskait\u0117-Petkevi\u010dien\u0117, Birut\u0117 Vityt\u0117, Stas\u0117 Usitilait\u0117, Viktorija Si\u010di\u016bnien\u0117 sta\u017eavosi u\u017esienyje ir susipa\u017eino su \u0160kotijos ir Airijos ikimokyklinio ugdymo sistema ir praktika (2023 m. lapkri\u010dio 12-18 d.)<\/li>\n<li>Tinklo nar\u0117 Rasa Braslauskien\u0117 dalyvavo Metodin\u0117je dienoje ir skait\u0117\u00a0<em>prane\u0161im\u0105\u00a0<\/em>\u201eLyderyst\u0117 ir bendradarbiavimas ugdant \u0161iuolaikin\u012f vaik\u0105&#8221; (Klaip\u0117dos pedagog\u0173 \u0161vietimo ir kult\u016bros centras).<\/li>\n<li>Rasa Braslauskien\u0117 dalyvavo apskrito stalo diskusijoje \u201eIkimokyklinis ir prie\u0161mokyklinis ugdymas: kuo gyvename \u0161iandien?&#8221; Tema: \u201e<em>Pozityvaus elgesio palaikymo sistemos taikymas ikimokyklinio ugdymo \u012fstaigoje&#8221;.<\/em><\/li>\n<li>Platformoje Pedagogas.lt tinklo nariai Sergejus Neifachas, Birut\u0117 Autukevi\u010dien\u0117, Monika Kelp\u0161ien\u0117 skaito paskaitas, rengia prane\u0161imus ikimokyklinio ugdymo klausimais.<\/li>\n<\/ol>\n\t\t\t\t\t<a href=\"#\"  id=\"fl-accordion--label-2\" tabindex=\"0\" aria-controls=\"fl-accordion--panel-2\">Tinklo veiklos 2022<\/a>\n\t\t\t\t\t\t\t\t\t\t\t<a href=\"#\" id=\"fl-accordion--icon-2\"  tabindex=\"0\"><i title=\"Expand\">Expand<\/i><\/a>\n\t\t\t\t\t<ol>\n<li>Organizuotas Edukacijos forumas ,,Ankstyvojo ugdymo tranformacijos: kod\u0117l ir kaip? (2022 m. sausis). Plenarin\u012f prane\u0161im\u0105 skait\u0117 Ona Monkevi\u010dien\u0117. Diskusijoje dalyvavo Sergejus Neifachas, forum\u0105 moderavo Rita Makarskait\u0117-Petkevi\u010dien\u0117 ir Daiva Malinausien\u0117.<\/li>\n<li>Dalyvauta organizuojant sekcij\u0105 \u201eEducation and creation of innovation in childhood&#8221; ir moderuojant jos darb\u0105 KU tarptautin\u0117je mokslin\u0117je konferencijoje\u00a0<em>Social Innovations for Sustainable Regional Development<\/em>, 2022-04-28\/29. (Rasa Braslauskien\u0117, Reda Jacyn\u0117, Erika Turauskien\u0117).<\/li>\n<li>28-oje nuotolin\u0117je nacionalin\u0117je mokslin\u0117je-praktin\u0117je konferencijoje \u201eGamtamokslinis ugdymas bendrojo ugdymo mokykloje-2022&#8243;, vykusioje 2022 m. baland\u017eio 29 &#8211; 30 d. organizuota sekcija \u201eIkimokyklinis ir pradinis gamtamokslinis ugdymas&#8221;. Joje perskaityti 9 prane\u0161imai, i\u0161 kiuri\u0173 3 prane\u0161imai nagrin\u0117jo ikimokyklinio ir prie\u0161mokyklinio ugdymo klausimus. (Rita Makarskait\u0117-Petkevi\u010dien\u0117 &#8211; organizator\u0117, moderator\u0117, prane\u0161\u0117ja).<\/li>\n<li>Suorganizuotas III tarptautinis forumas\u00a0<em>Teis\u0117 b\u016bti sveikam ir laimingam<\/em>\u00a0(2022-05-27) ir prane\u0161im\u0173 pagrindu i\u0161leistas e-leidinys. Organizator\u0117s ir leidinio sudarytojos Tinklo nar\u0117s KU d\u0117stytojos: Rasa Braslauskien\u0117, Reda Jacyn\u0117, Erika Turauskien\u0117.<\/li>\n<li>Dalyvauta VI-oje Lietuvos edukacini\u0173 tyrim\u0173 asociacijos (LETA) mokslin\u0117je konferencijoje \u201e\u0160vietimo praktika ir tyrimai turbulentiniame pasaulyje&#8221;, vykusioje 2022 m. spalio 13-14 d. VDU. Ikimokyklinio ugdymo tinklo sekcijoje perskaityti 9 prane\u0161imai (VDU &#8211; 5, VU &#8211; 3, KU &#8211; 1). Prane\u0161\u0117jai Tinklo nariai: Sergejus Neifachas, Ona Monkevi\u010dien\u0117, Birut\u0117 Autukevi\u010dien\u0117, Goda Stonkuvien\u0117, Aldona Mazolevskien\u0117, Vaida \u017deg\u016bnien\u0117, Irma Liubartien\u0117, Daiva \u017ditkevi\u010dien\u0117, Rita Makarskait\u0117-Petkevi\u010dien\u0117, Vaida Padgurskyt\u0117.<\/li>\n<li>Moderuota Edukaciniam forumui \u201eAtskleista ugdymo realyb\u0117 ir praktiniai sprendimai atei\u010diai&#8221; 2022 m. 12 m\u0117n. (Rita Makarskait\u0117-Petkevi\u010dien\u0117).<\/li>\n<li>Tinklo nar\u0117 Nadia Venskuvien\u0117 sta\u017eavosi Utrechto universitete, dom\u0117josi vaikyst\u0117s pedagog\u0173 rengimu, ikimokyklinio ir pradinio ugdymo praktikomis Nyderlanduose (2022 m. spalio 25 d. &#8211; lapkri\u010dio 26 d.).<\/li>\n<li>Tinklo nariai Sergejus Neifachas, Nadia Venskuvien\u0117, Au\u0161ra Kazlauskien\u0117, Rita Makarskait\u0117-Petkevi\u010dien\u0117, Audron\u0117 Vizbarien\u0117 reng\u0117 Prie\u0161mokyklinio ugdymo program\u0105 ir \u012fgyvendinimo rekomendacijas.<\/li>\n<\/ol>\n\n","protected":false},"excerpt":{"rendered":"<p>Tinklo veiklos 2024 Collapse Tinklo nariai Rita Makarskait\u0117-Petkevi\u010dien\u0117, Sergejus Neifachas kartu su auk\u0161tojo mokslo, formaliojo ir neformaliojo \u0161vietimo sektori\u0173 ekspertais, \u0160MSM ir savivaldos institucij\u0173 atstovais dalyvavo LINE\u0160A strategijos pristatyme ir vie\u0161ojoje diskusijoje (2024 m. vasario 29 d.). Tinklo nar\u0117s Ona Monkevi\u010dien\u0117, Birut\u0117 Autukevi\u010dien\u0117, Birut\u0117 Vityt\u0117, Jolita Kudinovien\u0117 dalyvavo organizuojant VDU tarptautin\u0119-mokslin\u0119 konferencij\u0105 \u201eMokytojai herojai: kas&hellip;<\/p>\n","protected":false},"author":1,"featured_media":0,"parent":0,"menu_order":0,"comment_status":"closed","ping_status":"closed","template":"","meta":{"footnotes":""},"class_list":["post-591","page","type-page","status-publish","hentry"],"yoast_head":"<!-- This site is optimized with the Yoast SEO plugin v25.7 - https:\/\/yoast.com\/wordpress\/plugins\/seo\/ -->\n<title>Tinklo veiklos - Ikimokyklinio ir prie\u0161mokyklinio ugdymo tinklas<\/title>\n<meta name=\"robots\" content=\"index, follow, max-snippet:-1, max-image-preview:large, max-video-preview:-1\" \/>\n<link rel=\"canonical\" href=\"https:\/\/lera.lt\/ikimokyklinio-ir-priesmokyklinio-ugdymo-tinklas\/tinklo-veiklos\/\" \/>\n<meta property=\"og:locale\" content=\"lt_LT\" \/>\n<meta property=\"og:type\" content=\"article\" \/>\n<meta property=\"og:title\" content=\"Tinklo veiklos - Ikimokyklinio ir prie\u0161mokyklinio ugdymo tinklas\" \/>\n<meta property=\"og:description\" content=\"Tinklo veiklos 2024 Collapse Tinklo nariai Rita Makarskait\u0117-Petkevi\u010dien\u0117, Sergejus Neifachas kartu su auk\u0161tojo mokslo, formaliojo ir neformaliojo \u0161vietimo sektori\u0173 ekspertais, \u0160MSM ir savivaldos institucij\u0173 atstovais dalyvavo LINE\u0160A strategijos pristatyme ir vie\u0161ojoje diskusijoje (2024 m. vasario 29 d.). Tinklo nar\u0117s Ona Monkevi\u010dien\u0117, Birut\u0117 Autukevi\u010dien\u0117, Birut\u0117 Vityt\u0117, Jolita Kudinovien\u0117 dalyvavo organizuojant VDU tarptautin\u0119-mokslin\u0119 konferencij\u0105 \u201eMokytojai herojai: kas&hellip;\" \/>\n<meta property=\"og:url\" content=\"https:\/\/lera.lt\/ikimokyklinio-ir-priesmokyklinio-ugdymo-tinklas\/tinklo-veiklos\/\" \/>\n<meta property=\"og:site_name\" content=\"Ikimokyklinio ir prie\u0161mokyklinio ugdymo tinklas\" \/>\n<meta property=\"article:modified_time\" content=\"2025-09-11T08:43:53+00:00\" \/>\n<meta name=\"twitter:card\" content=\"summary_large_image\" \/>\n<script type=\"application\/ld+json\" class=\"yoast-schema-graph\">{\"@context\":\"https:\/\/schema.org\",\"@graph\":[{\"@type\":\"WebPage\",\"@id\":\"https:\/\/lera.lt\/ikimokyklinio-ir-priesmokyklinio-ugdymo-tinklas\/tinklo-veiklos\/\",\"url\":\"https:\/\/lera.lt\/ikimokyklinio-ir-priesmokyklinio-ugdymo-tinklas\/tinklo-veiklos\/\",\"name\":\"Tinklo veiklos - Ikimokyklinio ir prie\u0161mokyklinio ugdymo tinklas\",\"isPartOf\":{\"@id\":\"https:\/\/lera.lt\/ikimokyklinio-ir-priesmokyklinio-ugdymo-tinklas\/#website\"},\"datePublished\":\"2025-08-19T18:12:31+00:00\",\"dateModified\":\"2025-09-11T08:43:53+00:00\",\"breadcrumb\":{\"@id\":\"https:\/\/lera.lt\/ikimokyklinio-ir-priesmokyklinio-ugdymo-tinklas\/tinklo-veiklos\/#breadcrumb\"},\"inLanguage\":\"lt-LT\",\"potentialAction\":[{\"@type\":\"ReadAction\",\"target\":[\"https:\/\/lera.lt\/ikimokyklinio-ir-priesmokyklinio-ugdymo-tinklas\/tinklo-veiklos\/\"]}]},{\"@type\":\"BreadcrumbList\",\"@id\":\"https:\/\/lera.lt\/ikimokyklinio-ir-priesmokyklinio-ugdymo-tinklas\/tinklo-veiklos\/#breadcrumb\",\"itemListElement\":[{\"@type\":\"ListItem\",\"position\":1,\"name\":\"Home\",\"item\":\"https:\/\/lera.lt\/ikimokyklinio-ir-priesmokyklinio-ugdymo-tinklas\/\"},{\"@type\":\"ListItem\",\"position\":2,\"name\":\"Tinklo veiklos\"}]},{\"@type\":\"WebSite\",\"@id\":\"https:\/\/lera.lt\/ikimokyklinio-ir-priesmokyklinio-ugdymo-tinklas\/#website\",\"url\":\"https:\/\/lera.lt\/ikimokyklinio-ir-priesmokyklinio-ugdymo-tinklas\/\",\"name\":\"Ikimokyklinio ir prie\u0161mokyklinio ugdymo tinklas\",\"description\":\"\",\"potentialAction\":[{\"@type\":\"SearchAction\",\"target\":{\"@type\":\"EntryPoint\",\"urlTemplate\":\"https:\/\/lera.lt\/ikimokyklinio-ir-priesmokyklinio-ugdymo-tinklas\/?s={search_term_string}\"},\"query-input\":{\"@type\":\"PropertyValueSpecification\",\"valueRequired\":true,\"valueName\":\"search_term_string\"}}],\"inLanguage\":\"lt-LT\"}]}<\/script>\n<!-- \/ Yoast SEO plugin. -->","yoast_head_json":{"title":"Tinklo veiklos - Ikimokyklinio ir prie\u0161mokyklinio ugdymo tinklas","robots":{"index":"index","follow":"follow","max-snippet":"max-snippet:-1","max-image-preview":"max-image-preview:large","max-video-preview":"max-video-preview:-1"},"canonical":"https:\/\/lera.lt\/ikimokyklinio-ir-priesmokyklinio-ugdymo-tinklas\/tinklo-veiklos\/","og_locale":"lt_LT","og_type":"article","og_title":"Tinklo veiklos - Ikimokyklinio ir prie\u0161mokyklinio ugdymo tinklas","og_description":"Tinklo veiklos 2024 Collapse Tinklo nariai Rita Makarskait\u0117-Petkevi\u010dien\u0117, Sergejus Neifachas kartu su auk\u0161tojo mokslo, formaliojo ir neformaliojo \u0161vietimo sektori\u0173 ekspertais, \u0160MSM ir savivaldos institucij\u0173 atstovais dalyvavo LINE\u0160A strategijos pristatyme ir vie\u0161ojoje diskusijoje (2024 m. vasario 29 d.). Tinklo nar\u0117s Ona Monkevi\u010dien\u0117, Birut\u0117 Autukevi\u010dien\u0117, Birut\u0117 Vityt\u0117, Jolita Kudinovien\u0117 dalyvavo organizuojant VDU tarptautin\u0119-mokslin\u0119 konferencij\u0105 \u201eMokytojai herojai: kas&hellip;","og_url":"https:\/\/lera.lt\/ikimokyklinio-ir-priesmokyklinio-ugdymo-tinklas\/tinklo-veiklos\/","og_site_name":"Ikimokyklinio ir prie\u0161mokyklinio ugdymo tinklas","article_modified_time":"2025-09-11T08:43:53+00:00","twitter_card":"summary_large_image","schema":{"@context":"https:\/\/schema.org","@graph":[{"@type":"WebPage","@id":"https:\/\/lera.lt\/ikimokyklinio-ir-priesmokyklinio-ugdymo-tinklas\/tinklo-veiklos\/","url":"https:\/\/lera.lt\/ikimokyklinio-ir-priesmokyklinio-ugdymo-tinklas\/tinklo-veiklos\/","name":"Tinklo veiklos - Ikimokyklinio ir prie\u0161mokyklinio ugdymo tinklas","isPartOf":{"@id":"https:\/\/lera.lt\/ikimokyklinio-ir-priesmokyklinio-ugdymo-tinklas\/#website"},"datePublished":"2025-08-19T18:12:31+00:00","dateModified":"2025-09-11T08:43:53+00:00","breadcrumb":{"@id":"https:\/\/lera.lt\/ikimokyklinio-ir-priesmokyklinio-ugdymo-tinklas\/tinklo-veiklos\/#breadcrumb"},"inLanguage":"lt-LT","potentialAction":[{"@type":"ReadAction","target":["https:\/\/lera.lt\/ikimokyklinio-ir-priesmokyklinio-ugdymo-tinklas\/tinklo-veiklos\/"]}]},{"@type":"BreadcrumbList","@id":"https:\/\/lera.lt\/ikimokyklinio-ir-priesmokyklinio-ugdymo-tinklas\/tinklo-veiklos\/#breadcrumb","itemListElement":[{"@type":"ListItem","position":1,"name":"Home","item":"https:\/\/lera.lt\/ikimokyklinio-ir-priesmokyklinio-ugdymo-tinklas\/"},{"@type":"ListItem","position":2,"name":"Tinklo veiklos"}]},{"@type":"WebSite","@id":"https:\/\/lera.lt\/ikimokyklinio-ir-priesmokyklinio-ugdymo-tinklas\/#website","url":"https:\/\/lera.lt\/ikimokyklinio-ir-priesmokyklinio-ugdymo-tinklas\/","name":"Ikimokyklinio ir prie\u0161mokyklinio ugdymo tinklas","description":"","potentialAction":[{"@type":"SearchAction","target":{"@type":"EntryPoint","urlTemplate":"https:\/\/lera.lt\/ikimokyklinio-ir-priesmokyklinio-ugdymo-tinklas\/?s={search_term_string}"},"query-input":{"@type":"PropertyValueSpecification","valueRequired":true,"valueName":"search_term_string"}}],"inLanguage":"lt-LT"}]}},"_links":{"self":[{"href":"https:\/\/lera.lt\/ikimokyklinio-ir-priesmokyklinio-ugdymo-tinklas\/wp-json\/wp\/v2\/pages\/591","targetHints":{"allow":["GET"]}}],"collection":[{"href":"https:\/\/lera.lt\/ikimokyklinio-ir-priesmokyklinio-ugdymo-tinklas\/wp-json\/wp\/v2\/pages"}],"about":[{"href":"https:\/\/lera.lt\/ikimokyklinio-ir-priesmokyklinio-ugdymo-tinklas\/wp-json\/wp\/v2\/types\/page"}],"author":[{"embeddable":true,"href":"https:\/\/lera.lt\/ikimokyklinio-ir-priesmokyklinio-ugdymo-tinklas\/wp-json\/wp\/v2\/users\/1"}],"replies":[{"embeddable":true,"href":"https:\/\/lera.lt\/ikimokyklinio-ir-priesmokyklinio-ugdymo-tinklas\/wp-json\/wp\/v2\/comments?post=591"}],"version-history":[{"count":20,"href":"https:\/\/lera.lt\/ikimokyklinio-ir-priesmokyklinio-ugdymo-tinklas\/wp-json\/wp\/v2\/pages\/591\/revisions"}],"predecessor-version":[{"id":869,"href":"https:\/\/lera.lt\/ikimokyklinio-ir-priesmokyklinio-ugdymo-tinklas\/wp-json\/wp\/v2\/pages\/591\/revisions\/869"}],"wp:attachment":[{"href":"https:\/\/lera.lt\/ikimokyklinio-ir-priesmokyklinio-ugdymo-tinklas\/wp-json\/wp\/v2\/media?parent=591"}],"curies":[{"name":"wp","href":"https:\/\/api.w.org\/{rel}","templated":true}]}}