{"id":888,"date":"2025-09-11T07:59:52","date_gmt":"2025-09-11T07:59:52","guid":{"rendered":"https:\/\/lera.lt\/edukacijos-tyreju-emeritu-tinklas\/?page_id=888"},"modified":"2025-09-11T09:57:35","modified_gmt":"2025-09-11T09:57:35","slug":"network-members","status":"publish","type":"page","link":"https:\/\/lera.lt\/edukacijos-tyreju-emeritu-tinklas\/en\/network-members\/","title":{"rendered":"Network Members"},"content":{"rendered":"\n\n\t<strong>Members of the Education Researchers Emeritus Network 2024<\/strong>\n1. Prof. dr. Aleknait\u0117-Bieliauskien\u0117 Rita\n2.\u00a0Prof. dr. A\u017eubalis Algirdas Povilas\n3.\u00a0Prof. dr. Barkauskait\u0117 Marjona\n4.\u00a0Prof dr. Grincevi\u010dien\u0117 Vilija\n5.\u00a0Prof. dr. Jucevi\u010dien\u0117 Palmira\n6.\u00a0Prof. dr. Kiveris Antanas\n7.\u00a0Prof. dr. Kvieskien\u0117 Giedr\u0117\n8.\u00a0Prof, dr. Leli\u016bgien\u0117 Irena\n9.\u00a0Assoc. prof. Akelaitien\u0117 Gra\u017eina\n10.\u00a0Assoc. prof. Augustas Vismantas\n11.\u00a0Assoc. prof. Dautaras Jonas\n12.\u00a0Assoc. prof. Glebuvien\u0117 Vitolda\n13.\u00a0Assoc. prof Maz\u0117tis Edmundas\n14.\u00a0Assoc. prof. Mazolevskien\u0117 Aldona\n15.\u00a0Assoc. prof. \u017debrauskien\u0117 Zita\n16. dr. Jankevi\u010dius Stanislovas\n17. teacher-expert Aleksandravi\u010dien\u0117 Birut\u0117\n18. teacher- expert Navalinskien\u0117 Gra\u017eina\n19. teacher-expert Puchovi\u010dien\u0117 Danut\u0117\n20. teacher-expert Strimaitien\u0117 Vajon\u0117\n21.\u00a0Bajorien\u0117 Angel\u0117\n22.\u00a0Galkevi\u010dien\u0117 Stas\u0117\n\n","protected":false},"excerpt":{"rendered":"<p>Members of the Education Researchers Emeritus Network 2024 1. Prof. dr. Aleknait\u0117-Bieliauskien\u0117 Rita 2.\u00a0Prof. dr. A\u017eubalis Algirdas Povilas 3.\u00a0Prof. dr. Barkauskait\u0117 Marjona 4.\u00a0Prof dr. Grincevi\u010dien\u0117 Vilija 5.\u00a0Prof. dr. Jucevi\u010dien\u0117 Palmira 6.\u00a0Prof. dr. Kiveris Antanas 7.\u00a0Prof. dr. Kvieskien\u0117 Giedr\u0117 8.\u00a0Prof, dr. Leli\u016bgien\u0117 Irena 9.\u00a0Assoc. prof. Akelaitien\u0117 Gra\u017eina 10.\u00a0Assoc. prof. Augustas Vismantas 11.\u00a0Assoc. prof. Dautaras Jonas 12.\u00a0Assoc.&hellip;<\/p>\n","protected":false},"author":1,"featured_media":0,"parent":0,"menu_order":0,"comment_status":"closed","ping_status":"closed","template":"","meta":{"footnotes":""},"class_list":["post-888","page","type-page","status-publish","hentry"],"yoast_head":"<!-- This site is optimized with the Yoast SEO plugin v25.7 - https:\/\/yoast.com\/wordpress\/plugins\/seo\/ -->\n<title>Network Members - Edukacijos tyr\u0117j\u0173 emerit\u0173 tinklas<\/title>\n<meta name=\"robots\" content=\"index, follow, max-snippet:-1, max-image-preview:large, max-video-preview:-1\" \/>\n<link rel=\"canonical\" href=\"https:\/\/lera.lt\/edukacijos-tyreju-emeritu-tinklas\/en\/network-members\/\" \/>\n<meta property=\"og:locale\" content=\"lt_LT\" \/>\n<meta property=\"og:type\" content=\"article\" \/>\n<meta property=\"og:title\" content=\"Network Members - Edukacijos tyr\u0117j\u0173 emerit\u0173 tinklas\" \/>\n<meta property=\"og:description\" content=\"Members of the Education Researchers Emeritus Network 2024 1. Prof. dr. Aleknait\u0117-Bieliauskien\u0117 Rita 2.\u00a0Prof. dr. A\u017eubalis Algirdas Povilas 3.\u00a0Prof. dr. Barkauskait\u0117 Marjona 4.\u00a0Prof dr. Grincevi\u010dien\u0117 Vilija 5.\u00a0Prof. dr. Jucevi\u010dien\u0117 Palmira 6.\u00a0Prof. dr. Kiveris Antanas 7.\u00a0Prof. dr. Kvieskien\u0117 Giedr\u0117 8.\u00a0Prof, dr. Leli\u016bgien\u0117 Irena 9.\u00a0Assoc. prof. Akelaitien\u0117 Gra\u017eina 10.\u00a0Assoc. prof. Augustas Vismantas 11.\u00a0Assoc. prof. Dautaras Jonas 12.\u00a0Assoc.&hellip;\" \/>\n<meta property=\"og:url\" content=\"https:\/\/lera.lt\/edukacijos-tyreju-emeritu-tinklas\/en\/network-members\/\" \/>\n<meta property=\"og:site_name\" content=\"Edukacijos tyr\u0117j\u0173 emerit\u0173 tinklas\" \/>\n<meta property=\"article:modified_time\" content=\"2025-09-11T09:57:35+00:00\" \/>\n<meta name=\"twitter:card\" content=\"summary_large_image\" \/>\n<meta name=\"twitter:label1\" content=\"Est. reading time\" \/>\n\t<meta name=\"twitter:data1\" content=\"1 minut\u0117\" \/>\n<script type=\"application\/ld+json\" class=\"yoast-schema-graph\">{\"@context\":\"https:\/\/schema.org\",\"@graph\":[{\"@type\":\"WebPage\",\"@id\":\"https:\/\/lera.lt\/edukacijos-tyreju-emeritu-tinklas\/en\/network-members\/\",\"url\":\"https:\/\/lera.lt\/edukacijos-tyreju-emeritu-tinklas\/en\/network-members\/\",\"name\":\"Network Members - Edukacijos tyr\u0117j\u0173 emerit\u0173 tinklas\",\"isPartOf\":{\"@id\":\"https:\/\/lera.lt\/edukacijos-tyreju-emeritu-tinklas\/#website\"},\"datePublished\":\"2025-09-11T07:59:52+00:00\",\"dateModified\":\"2025-09-11T09:57:35+00:00\",\"breadcrumb\":{\"@id\":\"https:\/\/lera.lt\/edukacijos-tyreju-emeritu-tinklas\/en\/network-members\/#breadcrumb\"},\"inLanguage\":\"lt-LT\",\"potentialAction\":[{\"@type\":\"ReadAction\",\"target\":[\"https:\/\/lera.lt\/edukacijos-tyreju-emeritu-tinklas\/en\/network-members\/\"]}]},{\"@type\":\"BreadcrumbList\",\"@id\":\"https:\/\/lera.lt\/edukacijos-tyreju-emeritu-tinklas\/en\/network-members\/#breadcrumb\",\"itemListElement\":[{\"@type\":\"ListItem\",\"position\":1,\"name\":\"Home\",\"item\":\"https:\/\/lera.lt\/edukacijos-tyreju-emeritu-tinklas\/\"},{\"@type\":\"ListItem\",\"position\":2,\"name\":\"Network Members\"}]},{\"@type\":\"WebSite\",\"@id\":\"https:\/\/lera.lt\/edukacijos-tyreju-emeritu-tinklas\/#website\",\"url\":\"https:\/\/lera.lt\/edukacijos-tyreju-emeritu-tinklas\/\",\"name\":\"Edukacijos tyr\u0117j\u0173 emerit\u0173 tinklas\",\"description\":\"\",\"potentialAction\":[{\"@type\":\"SearchAction\",\"target\":{\"@type\":\"EntryPoint\",\"urlTemplate\":\"https:\/\/lera.lt\/edukacijos-tyreju-emeritu-tinklas\/?s={search_term_string}\"},\"query-input\":{\"@type\":\"PropertyValueSpecification\",\"valueRequired\":true,\"valueName\":\"search_term_string\"}}],\"inLanguage\":\"lt-LT\"}]}<\/script>\n<!-- \/ Yoast SEO plugin. -->","yoast_head_json":{"title":"Network Members - Edukacijos tyr\u0117j\u0173 emerit\u0173 tinklas","robots":{"index":"index","follow":"follow","max-snippet":"max-snippet:-1","max-image-preview":"max-image-preview:large","max-video-preview":"max-video-preview:-1"},"canonical":"https:\/\/lera.lt\/edukacijos-tyreju-emeritu-tinklas\/en\/network-members\/","og_locale":"lt_LT","og_type":"article","og_title":"Network Members - Edukacijos tyr\u0117j\u0173 emerit\u0173 tinklas","og_description":"Members of the Education Researchers Emeritus Network 2024 1. Prof. dr. Aleknait\u0117-Bieliauskien\u0117 Rita 2.\u00a0Prof. dr. A\u017eubalis Algirdas Povilas 3.\u00a0Prof. dr. Barkauskait\u0117 Marjona 4.\u00a0Prof dr. Grincevi\u010dien\u0117 Vilija 5.\u00a0Prof. dr. Jucevi\u010dien\u0117 Palmira 6.\u00a0Prof. dr. Kiveris Antanas 7.\u00a0Prof. dr. Kvieskien\u0117 Giedr\u0117 8.\u00a0Prof, dr. Leli\u016bgien\u0117 Irena 9.\u00a0Assoc. prof. Akelaitien\u0117 Gra\u017eina 10.\u00a0Assoc. prof. Augustas Vismantas 11.\u00a0Assoc. prof. Dautaras Jonas 12.\u00a0Assoc.&hellip;","og_url":"https:\/\/lera.lt\/edukacijos-tyreju-emeritu-tinklas\/en\/network-members\/","og_site_name":"Edukacijos tyr\u0117j\u0173 emerit\u0173 tinklas","article_modified_time":"2025-09-11T09:57:35+00:00","twitter_card":"summary_large_image","twitter_misc":{"Est. reading time":"1 minut\u0117"},"schema":{"@context":"https:\/\/schema.org","@graph":[{"@type":"WebPage","@id":"https:\/\/lera.lt\/edukacijos-tyreju-emeritu-tinklas\/en\/network-members\/","url":"https:\/\/lera.lt\/edukacijos-tyreju-emeritu-tinklas\/en\/network-members\/","name":"Network Members - Edukacijos tyr\u0117j\u0173 emerit\u0173 tinklas","isPartOf":{"@id":"https:\/\/lera.lt\/edukacijos-tyreju-emeritu-tinklas\/#website"},"datePublished":"2025-09-11T07:59:52+00:00","dateModified":"2025-09-11T09:57:35+00:00","breadcrumb":{"@id":"https:\/\/lera.lt\/edukacijos-tyreju-emeritu-tinklas\/en\/network-members\/#breadcrumb"},"inLanguage":"lt-LT","potentialAction":[{"@type":"ReadAction","target":["https:\/\/lera.lt\/edukacijos-tyreju-emeritu-tinklas\/en\/network-members\/"]}]},{"@type":"BreadcrumbList","@id":"https:\/\/lera.lt\/edukacijos-tyreju-emeritu-tinklas\/en\/network-members\/#breadcrumb","itemListElement":[{"@type":"ListItem","position":1,"name":"Home","item":"https:\/\/lera.lt\/edukacijos-tyreju-emeritu-tinklas\/"},{"@type":"ListItem","position":2,"name":"Network Members"}]},{"@type":"WebSite","@id":"https:\/\/lera.lt\/edukacijos-tyreju-emeritu-tinklas\/#website","url":"https:\/\/lera.lt\/edukacijos-tyreju-emeritu-tinklas\/","name":"Edukacijos tyr\u0117j\u0173 emerit\u0173 tinklas","description":"","potentialAction":[{"@type":"SearchAction","target":{"@type":"EntryPoint","urlTemplate":"https:\/\/lera.lt\/edukacijos-tyreju-emeritu-tinklas\/?s={search_term_string}"},"query-input":{"@type":"PropertyValueSpecification","valueRequired":true,"valueName":"search_term_string"}}],"inLanguage":"lt-LT"}]}},"_links":{"self":[{"href":"https:\/\/lera.lt\/edukacijos-tyreju-emeritu-tinklas\/wp-json\/wp\/v2\/pages\/888","targetHints":{"allow":["GET"]}}],"collection":[{"href":"https:\/\/lera.lt\/edukacijos-tyreju-emeritu-tinklas\/wp-json\/wp\/v2\/pages"}],"about":[{"href":"https:\/\/lera.lt\/edukacijos-tyreju-emeritu-tinklas\/wp-json\/wp\/v2\/types\/page"}],"author":[{"embeddable":true,"href":"https:\/\/lera.lt\/edukacijos-tyreju-emeritu-tinklas\/wp-json\/wp\/v2\/users\/1"}],"replies":[{"embeddable":true,"href":"https:\/\/lera.lt\/edukacijos-tyreju-emeritu-tinklas\/wp-json\/wp\/v2\/comments?post=888"}],"version-history":[{"count":4,"href":"https:\/\/lera.lt\/edukacijos-tyreju-emeritu-tinklas\/wp-json\/wp\/v2\/pages\/888\/revisions"}],"predecessor-version":[{"id":910,"href":"https:\/\/lera.lt\/edukacijos-tyreju-emeritu-tinklas\/wp-json\/wp\/v2\/pages\/888\/revisions\/910"}],"wp:attachment":[{"href":"https:\/\/lera.lt\/edukacijos-tyreju-emeritu-tinklas\/wp-json\/wp\/v2\/media?parent=888"}],"curies":[{"name":"wp","href":"https:\/\/api.w.org\/{rel}","templated":true}]}}