{"id":682,"date":"2025-08-20T13:39:39","date_gmt":"2025-08-20T13:39:39","guid":{"rendered":"https:\/\/lera.lt\/edukacijos-tyreju-emeritu-tinklas\/?page_id=682"},"modified":"2025-09-11T07:56:54","modified_gmt":"2025-09-11T07:56:54","slug":"network-activities","status":"publish","type":"page","link":"https:\/\/lera.lt\/edukacijos-tyreju-emeritu-tinklas\/en\/network-activities\/","title":{"rendered":"Network Activities"},"content":{"rendered":"\n\n\t\t\t\t\t<a href=\"#\"  id=\"fl-accordion--label-0\" tabindex=\"0\" aria-controls=\"fl-accordion--panel-0\">Network Activities 2023<\/a>\n\t\t\t\t\t\t\t\t\t\t\t<a href=\"#\" id=\"fl-accordion--icon-0\"  tabindex=\"0\"><i title=\"Collapse\">Collapse<\/i><\/a>\n<p>On 7 March, we presented the books and personality of Dr Jonas Dautaras.<\/p>\n<p>On 8 March, we started a permanent update of Facebook. Prof. Dr. A. Kiveris is responsible for communication.<\/p>\n<p>On 19 May, in the hall of the Composers&#8217; House, the publication of the monograph &#8222;Always Educate&#8221; by dr. prof. R. Aleknait\u0117-Bieliauskien\u0117 (composer, cultural manager Dalia Raudonikyt\u0117).<\/p>\n<p>27 September. LERA Conference &#8222;On the Quality of Education&#8221;<\/p>\n<p>22 October LERA Forum. &#8222;Education in the Anthropocene Era&#8221;. For the audience of M\u010cTAU (R. A. Bieliauskien\u0117)<\/p>\n<p>Permanent. Supporting National Schools and the Lithuanian Word in Eastern Lithuania. Support to Maria \u0160akniene (&#8222;Lietuvi\u0173 godos&#8221; articles, information (A. Kiveris, R. A. Bieliauskien\u0117)<\/p>\n<p>Permanent. Support and publications of Science Lithuania (A. Kiveris)<\/p>\n<p>Filmed 7 conversations of Prof. habil. dr. prof. VilijA Targamadze about the Teacher and the prestige of the teacher (R. A. Bieliauskien\u0117). You tube.<\/p>\n<p>Prepared by prof. dr. K. Sto\u0161kaus of LEU on school and teacher (R. Bieliauskiene)<\/p>\n<p>Other portraits of LEU professors are being prepared for filming.<\/p>\n<p><b><strong>The Emeriti Section carried out a number of personal projects in 2023.<\/strong><\/b><\/p>\n<p><b><strong>Prof. Irena Leliugien\u0117<\/strong><\/b>\u00a0Presented a paper at the LERA Conference, History of Education Section: &#8222;The Value of Social Education in an Educational System Undergoing Change&#8221;. This section was chaired by. Gratuitous guest lectures on social pedagogy for VDI professional studies students, MRUNI social work students, academics and the public, etc. Participated in the working group of the project &#8222;Promoting Citizenship and Community in Communities&#8221; in the Seimas of the Republic of Lithuania. As an LMT expert, she evaluated applications for supervision of PhDs and dissertations. Prof. Leliugien\u0117 &#8211; ImLelkigien\u0117 &#8211; Supporter of Petra\u0161i\u016bnai Community Centre in Kaunas, Bo\u010diai Society, Jauno raj. Patron of Gabrielius Gu\u017eis (13 years old), a student of the Music School, laureate of international competitions.<\/p>\n<p><b><strong>Prof. Jonas Dautaras<\/strong><\/b>, in order to complement the scientific book &#8222;Vytautas Soblys: In Memory of the First Director of the Pedagogical Institute of the Republic&#8221;, which was prepared in 2015, collected memoirs of Vytautas Soblys&#8217;s relatives and other persons, with the aim of preparing and publishing a book of memoirs about Vytautas Soblys illustrated with photographs in 2024.<\/p>\n<p>&#8222;Mokslo Lietuvoje published an article entitled &#8216;Books about the Homeland: Bijotai: History, People, Works&#8217;.<\/p>\n<p>He prepared a bibliography of publications and articles written and compiled on his pedagogical themes, covering more than 35 periods.<\/p>\n<p><strong>Prof. dr. Antanas Kiveris<\/strong>\u00a0is widely involved in artistic activities. He has participated in concerts of the vocal ensembles &#8222;Romantikai&#8221; and &#8222;Ave Musica&#8221; of the Medards \u010cobotas University of the Third Century for the public of Lithuania and Vilnius, in presentations of authors&#8217; books, in discussions; He has participated in book presentations and concerts for the public organized by the Musicians Support Foundation of Prof. Stasys Vaini\u016bnas, etc..<\/p>\n<p><strong>Doc. Irena \u010cekmonien\u0117<\/strong>\u00a0assists the Ukrainian school. She donated her own Lithuanian grammar for foreign speakers, books and audio recordings for teaching Lithuanian language.<\/p>\n<p>Prof. Marijona Barkauskait\u0117 initiated and assisted in the awarding of the title of habil. dr. Meil\u0117 Luk\u0161ien\u0117 to the LEU Library and in the deliberations of the entries for the prize competition. She participated in the anniversary conferences and celebrations of Simonas Daukantas , First Youth School. She advises PhD students and collects materials for the history of the University of Latvia (LEU).<\/p>\n<p><strong>Prof. Juozas Uzdila<\/strong>\u00a0has published articles on Antanas Kalanavi\u010dius, VPU (LEU) Prof. Vince Auryla, the history of the village of Ma\u017eu\u010diai. Published on<\/p>\n<p><strong>Prof. Rita Aleknait\u0117-Bieliauskien\u0117<\/strong>\u00a0published over 50 articles in the cultural press (7 meno dienos, Santara, Muzikos barai, Lietuvos rytas, Voruta, Lietuvi\u0173 godos).<\/p>\n<p>Monograph &#8222;Always shining&#8230; : composer Dalia Raudonikyt\u0117-With&#8221; \/ Rita Aleknait\u0117-Bieliauskien\u0117. &#8211; Vilnius : Kult\u016bros studijos, 2023. &#8211; 200 p. : illus. &#8211; ISBN 978-609-96368-1-8<\/p>\n<p>6 video stories &#8222;Vilija Targamadze talks&#8230; About the teacher and his prestige&#8221; (Youtube). Video story &#8222;Prof. K. Sto\u0161kus on the Teacher. Philosophical insights&#8221;.<\/p>\n<p>Lectures-conversations on culture for the audience of the University of the Third Age. Music education, concerts.<\/p>\n<p><strong>Associate professor Birut\u0117 Leimontait\u0117-Aleksandravi\u010dien\u0117<\/strong>\u00a0wrote articles, reviewed publications, assisted in the preparation of curricula for teaching modules.<\/p>\n\t\t\t\t\t<a href=\"#\"  id=\"fl-accordion--label-1\" tabindex=\"0\" aria-controls=\"fl-accordion--panel-1\">Network Activities 2022<\/a>\n\t\t\t\t\t\t\t\t\t\t\t<a href=\"#\" id=\"fl-accordion--icon-1\"  tabindex=\"0\"><i title=\"Expand\">Expand<\/i><\/a>\n<h3><strong>Network Activities 2022<\/strong><\/h3>\n1. Presentations at the 6th Lithuanian Educational Research Association (LERA) scientific conference &#8222;EDUCATIONAL PRACTICE AND RESEARCH IN THE TURBULENT WORLD&#8221;, dedicated to the 100th anniversary of the University of Lithuania. III- th session of presentations. Prof. dr. Irena Leli\u016bgien\u0117. The Aspiration of the Education of Values and Ideals in the Public Speeches of the Rectors of the University of Lithuania in the Conditions of Military Threats and Political Conflicts in the Country in 1922-1940.<br \/>\n2. 2022.10.14. LETA Seniors&#8217; Section discussion at the Alumni Association:<br \/>\n&#8211; Presentation by the Section leader R. Aleknait\u0117-Bieliauskien\u0117 on the activities of the Seniors&#8217; Section.<br \/>\n&#8211; Presentation by the Rector prof. J. Ani\u010ds on the outstanding teachers of Pasvalys region.<br \/>\n&#8211; Prof. J. Uzdila. On the problems of publishing memories.<br \/>\n&#8211; Prof. R. Aleknait\u0117-Bieliauskien\u0117. Problems of music education in the light of school reform.<br \/>\n&#8211; Discussion.<br \/>\n&#8211; Discussion of the LERA Seniors&#8217; Section guidelines for 2022.<br \/>\nFive more meetings were held in 2022:<br \/>\n&#8211; 1 April. On April 1, the problems of commemorating LEU and its scientists were discussed.<br \/>\n&#8211; On 8 June. The situation in the education system was discussed. The ideas of the National School were recalled. The problems of the LERA conference were discussed.<br \/>\n&#8211; On 30 July, the academician habil. dr. prof. Algirdas Gai\u017eutis. His conversation with LERA members was filmed. A video documentary was prepared.<br \/>\n&#8211; 5 October Event to commemorate International Teachers&#8217; Day and to celebrate the memory of eminent educationists.<br \/>\n&#8211; 24 October: honouring prof. habil. Dr Marija Barkauskait\u0117.<br \/>\n4. Information about the activities of LEU Alumni and LERA Seniors was submitted to the international portal Reaseach Gate.<br \/>\n5. Publications of prof. dr. Antanas Kiveris in Reaseach Gate. Active cooperation with the University of the Third Age.<br \/>\n6. Prof. habil. dr. Irena Leli\u016bgien\u0117:<br \/>\n&#8211; Public lectures to the public (various societies, associations) &#8222;Walking through the Interwar Lithuanian University&#8221; to mark the 100th anniversary of VMU. Portraits of eminent scholars of the University of Lithuania.<br \/>\n&#8211; The following activities were held on 13 October. LERA conference plenary presentation &#8222;Expression of Values and Ideals in Inaugural and Other Public Speeches of Interwar Lithuanian Rectors During Military Conflicts and Political Turbulence in Lithuania&#8221;.<br \/>\n&#8211; Participated in the working group of the Seimas of the Republic of Lithuania &#8222;Promoting Democracy and Community Spirit in Local Communities&#8221;. In a conference held at the Seimas (via distance learning),\u00a0 she\u00a0 \u00a0presented an announcement\u00a0 \u00a0&#8222;Prospects for the Reconstruction of the Concept of the School as an Institution Open to the Environment (1990) in the Present-Day Social Environment&#8221;.<br \/>\n&#8211; Together with K. Vilkauskas, a member of the Seimas,\u00a0 she\u00a0 prepared recommendations for various ministries, including the Ministry of Education.<br \/>\n&#8211; As a member of LERA, she participated in the event of the end of the scientific career of prof. Palmyra Jucevi\u010dien\u0117, the first LERA President, at KTU in December last year.<br \/>\nProf. dr. (habil. prof. ) Rita Aleknait\u0117-Bieliauskien\u0117:<br \/>\n&#8211; Regularly cooperates with the Lithuanian Academy of Arts, presenting the work of professors. She actively cooperates with the University of the Third Age.<br \/>\n&#8211; 79 articles in the cultural press.<br \/>\n7. Rita Alekieliauskas. Video documentary on prof. Algirdas Gai\u017eutis.<br \/>\n&#8211; Video documentary, film about the music education project &#8222;Music Without Borders in \u010ciurlionis Land&#8221;.<br \/>\n&#8211; Publications on Reaseach Gate portal. 275 figures, 6 citations.<br \/>\n8. Associate professor Jonas Dautaras.\u00a0<em>Gimin\u0117s geneologinis medis<\/em>\u00a0[<em>Family genealogical tree<\/em>]. Monograph. Vilnius, 2022.<br \/>\n9. Jonas Dautaras.\u00a0<em>Bijotai: istorija, \u017emon\u0117s, darbai<\/em>\u00a0[Bijotai: history, people, works]. Monograph. Ciklonas: Vilnius, 2022.\n<p>&nbsp;<\/p>\n<p>&nbsp;<\/p>\n<p><strong>Education Researchers Emeritus Network Conference 2022<\/strong><\/p>\n<p>Prepared by\u00a0<strong>Antanas Kiveris<\/strong><\/p>\n<p>For more information: <a href=\"https:\/\/lera.lt\/edukacijos-tyreju-emeritu-tinklas\/wp-content\/uploads\/sites\/6\/2025\/09\/LETA-konferencija_Emeritu-sekcija_2022-10-14i_informacija_1.pdf\">LETA-konferencija_Emeritu-sekcija_2022-10-14i_informacija_1<\/a><\/p>\n\n","protected":false},"excerpt":{"rendered":"<p>Network Activities 2023 Collapse On 7 March, we presented the books and personality of Dr Jonas Dautaras. On 8 March, we started a permanent update of Facebook. Prof. Dr. A. Kiveris is responsible for communication. On 19 May, in the hall of the Composers&#8217; House, the publication of the monograph &#8222;Always Educate&#8221; by dr. prof.&hellip;<\/p>\n","protected":false},"author":1,"featured_media":0,"parent":0,"menu_order":0,"comment_status":"closed","ping_status":"closed","template":"","meta":{"footnotes":""},"class_list":["post-682","page","type-page","status-publish","hentry"],"yoast_head":"<!-- This site is optimized with the Yoast SEO plugin v25.7 - https:\/\/yoast.com\/wordpress\/plugins\/seo\/ -->\n<title>Network Activities - Edukacijos tyr\u0117j\u0173 emerit\u0173 tinklas<\/title>\n<meta name=\"robots\" content=\"index, follow, max-snippet:-1, max-image-preview:large, max-video-preview:-1\" \/>\n<link rel=\"canonical\" href=\"https:\/\/lera.lt\/edukacijos-tyreju-emeritu-tinklas\/en\/network-activities\/\" \/>\n<meta property=\"og:locale\" content=\"lt_LT\" \/>\n<meta property=\"og:type\" content=\"article\" \/>\n<meta property=\"og:title\" content=\"Network Activities - Edukacijos tyr\u0117j\u0173 emerit\u0173 tinklas\" \/>\n<meta property=\"og:description\" content=\"Network Activities 2023 Collapse On 7 March, we presented the books and personality of Dr Jonas Dautaras. On 8 March, we started a permanent update of Facebook. Prof. Dr. A. Kiveris is responsible for communication. On 19 May, in the hall of the Composers&#8217; House, the publication of the monograph &#8222;Always Educate&#8221; by dr. prof.&hellip;\" \/>\n<meta property=\"og:url\" content=\"https:\/\/lera.lt\/edukacijos-tyreju-emeritu-tinklas\/en\/network-activities\/\" \/>\n<meta property=\"og:site_name\" content=\"Edukacijos tyr\u0117j\u0173 emerit\u0173 tinklas\" \/>\n<meta property=\"article:modified_time\" content=\"2025-09-11T07:56:54+00:00\" \/>\n<meta name=\"twitter:card\" content=\"summary_large_image\" \/>\n<script type=\"application\/ld+json\" class=\"yoast-schema-graph\">{\"@context\":\"https:\/\/schema.org\",\"@graph\":[{\"@type\":\"WebPage\",\"@id\":\"https:\/\/lera.lt\/edukacijos-tyreju-emeritu-tinklas\/en\/network-activities\/\",\"url\":\"https:\/\/lera.lt\/edukacijos-tyreju-emeritu-tinklas\/en\/network-activities\/\",\"name\":\"Network Activities - Edukacijos tyr\u0117j\u0173 emerit\u0173 tinklas\",\"isPartOf\":{\"@id\":\"https:\/\/lera.lt\/edukacijos-tyreju-emeritu-tinklas\/#website\"},\"datePublished\":\"2025-08-20T13:39:39+00:00\",\"dateModified\":\"2025-09-11T07:56:54+00:00\",\"breadcrumb\":{\"@id\":\"https:\/\/lera.lt\/edukacijos-tyreju-emeritu-tinklas\/en\/network-activities\/#breadcrumb\"},\"inLanguage\":\"lt-LT\",\"potentialAction\":[{\"@type\":\"ReadAction\",\"target\":[\"https:\/\/lera.lt\/edukacijos-tyreju-emeritu-tinklas\/en\/network-activities\/\"]}]},{\"@type\":\"BreadcrumbList\",\"@id\":\"https:\/\/lera.lt\/edukacijos-tyreju-emeritu-tinklas\/en\/network-activities\/#breadcrumb\",\"itemListElement\":[{\"@type\":\"ListItem\",\"position\":1,\"name\":\"Home\",\"item\":\"https:\/\/lera.lt\/edukacijos-tyreju-emeritu-tinklas\/\"},{\"@type\":\"ListItem\",\"position\":2,\"name\":\"Network Activities\"}]},{\"@type\":\"WebSite\",\"@id\":\"https:\/\/lera.lt\/edukacijos-tyreju-emeritu-tinklas\/#website\",\"url\":\"https:\/\/lera.lt\/edukacijos-tyreju-emeritu-tinklas\/\",\"name\":\"Edukacijos tyr\u0117j\u0173 emerit\u0173 tinklas\",\"description\":\"\",\"potentialAction\":[{\"@type\":\"SearchAction\",\"target\":{\"@type\":\"EntryPoint\",\"urlTemplate\":\"https:\/\/lera.lt\/edukacijos-tyreju-emeritu-tinklas\/?s={search_term_string}\"},\"query-input\":{\"@type\":\"PropertyValueSpecification\",\"valueRequired\":true,\"valueName\":\"search_term_string\"}}],\"inLanguage\":\"lt-LT\"}]}<\/script>\n<!-- \/ Yoast SEO plugin. -->","yoast_head_json":{"title":"Network Activities - Edukacijos tyr\u0117j\u0173 emerit\u0173 tinklas","robots":{"index":"index","follow":"follow","max-snippet":"max-snippet:-1","max-image-preview":"max-image-preview:large","max-video-preview":"max-video-preview:-1"},"canonical":"https:\/\/lera.lt\/edukacijos-tyreju-emeritu-tinklas\/en\/network-activities\/","og_locale":"lt_LT","og_type":"article","og_title":"Network Activities - Edukacijos tyr\u0117j\u0173 emerit\u0173 tinklas","og_description":"Network Activities 2023 Collapse On 7 March, we presented the books and personality of Dr Jonas Dautaras. On 8 March, we started a permanent update of Facebook. Prof. Dr. A. Kiveris is responsible for communication. On 19 May, in the hall of the Composers&#8217; House, the publication of the monograph &#8222;Always Educate&#8221; by dr. prof.&hellip;","og_url":"https:\/\/lera.lt\/edukacijos-tyreju-emeritu-tinklas\/en\/network-activities\/","og_site_name":"Edukacijos tyr\u0117j\u0173 emerit\u0173 tinklas","article_modified_time":"2025-09-11T07:56:54+00:00","twitter_card":"summary_large_image","schema":{"@context":"https:\/\/schema.org","@graph":[{"@type":"WebPage","@id":"https:\/\/lera.lt\/edukacijos-tyreju-emeritu-tinklas\/en\/network-activities\/","url":"https:\/\/lera.lt\/edukacijos-tyreju-emeritu-tinklas\/en\/network-activities\/","name":"Network Activities - Edukacijos tyr\u0117j\u0173 emerit\u0173 tinklas","isPartOf":{"@id":"https:\/\/lera.lt\/edukacijos-tyreju-emeritu-tinklas\/#website"},"datePublished":"2025-08-20T13:39:39+00:00","dateModified":"2025-09-11T07:56:54+00:00","breadcrumb":{"@id":"https:\/\/lera.lt\/edukacijos-tyreju-emeritu-tinklas\/en\/network-activities\/#breadcrumb"},"inLanguage":"lt-LT","potentialAction":[{"@type":"ReadAction","target":["https:\/\/lera.lt\/edukacijos-tyreju-emeritu-tinklas\/en\/network-activities\/"]}]},{"@type":"BreadcrumbList","@id":"https:\/\/lera.lt\/edukacijos-tyreju-emeritu-tinklas\/en\/network-activities\/#breadcrumb","itemListElement":[{"@type":"ListItem","position":1,"name":"Home","item":"https:\/\/lera.lt\/edukacijos-tyreju-emeritu-tinklas\/"},{"@type":"ListItem","position":2,"name":"Network Activities"}]},{"@type":"WebSite","@id":"https:\/\/lera.lt\/edukacijos-tyreju-emeritu-tinklas\/#website","url":"https:\/\/lera.lt\/edukacijos-tyreju-emeritu-tinklas\/","name":"Edukacijos tyr\u0117j\u0173 emerit\u0173 tinklas","description":"","potentialAction":[{"@type":"SearchAction","target":{"@type":"EntryPoint","urlTemplate":"https:\/\/lera.lt\/edukacijos-tyreju-emeritu-tinklas\/?s={search_term_string}"},"query-input":{"@type":"PropertyValueSpecification","valueRequired":true,"valueName":"search_term_string"}}],"inLanguage":"lt-LT"}]}},"_links":{"self":[{"href":"https:\/\/lera.lt\/edukacijos-tyreju-emeritu-tinklas\/wp-json\/wp\/v2\/pages\/682","targetHints":{"allow":["GET"]}}],"collection":[{"href":"https:\/\/lera.lt\/edukacijos-tyreju-emeritu-tinklas\/wp-json\/wp\/v2\/pages"}],"about":[{"href":"https:\/\/lera.lt\/edukacijos-tyreju-emeritu-tinklas\/wp-json\/wp\/v2\/types\/page"}],"author":[{"embeddable":true,"href":"https:\/\/lera.lt\/edukacijos-tyreju-emeritu-tinklas\/wp-json\/wp\/v2\/users\/1"}],"replies":[{"embeddable":true,"href":"https:\/\/lera.lt\/edukacijos-tyreju-emeritu-tinklas\/wp-json\/wp\/v2\/comments?post=682"}],"version-history":[{"count":7,"href":"https:\/\/lera.lt\/edukacijos-tyreju-emeritu-tinklas\/wp-json\/wp\/v2\/pages\/682\/revisions"}],"predecessor-version":[{"id":881,"href":"https:\/\/lera.lt\/edukacijos-tyreju-emeritu-tinklas\/wp-json\/wp\/v2\/pages\/682\/revisions\/881"}],"wp:attachment":[{"href":"https:\/\/lera.lt\/edukacijos-tyreju-emeritu-tinklas\/wp-json\/wp\/v2\/media?parent=682"}],"curies":[{"name":"wp","href":"https:\/\/api.w.org\/{rel}","templated":true}]}}