{"id":577,"date":"2025-08-19T18:10:22","date_gmt":"2025-08-19T18:10:22","guid":{"rendered":"https:\/\/lera.lt\/edukacijos-tyreju-emeritu-tinklas\/?page_id=577"},"modified":"2025-09-20T14:17:04","modified_gmt":"2025-09-20T14:17:04","slug":"tinklo-komitetas","status":"publish","type":"page","link":"https:\/\/lera.lt\/edukacijos-tyreju-emeritu-tinklas\/tinklo-komitetas\/","title":{"rendered":"Tinklo komitetas"},"content":{"rendered":"\n\n\t<h3><strong>Edukacijos tyr\u0117j\u0173 emerit\u0173 tinklo komitetas<\/strong><\/h3>\n\t\t\t\t<img decoding=\"async\" src=\"https:\/\/lera.lt\/edukacijos-tyreju-emeritu-tinklas\/wp-content\/uploads\/sites\/6\/2025\/09\/RAB_LETA_3x4.jpg\" alt=\"RAB_LETA_3x4\" itemprop=\"image\" height=\"450\" width=\"600\" title=\"RAB_LETA_3x4\" onerror=\"this.style.display='none'\" loading=\"lazy\" \/>\n\t<p><strong>Pirminink\u0117 &#8211; prof. \u00a0hab. dr. Aleknait\u0117-Bieliauskien\u0117 Rita.<\/strong><\/p>\n\t<h2>\u00a0Nariai<\/h2>\n<ul>\n<li><strong>habil. prof. dr. Barkauskait\u0117 Marija;<\/strong><\/li>\n<li><strong>prof. dr. Kiveris Antanas.<\/strong><\/li>\n<\/ul>\n\t\t\t<a href=\"https:\/\/lera.lt\/registracija\/leta-naryste-2025-metams\/\" target=\"_self\">\n\t\t\t\t\t\tTapti \u0161io tinklo nariu\n\t\t\t\t\t<\/a>\n\n","protected":false},"excerpt":{"rendered":"<p>Edukacijos tyr\u0117j\u0173 emerit\u0173 tinklo komitetas Pirminink\u0117 &#8211; prof. \u00a0hab. dr. Aleknait\u0117-Bieliauskien\u0117 Rita. \u00a0Nariai habil. prof. dr. Barkauskait\u0117 Marija; prof. dr. Kiveris Antanas. Tapti \u0161io tinklo nariu<\/p>\n","protected":false},"author":1,"featured_media":0,"parent":0,"menu_order":0,"comment_status":"closed","ping_status":"closed","template":"","meta":{"footnotes":""},"class_list":["post-577","page","type-page","status-publish","hentry"],"yoast_head":"<!-- This site is optimized with the Yoast SEO plugin v25.7 - https:\/\/yoast.com\/wordpress\/plugins\/seo\/ -->\n<title>Tinklo komitetas - Edukacijos tyr\u0117j\u0173 emerit\u0173 tinklas<\/title>\n<meta name=\"robots\" content=\"index, follow, max-snippet:-1, max-image-preview:large, max-video-preview:-1\" \/>\n<link rel=\"canonical\" href=\"https:\/\/lera.lt\/edukacijos-tyreju-emeritu-tinklas\/tinklo-komitetas\/\" \/>\n<meta property=\"og:locale\" content=\"lt_LT\" \/>\n<meta property=\"og:type\" content=\"article\" \/>\n<meta property=\"og:title\" content=\"Tinklo komitetas - Edukacijos tyr\u0117j\u0173 emerit\u0173 tinklas\" \/>\n<meta property=\"og:description\" content=\"Edukacijos tyr\u0117j\u0173 emerit\u0173 tinklo komitetas Pirminink\u0117 &#8211; prof. \u00a0hab. dr. Aleknait\u0117-Bieliauskien\u0117 Rita. \u00a0Nariai habil. prof. dr. Barkauskait\u0117 Marija; prof. dr. Kiveris Antanas. Tapti \u0161io tinklo nariu\" \/>\n<meta property=\"og:url\" content=\"https:\/\/lera.lt\/edukacijos-tyreju-emeritu-tinklas\/tinklo-komitetas\/\" \/>\n<meta property=\"og:site_name\" content=\"Edukacijos tyr\u0117j\u0173 emerit\u0173 tinklas\" \/>\n<meta property=\"article:modified_time\" content=\"2025-09-20T14:17:04+00:00\" \/>\n<meta property=\"og:image\" content=\"https:\/\/lera.lt\/edukacijos-tyreju-emeritu-tinklas\/wp-content\/uploads\/sites\/6\/2025\/09\/RAB_LETA_3x4.jpg\" \/>\n<meta name=\"twitter:card\" content=\"summary_large_image\" \/>\n<meta name=\"twitter:label1\" content=\"Est. reading time\" \/>\n\t<meta name=\"twitter:data1\" content=\"1 minut\u0117\" \/>\n<script type=\"application\/ld+json\" class=\"yoast-schema-graph\">{\"@context\":\"https:\/\/schema.org\",\"@graph\":[{\"@type\":\"WebPage\",\"@id\":\"https:\/\/lera.lt\/edukacijos-tyreju-emeritu-tinklas\/tinklo-komitetas\/\",\"url\":\"https:\/\/lera.lt\/edukacijos-tyreju-emeritu-tinklas\/tinklo-komitetas\/\",\"name\":\"Tinklo komitetas - Edukacijos tyr\u0117j\u0173 emerit\u0173 tinklas\",\"isPartOf\":{\"@id\":\"https:\/\/lera.lt\/edukacijos-tyreju-emeritu-tinklas\/#website\"},\"primaryImageOfPage\":{\"@id\":\"https:\/\/lera.lt\/edukacijos-tyreju-emeritu-tinklas\/tinklo-komitetas\/#primaryimage\"},\"image\":{\"@id\":\"https:\/\/lera.lt\/edukacijos-tyreju-emeritu-tinklas\/tinklo-komitetas\/#primaryimage\"},\"thumbnailUrl\":\"https:\/\/lera.lt\/edukacijos-tyreju-emeritu-tinklas\/wp-content\/uploads\/sites\/6\/2025\/09\/RAB_LETA_3x4.jpg\",\"datePublished\":\"2025-08-19T18:10:22+00:00\",\"dateModified\":\"2025-09-20T14:17:04+00:00\",\"breadcrumb\":{\"@id\":\"https:\/\/lera.lt\/edukacijos-tyreju-emeritu-tinklas\/tinklo-komitetas\/#breadcrumb\"},\"inLanguage\":\"lt-LT\",\"potentialAction\":[{\"@type\":\"ReadAction\",\"target\":[\"https:\/\/lera.lt\/edukacijos-tyreju-emeritu-tinklas\/tinklo-komitetas\/\"]}]},{\"@type\":\"ImageObject\",\"inLanguage\":\"lt-LT\",\"@id\":\"https:\/\/lera.lt\/edukacijos-tyreju-emeritu-tinklas\/tinklo-komitetas\/#primaryimage\",\"url\":\"https:\/\/lera.lt\/edukacijos-tyreju-emeritu-tinklas\/wp-content\/uploads\/sites\/6\/2025\/09\/RAB_LETA_3x4.jpg\",\"contentUrl\":\"https:\/\/lera.lt\/edukacijos-tyreju-emeritu-tinklas\/wp-content\/uploads\/sites\/6\/2025\/09\/RAB_LETA_3x4.jpg\",\"width\":600,\"height\":450},{\"@type\":\"BreadcrumbList\",\"@id\":\"https:\/\/lera.lt\/edukacijos-tyreju-emeritu-tinklas\/tinklo-komitetas\/#breadcrumb\",\"itemListElement\":[{\"@type\":\"ListItem\",\"position\":1,\"name\":\"Home\",\"item\":\"https:\/\/lera.lt\/edukacijos-tyreju-emeritu-tinklas\/\"},{\"@type\":\"ListItem\",\"position\":2,\"name\":\"Tinklo komitetas\"}]},{\"@type\":\"WebSite\",\"@id\":\"https:\/\/lera.lt\/edukacijos-tyreju-emeritu-tinklas\/#website\",\"url\":\"https:\/\/lera.lt\/edukacijos-tyreju-emeritu-tinklas\/\",\"name\":\"Edukacijos tyr\u0117j\u0173 emerit\u0173 tinklas\",\"description\":\"\",\"potentialAction\":[{\"@type\":\"SearchAction\",\"target\":{\"@type\":\"EntryPoint\",\"urlTemplate\":\"https:\/\/lera.lt\/edukacijos-tyreju-emeritu-tinklas\/?s={search_term_string}\"},\"query-input\":{\"@type\":\"PropertyValueSpecification\",\"valueRequired\":true,\"valueName\":\"search_term_string\"}}],\"inLanguage\":\"lt-LT\"}]}<\/script>\n<!-- \/ Yoast SEO plugin. -->","yoast_head_json":{"title":"Tinklo komitetas - Edukacijos tyr\u0117j\u0173 emerit\u0173 tinklas","robots":{"index":"index","follow":"follow","max-snippet":"max-snippet:-1","max-image-preview":"max-image-preview:large","max-video-preview":"max-video-preview:-1"},"canonical":"https:\/\/lera.lt\/edukacijos-tyreju-emeritu-tinklas\/tinklo-komitetas\/","og_locale":"lt_LT","og_type":"article","og_title":"Tinklo komitetas - Edukacijos tyr\u0117j\u0173 emerit\u0173 tinklas","og_description":"Edukacijos tyr\u0117j\u0173 emerit\u0173 tinklo komitetas Pirminink\u0117 &#8211; prof. \u00a0hab. dr. Aleknait\u0117-Bieliauskien\u0117 Rita. \u00a0Nariai habil. prof. dr. Barkauskait\u0117 Marija; prof. dr. Kiveris Antanas. Tapti \u0161io tinklo nariu","og_url":"https:\/\/lera.lt\/edukacijos-tyreju-emeritu-tinklas\/tinklo-komitetas\/","og_site_name":"Edukacijos tyr\u0117j\u0173 emerit\u0173 tinklas","article_modified_time":"2025-09-20T14:17:04+00:00","og_image":[{"url":"https:\/\/lera.lt\/edukacijos-tyreju-emeritu-tinklas\/wp-content\/uploads\/sites\/6\/2025\/09\/RAB_LETA_3x4.jpg","type":"","width":"","height":""}],"twitter_card":"summary_large_image","twitter_misc":{"Est. reading time":"1 minut\u0117"},"schema":{"@context":"https:\/\/schema.org","@graph":[{"@type":"WebPage","@id":"https:\/\/lera.lt\/edukacijos-tyreju-emeritu-tinklas\/tinklo-komitetas\/","url":"https:\/\/lera.lt\/edukacijos-tyreju-emeritu-tinklas\/tinklo-komitetas\/","name":"Tinklo komitetas - Edukacijos tyr\u0117j\u0173 emerit\u0173 tinklas","isPartOf":{"@id":"https:\/\/lera.lt\/edukacijos-tyreju-emeritu-tinklas\/#website"},"primaryImageOfPage":{"@id":"https:\/\/lera.lt\/edukacijos-tyreju-emeritu-tinklas\/tinklo-komitetas\/#primaryimage"},"image":{"@id":"https:\/\/lera.lt\/edukacijos-tyreju-emeritu-tinklas\/tinklo-komitetas\/#primaryimage"},"thumbnailUrl":"https:\/\/lera.lt\/edukacijos-tyreju-emeritu-tinklas\/wp-content\/uploads\/sites\/6\/2025\/09\/RAB_LETA_3x4.jpg","datePublished":"2025-08-19T18:10:22+00:00","dateModified":"2025-09-20T14:17:04+00:00","breadcrumb":{"@id":"https:\/\/lera.lt\/edukacijos-tyreju-emeritu-tinklas\/tinklo-komitetas\/#breadcrumb"},"inLanguage":"lt-LT","potentialAction":[{"@type":"ReadAction","target":["https:\/\/lera.lt\/edukacijos-tyreju-emeritu-tinklas\/tinklo-komitetas\/"]}]},{"@type":"ImageObject","inLanguage":"lt-LT","@id":"https:\/\/lera.lt\/edukacijos-tyreju-emeritu-tinklas\/tinklo-komitetas\/#primaryimage","url":"https:\/\/lera.lt\/edukacijos-tyreju-emeritu-tinklas\/wp-content\/uploads\/sites\/6\/2025\/09\/RAB_LETA_3x4.jpg","contentUrl":"https:\/\/lera.lt\/edukacijos-tyreju-emeritu-tinklas\/wp-content\/uploads\/sites\/6\/2025\/09\/RAB_LETA_3x4.jpg","width":600,"height":450},{"@type":"BreadcrumbList","@id":"https:\/\/lera.lt\/edukacijos-tyreju-emeritu-tinklas\/tinklo-komitetas\/#breadcrumb","itemListElement":[{"@type":"ListItem","position":1,"name":"Home","item":"https:\/\/lera.lt\/edukacijos-tyreju-emeritu-tinklas\/"},{"@type":"ListItem","position":2,"name":"Tinklo komitetas"}]},{"@type":"WebSite","@id":"https:\/\/lera.lt\/edukacijos-tyreju-emeritu-tinklas\/#website","url":"https:\/\/lera.lt\/edukacijos-tyreju-emeritu-tinklas\/","name":"Edukacijos tyr\u0117j\u0173 emerit\u0173 tinklas","description":"","potentialAction":[{"@type":"SearchAction","target":{"@type":"EntryPoint","urlTemplate":"https:\/\/lera.lt\/edukacijos-tyreju-emeritu-tinklas\/?s={search_term_string}"},"query-input":{"@type":"PropertyValueSpecification","valueRequired":true,"valueName":"search_term_string"}}],"inLanguage":"lt-LT"}]}},"_links":{"self":[{"href":"https:\/\/lera.lt\/edukacijos-tyreju-emeritu-tinklas\/wp-json\/wp\/v2\/pages\/577","targetHints":{"allow":["GET"]}}],"collection":[{"href":"https:\/\/lera.lt\/edukacijos-tyreju-emeritu-tinklas\/wp-json\/wp\/v2\/pages"}],"about":[{"href":"https:\/\/lera.lt\/edukacijos-tyreju-emeritu-tinklas\/wp-json\/wp\/v2\/types\/page"}],"author":[{"embeddable":true,"href":"https:\/\/lera.lt\/edukacijos-tyreju-emeritu-tinklas\/wp-json\/wp\/v2\/users\/1"}],"replies":[{"embeddable":true,"href":"https:\/\/lera.lt\/edukacijos-tyreju-emeritu-tinklas\/wp-json\/wp\/v2\/comments?post=577"}],"version-history":[{"count":24,"href":"https:\/\/lera.lt\/edukacijos-tyreju-emeritu-tinklas\/wp-json\/wp\/v2\/pages\/577\/revisions"}],"predecessor-version":[{"id":919,"href":"https:\/\/lera.lt\/edukacijos-tyreju-emeritu-tinklas\/wp-json\/wp\/v2\/pages\/577\/revisions\/919"}],"wp:attachment":[{"href":"https:\/\/lera.lt\/edukacijos-tyreju-emeritu-tinklas\/wp-json\/wp\/v2\/media?parent=577"}],"curies":[{"name":"wp","href":"https:\/\/api.w.org\/{rel}","templated":true}]}}