{"id":591,"date":"2025-08-19T18:12:31","date_gmt":"2025-08-19T18:12:31","guid":{"rendered":"https:\/\/lera.lt\/bendrojo-ugdymo-tinklas\/?page_id=591"},"modified":"2025-09-11T07:31:17","modified_gmt":"2025-09-11T07:31:17","slug":"tinklo-veiklos","status":"publish","type":"page","link":"https:\/\/lera.lt\/bendrojo-ugdymo-tinklas\/tinklo-veiklos\/","title":{"rendered":"Tinklo veiklos"},"content":{"rendered":"\n\n\t\t\t\t<img decoding=\"async\" src=\"https:\/\/lera.lt\/bendrojo-ugdymo-tinklas\/wp-content\/plugins\/bb-plugin\/img\/pixel.png\" alt=\"\" itemprop=\"image\" onerror=\"this.style.display='none'\" loading=\"lazy\" \/>\n\t\t\t\t\t<a href=\"#\"  id=\"fl-accordion--label-0\" tabindex=\"0\" aria-controls=\"fl-accordion--panel-0\">Tinklo veiklos 2024<\/a>\n\t\t\t\t\t\t\t\t\t\t\t<a href=\"#\" id=\"fl-accordion--icon-0\"  tabindex=\"0\"><i title=\"Collapse\">Collapse<\/i><\/a>\n\t\t\t\t\t<ol>\n<li>Atstovavimas LETA Bendrojo ugdymo taryboje.<\/li>\n<li>Dalyvavimas \u012fvairiose konsultacijose, diskusijose, forumuose, konferencijose bendrojo ugdymo klausimais.<\/li>\n<li>Lietuvos edukacini\u0173 tyrim\u0173 asociacijos (LETA) konferencijos organizavimas.<\/li>\n<li>Mokslini\u0173 tyrim\u0173 rezultat\u0173 sklaida:<br \/>\n&#8211; Europos edukacini\u0173 tyrim\u0173 asociacijos (ECER) konferencijoje;<br \/>\n&#8211; LETA tinklalapio skiltyje \u201eTyrim\u0173 blykst\u0117s&#8221;.<\/li>\n<\/ol>\n\t\t\t\t\t<a href=\"#\"  id=\"fl-accordion--label-1\" tabindex=\"0\" aria-controls=\"fl-accordion--panel-1\">Tinklo veiklos 2023<\/a>\n\t\t\t\t\t\t\t\t\t\t\t<a href=\"#\" id=\"fl-accordion--icon-1\"  tabindex=\"0\"><i title=\"Expand\">Expand<\/i><\/a>\n\t\t\t\t\t<p>1.Atstovavimas LETA Bendrojo ugdymo taryboje.<\/p>\n<p>2. Dalyvavimas \u012fvairiose konsultacijose, diskusijose, forumuose, konferencijose bendrojo ugdymo klausimais.<\/p>\n<p>3.Konsultavimo veiklos Bendr\u0173j\u0173 program\u0173 atnaujinimo procese.<\/p>\n<p>4.Sekcijos V-ojoje Lietuvos edukacini\u0173 tyrim\u0173 asociacijos (LETA) konferencijoje organizavimas.<\/p>\n<p>5. LETA tinklalapio skiltyje \u201eTyrim\u0173 blykst\u0117s&#8221; tyrim\u0173 vie\u0161inimas.<\/p>\n\t\t\t\t\t<a href=\"#\"  id=\"fl-accordion--label-2\" tabindex=\"0\" aria-controls=\"fl-accordion--panel-2\">Tinklo veiklos 2022<\/a>\n\t\t\t\t\t\t\t\t\t\t\t<a href=\"#\" id=\"fl-accordion--icon-2\"  tabindex=\"0\"><i title=\"Expand\">Expand<\/i><\/a>\n\t\t\t\t\t<p>1.Atstovavimas LETA Bendrojo ugdymo taryboje.<\/p>\n<p>2. Dalyvavimas \u012fvairiose konsultacijose, diskusijose, forumuose, konferencijose bendrojo ugdymo klausimais.<\/p>\n<p>3. Konsultavimo veiklos Bendr\u0173j\u0173 program\u0173 atnaujinimo procese.<\/p>\n<p>4. Sekcijos V-ojoje Lietuvos edukacini\u0173 tyrim\u0173 asociacijos (LETA) konferencijoje organizavimas.<strong>\u00a0<\/strong><\/p>\n\n","protected":false},"excerpt":{"rendered":"<p>Tinklo veiklos 2024 Collapse Atstovavimas LETA Bendrojo ugdymo taryboje. Dalyvavimas \u012fvairiose konsultacijose, diskusijose, forumuose, konferencijose bendrojo ugdymo klausimais. Lietuvos edukacini\u0173 tyrim\u0173 asociacijos (LETA) konferencijos organizavimas. Mokslini\u0173 tyrim\u0173 rezultat\u0173 sklaida: &#8211; Europos edukacini\u0173 tyrim\u0173 asociacijos (ECER) konferencijoje; &#8211; LETA tinklalapio skiltyje \u201eTyrim\u0173 blykst\u0117s&#8221;. Tinklo veiklos 2023 Expand 1.Atstovavimas LETA Bendrojo ugdymo taryboje. 2. Dalyvavimas \u012fvairiose konsultacijose,&hellip;<\/p>\n","protected":false},"author":1,"featured_media":0,"parent":0,"menu_order":0,"comment_status":"closed","ping_status":"closed","template":"","meta":{"footnotes":""},"class_list":["post-591","page","type-page","status-publish","hentry"],"yoast_head":"<!-- This site is optimized with the Yoast SEO plugin v25.7 - https:\/\/yoast.com\/wordpress\/plugins\/seo\/ -->\n<title>Tinklo veiklos - Bendrojo ugdymo tinklas<\/title>\n<meta name=\"robots\" content=\"index, follow, max-snippet:-1, max-image-preview:large, max-video-preview:-1\" \/>\n<link rel=\"canonical\" href=\"https:\/\/lera.lt\/bendrojo-ugdymo-tinklas\/tinklo-veiklos\/\" \/>\n<meta property=\"og:locale\" content=\"lt_LT\" \/>\n<meta property=\"og:type\" content=\"article\" \/>\n<meta property=\"og:title\" content=\"Tinklo veiklos - Bendrojo ugdymo tinklas\" \/>\n<meta property=\"og:description\" content=\"Tinklo veiklos 2024 Collapse Atstovavimas LETA Bendrojo ugdymo taryboje. Dalyvavimas \u012fvairiose konsultacijose, diskusijose, forumuose, konferencijose bendrojo ugdymo klausimais. Lietuvos edukacini\u0173 tyrim\u0173 asociacijos (LETA) konferencijos organizavimas. Mokslini\u0173 tyrim\u0173 rezultat\u0173 sklaida: &#8211; Europos edukacini\u0173 tyrim\u0173 asociacijos (ECER) konferencijoje; &#8211; LETA tinklalapio skiltyje \u201eTyrim\u0173 blykst\u0117s&#8221;. Tinklo veiklos 2023 Expand 1.Atstovavimas LETA Bendrojo ugdymo taryboje. 2. Dalyvavimas \u012fvairiose konsultacijose,&hellip;\" \/>\n<meta property=\"og:url\" content=\"https:\/\/lera.lt\/bendrojo-ugdymo-tinklas\/tinklo-veiklos\/\" \/>\n<meta property=\"og:site_name\" content=\"Bendrojo ugdymo tinklas\" \/>\n<meta property=\"article:modified_time\" content=\"2025-09-11T07:31:17+00:00\" \/>\n<meta property=\"og:image\" content=\"https:\/\/lera.lt\/bendrojo-ugdymo-tinklas\/wp-content\/plugins\/bb-plugin\/img\/pixel.png\" \/>\n<meta name=\"twitter:card\" content=\"summary_large_image\" \/>\n<script type=\"application\/ld+json\" class=\"yoast-schema-graph\">{\"@context\":\"https:\/\/schema.org\",\"@graph\":[{\"@type\":\"WebPage\",\"@id\":\"https:\/\/lera.lt\/bendrojo-ugdymo-tinklas\/tinklo-veiklos\/\",\"url\":\"https:\/\/lera.lt\/bendrojo-ugdymo-tinklas\/tinklo-veiklos\/\",\"name\":\"Tinklo veiklos - Bendrojo ugdymo tinklas\",\"isPartOf\":{\"@id\":\"https:\/\/lera.lt\/bendrojo-ugdymo-tinklas\/#website\"},\"primaryImageOfPage\":{\"@id\":\"https:\/\/lera.lt\/bendrojo-ugdymo-tinklas\/tinklo-veiklos\/#primaryimage\"},\"image\":{\"@id\":\"https:\/\/lera.lt\/bendrojo-ugdymo-tinklas\/tinklo-veiklos\/#primaryimage\"},\"thumbnailUrl\":\"https:\/\/lera.lt\/bendrojo-ugdymo-tinklas\/wp-content\/plugins\/bb-plugin\/img\/pixel.png\",\"datePublished\":\"2025-08-19T18:12:31+00:00\",\"dateModified\":\"2025-09-11T07:31:17+00:00\",\"breadcrumb\":{\"@id\":\"https:\/\/lera.lt\/bendrojo-ugdymo-tinklas\/tinklo-veiklos\/#breadcrumb\"},\"inLanguage\":\"lt-LT\",\"potentialAction\":[{\"@type\":\"ReadAction\",\"target\":[\"https:\/\/lera.lt\/bendrojo-ugdymo-tinklas\/tinklo-veiklos\/\"]}]},{\"@type\":\"ImageObject\",\"inLanguage\":\"lt-LT\",\"@id\":\"https:\/\/lera.lt\/bendrojo-ugdymo-tinklas\/tinklo-veiklos\/#primaryimage\",\"url\":\"https:\/\/lera.lt\/bendrojo-ugdymo-tinklas\/wp-content\/plugins\/bb-plugin\/img\/pixel.png\",\"contentUrl\":\"https:\/\/lera.lt\/bendrojo-ugdymo-tinklas\/wp-content\/plugins\/bb-plugin\/img\/pixel.png\"},{\"@type\":\"BreadcrumbList\",\"@id\":\"https:\/\/lera.lt\/bendrojo-ugdymo-tinklas\/tinklo-veiklos\/#breadcrumb\",\"itemListElement\":[{\"@type\":\"ListItem\",\"position\":1,\"name\":\"Home\",\"item\":\"https:\/\/lera.lt\/bendrojo-ugdymo-tinklas\/\"},{\"@type\":\"ListItem\",\"position\":2,\"name\":\"Tinklo veiklos\"}]},{\"@type\":\"WebSite\",\"@id\":\"https:\/\/lera.lt\/bendrojo-ugdymo-tinklas\/#website\",\"url\":\"https:\/\/lera.lt\/bendrojo-ugdymo-tinklas\/\",\"name\":\"Bendrojo ugdymo tinklas\",\"description\":\"\",\"potentialAction\":[{\"@type\":\"SearchAction\",\"target\":{\"@type\":\"EntryPoint\",\"urlTemplate\":\"https:\/\/lera.lt\/bendrojo-ugdymo-tinklas\/?s={search_term_string}\"},\"query-input\":{\"@type\":\"PropertyValueSpecification\",\"valueRequired\":true,\"valueName\":\"search_term_string\"}}],\"inLanguage\":\"lt-LT\"}]}<\/script>\n<!-- \/ Yoast SEO plugin. -->","yoast_head_json":{"title":"Tinklo veiklos - Bendrojo ugdymo tinklas","robots":{"index":"index","follow":"follow","max-snippet":"max-snippet:-1","max-image-preview":"max-image-preview:large","max-video-preview":"max-video-preview:-1"},"canonical":"https:\/\/lera.lt\/bendrojo-ugdymo-tinklas\/tinklo-veiklos\/","og_locale":"lt_LT","og_type":"article","og_title":"Tinklo veiklos - Bendrojo ugdymo tinklas","og_description":"Tinklo veiklos 2024 Collapse Atstovavimas LETA Bendrojo ugdymo taryboje. Dalyvavimas \u012fvairiose konsultacijose, diskusijose, forumuose, konferencijose bendrojo ugdymo klausimais. Lietuvos edukacini\u0173 tyrim\u0173 asociacijos (LETA) konferencijos organizavimas. Mokslini\u0173 tyrim\u0173 rezultat\u0173 sklaida: &#8211; Europos edukacini\u0173 tyrim\u0173 asociacijos (ECER) konferencijoje; &#8211; LETA tinklalapio skiltyje \u201eTyrim\u0173 blykst\u0117s&#8221;. Tinklo veiklos 2023 Expand 1.Atstovavimas LETA Bendrojo ugdymo taryboje. 2. Dalyvavimas \u012fvairiose konsultacijose,&hellip;","og_url":"https:\/\/lera.lt\/bendrojo-ugdymo-tinklas\/tinklo-veiklos\/","og_site_name":"Bendrojo ugdymo tinklas","article_modified_time":"2025-09-11T07:31:17+00:00","og_image":[{"url":"https:\/\/lera.lt\/bendrojo-ugdymo-tinklas\/wp-content\/plugins\/bb-plugin\/img\/pixel.png","type":"","width":"","height":""}],"twitter_card":"summary_large_image","schema":{"@context":"https:\/\/schema.org","@graph":[{"@type":"WebPage","@id":"https:\/\/lera.lt\/bendrojo-ugdymo-tinklas\/tinklo-veiklos\/","url":"https:\/\/lera.lt\/bendrojo-ugdymo-tinklas\/tinklo-veiklos\/","name":"Tinklo veiklos - Bendrojo ugdymo tinklas","isPartOf":{"@id":"https:\/\/lera.lt\/bendrojo-ugdymo-tinklas\/#website"},"primaryImageOfPage":{"@id":"https:\/\/lera.lt\/bendrojo-ugdymo-tinklas\/tinklo-veiklos\/#primaryimage"},"image":{"@id":"https:\/\/lera.lt\/bendrojo-ugdymo-tinklas\/tinklo-veiklos\/#primaryimage"},"thumbnailUrl":"https:\/\/lera.lt\/bendrojo-ugdymo-tinklas\/wp-content\/plugins\/bb-plugin\/img\/pixel.png","datePublished":"2025-08-19T18:12:31+00:00","dateModified":"2025-09-11T07:31:17+00:00","breadcrumb":{"@id":"https:\/\/lera.lt\/bendrojo-ugdymo-tinklas\/tinklo-veiklos\/#breadcrumb"},"inLanguage":"lt-LT","potentialAction":[{"@type":"ReadAction","target":["https:\/\/lera.lt\/bendrojo-ugdymo-tinklas\/tinklo-veiklos\/"]}]},{"@type":"ImageObject","inLanguage":"lt-LT","@id":"https:\/\/lera.lt\/bendrojo-ugdymo-tinklas\/tinklo-veiklos\/#primaryimage","url":"https:\/\/lera.lt\/bendrojo-ugdymo-tinklas\/wp-content\/plugins\/bb-plugin\/img\/pixel.png","contentUrl":"https:\/\/lera.lt\/bendrojo-ugdymo-tinklas\/wp-content\/plugins\/bb-plugin\/img\/pixel.png"},{"@type":"BreadcrumbList","@id":"https:\/\/lera.lt\/bendrojo-ugdymo-tinklas\/tinklo-veiklos\/#breadcrumb","itemListElement":[{"@type":"ListItem","position":1,"name":"Home","item":"https:\/\/lera.lt\/bendrojo-ugdymo-tinklas\/"},{"@type":"ListItem","position":2,"name":"Tinklo veiklos"}]},{"@type":"WebSite","@id":"https:\/\/lera.lt\/bendrojo-ugdymo-tinklas\/#website","url":"https:\/\/lera.lt\/bendrojo-ugdymo-tinklas\/","name":"Bendrojo ugdymo tinklas","description":"","potentialAction":[{"@type":"SearchAction","target":{"@type":"EntryPoint","urlTemplate":"https:\/\/lera.lt\/bendrojo-ugdymo-tinklas\/?s={search_term_string}"},"query-input":{"@type":"PropertyValueSpecification","valueRequired":true,"valueName":"search_term_string"}}],"inLanguage":"lt-LT"}]}},"_links":{"self":[{"href":"https:\/\/lera.lt\/bendrojo-ugdymo-tinklas\/wp-json\/wp\/v2\/pages\/591","targetHints":{"allow":["GET"]}}],"collection":[{"href":"https:\/\/lera.lt\/bendrojo-ugdymo-tinklas\/wp-json\/wp\/v2\/pages"}],"about":[{"href":"https:\/\/lera.lt\/bendrojo-ugdymo-tinklas\/wp-json\/wp\/v2\/types\/page"}],"author":[{"embeddable":true,"href":"https:\/\/lera.lt\/bendrojo-ugdymo-tinklas\/wp-json\/wp\/v2\/users\/1"}],"replies":[{"embeddable":true,"href":"https:\/\/lera.lt\/bendrojo-ugdymo-tinklas\/wp-json\/wp\/v2\/comments?post=591"}],"version-history":[{"count":20,"href":"https:\/\/lera.lt\/bendrojo-ugdymo-tinklas\/wp-json\/wp\/v2\/pages\/591\/revisions"}],"predecessor-version":[{"id":845,"href":"https:\/\/lera.lt\/bendrojo-ugdymo-tinklas\/wp-json\/wp\/v2\/pages\/591\/revisions\/845"}],"wp:attachment":[{"href":"https:\/\/lera.lt\/bendrojo-ugdymo-tinklas\/wp-json\/wp\/v2\/media?parent=591"}],"curies":[{"name":"wp","href":"https:\/\/api.w.org\/{rel}","templated":true}]}}