{"id":98,"date":"2025-05-29T14:16:20","date_gmt":"2025-05-29T14:16:20","guid":{"rendered":"https:\/\/lera.lt\/?page_id=98"},"modified":"2025-09-20T14:24:33","modified_gmt":"2025-09-20T14:24:33","slug":"kontaktai","status":"publish","type":"page","link":"https:\/\/lera.lt\/aukstojo-mokslo-ir-profesinio-mokymo-tinklas\/kontaktai\/","title":{"rendered":"Kontaktai"},"content":{"rendered":"\n\n\t\t\t\t<img decoding=\"async\" src=\"https:\/\/lera.lt\/aukstojo-mokslo-ir-profesinio-mokymo-tinklas\/wp-content\/uploads\/sites\/2\/2025\/08\/Raimonda.jpg\" alt=\"Raimonda\" itemprop=\"image\" height=\"225\" width=\"225\" title=\"Raimonda\" onerror=\"this.style.display='none'\" loading=\"lazy\" \/>\n\t<strong>Tinklo pirminink\u0117 prof. dr. Brunevi\u010di\u016bt\u0117 Raimonda<br \/>\n<\/strong>(Lietuvos sveikatos\u00a0 moksl\u0173 universitetas)\n<p><a href=\"mailto:raimonda.bruneviciute@lsmu.lt\">raimonda.bruneviciute@lsmu.lt<\/a><\/p>\n\t\t\t<a href=\"https:\/\/lera.lt\/registracija\/leta-naryste-2025-metams\/\" target=\"_self\">\n\t\t\t\t\t\tTapti \u0161io tinklo nariu\n\t\t\t\t\t<\/a>\n<h2>\n\t\t\tSusisiekite su tinklo administracija\t<\/h2>\n\n","protected":false},"excerpt":{"rendered":"<p>Tinklo pirminink\u0117 prof. dr. Brunevi\u010di\u016bt\u0117 Raimonda (Lietuvos sveikatos\u00a0 moksl\u0173 universitetas) raimonda.bruneviciute@lsmu.lt Tapti \u0161io tinklo nariu Susisiekite su tinklo administracija<\/p>\n","protected":false},"author":1,"featured_media":0,"parent":0,"menu_order":0,"comment_status":"closed","ping_status":"closed","template":"","meta":{"footnotes":""},"class_list":["post-98","page","type-page","status-publish","hentry"],"yoast_head":"<!-- This site is optimized with the Yoast SEO plugin v25.7 - https:\/\/yoast.com\/wordpress\/plugins\/seo\/ -->\n<title>Kontaktai - Auk\u0161tojo mokslo ir profesinio mokymo tinklas<\/title>\n<meta name=\"robots\" content=\"index, follow, max-snippet:-1, max-image-preview:large, max-video-preview:-1\" \/>\n<link rel=\"canonical\" href=\"https:\/\/lera.lt\/aukstojo-mokslo-ir-profesinio-mokymo-tinklas\/kontaktai\/\" \/>\n<meta property=\"og:locale\" content=\"lt_LT\" \/>\n<meta property=\"og:type\" content=\"article\" \/>\n<meta property=\"og:title\" content=\"Kontaktai - Auk\u0161tojo mokslo ir profesinio mokymo tinklas\" \/>\n<meta property=\"og:description\" content=\"Tinklo pirminink\u0117 prof. dr. Brunevi\u010di\u016bt\u0117 Raimonda (Lietuvos sveikatos\u00a0 moksl\u0173 universitetas) raimonda.bruneviciute@lsmu.lt Tapti \u0161io tinklo nariu Susisiekite su tinklo administracija\" \/>\n<meta property=\"og:url\" content=\"https:\/\/lera.lt\/aukstojo-mokslo-ir-profesinio-mokymo-tinklas\/kontaktai\/\" \/>\n<meta property=\"og:site_name\" content=\"Auk\u0161tojo mokslo ir profesinio mokymo tinklas\" \/>\n<meta property=\"article:modified_time\" content=\"2025-09-20T14:24:33+00:00\" \/>\n<meta property=\"og:image\" content=\"https:\/\/lera.lt\/aukstojo-mokslo-ir-profesinio-mokymo-tinklas\/wp-content\/uploads\/sites\/2\/2025\/08\/Raimonda.jpg\" \/>\n<meta name=\"twitter:card\" content=\"summary_large_image\" \/>\n<meta name=\"twitter:label1\" content=\"Est. reading time\" \/>\n\t<meta name=\"twitter:data1\" content=\"1 minut\u0117\" \/>\n<script type=\"application\/ld+json\" class=\"yoast-schema-graph\">{\"@context\":\"https:\/\/schema.org\",\"@graph\":[{\"@type\":\"WebPage\",\"@id\":\"https:\/\/lera.lt\/aukstojo-mokslo-ir-profesinio-mokymo-tinklas\/kontaktai\/\",\"url\":\"https:\/\/lera.lt\/aukstojo-mokslo-ir-profesinio-mokymo-tinklas\/kontaktai\/\",\"name\":\"Kontaktai - Auk\u0161tojo mokslo ir profesinio mokymo tinklas\",\"isPartOf\":{\"@id\":\"https:\/\/lera.lt\/aukstojo-mokslo-ir-profesinio-mokymo-tinklas\/#website\"},\"primaryImageOfPage\":{\"@id\":\"https:\/\/lera.lt\/aukstojo-mokslo-ir-profesinio-mokymo-tinklas\/kontaktai\/#primaryimage\"},\"image\":{\"@id\":\"https:\/\/lera.lt\/aukstojo-mokslo-ir-profesinio-mokymo-tinklas\/kontaktai\/#primaryimage\"},\"thumbnailUrl\":\"https:\/\/lera.lt\/aukstojo-mokslo-ir-profesinio-mokymo-tinklas\/wp-content\/uploads\/sites\/2\/2025\/08\/Raimonda.jpg\",\"datePublished\":\"2025-05-29T14:16:20+00:00\",\"dateModified\":\"2025-09-20T14:24:33+00:00\",\"breadcrumb\":{\"@id\":\"https:\/\/lera.lt\/aukstojo-mokslo-ir-profesinio-mokymo-tinklas\/kontaktai\/#breadcrumb\"},\"inLanguage\":\"lt-LT\",\"potentialAction\":[{\"@type\":\"ReadAction\",\"target\":[\"https:\/\/lera.lt\/aukstojo-mokslo-ir-profesinio-mokymo-tinklas\/kontaktai\/\"]}]},{\"@type\":\"ImageObject\",\"inLanguage\":\"lt-LT\",\"@id\":\"https:\/\/lera.lt\/aukstojo-mokslo-ir-profesinio-mokymo-tinklas\/kontaktai\/#primaryimage\",\"url\":\"https:\/\/lera.lt\/aukstojo-mokslo-ir-profesinio-mokymo-tinklas\/wp-content\/uploads\/sites\/2\/2025\/08\/Raimonda.jpg\",\"contentUrl\":\"https:\/\/lera.lt\/aukstojo-mokslo-ir-profesinio-mokymo-tinklas\/wp-content\/uploads\/sites\/2\/2025\/08\/Raimonda.jpg\",\"width\":225,\"height\":225},{\"@type\":\"BreadcrumbList\",\"@id\":\"https:\/\/lera.lt\/aukstojo-mokslo-ir-profesinio-mokymo-tinklas\/kontaktai\/#breadcrumb\",\"itemListElement\":[{\"@type\":\"ListItem\",\"position\":1,\"name\":\"Home\",\"item\":\"https:\/\/lera.lt\/aukstojo-mokslo-ir-profesinio-mokymo-tinklas\/\"},{\"@type\":\"ListItem\",\"position\":2,\"name\":\"Kontaktai\"}]},{\"@type\":\"WebSite\",\"@id\":\"https:\/\/lera.lt\/aukstojo-mokslo-ir-profesinio-mokymo-tinklas\/#website\",\"url\":\"https:\/\/lera.lt\/aukstojo-mokslo-ir-profesinio-mokymo-tinklas\/\",\"name\":\"Auk\u0161tojo mokslo ir profesinio mokymo tinklas\",\"description\":\"\",\"potentialAction\":[{\"@type\":\"SearchAction\",\"target\":{\"@type\":\"EntryPoint\",\"urlTemplate\":\"https:\/\/lera.lt\/aukstojo-mokslo-ir-profesinio-mokymo-tinklas\/?s={search_term_string}\"},\"query-input\":{\"@type\":\"PropertyValueSpecification\",\"valueRequired\":true,\"valueName\":\"search_term_string\"}}],\"inLanguage\":\"lt-LT\"}]}<\/script>\n<!-- \/ Yoast SEO plugin. -->","yoast_head_json":{"title":"Kontaktai - Auk\u0161tojo mokslo ir profesinio mokymo tinklas","robots":{"index":"index","follow":"follow","max-snippet":"max-snippet:-1","max-image-preview":"max-image-preview:large","max-video-preview":"max-video-preview:-1"},"canonical":"https:\/\/lera.lt\/aukstojo-mokslo-ir-profesinio-mokymo-tinklas\/kontaktai\/","og_locale":"lt_LT","og_type":"article","og_title":"Kontaktai - Auk\u0161tojo mokslo ir profesinio mokymo tinklas","og_description":"Tinklo pirminink\u0117 prof. dr. Brunevi\u010di\u016bt\u0117 Raimonda (Lietuvos sveikatos\u00a0 moksl\u0173 universitetas) raimonda.bruneviciute@lsmu.lt Tapti \u0161io tinklo nariu Susisiekite su tinklo administracija","og_url":"https:\/\/lera.lt\/aukstojo-mokslo-ir-profesinio-mokymo-tinklas\/kontaktai\/","og_site_name":"Auk\u0161tojo mokslo ir profesinio mokymo tinklas","article_modified_time":"2025-09-20T14:24:33+00:00","og_image":[{"url":"https:\/\/lera.lt\/aukstojo-mokslo-ir-profesinio-mokymo-tinklas\/wp-content\/uploads\/sites\/2\/2025\/08\/Raimonda.jpg","type":"","width":"","height":""}],"twitter_card":"summary_large_image","twitter_misc":{"Est. reading time":"1 minut\u0117"},"schema":{"@context":"https:\/\/schema.org","@graph":[{"@type":"WebPage","@id":"https:\/\/lera.lt\/aukstojo-mokslo-ir-profesinio-mokymo-tinklas\/kontaktai\/","url":"https:\/\/lera.lt\/aukstojo-mokslo-ir-profesinio-mokymo-tinklas\/kontaktai\/","name":"Kontaktai - Auk\u0161tojo mokslo ir profesinio mokymo tinklas","isPartOf":{"@id":"https:\/\/lera.lt\/aukstojo-mokslo-ir-profesinio-mokymo-tinklas\/#website"},"primaryImageOfPage":{"@id":"https:\/\/lera.lt\/aukstojo-mokslo-ir-profesinio-mokymo-tinklas\/kontaktai\/#primaryimage"},"image":{"@id":"https:\/\/lera.lt\/aukstojo-mokslo-ir-profesinio-mokymo-tinklas\/kontaktai\/#primaryimage"},"thumbnailUrl":"https:\/\/lera.lt\/aukstojo-mokslo-ir-profesinio-mokymo-tinklas\/wp-content\/uploads\/sites\/2\/2025\/08\/Raimonda.jpg","datePublished":"2025-05-29T14:16:20+00:00","dateModified":"2025-09-20T14:24:33+00:00","breadcrumb":{"@id":"https:\/\/lera.lt\/aukstojo-mokslo-ir-profesinio-mokymo-tinklas\/kontaktai\/#breadcrumb"},"inLanguage":"lt-LT","potentialAction":[{"@type":"ReadAction","target":["https:\/\/lera.lt\/aukstojo-mokslo-ir-profesinio-mokymo-tinklas\/kontaktai\/"]}]},{"@type":"ImageObject","inLanguage":"lt-LT","@id":"https:\/\/lera.lt\/aukstojo-mokslo-ir-profesinio-mokymo-tinklas\/kontaktai\/#primaryimage","url":"https:\/\/lera.lt\/aukstojo-mokslo-ir-profesinio-mokymo-tinklas\/wp-content\/uploads\/sites\/2\/2025\/08\/Raimonda.jpg","contentUrl":"https:\/\/lera.lt\/aukstojo-mokslo-ir-profesinio-mokymo-tinklas\/wp-content\/uploads\/sites\/2\/2025\/08\/Raimonda.jpg","width":225,"height":225},{"@type":"BreadcrumbList","@id":"https:\/\/lera.lt\/aukstojo-mokslo-ir-profesinio-mokymo-tinklas\/kontaktai\/#breadcrumb","itemListElement":[{"@type":"ListItem","position":1,"name":"Home","item":"https:\/\/lera.lt\/aukstojo-mokslo-ir-profesinio-mokymo-tinklas\/"},{"@type":"ListItem","position":2,"name":"Kontaktai"}]},{"@type":"WebSite","@id":"https:\/\/lera.lt\/aukstojo-mokslo-ir-profesinio-mokymo-tinklas\/#website","url":"https:\/\/lera.lt\/aukstojo-mokslo-ir-profesinio-mokymo-tinklas\/","name":"Auk\u0161tojo mokslo ir profesinio mokymo tinklas","description":"","potentialAction":[{"@type":"SearchAction","target":{"@type":"EntryPoint","urlTemplate":"https:\/\/lera.lt\/aukstojo-mokslo-ir-profesinio-mokymo-tinklas\/?s={search_term_string}"},"query-input":{"@type":"PropertyValueSpecification","valueRequired":true,"valueName":"search_term_string"}}],"inLanguage":"lt-LT"}]}},"_links":{"self":[{"href":"https:\/\/lera.lt\/aukstojo-mokslo-ir-profesinio-mokymo-tinklas\/wp-json\/wp\/v2\/pages\/98","targetHints":{"allow":["GET"]}}],"collection":[{"href":"https:\/\/lera.lt\/aukstojo-mokslo-ir-profesinio-mokymo-tinklas\/wp-json\/wp\/v2\/pages"}],"about":[{"href":"https:\/\/lera.lt\/aukstojo-mokslo-ir-profesinio-mokymo-tinklas\/wp-json\/wp\/v2\/types\/page"}],"author":[{"embeddable":true,"href":"https:\/\/lera.lt\/aukstojo-mokslo-ir-profesinio-mokymo-tinklas\/wp-json\/wp\/v2\/users\/1"}],"replies":[{"embeddable":true,"href":"https:\/\/lera.lt\/aukstojo-mokslo-ir-profesinio-mokymo-tinklas\/wp-json\/wp\/v2\/comments?post=98"}],"version-history":[{"count":19,"href":"https:\/\/lera.lt\/aukstojo-mokslo-ir-profesinio-mokymo-tinklas\/wp-json\/wp\/v2\/pages\/98\/revisions"}],"predecessor-version":[{"id":851,"href":"https:\/\/lera.lt\/aukstojo-mokslo-ir-profesinio-mokymo-tinklas\/wp-json\/wp\/v2\/pages\/98\/revisions\/851"}],"wp:attachment":[{"href":"https:\/\/lera.lt\/aukstojo-mokslo-ir-profesinio-mokymo-tinklas\/wp-json\/wp\/v2\/media?parent=98"}],"curies":[{"name":"wp","href":"https:\/\/api.w.org\/{rel}","templated":true}]}}