{"id":670,"date":"2025-08-20T11:17:55","date_gmt":"2025-08-20T11:17:55","guid":{"rendered":"https:\/\/lera.lt\/aukstojo-mokslo-ir-profesinio-mokymo-tinklas\/?page_id=670"},"modified":"2025-09-10T13:53:40","modified_gmt":"2025-09-10T13:53:40","slug":"network-committee","status":"publish","type":"page","link":"https:\/\/lera.lt\/aukstojo-mokslo-ir-profesinio-mokymo-tinklas\/en\/network-committee\/","title":{"rendered":"Network Committee"},"content":{"rendered":"\n\n\t<h3><strong>Higher Education and Professional Network Committee<\/strong><\/h3>\n\t\t\t\t<img decoding=\"async\" src=\"https:\/\/lera.lt\/aukstojo-mokslo-ir-profesinio-mokymo-tinklas\/wp-content\/uploads\/sites\/2\/2025\/08\/Raimonda.jpg\" alt=\"Raimonda\" itemprop=\"image\" height=\"225\" width=\"225\" title=\"Raimonda\" onerror=\"this.style.display='none'\" loading=\"lazy\" \/>\n\t<p><strong>Chairperson &#8211; prof. dr. Brunevi\u010di\u016bt\u0117 Raimonda<\/strong>\u00a0(Lithuanian University of Health Sciences).<\/p>\n\t<h2>\u00a0Members<\/h2>\n<ul>\n<li><strong>PhD student Berta\u0161ien\u0117 Inga<\/strong> (Vilnius College, Mykolas Romeris University);<\/li>\n<li><strong>Jurgelionien\u0117 R\u016bta<\/strong> (Utena College)-<\/li>\n<li><strong>prof.\u00a0 dr. Petron\u0117l\u0117 Nijol\u0117 Ve\u010dkien\u0117<\/strong> (Kaunas University of the Third Age);<\/li>\n<li><strong>dr. Ramanauskait\u0117 Alicija<\/strong>\u00a0(Karaliaus Mindaugas Vocational Training Centre).<\/li>\n<\/ul>\n\t\t\t<a href=\"https:\/\/lera.lt\/en\/membership\/\" target=\"_self\">\n\t\t\t\t\t\tBecome a member of this network\n\t\t\t\t\t<\/a>\n\n","protected":false},"excerpt":{"rendered":"<p>Higher Education and Professional Network Committee Chairperson &#8211; prof. dr. Brunevi\u010di\u016bt\u0117 Raimonda\u00a0(Lithuanian University of Health Sciences). \u00a0Members PhD student Berta\u0161ien\u0117 Inga (Vilnius College, Mykolas Romeris University); Jurgelionien\u0117 R\u016bta (Utena College)- prof.\u00a0 dr. Petron\u0117l\u0117 Nijol\u0117 Ve\u010dkien\u0117 (Kaunas University of the Third Age); dr. Ramanauskait\u0117 Alicija\u00a0(Karaliaus Mindaugas Vocational Training Centre). Become a member of this network<\/p>\n","protected":false},"author":1,"featured_media":0,"parent":0,"menu_order":0,"comment_status":"closed","ping_status":"closed","template":"","meta":{"footnotes":""},"class_list":["post-670","page","type-page","status-publish","hentry"],"yoast_head":"<!-- This site is optimized with the Yoast SEO plugin v25.7 - https:\/\/yoast.com\/wordpress\/plugins\/seo\/ -->\n<title>Network Committee - Auk\u0161tojo mokslo ir profesinio mokymo tinklas<\/title>\n<meta name=\"robots\" content=\"index, follow, max-snippet:-1, max-image-preview:large, max-video-preview:-1\" \/>\n<link rel=\"canonical\" href=\"https:\/\/lera.lt\/aukstojo-mokslo-ir-profesinio-mokymo-tinklas\/en\/network-committee\/\" \/>\n<meta property=\"og:locale\" content=\"lt_LT\" \/>\n<meta property=\"og:type\" content=\"article\" \/>\n<meta property=\"og:title\" content=\"Network Committee - Auk\u0161tojo mokslo ir profesinio mokymo tinklas\" \/>\n<meta property=\"og:description\" content=\"Higher Education and Professional Network Committee Chairperson &#8211; prof. dr. Brunevi\u010di\u016bt\u0117 Raimonda\u00a0(Lithuanian University of Health Sciences). \u00a0Members PhD student Berta\u0161ien\u0117 Inga (Vilnius College, Mykolas Romeris University); Jurgelionien\u0117 R\u016bta (Utena College)- prof.\u00a0 dr. Petron\u0117l\u0117 Nijol\u0117 Ve\u010dkien\u0117 (Kaunas University of the Third Age); dr. Ramanauskait\u0117 Alicija\u00a0(Karaliaus Mindaugas Vocational Training Centre). Become a member of this network\" \/>\n<meta property=\"og:url\" content=\"https:\/\/lera.lt\/aukstojo-mokslo-ir-profesinio-mokymo-tinklas\/en\/network-committee\/\" \/>\n<meta property=\"og:site_name\" content=\"Auk\u0161tojo mokslo ir profesinio mokymo tinklas\" \/>\n<meta property=\"article:modified_time\" content=\"2025-09-10T13:53:40+00:00\" \/>\n<meta property=\"og:image\" content=\"https:\/\/lera.lt\/aukstojo-mokslo-ir-profesinio-mokymo-tinklas\/wp-content\/uploads\/sites\/2\/2025\/08\/Raimonda.jpg\" \/>\n<meta name=\"twitter:card\" content=\"summary_large_image\" \/>\n<script type=\"application\/ld+json\" class=\"yoast-schema-graph\">{\"@context\":\"https:\/\/schema.org\",\"@graph\":[{\"@type\":\"WebPage\",\"@id\":\"https:\/\/lera.lt\/aukstojo-mokslo-ir-profesinio-mokymo-tinklas\/en\/network-committee\/\",\"url\":\"https:\/\/lera.lt\/aukstojo-mokslo-ir-profesinio-mokymo-tinklas\/en\/network-committee\/\",\"name\":\"Network Committee - Auk\u0161tojo mokslo ir profesinio mokymo tinklas\",\"isPartOf\":{\"@id\":\"https:\/\/lera.lt\/aukstojo-mokslo-ir-profesinio-mokymo-tinklas\/#website\"},\"primaryImageOfPage\":{\"@id\":\"https:\/\/lera.lt\/aukstojo-mokslo-ir-profesinio-mokymo-tinklas\/en\/network-committee\/#primaryimage\"},\"image\":{\"@id\":\"https:\/\/lera.lt\/aukstojo-mokslo-ir-profesinio-mokymo-tinklas\/en\/network-committee\/#primaryimage\"},\"thumbnailUrl\":\"https:\/\/lera.lt\/aukstojo-mokslo-ir-profesinio-mokymo-tinklas\/wp-content\/uploads\/sites\/2\/2025\/08\/Raimonda.jpg\",\"datePublished\":\"2025-08-20T11:17:55+00:00\",\"dateModified\":\"2025-09-10T13:53:40+00:00\",\"breadcrumb\":{\"@id\":\"https:\/\/lera.lt\/aukstojo-mokslo-ir-profesinio-mokymo-tinklas\/en\/network-committee\/#breadcrumb\"},\"inLanguage\":\"lt-LT\",\"potentialAction\":[{\"@type\":\"ReadAction\",\"target\":[\"https:\/\/lera.lt\/aukstojo-mokslo-ir-profesinio-mokymo-tinklas\/en\/network-committee\/\"]}]},{\"@type\":\"ImageObject\",\"inLanguage\":\"lt-LT\",\"@id\":\"https:\/\/lera.lt\/aukstojo-mokslo-ir-profesinio-mokymo-tinklas\/en\/network-committee\/#primaryimage\",\"url\":\"https:\/\/lera.lt\/aukstojo-mokslo-ir-profesinio-mokymo-tinklas\/wp-content\/uploads\/sites\/2\/2025\/08\/Raimonda.jpg\",\"contentUrl\":\"https:\/\/lera.lt\/aukstojo-mokslo-ir-profesinio-mokymo-tinklas\/wp-content\/uploads\/sites\/2\/2025\/08\/Raimonda.jpg\",\"width\":225,\"height\":225},{\"@type\":\"BreadcrumbList\",\"@id\":\"https:\/\/lera.lt\/aukstojo-mokslo-ir-profesinio-mokymo-tinklas\/en\/network-committee\/#breadcrumb\",\"itemListElement\":[{\"@type\":\"ListItem\",\"position\":1,\"name\":\"Home\",\"item\":\"https:\/\/lera.lt\/aukstojo-mokslo-ir-profesinio-mokymo-tinklas\/\"},{\"@type\":\"ListItem\",\"position\":2,\"name\":\"Network Committee\"}]},{\"@type\":\"WebSite\",\"@id\":\"https:\/\/lera.lt\/aukstojo-mokslo-ir-profesinio-mokymo-tinklas\/#website\",\"url\":\"https:\/\/lera.lt\/aukstojo-mokslo-ir-profesinio-mokymo-tinklas\/\",\"name\":\"Auk\u0161tojo mokslo ir profesinio mokymo tinklas\",\"description\":\"\",\"potentialAction\":[{\"@type\":\"SearchAction\",\"target\":{\"@type\":\"EntryPoint\",\"urlTemplate\":\"https:\/\/lera.lt\/aukstojo-mokslo-ir-profesinio-mokymo-tinklas\/?s={search_term_string}\"},\"query-input\":{\"@type\":\"PropertyValueSpecification\",\"valueRequired\":true,\"valueName\":\"search_term_string\"}}],\"inLanguage\":\"lt-LT\"}]}<\/script>\n<!-- \/ Yoast SEO plugin. -->","yoast_head_json":{"title":"Network Committee - Auk\u0161tojo mokslo ir profesinio mokymo tinklas","robots":{"index":"index","follow":"follow","max-snippet":"max-snippet:-1","max-image-preview":"max-image-preview:large","max-video-preview":"max-video-preview:-1"},"canonical":"https:\/\/lera.lt\/aukstojo-mokslo-ir-profesinio-mokymo-tinklas\/en\/network-committee\/","og_locale":"lt_LT","og_type":"article","og_title":"Network Committee - Auk\u0161tojo mokslo ir profesinio mokymo tinklas","og_description":"Higher Education and Professional Network Committee Chairperson &#8211; prof. dr. Brunevi\u010di\u016bt\u0117 Raimonda\u00a0(Lithuanian University of Health Sciences). \u00a0Members PhD student Berta\u0161ien\u0117 Inga (Vilnius College, Mykolas Romeris University); Jurgelionien\u0117 R\u016bta (Utena College)- prof.\u00a0 dr. Petron\u0117l\u0117 Nijol\u0117 Ve\u010dkien\u0117 (Kaunas University of the Third Age); dr. Ramanauskait\u0117 Alicija\u00a0(Karaliaus Mindaugas Vocational Training Centre). Become a member of this network","og_url":"https:\/\/lera.lt\/aukstojo-mokslo-ir-profesinio-mokymo-tinklas\/en\/network-committee\/","og_site_name":"Auk\u0161tojo mokslo ir profesinio mokymo tinklas","article_modified_time":"2025-09-10T13:53:40+00:00","og_image":[{"url":"https:\/\/lera.lt\/aukstojo-mokslo-ir-profesinio-mokymo-tinklas\/wp-content\/uploads\/sites\/2\/2025\/08\/Raimonda.jpg","type":"","width":"","height":""}],"twitter_card":"summary_large_image","schema":{"@context":"https:\/\/schema.org","@graph":[{"@type":"WebPage","@id":"https:\/\/lera.lt\/aukstojo-mokslo-ir-profesinio-mokymo-tinklas\/en\/network-committee\/","url":"https:\/\/lera.lt\/aukstojo-mokslo-ir-profesinio-mokymo-tinklas\/en\/network-committee\/","name":"Network Committee - Auk\u0161tojo mokslo ir profesinio mokymo tinklas","isPartOf":{"@id":"https:\/\/lera.lt\/aukstojo-mokslo-ir-profesinio-mokymo-tinklas\/#website"},"primaryImageOfPage":{"@id":"https:\/\/lera.lt\/aukstojo-mokslo-ir-profesinio-mokymo-tinklas\/en\/network-committee\/#primaryimage"},"image":{"@id":"https:\/\/lera.lt\/aukstojo-mokslo-ir-profesinio-mokymo-tinklas\/en\/network-committee\/#primaryimage"},"thumbnailUrl":"https:\/\/lera.lt\/aukstojo-mokslo-ir-profesinio-mokymo-tinklas\/wp-content\/uploads\/sites\/2\/2025\/08\/Raimonda.jpg","datePublished":"2025-08-20T11:17:55+00:00","dateModified":"2025-09-10T13:53:40+00:00","breadcrumb":{"@id":"https:\/\/lera.lt\/aukstojo-mokslo-ir-profesinio-mokymo-tinklas\/en\/network-committee\/#breadcrumb"},"inLanguage":"lt-LT","potentialAction":[{"@type":"ReadAction","target":["https:\/\/lera.lt\/aukstojo-mokslo-ir-profesinio-mokymo-tinklas\/en\/network-committee\/"]}]},{"@type":"ImageObject","inLanguage":"lt-LT","@id":"https:\/\/lera.lt\/aukstojo-mokslo-ir-profesinio-mokymo-tinklas\/en\/network-committee\/#primaryimage","url":"https:\/\/lera.lt\/aukstojo-mokslo-ir-profesinio-mokymo-tinklas\/wp-content\/uploads\/sites\/2\/2025\/08\/Raimonda.jpg","contentUrl":"https:\/\/lera.lt\/aukstojo-mokslo-ir-profesinio-mokymo-tinklas\/wp-content\/uploads\/sites\/2\/2025\/08\/Raimonda.jpg","width":225,"height":225},{"@type":"BreadcrumbList","@id":"https:\/\/lera.lt\/aukstojo-mokslo-ir-profesinio-mokymo-tinklas\/en\/network-committee\/#breadcrumb","itemListElement":[{"@type":"ListItem","position":1,"name":"Home","item":"https:\/\/lera.lt\/aukstojo-mokslo-ir-profesinio-mokymo-tinklas\/"},{"@type":"ListItem","position":2,"name":"Network Committee"}]},{"@type":"WebSite","@id":"https:\/\/lera.lt\/aukstojo-mokslo-ir-profesinio-mokymo-tinklas\/#website","url":"https:\/\/lera.lt\/aukstojo-mokslo-ir-profesinio-mokymo-tinklas\/","name":"Auk\u0161tojo mokslo ir profesinio mokymo tinklas","description":"","potentialAction":[{"@type":"SearchAction","target":{"@type":"EntryPoint","urlTemplate":"https:\/\/lera.lt\/aukstojo-mokslo-ir-profesinio-mokymo-tinklas\/?s={search_term_string}"},"query-input":{"@type":"PropertyValueSpecification","valueRequired":true,"valueName":"search_term_string"}}],"inLanguage":"lt-LT"}]}},"_links":{"self":[{"href":"https:\/\/lera.lt\/aukstojo-mokslo-ir-profesinio-mokymo-tinklas\/wp-json\/wp\/v2\/pages\/670","targetHints":{"allow":["GET"]}}],"collection":[{"href":"https:\/\/lera.lt\/aukstojo-mokslo-ir-profesinio-mokymo-tinklas\/wp-json\/wp\/v2\/pages"}],"about":[{"href":"https:\/\/lera.lt\/aukstojo-mokslo-ir-profesinio-mokymo-tinklas\/wp-json\/wp\/v2\/types\/page"}],"author":[{"embeddable":true,"href":"https:\/\/lera.lt\/aukstojo-mokslo-ir-profesinio-mokymo-tinklas\/wp-json\/wp\/v2\/users\/1"}],"replies":[{"embeddable":true,"href":"https:\/\/lera.lt\/aukstojo-mokslo-ir-profesinio-mokymo-tinklas\/wp-json\/wp\/v2\/comments?post=670"}],"version-history":[{"count":3,"href":"https:\/\/lera.lt\/aukstojo-mokslo-ir-profesinio-mokymo-tinklas\/wp-json\/wp\/v2\/pages\/670\/revisions"}],"predecessor-version":[{"id":828,"href":"https:\/\/lera.lt\/aukstojo-mokslo-ir-profesinio-mokymo-tinklas\/wp-json\/wp\/v2\/pages\/670\/revisions\/828"}],"wp:attachment":[{"href":"https:\/\/lera.lt\/aukstojo-mokslo-ir-profesinio-mokymo-tinklas\/wp-json\/wp\/v2\/media?parent=670"}],"curies":[{"name":"wp","href":"https:\/\/api.w.org\/{rel}","templated":true}]}}