{"id":584,"date":"2025-08-19T18:11:38","date_gmt":"2025-08-19T18:11:38","guid":{"rendered":"https:\/\/lera.lt\/aukstojo-mokslo-ir-profesinio-mokymo-tinklas\/?page_id=584"},"modified":"2025-08-25T19:05:04","modified_gmt":"2025-08-25T19:05:04","slug":"tinklo-siekiai","status":"publish","type":"page","link":"https:\/\/lera.lt\/aukstojo-mokslo-ir-profesinio-mokymo-tinklas\/tinklo-siekiai\/","title":{"rendered":"Tinklo siekiai"},"content":{"rendered":"\n\n\t<h2>Tyrim\u0173 kryptys<\/h2>\n<ol type=\"1\">\n<li>Konceptuali\u0173 ir technologini\u0173 poky\u010di\u0173 darbo\/veiklos pasaulyje poveikis profesiniam rengimui.<\/li>\n<li>Socialin\u0117 profesinio rengimo dimensija.<\/li>\n<li>Auk\u0161tosios mokyklos pedagogo\u00a0 akademin\u0117 veikla ir tobul\u0117jimas.<\/li>\n<li>Multikult\u016brin\u0117\u00a0 ugdymo dimensija auk\u0161tojo\u00a0 mokslo\u00a0 ir profesinio\u00a0 mokymo institucijose.<\/li>\n<li>Kult\u016brin\u0117s, istorin\u0117s, politin\u0117s, ekonomin\u0117s, organizacin\u0117s, laikme\u010dio\u00a0 ir veiklos pasaulio\u00a0 dimensijos\u00a0 rengiant profesionalus.<\/li>\n<li>Auk\u0161tojo mokslo ir profesinio mokymo\u00a0 organizacij\u0173 partneryst\u0117 ir bendradarbyst\u0117.<\/li>\n<\/ol>\n\n","protected":false},"excerpt":{"rendered":"<p>Tyrim\u0173 kryptys Konceptuali\u0173 ir technologini\u0173 poky\u010di\u0173 darbo\/veiklos pasaulyje poveikis profesiniam rengimui. Socialin\u0117 profesinio rengimo dimensija. Auk\u0161tosios mokyklos pedagogo\u00a0 akademin\u0117 veikla ir tobul\u0117jimas. Multikult\u016brin\u0117\u00a0 ugdymo dimensija auk\u0161tojo\u00a0 mokslo\u00a0 ir profesinio\u00a0 mokymo institucijose. Kult\u016brin\u0117s, istorin\u0117s, politin\u0117s, ekonomin\u0117s, organizacin\u0117s, laikme\u010dio\u00a0 ir veiklos pasaulio\u00a0 dimensijos\u00a0 rengiant profesionalus. Auk\u0161tojo mokslo ir profesinio mokymo\u00a0 organizacij\u0173 partneryst\u0117 ir bendradarbyst\u0117.<\/p>\n","protected":false},"author":1,"featured_media":0,"parent":0,"menu_order":0,"comment_status":"closed","ping_status":"closed","template":"","meta":{"footnotes":""},"class_list":["post-584","page","type-page","status-publish","hentry"],"yoast_head":"<!-- This site is optimized with the Yoast SEO plugin v25.7 - https:\/\/yoast.com\/wordpress\/plugins\/seo\/ -->\n<title>Tinklo siekiai - Auk\u0161tojo mokslo ir profesinio mokymo tinklas<\/title>\n<meta name=\"robots\" content=\"index, follow, max-snippet:-1, max-image-preview:large, max-video-preview:-1\" \/>\n<link rel=\"canonical\" href=\"https:\/\/lera.lt\/aukstojo-mokslo-ir-profesinio-mokymo-tinklas\/tinklo-siekiai\/\" \/>\n<meta property=\"og:locale\" content=\"lt_LT\" \/>\n<meta property=\"og:type\" content=\"article\" \/>\n<meta property=\"og:title\" content=\"Tinklo siekiai - Auk\u0161tojo mokslo ir profesinio mokymo tinklas\" \/>\n<meta property=\"og:description\" content=\"Tyrim\u0173 kryptys Konceptuali\u0173 ir technologini\u0173 poky\u010di\u0173 darbo\/veiklos pasaulyje poveikis profesiniam rengimui. Socialin\u0117 profesinio rengimo dimensija. Auk\u0161tosios mokyklos pedagogo\u00a0 akademin\u0117 veikla ir tobul\u0117jimas. Multikult\u016brin\u0117\u00a0 ugdymo dimensija auk\u0161tojo\u00a0 mokslo\u00a0 ir profesinio\u00a0 mokymo institucijose. Kult\u016brin\u0117s, istorin\u0117s, politin\u0117s, ekonomin\u0117s, organizacin\u0117s, laikme\u010dio\u00a0 ir veiklos pasaulio\u00a0 dimensijos\u00a0 rengiant profesionalus. Auk\u0161tojo mokslo ir profesinio mokymo\u00a0 organizacij\u0173 partneryst\u0117 ir bendradarbyst\u0117.\" \/>\n<meta property=\"og:url\" content=\"https:\/\/lera.lt\/aukstojo-mokslo-ir-profesinio-mokymo-tinklas\/tinklo-siekiai\/\" \/>\n<meta property=\"og:site_name\" content=\"Auk\u0161tojo mokslo ir profesinio mokymo tinklas\" \/>\n<meta property=\"article:modified_time\" content=\"2025-08-25T19:05:04+00:00\" \/>\n<meta name=\"twitter:card\" content=\"summary_large_image\" \/>\n<script type=\"application\/ld+json\" class=\"yoast-schema-graph\">{\"@context\":\"https:\/\/schema.org\",\"@graph\":[{\"@type\":\"WebPage\",\"@id\":\"https:\/\/lera.lt\/aukstojo-mokslo-ir-profesinio-mokymo-tinklas\/tinklo-siekiai\/\",\"url\":\"https:\/\/lera.lt\/aukstojo-mokslo-ir-profesinio-mokymo-tinklas\/tinklo-siekiai\/\",\"name\":\"Tinklo siekiai - Auk\u0161tojo mokslo ir profesinio mokymo tinklas\",\"isPartOf\":{\"@id\":\"https:\/\/lera.lt\/aukstojo-mokslo-ir-profesinio-mokymo-tinklas\/#website\"},\"datePublished\":\"2025-08-19T18:11:38+00:00\",\"dateModified\":\"2025-08-25T19:05:04+00:00\",\"breadcrumb\":{\"@id\":\"https:\/\/lera.lt\/aukstojo-mokslo-ir-profesinio-mokymo-tinklas\/tinklo-siekiai\/#breadcrumb\"},\"inLanguage\":\"lt-LT\",\"potentialAction\":[{\"@type\":\"ReadAction\",\"target\":[\"https:\/\/lera.lt\/aukstojo-mokslo-ir-profesinio-mokymo-tinklas\/tinklo-siekiai\/\"]}]},{\"@type\":\"BreadcrumbList\",\"@id\":\"https:\/\/lera.lt\/aukstojo-mokslo-ir-profesinio-mokymo-tinklas\/tinklo-siekiai\/#breadcrumb\",\"itemListElement\":[{\"@type\":\"ListItem\",\"position\":1,\"name\":\"Home\",\"item\":\"https:\/\/lera.lt\/aukstojo-mokslo-ir-profesinio-mokymo-tinklas\/\"},{\"@type\":\"ListItem\",\"position\":2,\"name\":\"Tinklo siekiai\"}]},{\"@type\":\"WebSite\",\"@id\":\"https:\/\/lera.lt\/aukstojo-mokslo-ir-profesinio-mokymo-tinklas\/#website\",\"url\":\"https:\/\/lera.lt\/aukstojo-mokslo-ir-profesinio-mokymo-tinklas\/\",\"name\":\"Auk\u0161tojo mokslo ir profesinio mokymo tinklas\",\"description\":\"\",\"potentialAction\":[{\"@type\":\"SearchAction\",\"target\":{\"@type\":\"EntryPoint\",\"urlTemplate\":\"https:\/\/lera.lt\/aukstojo-mokslo-ir-profesinio-mokymo-tinklas\/?s={search_term_string}\"},\"query-input\":{\"@type\":\"PropertyValueSpecification\",\"valueRequired\":true,\"valueName\":\"search_term_string\"}}],\"inLanguage\":\"lt-LT\"}]}<\/script>\n<!-- \/ Yoast SEO plugin. -->","yoast_head_json":{"title":"Tinklo siekiai - Auk\u0161tojo mokslo ir profesinio mokymo tinklas","robots":{"index":"index","follow":"follow","max-snippet":"max-snippet:-1","max-image-preview":"max-image-preview:large","max-video-preview":"max-video-preview:-1"},"canonical":"https:\/\/lera.lt\/aukstojo-mokslo-ir-profesinio-mokymo-tinklas\/tinklo-siekiai\/","og_locale":"lt_LT","og_type":"article","og_title":"Tinklo siekiai - Auk\u0161tojo mokslo ir profesinio mokymo tinklas","og_description":"Tyrim\u0173 kryptys Konceptuali\u0173 ir technologini\u0173 poky\u010di\u0173 darbo\/veiklos pasaulyje poveikis profesiniam rengimui. Socialin\u0117 profesinio rengimo dimensija. Auk\u0161tosios mokyklos pedagogo\u00a0 akademin\u0117 veikla ir tobul\u0117jimas. Multikult\u016brin\u0117\u00a0 ugdymo dimensija auk\u0161tojo\u00a0 mokslo\u00a0 ir profesinio\u00a0 mokymo institucijose. Kult\u016brin\u0117s, istorin\u0117s, politin\u0117s, ekonomin\u0117s, organizacin\u0117s, laikme\u010dio\u00a0 ir veiklos pasaulio\u00a0 dimensijos\u00a0 rengiant profesionalus. Auk\u0161tojo mokslo ir profesinio mokymo\u00a0 organizacij\u0173 partneryst\u0117 ir bendradarbyst\u0117.","og_url":"https:\/\/lera.lt\/aukstojo-mokslo-ir-profesinio-mokymo-tinklas\/tinklo-siekiai\/","og_site_name":"Auk\u0161tojo mokslo ir profesinio mokymo tinklas","article_modified_time":"2025-08-25T19:05:04+00:00","twitter_card":"summary_large_image","schema":{"@context":"https:\/\/schema.org","@graph":[{"@type":"WebPage","@id":"https:\/\/lera.lt\/aukstojo-mokslo-ir-profesinio-mokymo-tinklas\/tinklo-siekiai\/","url":"https:\/\/lera.lt\/aukstojo-mokslo-ir-profesinio-mokymo-tinklas\/tinklo-siekiai\/","name":"Tinklo siekiai - Auk\u0161tojo mokslo ir profesinio mokymo tinklas","isPartOf":{"@id":"https:\/\/lera.lt\/aukstojo-mokslo-ir-profesinio-mokymo-tinklas\/#website"},"datePublished":"2025-08-19T18:11:38+00:00","dateModified":"2025-08-25T19:05:04+00:00","breadcrumb":{"@id":"https:\/\/lera.lt\/aukstojo-mokslo-ir-profesinio-mokymo-tinklas\/tinklo-siekiai\/#breadcrumb"},"inLanguage":"lt-LT","potentialAction":[{"@type":"ReadAction","target":["https:\/\/lera.lt\/aukstojo-mokslo-ir-profesinio-mokymo-tinklas\/tinklo-siekiai\/"]}]},{"@type":"BreadcrumbList","@id":"https:\/\/lera.lt\/aukstojo-mokslo-ir-profesinio-mokymo-tinklas\/tinklo-siekiai\/#breadcrumb","itemListElement":[{"@type":"ListItem","position":1,"name":"Home","item":"https:\/\/lera.lt\/aukstojo-mokslo-ir-profesinio-mokymo-tinklas\/"},{"@type":"ListItem","position":2,"name":"Tinklo siekiai"}]},{"@type":"WebSite","@id":"https:\/\/lera.lt\/aukstojo-mokslo-ir-profesinio-mokymo-tinklas\/#website","url":"https:\/\/lera.lt\/aukstojo-mokslo-ir-profesinio-mokymo-tinklas\/","name":"Auk\u0161tojo mokslo ir profesinio mokymo tinklas","description":"","potentialAction":[{"@type":"SearchAction","target":{"@type":"EntryPoint","urlTemplate":"https:\/\/lera.lt\/aukstojo-mokslo-ir-profesinio-mokymo-tinklas\/?s={search_term_string}"},"query-input":{"@type":"PropertyValueSpecification","valueRequired":true,"valueName":"search_term_string"}}],"inLanguage":"lt-LT"}]}},"_links":{"self":[{"href":"https:\/\/lera.lt\/aukstojo-mokslo-ir-profesinio-mokymo-tinklas\/wp-json\/wp\/v2\/pages\/584","targetHints":{"allow":["GET"]}}],"collection":[{"href":"https:\/\/lera.lt\/aukstojo-mokslo-ir-profesinio-mokymo-tinklas\/wp-json\/wp\/v2\/pages"}],"about":[{"href":"https:\/\/lera.lt\/aukstojo-mokslo-ir-profesinio-mokymo-tinklas\/wp-json\/wp\/v2\/types\/page"}],"author":[{"embeddable":true,"href":"https:\/\/lera.lt\/aukstojo-mokslo-ir-profesinio-mokymo-tinklas\/wp-json\/wp\/v2\/users\/1"}],"replies":[{"embeddable":true,"href":"https:\/\/lera.lt\/aukstojo-mokslo-ir-profesinio-mokymo-tinklas\/wp-json\/wp\/v2\/comments?post=584"}],"version-history":[{"count":7,"href":"https:\/\/lera.lt\/aukstojo-mokslo-ir-profesinio-mokymo-tinklas\/wp-json\/wp\/v2\/pages\/584\/revisions"}],"predecessor-version":[{"id":729,"href":"https:\/\/lera.lt\/aukstojo-mokslo-ir-profesinio-mokymo-tinklas\/wp-json\/wp\/v2\/pages\/584\/revisions\/729"}],"wp:attachment":[{"href":"https:\/\/lera.lt\/aukstojo-mokslo-ir-profesinio-mokymo-tinklas\/wp-json\/wp\/v2\/media?parent=584"}],"curies":[{"name":"wp","href":"https:\/\/api.w.org\/{rel}","templated":true}]}}